{"id":6360,"date":"2023-10-08T08:57:02","date_gmt":"2023-10-08T06:57:02","guid":{"rendered":"https:\/\/www.swing-it.eu\/?post_type=product&#038;p=6360"},"modified":"2026-04-01T15:58:09","modified_gmt":"2026-04-01T13:58:09","slug":"mabel-silva-stivali-da-donna-lindy-hop","status":"publish","type":"product","link":"https:\/\/www.swing-it.eu\/it\/produkt\/mabel-silva-lindy-hop-womens-boots\/","title":{"rendered":"Mabel Silva"},"content":{"rendered":"<p>Stivali Lindy Hop da donna<\/p>\n<p>Stiamo introducendo i nuovi stivali Mabel, pi\u00f9 spaziosi per le persone con i piedi pi\u00f9 larghi per i quali gli stivali Norma sono troppo stretti.<\/p>\n<p>Abbiamo riprogettato questi stivali e cambiato l'allacciatura. L'allacciatura stile Derby li rende pi\u00f9 facili da indossare. Se i vostri piedi sono pi\u00f9 larghi, questi scarponi dovrebbero essere la vostra scelta. La pelle pi\u00f9 flessibile e la fodera pi\u00f9 sottile li rendono pi\u00f9 adattabili alla forma del piede.<\/p>\n<p>Stivali oxford leggeri e morbidi per ballerini di Lindy Hop, Balboa e Blues. Confortevoli e resistenti. <a href=\"https:\/\/www.swing-it.eu\/it\/shoe-manufacturing\/\">Prodotto<\/a> da rinomato calzaturificio polacco.  Tipo di tacco - pelle intera.<\/p>\n<p>Disponibile nelle taglie EU 35-42, , <span style=\"display: inline !important; float: none; background-color: transparent; color: #333333; cursor: text; font-family: Georgia,'Times New Roman','Bitstream Charter',Times,serif; font-size: 16px; font-style: normal; font-variant: normal; font-weight: 400; letter-spacing: normal; orphans: 2; text-align: left; text-decoration: none; text-indent: 0px; text-transform: none; -webkit-text-stroke-width: 0px; white-space: normal; word-spacing: 0px;\">\u00a0<a href=\"https:\/\/www.swing-it.eu\/it\/tabella-taglie-scarpe\/\" target=\"_blank\" rel=\"noopener noreferrer\">Guida alle taglie<\/a>.<\/span><\/p>\n<p><strong>Questo modello sembra pi\u00f9 grande della media.<\/strong><\/p>\n<p>Se la vostra taglia \u00e8 mancante, vi preghiamo di\u00a0<a href=\"https:\/\/www.swing-it.eu\/it\/contattateci\/\" target=\"_blank\" rel=\"noopener\">contatto<\/a>\u00a0per effettuare un ordine.<\/p>","protected":false},"excerpt":{"rendered":"<p>Stiamo introducendo i nuovi stivali Mabel, pi\u00f9 spaziosi per le persone con i piedi pi\u00f9 larghi per i quali gli stivali Norma sono troppo stretti.<\/p>\n<p>Abbiamo riprogettato questi stivali e cambiato l'allacciatura. L'allacciatura stile Derby li rende pi\u00f9 facili da indossare. Se i vostri piedi sono pi\u00f9 larghi, questi scarponi dovrebbero essere la vostra scelta. La pelle pi\u00f9 flessibile e la fodera pi\u00f9 sottile li rendono pi\u00f9 adattabili alla forma del piede.<\/p>\n<p>Stivali da donna Lindy Hop interamente in pelle. Stivali oxford leggeri e morbidi per ballerine di Lindy Hop, Balboa e Blues. Confortevoli e resistenti. <a href=\"https:\/\/www.swing-it.eu\/it\/shoe-manufacturing\/\">Prodotto<\/a> da rinomato calzaturificio polacco.  Tipo di tacco - pelle intera.<\/p>\n<p>Disponibile nelle taglie EU 35-42, , <span style=\"display: inline !important; float: none; background-color: transparent; color: #333333; cursor: text; font-family: Georgia,'Times New Roman','Bitstream Charter',Times,serif; font-size: 16px; font-style: normal; font-variant: normal; font-weight: 400; letter-spacing: normal; orphans: 2; text-align: left; text-decoration: none; text-indent: 0px; text-transform: none; -webkit-text-stroke-width: 0px; white-space: normal; word-spacing: 0px;\">\u00a0<a href=\"https:\/\/www.swing-it.eu\/it\/tabella-taglie-scarpe\/\" target=\"_blank\" rel=\"noopener noreferrer\">Guida alle taglie<\/a>.<\/span><\/p>\n<p><strong>Questo modello sembra pi\u00f9 grande della media.<\/strong><\/p>\n<p>Se la vostra taglia \u00e8 mancante, vi preghiamo di\u00a0<a href=\"https:\/\/www.swing-it.eu\/it\/contattateci\/\" target=\"_blank\" rel=\"noopener\">contatto<\/a>\u00a0per effettuare un ordine.<\/p>","protected":false},"featured_media":6443,"comment_status":"open","ping_status":"closed","template":"","meta":[],"product_brand":[],"product_cat":[110,178],"product_tag":[204,177,187,75,144,176],"class_list":{"0":"post-6360","1":"product","2":"type-product","3":"status-publish","4":"has-post-thumbnail","6":"product_cat-lindy-hop-shoes","7":"product_cat-womens-lindy-hop-shoes","8":"product_tag-boots","9":"product_tag-dancing-shoes","10":"product_tag-dark-green","11":"product_tag-green","12":"product_tag-lindyhop","13":"product_tag-suede","14":"pa_size-172","15":"pa_size-173","16":"pa_size-174","17":"pa_size-175","18":"pa_size-158","19":"pa_size-152","20":"pa_size-153","21":"pa_size-154","23":"first","24":"instock","25":"taxable","26":"shipping-taxable","27":"purchasable","28":"product-type-variable"},"yoast_head":"<!-- This site is optimized with the Yoast SEO plugin v27.4 - https:\/\/yoast.com\/product\/yoast-seo-wordpress\/ -->\n<title>Lindy Hop women&#039;s boots, oxfords, dance shoes, swing dancing,<\/title>\n<meta name=\"description\" content=\"Green Suede shoes. Lindy Hop women&#039;s boots. Light and soft leather boots for Lindy Hop dancers. Extremely comfortable and durable.\" \/>\n<meta name=\"robots\" content=\"index, follow, max-snippet:-1, max-image-preview:large, max-video-preview:-1\" \/>\n<link rel=\"canonical\" href=\"https:\/\/www.swing-it.eu\/it\/prodotto-2\/mabel-silva-stivali-da-donna-lindy-hop\/\" \/>\n<meta property=\"og:locale\" content=\"it_IT\" \/>\n<meta property=\"og:type\" content=\"article\" \/>\n<meta property=\"og:title\" content=\"Lindy Hop women&#039;s boots, oxfords, dance shoes, swing dancing,\" \/>\n<meta property=\"og:description\" content=\"Green Suede shoes. Lindy Hop women&#039;s boots. Light and soft leather boots for Lindy Hop dancers. Extremely comfortable and durable.\" \/>\n<meta property=\"og:url\" content=\"https:\/\/www.swing-it.eu\/it\/prodotto-2\/mabel-silva-stivali-da-donna-lindy-hop\/\" \/>\n<meta property=\"og:site_name\" content=\"Swing It Shoes\" \/>\n<meta property=\"article:publisher\" content=\"https:\/\/www.facebook.com\/SwingItEU\/\" \/>\n<meta property=\"article:modified_time\" content=\"2026-04-01T13:58:09+00:00\" \/>\n<meta property=\"og:image\" content=\"https:\/\/www.swing-it.eu\/wp-content\/uploads\/2023\/11\/DSC09185-copy_edited.jpg\" \/>\n\t<meta property=\"og:image:width\" content=\"600\" \/>\n\t<meta property=\"og:image:height\" content=\"800\" \/>\n\t<meta property=\"og:image:type\" content=\"image\/jpeg\" \/>\n<meta name=\"twitter:card\" content=\"summary_large_image\" \/>\n<meta name=\"twitter:label1\" content=\"Tempo di lettura stimato\" \/>\n\t<meta name=\"twitter:data1\" content=\"1 minuto\" \/>\n<script type=\"application\/ld+json\" class=\"yoast-schema-graph\">{\"@context\":\"https:\\\/\\\/schema.org\",\"@graph\":[{\"@type\":\"WebPage\",\"@id\":\"https:\\\/\\\/www.swing-it.eu\\\/produkt\\\/mabel-silva-lindy-hop-womens-boots\\\/\",\"url\":\"https:\\\/\\\/www.swing-it.eu\\\/produkt\\\/mabel-silva-lindy-hop-womens-boots\\\/\",\"name\":\"Lindy Hop women's boots, oxfords, dance shoes, swing dancing,\",\"isPartOf\":{\"@id\":\"https:\\\/\\\/www.swing-it.eu\\\/#website\"},\"primaryImageOfPage\":{\"@id\":\"https:\\\/\\\/www.swing-it.eu\\\/produkt\\\/mabel-silva-lindy-hop-womens-boots\\\/#primaryimage\"},\"image\":{\"@id\":\"https:\\\/\\\/www.swing-it.eu\\\/produkt\\\/mabel-silva-lindy-hop-womens-boots\\\/#primaryimage\"},\"thumbnailUrl\":\"https:\\\/\\\/www.swing-it.eu\\\/wp-content\\\/uploads\\\/2023\\\/11\\\/DSC09185-copy_edited.jpg\",\"datePublished\":\"2023-10-08T06:57:02+00:00\",\"dateModified\":\"2026-04-01T13:58:09+00:00\",\"description\":\"Green Suede shoes. Lindy Hop women's boots. Light and soft leather boots for Lindy Hop dancers. Extremely comfortable and durable.\",\"breadcrumb\":{\"@id\":\"https:\\\/\\\/www.swing-it.eu\\\/produkt\\\/mabel-silva-lindy-hop-womens-boots\\\/#breadcrumb\"},\"inLanguage\":\"it-IT\",\"potentialAction\":[{\"@type\":\"ReadAction\",\"target\":[\"https:\\\/\\\/www.swing-it.eu\\\/produkt\\\/mabel-silva-lindy-hop-womens-boots\\\/\"]}]},{\"@type\":\"ImageObject\",\"inLanguage\":\"it-IT\",\"@id\":\"https:\\\/\\\/www.swing-it.eu\\\/produkt\\\/mabel-silva-lindy-hop-womens-boots\\\/#primaryimage\",\"url\":\"https:\\\/\\\/www.swing-it.eu\\\/wp-content\\\/uploads\\\/2023\\\/11\\\/DSC09185-copy_edited.jpg\",\"contentUrl\":\"https:\\\/\\\/www.swing-it.eu\\\/wp-content\\\/uploads\\\/2023\\\/11\\\/DSC09185-copy_edited.jpg\",\"width\":600,\"height\":800,\"caption\":\"Lindy Hop women's boots\"},{\"@type\":\"BreadcrumbList\",\"@id\":\"https:\\\/\\\/www.swing-it.eu\\\/produkt\\\/mabel-silva-lindy-hop-womens-boots\\\/#breadcrumb\",\"itemListElement\":[{\"@type\":\"ListItem\",\"position\":1,\"name\":\"Strona g\u0142\u00f3wna\",\"item\":\"https:\\\/\\\/www.swing-it.eu\\\/\"},{\"@type\":\"ListItem\",\"position\":2,\"name\":\"SWING IT SHOES\",\"item\":\"https:\\\/\\\/www.swing-it.eu\\\/\"},{\"@type\":\"ListItem\",\"position\":3,\"name\":\"Mabel Silva\"}]},{\"@type\":\"WebSite\",\"@id\":\"https:\\\/\\\/www.swing-it.eu\\\/#website\",\"url\":\"https:\\\/\\\/www.swing-it.eu\\\/\",\"name\":\"Swing It Shoes\",\"description\":\"Lindy Hop dancers&#039; brand\",\"potentialAction\":[{\"@type\":\"SearchAction\",\"target\":{\"@type\":\"EntryPoint\",\"urlTemplate\":\"https:\\\/\\\/www.swing-it.eu\\\/?s={search_term_string}\"},\"query-input\":{\"@type\":\"PropertyValueSpecification\",\"valueRequired\":true,\"valueName\":\"search_term_string\"}}],\"inLanguage\":\"it-IT\"}]}<\/script>\n<!-- \/ Yoast SEO plugin. -->","yoast_head_json":{"title":"Stivali da donna Lindy Hop, oxford, scarpe da ballo, ballo swing,","description":"Scarpe in pelle scamosciata verde. Stivali da donna Lindy Hop. Stivali in pelle leggera e morbida per ballerine di Lindy Hop. Estremamente comodi e resistenti.","robots":{"index":"index","follow":"follow","max-snippet":"max-snippet:-1","max-image-preview":"max-image-preview:large","max-video-preview":"max-video-preview:-1"},"canonical":"https:\/\/www.swing-it.eu\/it\/prodotto-2\/mabel-silva-stivali-da-donna-lindy-hop\/","og_locale":"it_IT","og_type":"article","og_title":"Lindy Hop women's boots, oxfords, dance shoes, swing dancing,","og_description":"Green Suede shoes. Lindy Hop women's boots. Light and soft leather boots for Lindy Hop dancers. Extremely comfortable and durable.","og_url":"https:\/\/www.swing-it.eu\/it\/prodotto-2\/mabel-silva-stivali-da-donna-lindy-hop\/","og_site_name":"Swing It Shoes","article_publisher":"https:\/\/www.facebook.com\/SwingItEU\/","article_modified_time":"2026-04-01T13:58:09+00:00","og_image":[{"width":600,"height":800,"url":"https:\/\/www.swing-it.eu\/wp-content\/uploads\/2023\/11\/DSC09185-copy_edited.jpg","type":"image\/jpeg"}],"twitter_card":"summary_large_image","twitter_misc":{"Tempo di lettura stimato":"1 minuto"},"schema":{"@context":"https:\/\/schema.org","@graph":[{"@type":"WebPage","@id":"https:\/\/www.swing-it.eu\/produkt\/mabel-silva-lindy-hop-womens-boots\/","url":"https:\/\/www.swing-it.eu\/produkt\/mabel-silva-lindy-hop-womens-boots\/","name":"Stivali da donna Lindy Hop, oxford, scarpe da ballo, ballo swing,","isPartOf":{"@id":"https:\/\/www.swing-it.eu\/#website"},"primaryImageOfPage":{"@id":"https:\/\/www.swing-it.eu\/produkt\/mabel-silva-lindy-hop-womens-boots\/#primaryimage"},"image":{"@id":"https:\/\/www.swing-it.eu\/produkt\/mabel-silva-lindy-hop-womens-boots\/#primaryimage"},"thumbnailUrl":"https:\/\/www.swing-it.eu\/wp-content\/uploads\/2023\/11\/DSC09185-copy_edited.jpg","datePublished":"2023-10-08T06:57:02+00:00","dateModified":"2026-04-01T13:58:09+00:00","description":"Scarpe in pelle scamosciata verde. Stivali da donna Lindy Hop. Stivali in pelle leggera e morbida per ballerine di Lindy Hop. Estremamente comodi e resistenti.","breadcrumb":{"@id":"https:\/\/www.swing-it.eu\/produkt\/mabel-silva-lindy-hop-womens-boots\/#breadcrumb"},"inLanguage":"it-IT","potentialAction":[{"@type":"ReadAction","target":["https:\/\/www.swing-it.eu\/produkt\/mabel-silva-lindy-hop-womens-boots\/"]}]},{"@type":"ImageObject","inLanguage":"it-IT","@id":"https:\/\/www.swing-it.eu\/produkt\/mabel-silva-lindy-hop-womens-boots\/#primaryimage","url":"https:\/\/www.swing-it.eu\/wp-content\/uploads\/2023\/11\/DSC09185-copy_edited.jpg","contentUrl":"https:\/\/www.swing-it.eu\/wp-content\/uploads\/2023\/11\/DSC09185-copy_edited.jpg","width":600,"height":800,"caption":"Lindy Hop women's boots"},{"@type":"BreadcrumbList","@id":"https:\/\/www.swing-it.eu\/produkt\/mabel-silva-lindy-hop-womens-boots\/#breadcrumb","itemListElement":[{"@type":"ListItem","position":1,"name":"Strona g\u0142\u00f3wna","item":"https:\/\/www.swing-it.eu\/"},{"@type":"ListItem","position":2,"name":"SWING IT SHOES","item":"https:\/\/www.swing-it.eu\/"},{"@type":"ListItem","position":3,"name":"Mabel Silva"}]},{"@type":"WebSite","@id":"https:\/\/www.swing-it.eu\/#website","url":"https:\/\/www.swing-it.eu\/","name":"Scarpe Swing It","description":"Ballerini di Lindy Hop&#039; marchio","potentialAction":[{"@type":"SearchAction","target":{"@type":"EntryPoint","urlTemplate":"https:\/\/www.swing-it.eu\/?s={search_term_string}"},"query-input":{"@type":"PropertyValueSpecification","valueRequired":true,"valueName":"search_term_string"}}],"inLanguage":"it-IT"}]}},"_links":{"self":[{"href":"https:\/\/www.swing-it.eu\/it\/wp-json\/wp\/v2\/product\/6360","targetHints":{"allow":["GET"]}}],"collection":[{"href":"https:\/\/www.swing-it.eu\/it\/wp-json\/wp\/v2\/product"}],"about":[{"href":"https:\/\/www.swing-it.eu\/it\/wp-json\/wp\/v2\/types\/product"}],"replies":[{"embeddable":true,"href":"https:\/\/www.swing-it.eu\/it\/wp-json\/wp\/v2\/comments?post=6360"}],"wp:featuredmedia":[{"embeddable":true,"href":"https:\/\/www.swing-it.eu\/it\/wp-json\/wp\/v2\/media\/6443"}],"wp:attachment":[{"href":"https:\/\/www.swing-it.eu\/it\/wp-json\/wp\/v2\/media?parent=6360"}],"wp:term":[{"taxonomy":"product_brand","embeddable":true,"href":"https:\/\/www.swing-it.eu\/it\/wp-json\/wp\/v2\/product_brand?post=6360"},{"taxonomy":"product_cat","embeddable":true,"href":"https:\/\/www.swing-it.eu\/it\/wp-json\/wp\/v2\/product_cat?post=6360"},{"taxonomy":"product_tag","embeddable":true,"href":"https:\/\/www.swing-it.eu\/it\/wp-json\/wp\/v2\/product_tag?post=6360"}],"curies":[{"name":"wp","href":"https:\/\/api.w.org\/{rel}","templated":true}]}}