{"id":4430,"date":"2019-09-03T08:50:09","date_gmt":"2019-09-03T06:50:09","guid":{"rendered":"https:\/\/www.swing-it.eu\/?post_type=product&#038;p=4430"},"modified":"2026-04-21T22:17:39","modified_gmt":"2026-04-21T20:17:39","slug":"spazzola-per-scarpe-in-crine-di-cavallo","status":"publish","type":"product","link":"https:\/\/www.swing-it.eu\/it\/produkt\/horsehair-shoes-brush\/","title":{"rendered":"Spazzola per scarpe in crine di cavallo"},"content":{"rendered":"","protected":false},"excerpt":{"rendered":"<p><strong>Spazzola in crine di cavallo<br \/>\n<\/strong>Ogni kit per lucidare le scarpe ha bisogno di una buona spazzola in crine di cavallo. Questa \u00e8 la spazzola che userai pi\u00f9 spesso e, se ne hai solo una, una spazzola con setole di cavallo \u00e8 indispensabile. La spazzola in crine di cavallo pu\u00f2 essere utilizzata per pulire e lucidare delicatamente le scarpe.<\/p>","protected":false},"featured_media":4429,"comment_status":"open","ping_status":"closed","template":"","meta":[],"product_brand":[],"product_cat":[108],"product_tag":[251],"class_list":{"0":"post-4430","1":"product","2":"type-product","3":"status-publish","4":"has-post-thumbnail","6":"product_cat-shoe-care","7":"product_tag-accessory","9":"first","10":"instock","11":"taxable","12":"shipping-taxable","13":"purchasable","14":"product-type-simple"},"yoast_head":"<!-- This site is optimized with the Yoast SEO plugin v27.6 - https:\/\/yoast.com\/product\/yoast-seo-wordpress\/ -->\n<title>Horsehair shoe brush - Swing It Shoes<\/title>\n<meta name=\"robots\" content=\"index, follow, max-snippet:-1, max-image-preview:large, max-video-preview:-1\" \/>\n<link rel=\"canonical\" href=\"https:\/\/www.swing-it.eu\/it\/prodotto-2\/spazzola-per-scarpe-in-crine-di-cavallo\/\" \/>\n<meta property=\"og:locale\" content=\"it_IT\" \/>\n<meta property=\"og:type\" content=\"article\" \/>\n<meta property=\"og:title\" content=\"Horsehair shoe brush - Swing It Shoes\" \/>\n<meta property=\"og:description\" content=\"Horse hair brush Every shoeshine kit needs a good horse hair brush, you are going to use this brush the most and when you only have one, a brush with horse bristles is a must have. The horse hair brush can be used for delicately cleaning and polishing the shoe.\" \/>\n<meta property=\"og:url\" content=\"https:\/\/www.swing-it.eu\/it\/prodotto-2\/spazzola-per-scarpe-in-crine-di-cavallo\/\" \/>\n<meta property=\"og:site_name\" content=\"Swing It Shoes\" \/>\n<meta property=\"article:publisher\" content=\"https:\/\/www.facebook.com\/SwingItEU\/\" \/>\n<meta property=\"article:modified_time\" content=\"2026-04-21T20:17:39+00:00\" \/>\n<meta property=\"og:image\" content=\"https:\/\/www.swing-it.eu\/wp-content\/uploads\/2021\/09\/IMG_20210902_123718-scaled.jpg\" \/>\n\t<meta property=\"og:image:width\" content=\"1919\" \/>\n\t<meta property=\"og:image:height\" content=\"2560\" \/>\n\t<meta property=\"og:image:type\" content=\"image\/jpeg\" \/>\n<meta name=\"twitter:card\" content=\"summary_large_image\" \/>\n<script type=\"application\/ld+json\" class=\"yoast-schema-graph\">{\"@context\":\"https:\\\/\\\/schema.org\",\"@graph\":[{\"@type\":\"WebPage\",\"@id\":\"https:\\\/\\\/www.swing-it.eu\\\/produkt\\\/horsehair-shoes-brush\\\/\",\"url\":\"https:\\\/\\\/www.swing-it.eu\\\/produkt\\\/horsehair-shoes-brush\\\/\",\"name\":\"Horsehair shoe brush - Swing It Shoes\",\"isPartOf\":{\"@id\":\"https:\\\/\\\/www.swing-it.eu\\\/#website\"},\"primaryImageOfPage\":{\"@id\":\"https:\\\/\\\/www.swing-it.eu\\\/produkt\\\/horsehair-shoes-brush\\\/#primaryimage\"},\"image\":{\"@id\":\"https:\\\/\\\/www.swing-it.eu\\\/produkt\\\/horsehair-shoes-brush\\\/#primaryimage\"},\"thumbnailUrl\":\"https:\\\/\\\/www.swing-it.eu\\\/wp-content\\\/uploads\\\/2021\\\/09\\\/IMG_20210902_123718-scaled.jpg\",\"datePublished\":\"2019-09-03T06:50:09+00:00\",\"dateModified\":\"2026-04-21T20:17:39+00:00\",\"breadcrumb\":{\"@id\":\"https:\\\/\\\/www.swing-it.eu\\\/produkt\\\/horsehair-shoes-brush\\\/#breadcrumb\"},\"inLanguage\":\"it-IT\",\"potentialAction\":[{\"@type\":\"ReadAction\",\"target\":[\"https:\\\/\\\/www.swing-it.eu\\\/produkt\\\/horsehair-shoes-brush\\\/\"]}]},{\"@type\":\"ImageObject\",\"inLanguage\":\"it-IT\",\"@id\":\"https:\\\/\\\/www.swing-it.eu\\\/produkt\\\/horsehair-shoes-brush\\\/#primaryimage\",\"url\":\"https:\\\/\\\/www.swing-it.eu\\\/wp-content\\\/uploads\\\/2021\\\/09\\\/IMG_20210902_123718-scaled.jpg\",\"contentUrl\":\"https:\\\/\\\/www.swing-it.eu\\\/wp-content\\\/uploads\\\/2021\\\/09\\\/IMG_20210902_123718-scaled.jpg\",\"width\":1919,\"height\":2560,\"caption\":\"horsehair brush for shoes\"},{\"@type\":\"BreadcrumbList\",\"@id\":\"https:\\\/\\\/www.swing-it.eu\\\/produkt\\\/horsehair-shoes-brush\\\/#breadcrumb\",\"itemListElement\":[{\"@type\":\"ListItem\",\"position\":1,\"name\":\"Strona g\u0142\u00f3wna\",\"item\":\"https:\\\/\\\/www.swing-it.eu\\\/\"},{\"@type\":\"ListItem\",\"position\":2,\"name\":\"SWING IT SHOES\",\"item\":\"https:\\\/\\\/www.swing-it.eu\\\/\"},{\"@type\":\"ListItem\",\"position\":3,\"name\":\"Horsehair shoe brush\"}]},{\"@type\":\"WebSite\",\"@id\":\"https:\\\/\\\/www.swing-it.eu\\\/#website\",\"url\":\"https:\\\/\\\/www.swing-it.eu\\\/\",\"name\":\"Swing It Shoes\",\"description\":\"Lindy Hop dancers&#039; brand\",\"potentialAction\":[{\"@type\":\"SearchAction\",\"target\":{\"@type\":\"EntryPoint\",\"urlTemplate\":\"https:\\\/\\\/www.swing-it.eu\\\/?s={search_term_string}\"},\"query-input\":{\"@type\":\"PropertyValueSpecification\",\"valueRequired\":true,\"valueName\":\"search_term_string\"}}],\"inLanguage\":\"it-IT\"}]}<\/script>\n<!-- \/ Yoast SEO plugin. -->","yoast_head_json":{"title":"Spazzola per scarpe in crine di cavallo - Swing It Shoes","robots":{"index":"index","follow":"follow","max-snippet":"max-snippet:-1","max-image-preview":"max-image-preview:large","max-video-preview":"max-video-preview:-1"},"canonical":"https:\/\/www.swing-it.eu\/it\/prodotto-2\/spazzola-per-scarpe-in-crine-di-cavallo\/","og_locale":"it_IT","og_type":"article","og_title":"Horsehair shoe brush - Swing It Shoes","og_description":"Horse hair brush Every shoeshine kit needs a good horse hair brush, you are going to use this brush the most and when you only have one, a brush with horse bristles is a must have. The horse hair brush can be used for delicately cleaning and polishing the shoe.","og_url":"https:\/\/www.swing-it.eu\/it\/prodotto-2\/spazzola-per-scarpe-in-crine-di-cavallo\/","og_site_name":"Swing It Shoes","article_publisher":"https:\/\/www.facebook.com\/SwingItEU\/","article_modified_time":"2026-04-21T20:17:39+00:00","og_image":[{"width":1919,"height":2560,"url":"https:\/\/www.swing-it.eu\/wp-content\/uploads\/2021\/09\/IMG_20210902_123718-scaled.jpg","type":"image\/jpeg"}],"twitter_card":"summary_large_image","schema":{"@context":"https:\/\/schema.org","@graph":[{"@type":"WebPage","@id":"https:\/\/www.swing-it.eu\/produkt\/horsehair-shoes-brush\/","url":"https:\/\/www.swing-it.eu\/produkt\/horsehair-shoes-brush\/","name":"Spazzola per scarpe in crine di cavallo - Swing It Shoes","isPartOf":{"@id":"https:\/\/www.swing-it.eu\/#website"},"primaryImageOfPage":{"@id":"https:\/\/www.swing-it.eu\/produkt\/horsehair-shoes-brush\/#primaryimage"},"image":{"@id":"https:\/\/www.swing-it.eu\/produkt\/horsehair-shoes-brush\/#primaryimage"},"thumbnailUrl":"https:\/\/www.swing-it.eu\/wp-content\/uploads\/2021\/09\/IMG_20210902_123718-scaled.jpg","datePublished":"2019-09-03T06:50:09+00:00","dateModified":"2026-04-21T20:17:39+00:00","breadcrumb":{"@id":"https:\/\/www.swing-it.eu\/produkt\/horsehair-shoes-brush\/#breadcrumb"},"inLanguage":"it-IT","potentialAction":[{"@type":"ReadAction","target":["https:\/\/www.swing-it.eu\/produkt\/horsehair-shoes-brush\/"]}]},{"@type":"ImageObject","inLanguage":"it-IT","@id":"https:\/\/www.swing-it.eu\/produkt\/horsehair-shoes-brush\/#primaryimage","url":"https:\/\/www.swing-it.eu\/wp-content\/uploads\/2021\/09\/IMG_20210902_123718-scaled.jpg","contentUrl":"https:\/\/www.swing-it.eu\/wp-content\/uploads\/2021\/09\/IMG_20210902_123718-scaled.jpg","width":1919,"height":2560,"caption":"horsehair brush for shoes"},{"@type":"BreadcrumbList","@id":"https:\/\/www.swing-it.eu\/produkt\/horsehair-shoes-brush\/#breadcrumb","itemListElement":[{"@type":"ListItem","position":1,"name":"Strona g\u0142\u00f3wna","item":"https:\/\/www.swing-it.eu\/"},{"@type":"ListItem","position":2,"name":"SWING IT SHOES","item":"https:\/\/www.swing-it.eu\/"},{"@type":"ListItem","position":3,"name":"Horsehair shoe brush"}]},{"@type":"WebSite","@id":"https:\/\/www.swing-it.eu\/#website","url":"https:\/\/www.swing-it.eu\/","name":"Scarpe Swing It","description":"Ballerini di Lindy Hop&#039; marchio","potentialAction":[{"@type":"SearchAction","target":{"@type":"EntryPoint","urlTemplate":"https:\/\/www.swing-it.eu\/?s={search_term_string}"},"query-input":{"@type":"PropertyValueSpecification","valueRequired":true,"valueName":"search_term_string"}}],"inLanguage":"it-IT"}]}},"_links":{"self":[{"href":"https:\/\/www.swing-it.eu\/it\/wp-json\/wp\/v2\/product\/4430","targetHints":{"allow":["GET"]}}],"collection":[{"href":"https:\/\/www.swing-it.eu\/it\/wp-json\/wp\/v2\/product"}],"about":[{"href":"https:\/\/www.swing-it.eu\/it\/wp-json\/wp\/v2\/types\/product"}],"replies":[{"embeddable":true,"href":"https:\/\/www.swing-it.eu\/it\/wp-json\/wp\/v2\/comments?post=4430"}],"wp:featuredmedia":[{"embeddable":true,"href":"https:\/\/www.swing-it.eu\/it\/wp-json\/wp\/v2\/media\/4429"}],"wp:attachment":[{"href":"https:\/\/www.swing-it.eu\/it\/wp-json\/wp\/v2\/media?parent=4430"}],"wp:term":[{"taxonomy":"product_brand","embeddable":true,"href":"https:\/\/www.swing-it.eu\/it\/wp-json\/wp\/v2\/product_brand?post=4430"},{"taxonomy":"product_cat","embeddable":true,"href":"https:\/\/www.swing-it.eu\/it\/wp-json\/wp\/v2\/product_cat?post=4430"},{"taxonomy":"product_tag","embeddable":true,"href":"https:\/\/www.swing-it.eu\/it\/wp-json\/wp\/v2\/product_tag?post=4430"}],"curies":[{"name":"wp","href":"https:\/\/api.w.org\/{rel}","templated":true}]}}