{"id":15316,"date":"2024-10-16T11:51:12","date_gmt":"2024-10-16T09:51:12","guid":{"rendered":"https:\/\/www.swing-it.eu\/?post_type=product&#038;p=15316"},"modified":"2026-03-23T22:45:20","modified_gmt":"2026-03-23T21:45:20","slug":"cioccolato-fondente-mabel","status":"publish","type":"product","link":"https:\/\/www.swing-it.eu\/it\/produkt\/mabel-dark-chocolate\/","title":{"rendered":"Cioccolato fondente Mabel"},"content":{"rendered":"<h2 data-path-to-node=\"3\"><b data-path-to-node=\"3\" data-index-in-node=\"0\">Mabel Dark Chocolate \u2013 Stivali da Lindy Hop professionali da donna\u00a0<\/b><\/h2>\n<p data-path-to-node=\"4\">Presentazione <b data-path-to-node=\"4\" data-index-in-node=\"12\">Mabel<\/b> \u2013 una rivisitazione moderna dei nostri iconici stivali da ballo, riprogettati per offrire maggiore comfort e libert\u00e0 di movimento. Il modello Mabel \u00e8 stato sviluppato specificamente per le ballerine con un piede leggermente pi\u00f9 largo, offrendo spazio extra dove serve di pi\u00f9.<\/p>\n<p data-path-to-node=\"5\">Realizzati in morbida pelle di alta qualit\u00e0 in una profonda tonalit\u00e0 &quot;Cioccolato Fondente&quot;, questi stivali fondono perfettamente l&#039;estetica vintage dell&#039;era swing con la moderna maestria artigianale. <b data-path-to-node=\"5\" data-index-in-node=\"162\">stile Derby<\/b> L&#039;allacciatura non solo conferisce un look senza tempo, ma garantisce anche una calzata facile e un supporto regolabile sul collo del piede.<\/p>\n<p data-path-to-node=\"6\"><b data-path-to-node=\"6\" data-index-in-node=\"0\">Caratteristiche principali del modello Mabel:<\/b><\/p>\n<ul data-path-to-node=\"7\">\n<li>\n<p data-path-to-node=\"7,0,0\"><b data-path-to-node=\"7,0,0\" data-index-in-node=\"0\">Stanza extra:<\/b> Realizzata su una nuova forma progettata per coloro che trovano i modelli standard (come Norma) troppo stretti.<\/p>\n<\/li>\n<li>\n<p data-path-to-node=\"7,1,0\"><b data-path-to-node=\"7,1,0\" data-index-in-node=\"0\">Flessibilit\u00e0 da ballo:<\/b> La morbida pelle combinata con una fodera pi\u00f9 sottile permette allo stivale di adattarsi immediatamente al piede e di modellarsi su di esso.<\/p>\n<\/li>\n<li>\n<p data-path-to-node=\"7,2,0\"><b data-path-to-node=\"7,2,0\" data-index-in-node=\"0\">Sensazione perfetta al pavimento:<\/b> La suola in vera pelle e il tacco in cuoio stratificato offrono l&#039;equilibrio ideale tra scorrevolezza e aderenza per Lindy Hop, Balboa o Blues.<\/p>\n<\/li>\n<li>\n<p data-path-to-node=\"7,3,0\"><b data-path-to-node=\"7,3,0\" data-index-in-node=\"0\">Artigianato polacco:<\/b> Realizzato a mano in un rinomato atelier polacco con meticolosa attenzione ad ogni dettaglio.<\/p>\n<\/li>\n<\/ul>\n<h2 data-path-to-node=\"9\"><b data-path-to-node=\"9\" data-index-in-node=\"0\">Specifiche tecniche<\/b><\/h2>\n<ul data-path-to-node=\"10\">\n<li>\n<p data-path-to-node=\"10,0,0\"><b data-path-to-node=\"10,0,0\" data-index-in-node=\"0\">Modello:<\/b> Mabel<\/p>\n<\/li>\n<li>\n<p data-path-to-node=\"10,1,0\"><b data-path-to-node=\"10,1,0\" data-index-in-node=\"0\">Colore:<\/b> Cioccolato fondente (marrone scuro)<\/p>\n<\/li>\n<li>\n<p data-path-to-node=\"10,2,0\"><b data-path-to-node=\"10,2,0\" data-index-in-node=\"0\">Materiale esterno:<\/b> Vera pelle morbida<\/p>\n<\/li>\n<li>\n<p data-path-to-node=\"10,3,0\"><b data-path-to-node=\"10,3,0\" data-index-in-node=\"0\">Liner:<\/b> Pelle sottile e genuina (per la massima flessibilit\u00e0)<\/p>\n<\/li>\n<li>\n<p data-path-to-node=\"10,4,0\"><b data-path-to-node=\"10,4,0\" data-index-in-node=\"0\">Suola:<\/b> Pelle rigida (ottimizzata per la danza)<\/p>\n<\/li>\n<li>\n<p data-path-to-node=\"10,5,0\"><b data-path-to-node=\"10,5,0\" data-index-in-node=\"0\">Tallone:<\/b> Pelle impilata<\/p>\n<\/li>\n<li>\n<p data-path-to-node=\"10,6,0\"><b data-path-to-node=\"10,6,0\" data-index-in-node=\"0\">Tipo di allacciatura:<\/b> Derby (allacciatura aperta)<\/p>\n<\/li>\n<li>\n<p data-path-to-node=\"10,7,0\"><b data-path-to-node=\"10,7,0\" data-index-in-node=\"0\">Progetto:<\/b> Puntale<\/p>\n<\/li>\n<li>\n<p data-path-to-node=\"10,8,0\"><b data-path-to-node=\"10,8,0\" data-index-in-node=\"0\">Dimensioni:<\/b> Questo modello veste circa mezza taglia in pi\u00f9.<\/p>\n<\/li>\n<\/ul>","protected":false},"excerpt":{"rendered":"<p>Stiamo introducendo i nuovi stivali Mabel, pi\u00f9 spaziosi per le persone con i piedi pi\u00f9 larghi per i quali gli stivali Norma sono troppo stretti.<\/p>\n<p>Abbiamo riprogettato questi stivali e cambiato l'allacciatura. L'allacciatura stile Derby li rende pi\u00f9 facili da indossare. Se i vostri piedi sono pi\u00f9 larghi, questi scarponi dovrebbero essere la vostra scelta. La pelle pi\u00f9 flessibile e la fodera pi\u00f9 sottile li rendono pi\u00f9 adattabili alla forma del piede.<\/p>\n<p>Stivali da donna Lindy Hop interamente in pelle. Stivali oxford leggeri e morbidi per ballerine di Lindy Hop, Balboa e Blues. Confortevoli e resistenti. <a href=\"https:\/\/www.swing-it.eu\/it\/shoe-manufacturing\/\">Prodotto<\/a> da rinomato calzaturificio polacco.  Tipo di tacco - pelle intera.<\/p>\n<p>Disponibile nelle taglie EU 35-42, , <span style=\"display: inline !important; float: none; background-color: transparent; color: #333333; cursor: text; font-family: Georgia,'Times New Roman','Bitstream Charter',Times,serif; font-size: 16px; font-style: normal; font-variant: normal; font-weight: 400; letter-spacing: normal; orphans: 2; text-align: left; text-decoration: none; text-indent: 0px; text-transform: none; -webkit-text-stroke-width: 0px; white-space: normal; word-spacing: 0px;\">\u00a0<a href=\"https:\/\/www.swing-it.eu\/it\/tabella-taglie-scarpe\/\" target=\"_blank\" rel=\"noopener noreferrer\">Guida alle taglie<\/a>.<\/span><\/p>\n<p><strong>Questo modello \u00e8 1\/2 taglia pi\u00f9 grande della media. Se siete tra le due taglie, scegliete quella pi\u00f9 piccola.<\/strong><\/p>\n<p>Se la vostra taglia \u00e8 mancante, vi preghiamo di\u00a0<a href=\"https:\/\/www.swing-it.eu\/it\/contattateci\/\" target=\"_blank\" rel=\"noopener\">contatto<\/a>\u00a0per effettuare un ordine.<\/p>","protected":false},"featured_media":15958,"comment_status":"open","ping_status":"closed","template":"","meta":[],"product_brand":[],"product_cat":[110,178],"product_tag":[204,195,1041,177,1044,144,1040,1046,1043,1042,1045],"class_list":{"0":"post-15316","1":"product","2":"type-product","3":"status-publish","4":"has-post-thumbnail","6":"product_cat-lindy-hop-shoes","7":"product_cat-womens-lindy-hop-shoes","8":"product_tag-boots","9":"product_tag-brown","10":"product_tag-dance-boots","11":"product_tag-dancing-shoes","12":"product_tag-leather-vintage-boots","13":"product_tag-lindyhop","14":"product_tag-lindy-hop-shoes","15":"product_tag-retro-dance-footwear","16":"product_tag-swing-dance-shoes","17":"product_tag-swing-it-mabel","18":"product_tag-wide-fit-dance-shoes","19":"pa_size-172","20":"pa_size-173","21":"pa_size-174","22":"pa_size-175","23":"pa_size-158","24":"pa_size-152","25":"pa_size-153","26":"pa_size-154","28":"first","29":"instock","30":"taxable","31":"shipping-taxable","32":"purchasable","33":"product-type-variable"},"yoast_head":"<!-- This site is optimized with the Yoast SEO plugin v27.4 - https:\/\/yoast.com\/product\/yoast-seo-wordpress\/ -->\n<title>Lindy Hop boots, oxfords, dance shoes, swing dancing<\/title>\n<meta name=\"description\" content=\"Lindy Hop women&#039;s boots. Mabel Dark Chocolate dance boots. Perfect for Lindy Hop &amp; Balboa. Wide fit, leather sole, and superior comfort.\" \/>\n<meta name=\"robots\" content=\"index, follow, max-snippet:-1, max-image-preview:large, max-video-preview:-1\" \/>\n<link rel=\"canonical\" href=\"https:\/\/www.swing-it.eu\/it\/prodotto-2\/cioccolato-fondente-mabel\/\" \/>\n<meta property=\"og:locale\" content=\"it_IT\" \/>\n<meta property=\"og:type\" content=\"article\" \/>\n<meta property=\"og:title\" content=\"Lindy Hop boots, oxfords, dance shoes, swing dancing\" \/>\n<meta property=\"og:description\" content=\"Lindy Hop women&#039;s boots. Mabel Dark Chocolate dance boots. Perfect for Lindy Hop &amp; Balboa. Wide fit, leather sole, and superior comfort.\" \/>\n<meta property=\"og:url\" content=\"https:\/\/www.swing-it.eu\/it\/prodotto-2\/cioccolato-fondente-mabel\/\" \/>\n<meta property=\"og:site_name\" content=\"Swing It Shoes\" \/>\n<meta property=\"article:publisher\" content=\"https:\/\/www.facebook.com\/SwingItEU\/\" \/>\n<meta property=\"article:modified_time\" content=\"2026-03-23T21:45:20+00:00\" \/>\n<meta property=\"og:image\" content=\"https:\/\/www.swing-it.eu\/wp-content\/uploads\/2026\/03\/1774257291038.jpg\" \/>\n\t<meta property=\"og:image:width\" content=\"896\" \/>\n\t<meta property=\"og:image:height\" content=\"1195\" \/>\n\t<meta property=\"og:image:type\" content=\"image\/jpeg\" \/>\n<meta name=\"twitter:card\" content=\"summary_large_image\" \/>\n<meta name=\"twitter:label1\" content=\"Tempo di lettura stimato\" \/>\n\t<meta name=\"twitter:data1\" content=\"2 minuti\" \/>\n<script type=\"application\/ld+json\" class=\"yoast-schema-graph\">{\"@context\":\"https:\\\/\\\/schema.org\",\"@graph\":[{\"@type\":\"WebPage\",\"@id\":\"https:\\\/\\\/www.swing-it.eu\\\/produkt\\\/mabel-dark-chocolate\\\/\",\"url\":\"https:\\\/\\\/www.swing-it.eu\\\/produkt\\\/mabel-dark-chocolate\\\/\",\"name\":\"Lindy Hop boots, oxfords, dance shoes, swing dancing\",\"isPartOf\":{\"@id\":\"https:\\\/\\\/www.swing-it.eu\\\/#website\"},\"primaryImageOfPage\":{\"@id\":\"https:\\\/\\\/www.swing-it.eu\\\/produkt\\\/mabel-dark-chocolate\\\/#primaryimage\"},\"image\":{\"@id\":\"https:\\\/\\\/www.swing-it.eu\\\/produkt\\\/mabel-dark-chocolate\\\/#primaryimage\"},\"thumbnailUrl\":\"https:\\\/\\\/www.swing-it.eu\\\/wp-content\\\/uploads\\\/2026\\\/03\\\/1774257291038.jpg\",\"datePublished\":\"2024-10-16T09:51:12+00:00\",\"dateModified\":\"2026-03-23T21:45:20+00:00\",\"description\":\"Lindy Hop women's boots. Mabel Dark Chocolate dance boots. Perfect for Lindy Hop & Balboa. Wide fit, leather sole, and superior comfort.\",\"breadcrumb\":{\"@id\":\"https:\\\/\\\/www.swing-it.eu\\\/produkt\\\/mabel-dark-chocolate\\\/#breadcrumb\"},\"inLanguage\":\"it-IT\",\"potentialAction\":[{\"@type\":\"ReadAction\",\"target\":[\"https:\\\/\\\/www.swing-it.eu\\\/produkt\\\/mabel-dark-chocolate\\\/\"]}]},{\"@type\":\"ImageObject\",\"inLanguage\":\"it-IT\",\"@id\":\"https:\\\/\\\/www.swing-it.eu\\\/produkt\\\/mabel-dark-chocolate\\\/#primaryimage\",\"url\":\"https:\\\/\\\/www.swing-it.eu\\\/wp-content\\\/uploads\\\/2026\\\/03\\\/1774257291038.jpg\",\"contentUrl\":\"https:\\\/\\\/www.swing-it.eu\\\/wp-content\\\/uploads\\\/2026\\\/03\\\/1774257291038.jpg\",\"width\":896,\"height\":1195,\"caption\":\"Dark Brown boots for Lindy Hop dancers\"},{\"@type\":\"BreadcrumbList\",\"@id\":\"https:\\\/\\\/www.swing-it.eu\\\/produkt\\\/mabel-dark-chocolate\\\/#breadcrumb\",\"itemListElement\":[{\"@type\":\"ListItem\",\"position\":1,\"name\":\"Strona g\u0142\u00f3wna\",\"item\":\"https:\\\/\\\/www.swing-it.eu\\\/\"},{\"@type\":\"ListItem\",\"position\":2,\"name\":\"SWING IT SHOES\",\"item\":\"https:\\\/\\\/www.swing-it.eu\\\/\"},{\"@type\":\"ListItem\",\"position\":3,\"name\":\"Mabel Dark Chocolate\"}]},{\"@type\":\"WebSite\",\"@id\":\"https:\\\/\\\/www.swing-it.eu\\\/#website\",\"url\":\"https:\\\/\\\/www.swing-it.eu\\\/\",\"name\":\"Swing It Shoes\",\"description\":\"Lindy Hop dancers&#039; brand\",\"potentialAction\":[{\"@type\":\"SearchAction\",\"target\":{\"@type\":\"EntryPoint\",\"urlTemplate\":\"https:\\\/\\\/www.swing-it.eu\\\/?s={search_term_string}\"},\"query-input\":{\"@type\":\"PropertyValueSpecification\",\"valueRequired\":true,\"valueName\":\"search_term_string\"}}],\"inLanguage\":\"it-IT\"}]}<\/script>\n<!-- \/ Yoast SEO plugin. -->","yoast_head_json":{"title":"Stivali Lindy Hop, oxfords, scarpe da ballo, ballo swing","description":"Stivali da ballo da donna per Lindy Hop. Stivali da ballo Mabel color cioccolato fondente. Perfetti per Lindy Hop e Balboa. Calzata ampia, suola in cuoio e comfort superiore.","robots":{"index":"index","follow":"follow","max-snippet":"max-snippet:-1","max-image-preview":"max-image-preview:large","max-video-preview":"max-video-preview:-1"},"canonical":"https:\/\/www.swing-it.eu\/it\/prodotto-2\/cioccolato-fondente-mabel\/","og_locale":"it_IT","og_type":"article","og_title":"Lindy Hop boots, oxfords, dance shoes, swing dancing","og_description":"Lindy Hop women's boots. Mabel Dark Chocolate dance boots. Perfect for Lindy Hop & Balboa. Wide fit, leather sole, and superior comfort.","og_url":"https:\/\/www.swing-it.eu\/it\/prodotto-2\/cioccolato-fondente-mabel\/","og_site_name":"Swing It Shoes","article_publisher":"https:\/\/www.facebook.com\/SwingItEU\/","article_modified_time":"2026-03-23T21:45:20+00:00","og_image":[{"width":896,"height":1195,"url":"https:\/\/www.swing-it.eu\/wp-content\/uploads\/2026\/03\/1774257291038.jpg","type":"image\/jpeg"}],"twitter_card":"summary_large_image","twitter_misc":{"Tempo di lettura stimato":"2 minuti"},"schema":{"@context":"https:\/\/schema.org","@graph":[{"@type":"WebPage","@id":"https:\/\/www.swing-it.eu\/produkt\/mabel-dark-chocolate\/","url":"https:\/\/www.swing-it.eu\/produkt\/mabel-dark-chocolate\/","name":"Stivali Lindy Hop, oxfords, scarpe da ballo, ballo swing","isPartOf":{"@id":"https:\/\/www.swing-it.eu\/#website"},"primaryImageOfPage":{"@id":"https:\/\/www.swing-it.eu\/produkt\/mabel-dark-chocolate\/#primaryimage"},"image":{"@id":"https:\/\/www.swing-it.eu\/produkt\/mabel-dark-chocolate\/#primaryimage"},"thumbnailUrl":"https:\/\/www.swing-it.eu\/wp-content\/uploads\/2026\/03\/1774257291038.jpg","datePublished":"2024-10-16T09:51:12+00:00","dateModified":"2026-03-23T21:45:20+00:00","description":"Stivali da ballo da donna per Lindy Hop. Stivali da ballo Mabel color cioccolato fondente. Perfetti per Lindy Hop e Balboa. Calzata ampia, suola in cuoio e comfort superiore.","breadcrumb":{"@id":"https:\/\/www.swing-it.eu\/produkt\/mabel-dark-chocolate\/#breadcrumb"},"inLanguage":"it-IT","potentialAction":[{"@type":"ReadAction","target":["https:\/\/www.swing-it.eu\/produkt\/mabel-dark-chocolate\/"]}]},{"@type":"ImageObject","inLanguage":"it-IT","@id":"https:\/\/www.swing-it.eu\/produkt\/mabel-dark-chocolate\/#primaryimage","url":"https:\/\/www.swing-it.eu\/wp-content\/uploads\/2026\/03\/1774257291038.jpg","contentUrl":"https:\/\/www.swing-it.eu\/wp-content\/uploads\/2026\/03\/1774257291038.jpg","width":896,"height":1195,"caption":"Dark Brown boots for Lindy Hop dancers"},{"@type":"BreadcrumbList","@id":"https:\/\/www.swing-it.eu\/produkt\/mabel-dark-chocolate\/#breadcrumb","itemListElement":[{"@type":"ListItem","position":1,"name":"Strona g\u0142\u00f3wna","item":"https:\/\/www.swing-it.eu\/"},{"@type":"ListItem","position":2,"name":"SWING IT SHOES","item":"https:\/\/www.swing-it.eu\/"},{"@type":"ListItem","position":3,"name":"Mabel Dark Chocolate"}]},{"@type":"WebSite","@id":"https:\/\/www.swing-it.eu\/#website","url":"https:\/\/www.swing-it.eu\/","name":"Scarpe Swing It","description":"Ballerini di Lindy Hop&#039; marchio","potentialAction":[{"@type":"SearchAction","target":{"@type":"EntryPoint","urlTemplate":"https:\/\/www.swing-it.eu\/?s={search_term_string}"},"query-input":{"@type":"PropertyValueSpecification","valueRequired":true,"valueName":"search_term_string"}}],"inLanguage":"it-IT"}]}},"_links":{"self":[{"href":"https:\/\/www.swing-it.eu\/it\/wp-json\/wp\/v2\/product\/15316","targetHints":{"allow":["GET"]}}],"collection":[{"href":"https:\/\/www.swing-it.eu\/it\/wp-json\/wp\/v2\/product"}],"about":[{"href":"https:\/\/www.swing-it.eu\/it\/wp-json\/wp\/v2\/types\/product"}],"replies":[{"embeddable":true,"href":"https:\/\/www.swing-it.eu\/it\/wp-json\/wp\/v2\/comments?post=15316"}],"wp:featuredmedia":[{"embeddable":true,"href":"https:\/\/www.swing-it.eu\/it\/wp-json\/wp\/v2\/media\/15958"}],"wp:attachment":[{"href":"https:\/\/www.swing-it.eu\/it\/wp-json\/wp\/v2\/media?parent=15316"}],"wp:term":[{"taxonomy":"product_brand","embeddable":true,"href":"https:\/\/www.swing-it.eu\/it\/wp-json\/wp\/v2\/product_brand?post=15316"},{"taxonomy":"product_cat","embeddable":true,"href":"https:\/\/www.swing-it.eu\/it\/wp-json\/wp\/v2\/product_cat?post=15316"},{"taxonomy":"product_tag","embeddable":true,"href":"https:\/\/www.swing-it.eu\/it\/wp-json\/wp\/v2\/product_tag?post=15316"}],"curies":[{"name":"wp","href":"https:\/\/api.w.org\/{rel}","templated":true}]}}