{"id":6982,"date":"2024-05-10T13:00:09","date_gmt":"2024-05-10T11:00:09","guid":{"rendered":"https:\/\/www.swing-it.eu\/?post_type=product&#038;p=6982"},"modified":"2026-04-11T23:39:26","modified_gmt":"2026-04-11T21:39:26","slug":"scarlett-beige","status":"publish","type":"product","link":"https:\/\/www.swing-it.eu\/fr\/produkt\/scarlett-beige\/","title":{"rendered":"Scarlett Beige"},"content":{"rendered":"","protected":false},"excerpt":{"rendered":"<p>Nouveau mod\u00e8le - Scarlett<\/p>\n<p>Con\u00e7ue pour le confort.  Largeur accrue avec semelle int\u00e9rieure matelass\u00e9e et talon de 5 cm. Si vos pieds sont moyens ou larges, ces chaussures sont faites pour vous.<\/p>\n<p>Tailles 35-42<\/p>\n<p><strong>Pointures\u00a0: la plupart des clients indiquent que les chaussures taillent une pointure de plus que leur pointure habituelle. Veuillez en tenir compte lors de votre commande.<\/strong><\/p>\n<table dir=\"ltr\" border=\"1\" cellspacing=\"0\" cellpadding=\"0\" data-sheets-root=\"1\" data-sheets-baot=\"1\">\n<colgroup>\n<col width=\"87\" \/>\n<col width=\"80\" \/><\/colgroup>\n<tbody>\n<tr>\n<td>taille<\/td>\n<td>longueur int\u00e9rieure en cm<\/td>\n<\/tr>\n<tr>\n<td>35<\/td>\n<td>23<\/td>\n<\/tr>\n<tr>\n<td>36<\/td>\n<td>23,7<\/td>\n<\/tr>\n<tr>\n<td>37<\/td>\n<td>24<\/td>\n<\/tr>\n<tr>\n<td>37,5<\/td>\n<td>24,5<\/td>\n<\/tr>\n<tr>\n<td>38<\/td>\n<td>25<\/td>\n<\/tr>\n<tr>\n<td>38,5<\/td>\n<td>25,3<\/td>\n<\/tr>\n<tr>\n<td>39<\/td>\n<td>25,6<\/td>\n<\/tr>\n<tr>\n<td>40<\/td>\n<td>26<\/td>\n<\/tr>\n<tr>\n<td>41<\/td>\n<td>26,5<\/td>\n<\/tr>\n<tr>\n<td>42<\/td>\n<td>27,5<\/td>\n<\/tr>\n<\/tbody>\n<\/table>\n<p>&nbsp;<\/p>\n<p>&nbsp;<\/p>\n<p>&nbsp;<\/p>","protected":false},"featured_media":7184,"comment_status":"open","ping_status":"closed","template":"","meta":[],"product_brand":[],"product_cat":[110,178],"product_tag":[145,147,195,177,280,144,24,228,201,138,281],"class_list":{"0":"post-6982","1":"product","2":"type-product","3":"status-publish","4":"has-post-thumbnail","6":"product_cat-lindy-hop-shoes","7":"product_cat-womens-lindy-hop-shoes","8":"product_tag-balboa","9":"product_tag-beige","10":"product_tag-brown","11":"product_tag-dancing-shoes","12":"product_tag-heels","13":"product_tag-lindyhop","14":"product_tag-retro","15":"product_tag-sale","16":"product_tag-spectators","17":"product_tag-vintage","18":"product_tag-wide","19":"pa_size-172","20":"pa_size-173","21":"pa_size-174","22":"pa_size-37-5","23":"pa_size-175","24":"pa_size-38-5","25":"pa_size-158","26":"pa_size-152","27":"pa_size-153","28":"pa_size-154","30":"first","31":"instock","32":"sale","33":"taxable","34":"shipping-taxable","35":"purchasable","36":"product-type-variable"},"yoast_head":"<!-- This site is optimized with the Yoast SEO plugin v27.4 - https:\/\/yoast.com\/product\/yoast-seo-wordpress\/ -->\n<title>Lindy Hop women&#039;s brown brogues, dance shoes, swing dancing<\/title>\n<meta name=\"description\" content=\"Light brown, all leather brogued shoes. Lindy Hop women&#039;s shoes. Light and soft shoes for Lindy Hop and Blues dancers. Extremely comfortable and durable.\" \/>\n<meta name=\"robots\" content=\"index, follow, max-snippet:-1, max-image-preview:large, max-video-preview:-1\" \/>\n<link rel=\"canonical\" href=\"https:\/\/www.swing-it.eu\/fr\/produit-2\/scarlett-beige\/\" \/>\n<meta property=\"og:locale\" content=\"fr_FR\" \/>\n<meta property=\"og:type\" content=\"article\" \/>\n<meta property=\"og:title\" content=\"Lindy Hop women&#039;s brown brogues, dance shoes, swing dancing\" \/>\n<meta property=\"og:description\" content=\"Light brown, all leather brogued shoes. Lindy Hop women&#039;s shoes. Light and soft shoes for Lindy Hop and Blues dancers. Extremely comfortable and durable.\" \/>\n<meta property=\"og:url\" content=\"https:\/\/www.swing-it.eu\/fr\/produit-2\/scarlett-beige\/\" \/>\n<meta property=\"og:site_name\" content=\"Swing It Shoes\" \/>\n<meta property=\"article:publisher\" content=\"https:\/\/www.facebook.com\/SwingItEU\/\" \/>\n<meta property=\"article:modified_time\" content=\"2026-04-11T21:39:26+00:00\" \/>\n<meta property=\"og:image\" content=\"https:\/\/www.swing-it.eu\/wp-content\/uploads\/2024\/07\/DSC09045-copy.jpg\" \/>\n\t<meta property=\"og:image:width\" content=\"1000\" \/>\n\t<meta property=\"og:image:height\" content=\"1333\" \/>\n\t<meta property=\"og:image:type\" content=\"image\/jpeg\" \/>\n<meta name=\"twitter:card\" content=\"summary_large_image\" \/>\n<meta name=\"twitter:label1\" content=\"Dur\u00e9e de lecture estim\u00e9e\" \/>\n\t<meta name=\"twitter:data1\" content=\"1 minute\" \/>\n<script type=\"application\/ld+json\" class=\"yoast-schema-graph\">{\"@context\":\"https:\\\/\\\/schema.org\",\"@graph\":[{\"@type\":\"WebPage\",\"@id\":\"https:\\\/\\\/www.swing-it.eu\\\/produkt\\\/scarlett-beige\\\/\",\"url\":\"https:\\\/\\\/www.swing-it.eu\\\/produkt\\\/scarlett-beige\\\/\",\"name\":\"Lindy Hop women's brown brogues, dance shoes, swing dancing\",\"isPartOf\":{\"@id\":\"https:\\\/\\\/www.swing-it.eu\\\/#website\"},\"primaryImageOfPage\":{\"@id\":\"https:\\\/\\\/www.swing-it.eu\\\/produkt\\\/scarlett-beige\\\/#primaryimage\"},\"image\":{\"@id\":\"https:\\\/\\\/www.swing-it.eu\\\/produkt\\\/scarlett-beige\\\/#primaryimage\"},\"thumbnailUrl\":\"https:\\\/\\\/www.swing-it.eu\\\/wp-content\\\/uploads\\\/2024\\\/07\\\/DSC09045-copy.jpg\",\"datePublished\":\"2024-05-10T11:00:09+00:00\",\"dateModified\":\"2026-04-11T21:39:26+00:00\",\"description\":\"Light brown, all leather brogued shoes. Lindy Hop women's shoes. Light and soft shoes for Lindy Hop and Blues dancers. Extremely comfortable and durable.\",\"breadcrumb\":{\"@id\":\"https:\\\/\\\/www.swing-it.eu\\\/produkt\\\/scarlett-beige\\\/#breadcrumb\"},\"inLanguage\":\"fr-FR\",\"potentialAction\":[{\"@type\":\"ReadAction\",\"target\":[\"https:\\\/\\\/www.swing-it.eu\\\/produkt\\\/scarlett-beige\\\/\"]}]},{\"@type\":\"ImageObject\",\"inLanguage\":\"fr-FR\",\"@id\":\"https:\\\/\\\/www.swing-it.eu\\\/produkt\\\/scarlett-beige\\\/#primaryimage\",\"url\":\"https:\\\/\\\/www.swing-it.eu\\\/wp-content\\\/uploads\\\/2024\\\/07\\\/DSC09045-copy.jpg\",\"contentUrl\":\"https:\\\/\\\/www.swing-it.eu\\\/wp-content\\\/uploads\\\/2024\\\/07\\\/DSC09045-copy.jpg\",\"width\":1000,\"height\":1333},{\"@type\":\"BreadcrumbList\",\"@id\":\"https:\\\/\\\/www.swing-it.eu\\\/produkt\\\/scarlett-beige\\\/#breadcrumb\",\"itemListElement\":[{\"@type\":\"ListItem\",\"position\":1,\"name\":\"Strona g\u0142\u00f3wna\",\"item\":\"https:\\\/\\\/www.swing-it.eu\\\/\"},{\"@type\":\"ListItem\",\"position\":2,\"name\":\"SWING IT SHOES\",\"item\":\"https:\\\/\\\/www.swing-it.eu\\\/\"},{\"@type\":\"ListItem\",\"position\":3,\"name\":\"Scarlett Beige\"}]},{\"@type\":\"WebSite\",\"@id\":\"https:\\\/\\\/www.swing-it.eu\\\/#website\",\"url\":\"https:\\\/\\\/www.swing-it.eu\\\/\",\"name\":\"Swing It Shoes\",\"description\":\"Lindy Hop dancers&#039; brand\",\"potentialAction\":[{\"@type\":\"SearchAction\",\"target\":{\"@type\":\"EntryPoint\",\"urlTemplate\":\"https:\\\/\\\/www.swing-it.eu\\\/?s={search_term_string}\"},\"query-input\":{\"@type\":\"PropertyValueSpecification\",\"valueRequired\":true,\"valueName\":\"search_term_string\"}}],\"inLanguage\":\"fr-FR\"}]}<\/script>\n<!-- \/ Yoast SEO plugin. -->","yoast_head_json":{"title":"Lindy Hop chaussures de danse marron pour femmes, chaussures de danse, danse swing","description":"Chaussures brogu\u00e9es en cuir marron clair. Chaussures Lindy Hop pour femmes. Chaussures l\u00e9g\u00e8res et souples pour les danseuses de Lindy Hop et de Blues. Extr\u00eamement confortables et durables.","robots":{"index":"index","follow":"follow","max-snippet":"max-snippet:-1","max-image-preview":"max-image-preview:large","max-video-preview":"max-video-preview:-1"},"canonical":"https:\/\/www.swing-it.eu\/fr\/produit-2\/scarlett-beige\/","og_locale":"fr_FR","og_type":"article","og_title":"Lindy Hop women's brown brogues, dance shoes, swing dancing","og_description":"Light brown, all leather brogued shoes. Lindy Hop women's shoes. Light and soft shoes for Lindy Hop and Blues dancers. Extremely comfortable and durable.","og_url":"https:\/\/www.swing-it.eu\/fr\/produit-2\/scarlett-beige\/","og_site_name":"Swing It Shoes","article_publisher":"https:\/\/www.facebook.com\/SwingItEU\/","article_modified_time":"2026-04-11T21:39:26+00:00","og_image":[{"width":1000,"height":1333,"url":"https:\/\/www.swing-it.eu\/wp-content\/uploads\/2024\/07\/DSC09045-copy.jpg","type":"image\/jpeg"}],"twitter_card":"summary_large_image","twitter_misc":{"Dur\u00e9e de lecture estim\u00e9e":"1 minute"},"schema":{"@context":"https:\/\/schema.org","@graph":[{"@type":"WebPage","@id":"https:\/\/www.swing-it.eu\/produkt\/scarlett-beige\/","url":"https:\/\/www.swing-it.eu\/produkt\/scarlett-beige\/","name":"Lindy Hop chaussures de danse marron pour femmes, chaussures de danse, danse swing","isPartOf":{"@id":"https:\/\/www.swing-it.eu\/#website"},"primaryImageOfPage":{"@id":"https:\/\/www.swing-it.eu\/produkt\/scarlett-beige\/#primaryimage"},"image":{"@id":"https:\/\/www.swing-it.eu\/produkt\/scarlett-beige\/#primaryimage"},"thumbnailUrl":"https:\/\/www.swing-it.eu\/wp-content\/uploads\/2024\/07\/DSC09045-copy.jpg","datePublished":"2024-05-10T11:00:09+00:00","dateModified":"2026-04-11T21:39:26+00:00","description":"Chaussures brogu\u00e9es en cuir marron clair. Chaussures Lindy Hop pour femmes. Chaussures l\u00e9g\u00e8res et souples pour les danseuses de Lindy Hop et de Blues. Extr\u00eamement confortables et durables.","breadcrumb":{"@id":"https:\/\/www.swing-it.eu\/produkt\/scarlett-beige\/#breadcrumb"},"inLanguage":"fr-FR","potentialAction":[{"@type":"ReadAction","target":["https:\/\/www.swing-it.eu\/produkt\/scarlett-beige\/"]}]},{"@type":"ImageObject","inLanguage":"fr-FR","@id":"https:\/\/www.swing-it.eu\/produkt\/scarlett-beige\/#primaryimage","url":"https:\/\/www.swing-it.eu\/wp-content\/uploads\/2024\/07\/DSC09045-copy.jpg","contentUrl":"https:\/\/www.swing-it.eu\/wp-content\/uploads\/2024\/07\/DSC09045-copy.jpg","width":1000,"height":1333},{"@type":"BreadcrumbList","@id":"https:\/\/www.swing-it.eu\/produkt\/scarlett-beige\/#breadcrumb","itemListElement":[{"@type":"ListItem","position":1,"name":"Strona g\u0142\u00f3wna","item":"https:\/\/www.swing-it.eu\/"},{"@type":"ListItem","position":2,"name":"SWING IT SHOES","item":"https:\/\/www.swing-it.eu\/"},{"@type":"ListItem","position":3,"name":"Scarlett Beige"}]},{"@type":"WebSite","@id":"https:\/\/www.swing-it.eu\/#website","url":"https:\/\/www.swing-it.eu\/","name":"Chaussures Swing It","description":"Danseurs de Lindy Hop&amp;#039 ; marque","potentialAction":[{"@type":"SearchAction","target":{"@type":"EntryPoint","urlTemplate":"https:\/\/www.swing-it.eu\/?s={search_term_string}"},"query-input":{"@type":"PropertyValueSpecification","valueRequired":true,"valueName":"search_term_string"}}],"inLanguage":"fr-FR"}]}},"_links":{"self":[{"href":"https:\/\/www.swing-it.eu\/fr\/wp-json\/wp\/v2\/product\/6982","targetHints":{"allow":["GET"]}}],"collection":[{"href":"https:\/\/www.swing-it.eu\/fr\/wp-json\/wp\/v2\/product"}],"about":[{"href":"https:\/\/www.swing-it.eu\/fr\/wp-json\/wp\/v2\/types\/product"}],"replies":[{"embeddable":true,"href":"https:\/\/www.swing-it.eu\/fr\/wp-json\/wp\/v2\/comments?post=6982"}],"wp:featuredmedia":[{"embeddable":true,"href":"https:\/\/www.swing-it.eu\/fr\/wp-json\/wp\/v2\/media\/7184"}],"wp:attachment":[{"href":"https:\/\/www.swing-it.eu\/fr\/wp-json\/wp\/v2\/media?parent=6982"}],"wp:term":[{"taxonomy":"product_brand","embeddable":true,"href":"https:\/\/www.swing-it.eu\/fr\/wp-json\/wp\/v2\/product_brand?post=6982"},{"taxonomy":"product_cat","embeddable":true,"href":"https:\/\/www.swing-it.eu\/fr\/wp-json\/wp\/v2\/product_cat?post=6982"},{"taxonomy":"product_tag","embeddable":true,"href":"https:\/\/www.swing-it.eu\/fr\/wp-json\/wp\/v2\/product_tag?post=6982"}],"curies":[{"name":"wp","href":"https:\/\/api.w.org\/{rel}","templated":true}]}}