{"id":5332,"date":"2022-11-09T20:07:09","date_gmt":"2022-11-09T19:07:09","guid":{"rendered":"https:\/\/www.swing-it.eu\/?post_type=product&#038;p=5332"},"modified":"2026-04-09T19:37:26","modified_gmt":"2026-04-09T17:37:26","slug":"tommy-blue","status":"publish","type":"product","link":"https:\/\/www.swing-it.eu\/fr\/produkt\/tommy-blue\/","title":{"rendered":"Tommy Blue"},"content":{"rendered":"<p>Fabriqu\u00e9 en Pologne \u00e0 partir de cuirs italiens et polonais. Con\u00e7u pour les danseurs de swing. Assemblage manuel.<\/p>\n<p>Avant de passer commande, veuillez consulter notre <a href=\"https:\/\/www.swing-it.eu\/fr\/tableau-des-tailles-de-chaussures\/\">guide des tailles<\/a> et notre <a href=\"https:\/\/www.swing-it.eu\/fr\/livraison-gratuite\/\">politique de livraison gratuite<\/a>.<\/p>\n<p>&nbsp;<\/p>","protected":false},"excerpt":{"rendered":"<p>Chaussures en cuir de haute qualit\u00e9. Ces chaussures sont id\u00e9ales pour le Lindy Hop et d'autres danses Swing.  Elles s'accordent \u00e9galement parfaitement avec vos tenues de soir\u00e9e \u00e9l\u00e9gantes.<\/p>\n<p>Tige en cuir naturel souple et flexible. Semelle int\u00e9rieure \u00e9quip\u00e9e d'une mousse \u00e0 m\u00e9moire de forme qui s'adapte \u00e0 la forme du pied pour un plus grand confort. Semelle ext\u00e9rieure en cuir naturel avec un talon plein en cuir.<\/p>\n<p>Utilisez un chiffon sec pour nettoyer et mettez de la cr\u00e8me \u00e0 cirer pour garder les chaussures en bon \u00e9tat.<\/p>\n<p><a href=\"https:\/\/www.swing-it.eu\/fr\/politique-de-retour\/\" target=\"_blank\" rel=\"noopener noreferrer\">Politique de retour<\/a><\/p>\n<p>Si votre taille est manquante, veuillez\u00a0<a href=\"https:\/\/www.swing-it.eu\/fr\/nous-contacter\/\" target=\"_blank\" rel=\"noopener\">contact<\/a>\u00a0pour passer une commande.<\/p>\n<p>&nbsp;<\/p>","protected":false},"featured_media":5951,"comment_status":"open","ping_status":"closed","template":"","meta":[],"product_brand":[],"product_cat":[181,110],"product_tag":[145,64,276,177,144],"class_list":{"0":"post-5332","1":"product","2":"type-product","3":"status-publish","4":"has-post-thumbnail","6":"product_cat-mens-lindy-hop-shoes","7":"product_cat-lindy-hop-shoes","8":"product_tag-balboa","9":"product_tag-blue","10":"product_tag-casual","11":"product_tag-dancing-shoes","12":"product_tag-lindyhop","13":"pa_size-158","14":"pa_size-152","15":"pa_size-153","16":"pa_size-154","17":"pa_size-155","18":"pa_size-156","19":"pa_size-157","20":"pa_size-219","22":"first","23":"instock","24":"taxable","25":"shipping-taxable","26":"purchasable","27":"product-type-variable"},"yoast_head":"<!-- This site is optimized with the Yoast SEO plugin v27.4 - https:\/\/yoast.com\/product\/yoast-seo-wordpress\/ -->\n<title>All Leather Cap Toe Black Oxfords | Buty \u015alubne | Buty do grarnituru<\/title>\n<meta name=\"description\" content=\"Buty do garnituru. Buty \u015alubne. Wyprodukowane w Polsce. Eleganckie i wyj\u0105tkowo wygodne. Pozwol\u0105 Ci przeta\u0144czy\u0107 ca\u0142\u0105 noc. Darmowa dostawa w Polsce. Full Leather Cap Toe Black Oxfords. High quality all leather elegant dress shoes. These shoes are great for Lindy Hop and other Swing dancers. Also a magnificent match for your elegant evening outfit.\" \/>\n<meta name=\"robots\" content=\"index, follow, max-snippet:-1, max-image-preview:large, max-video-preview:-1\" \/>\n<link rel=\"canonical\" href=\"https:\/\/www.swing-it.eu\/fr\/produit-2\/tommy-blue\/\" \/>\n<meta property=\"og:locale\" content=\"fr_FR\" \/>\n<meta property=\"og:type\" content=\"article\" \/>\n<meta property=\"og:title\" content=\"All Leather Cap Toe Black Oxfords | Buty \u015alubne | Buty do grarnituru\" \/>\n<meta property=\"og:description\" content=\"Buty do garnituru. Buty \u015alubne. Wyprodukowane w Polsce. Eleganckie i wyj\u0105tkowo wygodne. Pozwol\u0105 Ci przeta\u0144czy\u0107 ca\u0142\u0105 noc. Darmowa dostawa w Polsce. Full Leather Cap Toe Black Oxfords. High quality all leather elegant dress shoes. These shoes are great for Lindy Hop and other Swing dancers. Also a magnificent match for your elegant evening outfit.\" \/>\n<meta property=\"og:url\" content=\"https:\/\/www.swing-it.eu\/fr\/produit-2\/tommy-blue\/\" \/>\n<meta property=\"og:site_name\" content=\"Swing It Shoes\" \/>\n<meta property=\"article:publisher\" content=\"https:\/\/www.facebook.com\/SwingItEU\/\" \/>\n<meta property=\"article:modified_time\" content=\"2026-04-09T17:37:26+00:00\" \/>\n<meta property=\"og:image\" content=\"https:\/\/www.swing-it.eu\/wp-content\/uploads\/2022\/11\/DSC04033-1.jpg\" \/>\n\t<meta property=\"og:image:width\" content=\"1125\" \/>\n\t<meta property=\"og:image:height\" content=\"1500\" \/>\n\t<meta property=\"og:image:type\" content=\"image\/jpeg\" \/>\n<meta name=\"twitter:card\" content=\"summary_large_image\" \/>\n<script type=\"application\/ld+json\" class=\"yoast-schema-graph\">{\"@context\":\"https:\\\/\\\/schema.org\",\"@graph\":[{\"@type\":\"WebPage\",\"@id\":\"https:\\\/\\\/www.swing-it.eu\\\/produkt\\\/tommy-blue\\\/\",\"url\":\"https:\\\/\\\/www.swing-it.eu\\\/produkt\\\/tommy-blue\\\/\",\"name\":\"All Leather Cap Toe Black Oxfords | Buty \u015alubne | Buty do grarnituru\",\"isPartOf\":{\"@id\":\"https:\\\/\\\/www.swing-it.eu\\\/#website\"},\"primaryImageOfPage\":{\"@id\":\"https:\\\/\\\/www.swing-it.eu\\\/produkt\\\/tommy-blue\\\/#primaryimage\"},\"image\":{\"@id\":\"https:\\\/\\\/www.swing-it.eu\\\/produkt\\\/tommy-blue\\\/#primaryimage\"},\"thumbnailUrl\":\"https:\\\/\\\/www.swing-it.eu\\\/wp-content\\\/uploads\\\/2022\\\/11\\\/DSC04033-1.jpg\",\"datePublished\":\"2022-11-09T19:07:09+00:00\",\"dateModified\":\"2026-04-09T17:37:26+00:00\",\"description\":\"Buty do garnituru. Buty \u015alubne. Wyprodukowane w Polsce. Eleganckie i wyj\u0105tkowo wygodne. Pozwol\u0105 Ci przeta\u0144czy\u0107 ca\u0142\u0105 noc. Darmowa dostawa w Polsce. Full Leather Cap Toe Black Oxfords. High quality all leather elegant dress shoes. These shoes are great for Lindy Hop and other Swing dancers. Also a magnificent match for your elegant evening outfit.\",\"breadcrumb\":{\"@id\":\"https:\\\/\\\/www.swing-it.eu\\\/produkt\\\/tommy-blue\\\/#breadcrumb\"},\"inLanguage\":\"fr-FR\",\"potentialAction\":[{\"@type\":\"ReadAction\",\"target\":[\"https:\\\/\\\/www.swing-it.eu\\\/produkt\\\/tommy-blue\\\/\"]}]},{\"@type\":\"ImageObject\",\"inLanguage\":\"fr-FR\",\"@id\":\"https:\\\/\\\/www.swing-it.eu\\\/produkt\\\/tommy-blue\\\/#primaryimage\",\"url\":\"https:\\\/\\\/www.swing-it.eu\\\/wp-content\\\/uploads\\\/2022\\\/11\\\/DSC04033-1.jpg\",\"contentUrl\":\"https:\\\/\\\/www.swing-it.eu\\\/wp-content\\\/uploads\\\/2022\\\/11\\\/DSC04033-1.jpg\",\"width\":1125,\"height\":1500,\"caption\":\"Blue Lindy Hop and Balboa Shoes\"},{\"@type\":\"BreadcrumbList\",\"@id\":\"https:\\\/\\\/www.swing-it.eu\\\/produkt\\\/tommy-blue\\\/#breadcrumb\",\"itemListElement\":[{\"@type\":\"ListItem\",\"position\":1,\"name\":\"Strona g\u0142\u00f3wna\",\"item\":\"https:\\\/\\\/www.swing-it.eu\\\/\"},{\"@type\":\"ListItem\",\"position\":2,\"name\":\"SWING IT SHOES\",\"item\":\"https:\\\/\\\/www.swing-it.eu\\\/\"},{\"@type\":\"ListItem\",\"position\":3,\"name\":\"Tommy Blue\"}]},{\"@type\":\"WebSite\",\"@id\":\"https:\\\/\\\/www.swing-it.eu\\\/#website\",\"url\":\"https:\\\/\\\/www.swing-it.eu\\\/\",\"name\":\"Swing It Shoes\",\"description\":\"Lindy Hop dancers&#039; brand\",\"potentialAction\":[{\"@type\":\"SearchAction\",\"target\":{\"@type\":\"EntryPoint\",\"urlTemplate\":\"https:\\\/\\\/www.swing-it.eu\\\/?s={search_term_string}\"},\"query-input\":{\"@type\":\"PropertyValueSpecification\",\"valueRequired\":true,\"valueName\":\"search_term_string\"}}],\"inLanguage\":\"fr-FR\"}]}<\/script>\n<!-- \/ Yoast SEO plugin. -->","yoast_head_json":{"title":"Tous les cuir Cap Toe Black Oxfords | Buty \u015alubne | Buty do grarnituru","description":"Buty do garnituru. Buty \u015alubne. Wyprodukowane w Polsce. Eleganckie i wyj\u0105tkowo wygodne. Pozwol\u0105 Ci przeta\u0144czy\u0107 ca\u0142\u0105 noc. Darmowa dostawa w Polsce. Mocassins noirs en cuir pleine fleur. Chaussures \u00e9l\u00e9gantes en cuir de haute qualit\u00e9. Ces chaussures sont parfaites pour les danseurs de Lindy Hop et autres danseurs de Swing. Elles s'accordent \u00e9galement \u00e0 merveille avec votre tenue de soir\u00e9e \u00e9l\u00e9gante.","robots":{"index":"index","follow":"follow","max-snippet":"max-snippet:-1","max-image-preview":"max-image-preview:large","max-video-preview":"max-video-preview:-1"},"canonical":"https:\/\/www.swing-it.eu\/fr\/produit-2\/tommy-blue\/","og_locale":"fr_FR","og_type":"article","og_title":"All Leather Cap Toe Black Oxfords | Buty \u015alubne | Buty do grarnituru","og_description":"Buty do garnituru. Buty \u015alubne. Wyprodukowane w Polsce. Eleganckie i wyj\u0105tkowo wygodne. Pozwol\u0105 Ci przeta\u0144czy\u0107 ca\u0142\u0105 noc. Darmowa dostawa w Polsce. Full Leather Cap Toe Black Oxfords. High quality all leather elegant dress shoes. These shoes are great for Lindy Hop and other Swing dancers. Also a magnificent match for your elegant evening outfit.","og_url":"https:\/\/www.swing-it.eu\/fr\/produit-2\/tommy-blue\/","og_site_name":"Swing It Shoes","article_publisher":"https:\/\/www.facebook.com\/SwingItEU\/","article_modified_time":"2026-04-09T17:37:26+00:00","og_image":[{"width":1125,"height":1500,"url":"https:\/\/www.swing-it.eu\/wp-content\/uploads\/2022\/11\/DSC04033-1.jpg","type":"image\/jpeg"}],"twitter_card":"summary_large_image","schema":{"@context":"https:\/\/schema.org","@graph":[{"@type":"WebPage","@id":"https:\/\/www.swing-it.eu\/produkt\/tommy-blue\/","url":"https:\/\/www.swing-it.eu\/produkt\/tommy-blue\/","name":"Tous les cuir Cap Toe Black Oxfords | Buty \u015alubne | Buty do grarnituru","isPartOf":{"@id":"https:\/\/www.swing-it.eu\/#website"},"primaryImageOfPage":{"@id":"https:\/\/www.swing-it.eu\/produkt\/tommy-blue\/#primaryimage"},"image":{"@id":"https:\/\/www.swing-it.eu\/produkt\/tommy-blue\/#primaryimage"},"thumbnailUrl":"https:\/\/www.swing-it.eu\/wp-content\/uploads\/2022\/11\/DSC04033-1.jpg","datePublished":"2022-11-09T19:07:09+00:00","dateModified":"2026-04-09T17:37:26+00:00","description":"Buty do garnituru. Buty \u015alubne. Wyprodukowane w Polsce. Eleganckie i wyj\u0105tkowo wygodne. Pozwol\u0105 Ci przeta\u0144czy\u0107 ca\u0142\u0105 noc. Darmowa dostawa w Polsce. Mocassins noirs en cuir pleine fleur. Chaussures \u00e9l\u00e9gantes en cuir de haute qualit\u00e9. Ces chaussures sont parfaites pour les danseurs de Lindy Hop et autres danseurs de Swing. Elles s'accordent \u00e9galement \u00e0 merveille avec votre tenue de soir\u00e9e \u00e9l\u00e9gante.","breadcrumb":{"@id":"https:\/\/www.swing-it.eu\/produkt\/tommy-blue\/#breadcrumb"},"inLanguage":"fr-FR","potentialAction":[{"@type":"ReadAction","target":["https:\/\/www.swing-it.eu\/produkt\/tommy-blue\/"]}]},{"@type":"ImageObject","inLanguage":"fr-FR","@id":"https:\/\/www.swing-it.eu\/produkt\/tommy-blue\/#primaryimage","url":"https:\/\/www.swing-it.eu\/wp-content\/uploads\/2022\/11\/DSC04033-1.jpg","contentUrl":"https:\/\/www.swing-it.eu\/wp-content\/uploads\/2022\/11\/DSC04033-1.jpg","width":1125,"height":1500,"caption":"Blue Lindy Hop and Balboa Shoes"},{"@type":"BreadcrumbList","@id":"https:\/\/www.swing-it.eu\/produkt\/tommy-blue\/#breadcrumb","itemListElement":[{"@type":"ListItem","position":1,"name":"Strona g\u0142\u00f3wna","item":"https:\/\/www.swing-it.eu\/"},{"@type":"ListItem","position":2,"name":"SWING IT SHOES","item":"https:\/\/www.swing-it.eu\/"},{"@type":"ListItem","position":3,"name":"Tommy Blue"}]},{"@type":"WebSite","@id":"https:\/\/www.swing-it.eu\/#website","url":"https:\/\/www.swing-it.eu\/","name":"Chaussures Swing It","description":"Danseurs de Lindy Hop&amp;#039 ; marque","potentialAction":[{"@type":"SearchAction","target":{"@type":"EntryPoint","urlTemplate":"https:\/\/www.swing-it.eu\/?s={search_term_string}"},"query-input":{"@type":"PropertyValueSpecification","valueRequired":true,"valueName":"search_term_string"}}],"inLanguage":"fr-FR"}]}},"_links":{"self":[{"href":"https:\/\/www.swing-it.eu\/fr\/wp-json\/wp\/v2\/product\/5332","targetHints":{"allow":["GET"]}}],"collection":[{"href":"https:\/\/www.swing-it.eu\/fr\/wp-json\/wp\/v2\/product"}],"about":[{"href":"https:\/\/www.swing-it.eu\/fr\/wp-json\/wp\/v2\/types\/product"}],"replies":[{"embeddable":true,"href":"https:\/\/www.swing-it.eu\/fr\/wp-json\/wp\/v2\/comments?post=5332"}],"wp:featuredmedia":[{"embeddable":true,"href":"https:\/\/www.swing-it.eu\/fr\/wp-json\/wp\/v2\/media\/5951"}],"wp:attachment":[{"href":"https:\/\/www.swing-it.eu\/fr\/wp-json\/wp\/v2\/media?parent=5332"}],"wp:term":[{"taxonomy":"product_brand","embeddable":true,"href":"https:\/\/www.swing-it.eu\/fr\/wp-json\/wp\/v2\/product_brand?post=5332"},{"taxonomy":"product_cat","embeddable":true,"href":"https:\/\/www.swing-it.eu\/fr\/wp-json\/wp\/v2\/product_cat?post=5332"},{"taxonomy":"product_tag","embeddable":true,"href":"https:\/\/www.swing-it.eu\/fr\/wp-json\/wp\/v2\/product_tag?post=5332"}],"curies":[{"name":"wp","href":"https:\/\/api.w.org\/{rel}","templated":true}]}}