{"id":3563,"date":"2020-01-02T22:33:43","date_gmt":"2020-01-02T21:33:43","guid":{"rendered":"https:\/\/www.swing-it.eu\/?post_type=product&#038;p=3563"},"modified":"2026-04-02T16:47:43","modified_gmt":"2026-04-02T14:47:43","slug":"norma-black","status":"publish","type":"product","link":"https:\/\/www.swing-it.eu\/fr\/produkt\/norma-black\/","title":{"rendered":"Norma Black"},"content":{"rendered":"","protected":false},"excerpt":{"rendered":"<p>Chaussures Lindy Hop pour femmes, en cuir noir. Bottes l\u00e9g\u00e8res et souples pour les danseuses de Lindy Hop, Shag ou Bal. Confortables et durables.<\/p>\n<p>Les bottes Norma sont <a href=\"https:\/\/www.swing-it.eu\/fr\/shoe-manufacturing\/\">fabriqu\u00e9<\/a> par la c\u00e9l\u00e8bre fabrique de chaussures polish. Semelle en cuir et talon en cuir.<\/p>\n<p>Disponible dans les tailles EU 35-41 , <span style=\"display: inline !important; float: none; background-color: transparent; color: #333333; cursor: text; font-family: Georgia,'Times New Roman','Bitstream Charter',Times,serif; font-size: 16px; font-style: normal; font-variant: normal; font-weight: 400; letter-spacing: normal; orphans: 2; text-align: left; text-decoration: none; text-indent: 0px; text-transform: none; -webkit-text-stroke-width: 0px; white-space: normal; word-spacing: 0px;\">UK 2-8, US 5-11<\/span><\/p>\n<p>Le cuir est souple et flexible. Il s'adapte facilement \u00e0 la forme du pied.<\/p>\n<p>Avant de passer commande, veuillez consulter notre <a href=\"https:\/\/www.swing-it.eu\/fr\/tableau-des-tailles-de-chaussures\/\">guide des tailles<\/a>\u00a0et notre\u00a0<a href=\"https:\/\/www.swing-it.eu\/fr\/livraison-gratuite\/\">politique de livraison gratuite<\/a>.<\/p>\n<p>Si votre taille est manquante, veuillez\u00a0<a href=\"https:\/\/www.swing-it.eu\/fr\/nous-contacter\/\" target=\"_blank\" rel=\"noopener\">contact<\/a>\u00a0pour passer une commande.<\/p>","protected":false},"featured_media":6634,"comment_status":"open","ping_status":"closed","template":"","meta":[],"product_brand":[],"product_cat":[110,178],"product_tag":[61,204,177,220,144],"class_list":{"0":"post-3563","1":"product","2":"type-product","3":"status-publish","4":"has-post-thumbnail","6":"product_cat-lindy-hop-shoes","7":"product_cat-womens-lindy-hop-shoes","8":"product_tag-black","9":"product_tag-boots","10":"product_tag-dancing-shoes","11":"product_tag-leather","12":"product_tag-lindyhop","13":"pa_size-172","14":"pa_size-173","15":"pa_size-174","16":"pa_size-175","17":"pa_size-158","18":"pa_size-152","19":"pa_size-153","21":"first","22":"instock","23":"taxable","24":"shipping-taxable","25":"purchasable","26":"product-type-variable"},"yoast_head":"<!-- This site is optimized with the Yoast SEO plugin v27.5 - https:\/\/yoast.com\/product\/yoast-seo-wordpress\/ -->\n<title>Lindy Hop women&#039;s boots, black leather ladies&#039; boots<\/title>\n<meta name=\"description\" content=\"Black, all leather boots. Lindy Hop women&#039;s boots. Light and soft boots for Lindy Hop and Blues dancers. Extremely comfortable and durable\" \/>\n<meta name=\"robots\" content=\"index, follow, max-snippet:-1, max-image-preview:large, max-video-preview:-1\" \/>\n<link rel=\"canonical\" href=\"https:\/\/www.swing-it.eu\/fr\/produit-2\/norma-black\/\" \/>\n<meta property=\"og:locale\" content=\"fr_FR\" \/>\n<meta property=\"og:type\" content=\"article\" \/>\n<meta property=\"og:title\" content=\"Lindy Hop women&#039;s boots, black leather ladies&#039; boots\" \/>\n<meta property=\"og:description\" content=\"Black, all leather boots. Lindy Hop women&#039;s boots. Light and soft boots for Lindy Hop and Blues dancers. Extremely comfortable and durable\" \/>\n<meta property=\"og:url\" content=\"https:\/\/www.swing-it.eu\/fr\/produit-2\/norma-black\/\" \/>\n<meta property=\"og:site_name\" content=\"Swing It Shoes\" \/>\n<meta property=\"article:publisher\" content=\"https:\/\/www.facebook.com\/SwingItEU\/\" \/>\n<meta property=\"article:modified_time\" content=\"2026-04-02T14:47:43+00:00\" \/>\n<meta property=\"og:image\" content=\"https:\/\/www.swing-it.eu\/wp-content\/uploads\/2020\/01\/DSC09774-copy.jpg\" \/>\n\t<meta property=\"og:image:width\" content=\"1000\" \/>\n\t<meta property=\"og:image:height\" content=\"1334\" \/>\n\t<meta property=\"og:image:type\" content=\"image\/jpeg\" \/>\n<meta name=\"twitter:card\" content=\"summary_large_image\" \/>\n<script type=\"application\/ld+json\" class=\"yoast-schema-graph\">{\"@context\":\"https:\\\/\\\/schema.org\",\"@graph\":[{\"@type\":\"WebPage\",\"@id\":\"https:\\\/\\\/www.swing-it.eu\\\/produkt\\\/norma-black\\\/\",\"url\":\"https:\\\/\\\/www.swing-it.eu\\\/produkt\\\/norma-black\\\/\",\"name\":\"Lindy Hop women's boots, black leather ladies' boots\",\"isPartOf\":{\"@id\":\"https:\\\/\\\/www.swing-it.eu\\\/#website\"},\"primaryImageOfPage\":{\"@id\":\"https:\\\/\\\/www.swing-it.eu\\\/produkt\\\/norma-black\\\/#primaryimage\"},\"image\":{\"@id\":\"https:\\\/\\\/www.swing-it.eu\\\/produkt\\\/norma-black\\\/#primaryimage\"},\"thumbnailUrl\":\"https:\\\/\\\/www.swing-it.eu\\\/wp-content\\\/uploads\\\/2020\\\/01\\\/DSC09774-copy.jpg\",\"datePublished\":\"2020-01-02T21:33:43+00:00\",\"dateModified\":\"2026-04-02T14:47:43+00:00\",\"description\":\"Black, all leather boots. Lindy Hop women's boots. Light and soft boots for Lindy Hop and Blues dancers. Extremely comfortable and durable\",\"breadcrumb\":{\"@id\":\"https:\\\/\\\/www.swing-it.eu\\\/produkt\\\/norma-black\\\/#breadcrumb\"},\"inLanguage\":\"fr-FR\",\"potentialAction\":[{\"@type\":\"ReadAction\",\"target\":[\"https:\\\/\\\/www.swing-it.eu\\\/produkt\\\/norma-black\\\/\"]}]},{\"@type\":\"ImageObject\",\"inLanguage\":\"fr-FR\",\"@id\":\"https:\\\/\\\/www.swing-it.eu\\\/produkt\\\/norma-black\\\/#primaryimage\",\"url\":\"https:\\\/\\\/www.swing-it.eu\\\/wp-content\\\/uploads\\\/2020\\\/01\\\/DSC09774-copy.jpg\",\"contentUrl\":\"https:\\\/\\\/www.swing-it.eu\\\/wp-content\\\/uploads\\\/2020\\\/01\\\/DSC09774-copy.jpg\",\"width\":1000,\"height\":1334,\"caption\":\"Lindy Hop Shoes\"},{\"@type\":\"BreadcrumbList\",\"@id\":\"https:\\\/\\\/www.swing-it.eu\\\/produkt\\\/norma-black\\\/#breadcrumb\",\"itemListElement\":[{\"@type\":\"ListItem\",\"position\":1,\"name\":\"Strona g\u0142\u00f3wna\",\"item\":\"https:\\\/\\\/www.swing-it.eu\\\/\"},{\"@type\":\"ListItem\",\"position\":2,\"name\":\"SWING IT SHOES\",\"item\":\"https:\\\/\\\/www.swing-it.eu\\\/\"},{\"@type\":\"ListItem\",\"position\":3,\"name\":\"Norma Black\"}]},{\"@type\":\"WebSite\",\"@id\":\"https:\\\/\\\/www.swing-it.eu\\\/#website\",\"url\":\"https:\\\/\\\/www.swing-it.eu\\\/\",\"name\":\"Swing It Shoes\",\"description\":\"Lindy Hop dancers&#039; brand\",\"potentialAction\":[{\"@type\":\"SearchAction\",\"target\":{\"@type\":\"EntryPoint\",\"urlTemplate\":\"https:\\\/\\\/www.swing-it.eu\\\/?s={search_term_string}\"},\"query-input\":{\"@type\":\"PropertyValueSpecification\",\"valueRequired\":true,\"valueName\":\"search_term_string\"}}],\"inLanguage\":\"fr-FR\"}]}<\/script>\n<!-- \/ Yoast SEO plugin. -->","yoast_head_json":{"title":"Bottes Lindy Hop pour femmes, bottes en cuir noir pour femmes","description":"Bottes en cuir noir. Bottes Lindy Hop pour femmes. Bottes l\u00e9g\u00e8res et souples pour les danseuses de Lindy Hop et de Blues. Extr\u00eamement confortables et durables","robots":{"index":"index","follow":"follow","max-snippet":"max-snippet:-1","max-image-preview":"max-image-preview:large","max-video-preview":"max-video-preview:-1"},"canonical":"https:\/\/www.swing-it.eu\/fr\/produit-2\/norma-black\/","og_locale":"fr_FR","og_type":"article","og_title":"Lindy Hop women's boots, black leather ladies' boots","og_description":"Black, all leather boots. Lindy Hop women's boots. Light and soft boots for Lindy Hop and Blues dancers. Extremely comfortable and durable","og_url":"https:\/\/www.swing-it.eu\/fr\/produit-2\/norma-black\/","og_site_name":"Swing It Shoes","article_publisher":"https:\/\/www.facebook.com\/SwingItEU\/","article_modified_time":"2026-04-02T14:47:43+00:00","og_image":[{"width":1000,"height":1334,"url":"https:\/\/www.swing-it.eu\/wp-content\/uploads\/2020\/01\/DSC09774-copy.jpg","type":"image\/jpeg"}],"twitter_card":"summary_large_image","schema":{"@context":"https:\/\/schema.org","@graph":[{"@type":"WebPage","@id":"https:\/\/www.swing-it.eu\/produkt\/norma-black\/","url":"https:\/\/www.swing-it.eu\/produkt\/norma-black\/","name":"Bottes Lindy Hop pour femmes, bottes en cuir noir pour femmes","isPartOf":{"@id":"https:\/\/www.swing-it.eu\/#website"},"primaryImageOfPage":{"@id":"https:\/\/www.swing-it.eu\/produkt\/norma-black\/#primaryimage"},"image":{"@id":"https:\/\/www.swing-it.eu\/produkt\/norma-black\/#primaryimage"},"thumbnailUrl":"https:\/\/www.swing-it.eu\/wp-content\/uploads\/2020\/01\/DSC09774-copy.jpg","datePublished":"2020-01-02T21:33:43+00:00","dateModified":"2026-04-02T14:47:43+00:00","description":"Bottes en cuir noir. Bottes Lindy Hop pour femmes. Bottes l\u00e9g\u00e8res et souples pour les danseuses de Lindy Hop et de Blues. Extr\u00eamement confortables et durables","breadcrumb":{"@id":"https:\/\/www.swing-it.eu\/produkt\/norma-black\/#breadcrumb"},"inLanguage":"fr-FR","potentialAction":[{"@type":"ReadAction","target":["https:\/\/www.swing-it.eu\/produkt\/norma-black\/"]}]},{"@type":"ImageObject","inLanguage":"fr-FR","@id":"https:\/\/www.swing-it.eu\/produkt\/norma-black\/#primaryimage","url":"https:\/\/www.swing-it.eu\/wp-content\/uploads\/2020\/01\/DSC09774-copy.jpg","contentUrl":"https:\/\/www.swing-it.eu\/wp-content\/uploads\/2020\/01\/DSC09774-copy.jpg","width":1000,"height":1334,"caption":"Lindy Hop Shoes"},{"@type":"BreadcrumbList","@id":"https:\/\/www.swing-it.eu\/produkt\/norma-black\/#breadcrumb","itemListElement":[{"@type":"ListItem","position":1,"name":"Strona g\u0142\u00f3wna","item":"https:\/\/www.swing-it.eu\/"},{"@type":"ListItem","position":2,"name":"SWING IT SHOES","item":"https:\/\/www.swing-it.eu\/"},{"@type":"ListItem","position":3,"name":"Norma Black"}]},{"@type":"WebSite","@id":"https:\/\/www.swing-it.eu\/#website","url":"https:\/\/www.swing-it.eu\/","name":"Chaussures Swing It","description":"Danseurs de Lindy Hop&amp;#039 ; marque","potentialAction":[{"@type":"SearchAction","target":{"@type":"EntryPoint","urlTemplate":"https:\/\/www.swing-it.eu\/?s={search_term_string}"},"query-input":{"@type":"PropertyValueSpecification","valueRequired":true,"valueName":"search_term_string"}}],"inLanguage":"fr-FR"}]}},"_links":{"self":[{"href":"https:\/\/www.swing-it.eu\/fr\/wp-json\/wp\/v2\/product\/3563","targetHints":{"allow":["GET"]}}],"collection":[{"href":"https:\/\/www.swing-it.eu\/fr\/wp-json\/wp\/v2\/product"}],"about":[{"href":"https:\/\/www.swing-it.eu\/fr\/wp-json\/wp\/v2\/types\/product"}],"replies":[{"embeddable":true,"href":"https:\/\/www.swing-it.eu\/fr\/wp-json\/wp\/v2\/comments?post=3563"}],"wp:featuredmedia":[{"embeddable":true,"href":"https:\/\/www.swing-it.eu\/fr\/wp-json\/wp\/v2\/media\/6634"}],"wp:attachment":[{"href":"https:\/\/www.swing-it.eu\/fr\/wp-json\/wp\/v2\/media?parent=3563"}],"wp:term":[{"taxonomy":"product_brand","embeddable":true,"href":"https:\/\/www.swing-it.eu\/fr\/wp-json\/wp\/v2\/product_brand?post=3563"},{"taxonomy":"product_cat","embeddable":true,"href":"https:\/\/www.swing-it.eu\/fr\/wp-json\/wp\/v2\/product_cat?post=3563"},{"taxonomy":"product_tag","embeddable":true,"href":"https:\/\/www.swing-it.eu\/fr\/wp-json\/wp\/v2\/product_tag?post=3563"}],"curies":[{"name":"wp","href":"https:\/\/api.w.org\/{rel}","templated":true}]}}