{"id":3182,"date":"2022-10-06T19:19:26","date_gmt":"2022-10-06T17:19:26","guid":{"rendered":"https:\/\/www.swing-it.eu\/?post_type=product&#038;p=3182"},"modified":"2026-04-09T18:20:56","modified_gmt":"2026-04-09T16:20:56","slug":"norma-brown","status":"publish","type":"product","link":"https:\/\/www.swing-it.eu\/fr\/produkt\/norma-brown\/","title":{"rendered":"Norma Brown"},"content":{"rendered":"<p>Chaussures Lindy Hop pour femmes, en cuir marron. Bottes l\u00e9g\u00e8res et souples pour les danseuses de Lindy Hop, Balboa et Blues. Confortables et durables. Con\u00e7ues en collaboration avec la marque Dancelines et <a href=\"https:\/\/www.swing-it.eu\/fr\/shoe-manufacturing\/\">fabriqu\u00e9<\/a> par la c\u00e9l\u00e8bre fabrique de chaussures polish. Disponible dans les tailles EU 35-41, UK 2-8, US 5-11. <a href=\"https:\/\/www.swing-it.eu\/fr\/tableau-des-tailles-de-chaussures\/\" target=\"_blank\" rel=\"noopener noreferrer\">Tailles<\/a> guide. La tige est en cuir souple et flexible.<\/p>","protected":false},"excerpt":{"rendered":"<p>Bottes Lindy Hop pour femmes, enti\u00e8rement en cuir. Bottes oxford l\u00e9g\u00e8res et souples pour les danseuses de Lindy Hop, Balboa et Blues. Elles sont super confortables ! M<a href=\"https:\/\/www.swing-it.eu\/fr\/shoe-manufacturing\/\">anufactur\u00e9<\/a> par la c\u00e9l\u00e8bre fabrique de chaussures polish.  Disponible dans les tailles EU 35-41 , <span style=\"display: inline !important; float: none; background-color: transparent; color: #333333; cursor: text; font-family: Georgia,'Times New Roman','Bitstream Charter',Times,serif; font-size: 16px; font-style: normal; font-variant: normal; font-weight: 400; letter-spacing: normal; orphans: 2; text-align: left; text-decoration: none; text-indent: 0px; text-transform: none; -webkit-text-stroke-width: 0px; white-space: normal; word-spacing: 0px;\">UK 2-8, US 5-11. <\/span><\/p>\n<p>Ils existent en diff\u00e9rentes nuances de brun. Certains sont d'un brun moyen et d'autres d'un brun fonc\u00e9.<\/p>\n<p><span style=\"display: inline !important; float: none; background-color: transparent; color: #333333; cursor: text; font-family: Georgia,'Times New Roman','Bitstream Charter',Times,serif; font-size: 16px; font-style: normal; font-variant: normal; font-weight: 400; letter-spacing: normal; orphans: 2; text-align: left; text-decoration: none; text-indent: 0px; text-transform: none; -webkit-text-stroke-width: 0px; white-space: normal; word-spacing: 0px;\"><a href=\"https:\/\/www.swing-it.eu\/fr\/tableau-des-tailles-de-chaussures\/\" target=\"_blank\" rel=\"noopener noreferrer\">Guide des tailles<\/a>.<\/span><\/p>\n<p>Vid\u00e9o de danse mettant en sc\u00e8ne les bottes de Norma :<\/p>\n<p><iframe loading=\"lazy\" title=\"Lecteur vid\u00e9o YouTube\" src=\"https:\/\/www.youtube.com\/embed\/IPoZAYVNxyw\" width=\"560\" height=\"315\" frameborder=\"0\" allowfullscreen=\"allowfullscreen\"><\/iframe><\/p>","protected":false},"featured_media":5056,"comment_status":"open","ping_status":"closed","template":"","meta":[],"product_brand":[],"product_cat":[110,178],"product_tag":[204,195,177,144],"class_list":{"0":"post-3182","1":"product","2":"type-product","3":"status-publish","4":"has-post-thumbnail","6":"product_cat-lindy-hop-shoes","7":"product_cat-womens-lindy-hop-shoes","8":"product_tag-boots","9":"product_tag-brown","10":"product_tag-dancing-shoes","11":"product_tag-lindyhop","12":"pa_size-172","13":"pa_size-173","14":"pa_size-174","15":"pa_size-175","16":"pa_size-158","17":"pa_size-152","18":"pa_size-153","20":"first","21":"instock","22":"taxable","23":"shipping-taxable","24":"purchasable","25":"product-type-variable"},"yoast_head":"<!-- This site is optimized with the Yoast SEO plugin v27.4 - https:\/\/yoast.com\/product\/yoast-seo-wordpress\/ -->\n<title>Lindy Hop boots, oxfords, dance shoes, swing dancing, lindy hop boots<\/title>\n<meta name=\"description\" content=\"brown all leather shoes. Lindy Hop women&#039;s boots. Light and soft leather boots for Lindy Hop dancers. Extremely comfortable and durable.\" \/>\n<meta name=\"robots\" content=\"index, follow, max-snippet:-1, max-image-preview:large, max-video-preview:-1\" \/>\n<link rel=\"canonical\" href=\"https:\/\/www.swing-it.eu\/fr\/produit-2\/norma-brown\/\" \/>\n<meta property=\"og:locale\" content=\"fr_FR\" \/>\n<meta property=\"og:type\" content=\"article\" \/>\n<meta property=\"og:title\" content=\"Lindy Hop boots, oxfords, dance shoes, swing dancing, lindy hop boots\" \/>\n<meta property=\"og:description\" content=\"brown all leather shoes. Lindy Hop women&#039;s boots. Light and soft leather boots for Lindy Hop dancers. Extremely comfortable and durable.\" \/>\n<meta property=\"og:url\" content=\"https:\/\/www.swing-it.eu\/fr\/produit-2\/norma-brown\/\" \/>\n<meta property=\"og:site_name\" content=\"Swing It Shoes\" \/>\n<meta property=\"article:publisher\" content=\"https:\/\/www.facebook.com\/SwingItEU\/\" \/>\n<meta property=\"article:modified_time\" content=\"2026-04-09T16:20:56+00:00\" \/>\n<meta property=\"og:image\" content=\"https:\/\/www.swing-it.eu\/wp-content\/uploads\/2022\/07\/DSC01925-Kopiowanie.jpg\" \/>\n\t<meta property=\"og:image:width\" content=\"900\" \/>\n\t<meta property=\"og:image:height\" content=\"1200\" \/>\n\t<meta property=\"og:image:type\" content=\"image\/jpeg\" \/>\n<meta name=\"twitter:card\" content=\"summary_large_image\" \/>\n<script type=\"application\/ld+json\" class=\"yoast-schema-graph\">{\"@context\":\"https:\\\/\\\/schema.org\",\"@graph\":[{\"@type\":\"WebPage\",\"@id\":\"https:\\\/\\\/www.swing-it.eu\\\/produkt\\\/norma-brown\\\/\",\"url\":\"https:\\\/\\\/www.swing-it.eu\\\/produkt\\\/norma-brown\\\/\",\"name\":\"Lindy Hop boots, oxfords, dance shoes, swing dancing, lindy hop boots\",\"isPartOf\":{\"@id\":\"https:\\\/\\\/www.swing-it.eu\\\/#website\"},\"primaryImageOfPage\":{\"@id\":\"https:\\\/\\\/www.swing-it.eu\\\/produkt\\\/norma-brown\\\/#primaryimage\"},\"image\":{\"@id\":\"https:\\\/\\\/www.swing-it.eu\\\/produkt\\\/norma-brown\\\/#primaryimage\"},\"thumbnailUrl\":\"https:\\\/\\\/www.swing-it.eu\\\/wp-content\\\/uploads\\\/2022\\\/07\\\/DSC01925-Kopiowanie.jpg\",\"datePublished\":\"2022-10-06T17:19:26+00:00\",\"dateModified\":\"2026-04-09T16:20:56+00:00\",\"description\":\"brown all leather shoes. Lindy Hop women's boots. Light and soft leather boots for Lindy Hop dancers. Extremely comfortable and durable.\",\"breadcrumb\":{\"@id\":\"https:\\\/\\\/www.swing-it.eu\\\/produkt\\\/norma-brown\\\/#breadcrumb\"},\"inLanguage\":\"fr-FR\",\"potentialAction\":[{\"@type\":\"ReadAction\",\"target\":[\"https:\\\/\\\/www.swing-it.eu\\\/produkt\\\/norma-brown\\\/\"]}]},{\"@type\":\"ImageObject\",\"inLanguage\":\"fr-FR\",\"@id\":\"https:\\\/\\\/www.swing-it.eu\\\/produkt\\\/norma-brown\\\/#primaryimage\",\"url\":\"https:\\\/\\\/www.swing-it.eu\\\/wp-content\\\/uploads\\\/2022\\\/07\\\/DSC01925-Kopiowanie.jpg\",\"contentUrl\":\"https:\\\/\\\/www.swing-it.eu\\\/wp-content\\\/uploads\\\/2022\\\/07\\\/DSC01925-Kopiowanie.jpg\",\"width\":900,\"height\":1200,\"caption\":\"Dark Brown Lindy Hop Boots\"},{\"@type\":\"BreadcrumbList\",\"@id\":\"https:\\\/\\\/www.swing-it.eu\\\/produkt\\\/norma-brown\\\/#breadcrumb\",\"itemListElement\":[{\"@type\":\"ListItem\",\"position\":1,\"name\":\"Strona g\u0142\u00f3wna\",\"item\":\"https:\\\/\\\/www.swing-it.eu\\\/\"},{\"@type\":\"ListItem\",\"position\":2,\"name\":\"SWING IT SHOES\",\"item\":\"https:\\\/\\\/www.swing-it.eu\\\/\"},{\"@type\":\"ListItem\",\"position\":3,\"name\":\"Norma Brown\"}]},{\"@type\":\"WebSite\",\"@id\":\"https:\\\/\\\/www.swing-it.eu\\\/#website\",\"url\":\"https:\\\/\\\/www.swing-it.eu\\\/\",\"name\":\"Swing It Shoes\",\"description\":\"Lindy Hop dancers&#039; brand\",\"potentialAction\":[{\"@type\":\"SearchAction\",\"target\":{\"@type\":\"EntryPoint\",\"urlTemplate\":\"https:\\\/\\\/www.swing-it.eu\\\/?s={search_term_string}\"},\"query-input\":{\"@type\":\"PropertyValueSpecification\",\"valueRequired\":true,\"valueName\":\"search_term_string\"}}],\"inLanguage\":\"fr-FR\"}]}<\/script>\n<!-- \/ Yoast SEO plugin. -->","yoast_head_json":{"title":"Lindy Hop boots, oxfords, chaussures de danse, swing dancing, Lindy Hop boots","description":"chaussures en cuir marron. Bottes Lindy Hop pour femmes. Bottes en cuir l\u00e9ger et souple pour les danseuses de Lindy Hop. Extr\u00eamement confortables et durables.","robots":{"index":"index","follow":"follow","max-snippet":"max-snippet:-1","max-image-preview":"max-image-preview:large","max-video-preview":"max-video-preview:-1"},"canonical":"https:\/\/www.swing-it.eu\/fr\/produit-2\/norma-brown\/","og_locale":"fr_FR","og_type":"article","og_title":"Lindy Hop boots, oxfords, dance shoes, swing dancing, lindy hop boots","og_description":"brown all leather shoes. Lindy Hop women's boots. Light and soft leather boots for Lindy Hop dancers. Extremely comfortable and durable.","og_url":"https:\/\/www.swing-it.eu\/fr\/produit-2\/norma-brown\/","og_site_name":"Swing It Shoes","article_publisher":"https:\/\/www.facebook.com\/SwingItEU\/","article_modified_time":"2026-04-09T16:20:56+00:00","og_image":[{"width":900,"height":1200,"url":"https:\/\/www.swing-it.eu\/wp-content\/uploads\/2022\/07\/DSC01925-Kopiowanie.jpg","type":"image\/jpeg"}],"twitter_card":"summary_large_image","schema":{"@context":"https:\/\/schema.org","@graph":[{"@type":"WebPage","@id":"https:\/\/www.swing-it.eu\/produkt\/norma-brown\/","url":"https:\/\/www.swing-it.eu\/produkt\/norma-brown\/","name":"Lindy Hop boots, oxfords, chaussures de danse, swing dancing, Lindy Hop boots","isPartOf":{"@id":"https:\/\/www.swing-it.eu\/#website"},"primaryImageOfPage":{"@id":"https:\/\/www.swing-it.eu\/produkt\/norma-brown\/#primaryimage"},"image":{"@id":"https:\/\/www.swing-it.eu\/produkt\/norma-brown\/#primaryimage"},"thumbnailUrl":"https:\/\/www.swing-it.eu\/wp-content\/uploads\/2022\/07\/DSC01925-Kopiowanie.jpg","datePublished":"2022-10-06T17:19:26+00:00","dateModified":"2026-04-09T16:20:56+00:00","description":"chaussures en cuir marron. Bottes Lindy Hop pour femmes. Bottes en cuir l\u00e9ger et souple pour les danseuses de Lindy Hop. Extr\u00eamement confortables et durables.","breadcrumb":{"@id":"https:\/\/www.swing-it.eu\/produkt\/norma-brown\/#breadcrumb"},"inLanguage":"fr-FR","potentialAction":[{"@type":"ReadAction","target":["https:\/\/www.swing-it.eu\/produkt\/norma-brown\/"]}]},{"@type":"ImageObject","inLanguage":"fr-FR","@id":"https:\/\/www.swing-it.eu\/produkt\/norma-brown\/#primaryimage","url":"https:\/\/www.swing-it.eu\/wp-content\/uploads\/2022\/07\/DSC01925-Kopiowanie.jpg","contentUrl":"https:\/\/www.swing-it.eu\/wp-content\/uploads\/2022\/07\/DSC01925-Kopiowanie.jpg","width":900,"height":1200,"caption":"Dark Brown Lindy Hop Boots"},{"@type":"BreadcrumbList","@id":"https:\/\/www.swing-it.eu\/produkt\/norma-brown\/#breadcrumb","itemListElement":[{"@type":"ListItem","position":1,"name":"Strona g\u0142\u00f3wna","item":"https:\/\/www.swing-it.eu\/"},{"@type":"ListItem","position":2,"name":"SWING IT SHOES","item":"https:\/\/www.swing-it.eu\/"},{"@type":"ListItem","position":3,"name":"Norma Brown"}]},{"@type":"WebSite","@id":"https:\/\/www.swing-it.eu\/#website","url":"https:\/\/www.swing-it.eu\/","name":"Chaussures Swing It","description":"Danseurs de Lindy Hop&amp;#039 ; marque","potentialAction":[{"@type":"SearchAction","target":{"@type":"EntryPoint","urlTemplate":"https:\/\/www.swing-it.eu\/?s={search_term_string}"},"query-input":{"@type":"PropertyValueSpecification","valueRequired":true,"valueName":"search_term_string"}}],"inLanguage":"fr-FR"}]}},"_links":{"self":[{"href":"https:\/\/www.swing-it.eu\/fr\/wp-json\/wp\/v2\/product\/3182","targetHints":{"allow":["GET"]}}],"collection":[{"href":"https:\/\/www.swing-it.eu\/fr\/wp-json\/wp\/v2\/product"}],"about":[{"href":"https:\/\/www.swing-it.eu\/fr\/wp-json\/wp\/v2\/types\/product"}],"replies":[{"embeddable":true,"href":"https:\/\/www.swing-it.eu\/fr\/wp-json\/wp\/v2\/comments?post=3182"}],"wp:featuredmedia":[{"embeddable":true,"href":"https:\/\/www.swing-it.eu\/fr\/wp-json\/wp\/v2\/media\/5056"}],"wp:attachment":[{"href":"https:\/\/www.swing-it.eu\/fr\/wp-json\/wp\/v2\/media?parent=3182"}],"wp:term":[{"taxonomy":"product_brand","embeddable":true,"href":"https:\/\/www.swing-it.eu\/fr\/wp-json\/wp\/v2\/product_brand?post=3182"},{"taxonomy":"product_cat","embeddable":true,"href":"https:\/\/www.swing-it.eu\/fr\/wp-json\/wp\/v2\/product_cat?post=3182"},{"taxonomy":"product_tag","embeddable":true,"href":"https:\/\/www.swing-it.eu\/fr\/wp-json\/wp\/v2\/product_tag?post=3182"}],"curies":[{"name":"wp","href":"https:\/\/api.w.org\/{rel}","templated":true}]}}