{"id":2856,"date":"2019-04-09T08:26:24","date_gmt":"2019-04-09T06:26:24","guid":{"rendered":"https:\/\/www.swing-it.eu\/?post_type=product&#038;p=2856"},"modified":"2025-12-27T11:32:38","modified_gmt":"2025-12-27T10:32:38","slug":"chaussures-de-sport-a-bouts-pointus-a-bouts-ronds-a-bouts-pointus","status":"publish","type":"product","link":"https:\/\/www.swing-it.eu\/fr\/produkt\/wingtip-spectators-brogue-oxfords\/","title":{"rendered":"Spectators Beige Blue Oxfords"},"content":{"rendered":"<p>Magnifiques chaussures de spectateur bicolores en beige et bleu.<br \/>\nFabriqu\u00e9 \u00e0 la main en Pologne \u00e0 partir de cuirs italiens et polonais.<br \/>\nAvant de passer commande, veuillez consulter notre <a href=\"https:\/\/www.swing-it.eu\/fr\/tableau-des-tailles-de-chaussures\/\">guide des tailles<\/a> et notre <a href=\"https:\/\/www.swing-it.eu\/fr\/livraison-gratuite\/\">politique d'exp\u00e9dition<\/a>.<\/p>","protected":false},"excerpt":{"rendered":"<p>Chaussures \u00e9l\u00e9gantes en cuir de haute qualit\u00e9. Ces chaussures sont id\u00e9ales pour le Lindy Hop Balboa et d'autres danses Swing.  Elles s'accordent \u00e9galement \u00e0 merveille avec votre tenue de soir\u00e9e \u00e9l\u00e9gante.<br \/>\nTige en cuir naturel souple et flexible. Int\u00e9rieur avec semelle int\u00e9rieure rembourr\u00e9e pour un plus grand confort. Semelle ext\u00e9rieure en cuir naturel avec un talon superpos\u00e9 tout en cuir.<br \/>\nTailles disponibles : 40-45<br \/>\n<a href=\"https:\/\/www.swing-it.eu\/fr\/politique-de-retour\/\" target=\"_blank\" rel=\"noopener\">Politique de retour<\/a><\/p>","protected":false},"featured_media":7577,"comment_status":"open","ping_status":"closed","template":"","meta":[],"product_brand":[],"product_cat":[181,110],"product_tag":[145,147,64,183,303,177,144,160,228,201,202,182],"class_list":{"0":"post-2856","1":"product","2":"type-product","3":"status-publish","4":"has-post-thumbnail","6":"product_cat-mens-lindy-hop-shoes","7":"product_cat-lindy-hop-shoes","8":"product_tag-balboa","9":"product_tag-beige","10":"product_tag-blue","11":"product_tag-brogue","12":"product_tag-brogues","13":"product_tag-dancing-shoes","14":"product_tag-lindyhop","15":"product_tag-oxford","16":"product_tag-sale","17":"product_tag-spectators","18":"product_tag-twotone","19":"product_tag-wingtips","20":"pa_size-158","21":"pa_size-152","22":"pa_size-153","23":"pa_size-154","24":"pa_size-155","25":"pa_size-156","26":"pa_size-157","27":"pa_size-219","29":"first","30":"instock","31":"sale","32":"taxable","33":"shipping-taxable","34":"purchasable","35":"product-type-variable"},"yoast_head":"<!-- This site is optimized with the Yoast SEO plugin v27.6 - https:\/\/yoast.com\/product\/yoast-seo-wordpress\/ -->\n<title>All Leather Wingtip Spectator Brogue Oxfords | Lindy hop dance shoes<\/title>\n<meta name=\"description\" content=\"Full Leather Wingtip Spectator Brogue Oxfords. High quality all leather elegant dress shoes. These shoes are great for Lindy Hop and other Swing dancers. Also a magnificent match for your elegant evening outfit.\" \/>\n<meta name=\"robots\" content=\"index, follow, max-snippet:-1, max-image-preview:large, max-video-preview:-1\" \/>\n<link rel=\"canonical\" href=\"https:\/\/www.swing-it.eu\/fr\/produit-2\/chaussures-de-sport-a-bouts-pointus-a-bouts-ronds-a-bouts-pointus\/\" \/>\n<meta property=\"og:locale\" content=\"fr_FR\" \/>\n<meta property=\"og:type\" content=\"article\" \/>\n<meta property=\"og:title\" content=\"All Leather Wingtip Spectator Brogue Oxfords | Lindy hop dance shoes\" \/>\n<meta property=\"og:description\" content=\"Full Leather Wingtip Spectator Brogue Oxfords. High quality all leather elegant dress shoes. These shoes are great for Lindy Hop and other Swing dancers. Also a magnificent match for your elegant evening outfit.\" \/>\n<meta property=\"og:url\" content=\"https:\/\/www.swing-it.eu\/fr\/produit-2\/chaussures-de-sport-a-bouts-pointus-a-bouts-ronds-a-bouts-pointus\/\" \/>\n<meta property=\"og:site_name\" content=\"Swing It Shoes\" \/>\n<meta property=\"article:publisher\" content=\"https:\/\/www.facebook.com\/SwingItEU\/\" \/>\n<meta property=\"article:modified_time\" content=\"2025-12-27T10:32:38+00:00\" \/>\n<meta property=\"og:image\" content=\"https:\/\/www.swing-it.eu\/wp-content\/uploads\/2024\/10\/DSC00326-copy.jpg\" \/>\n\t<meta property=\"og:image:width\" content=\"1000\" \/>\n\t<meta property=\"og:image:height\" content=\"1333\" \/>\n\t<meta property=\"og:image:type\" content=\"image\/jpeg\" \/>\n<meta name=\"twitter:card\" content=\"summary_large_image\" \/>\n<meta name=\"twitter:label1\" content=\"Dur\u00e9e de lecture estim\u00e9e\" \/>\n\t<meta name=\"twitter:data1\" content=\"1 minute\" \/>\n<script type=\"application\/ld+json\" class=\"yoast-schema-graph\">{\"@context\":\"https:\\\/\\\/schema.org\",\"@graph\":[{\"@type\":\"WebPage\",\"@id\":\"https:\\\/\\\/www.swing-it.eu\\\/produkt\\\/wingtip-spectators-brogue-oxfords\\\/\",\"url\":\"https:\\\/\\\/www.swing-it.eu\\\/produkt\\\/wingtip-spectators-brogue-oxfords\\\/\",\"name\":\"All Leather Wingtip Spectator Brogue Oxfords | Lindy hop dance shoes\",\"isPartOf\":{\"@id\":\"https:\\\/\\\/www.swing-it.eu\\\/#website\"},\"primaryImageOfPage\":{\"@id\":\"https:\\\/\\\/www.swing-it.eu\\\/produkt\\\/wingtip-spectators-brogue-oxfords\\\/#primaryimage\"},\"image\":{\"@id\":\"https:\\\/\\\/www.swing-it.eu\\\/produkt\\\/wingtip-spectators-brogue-oxfords\\\/#primaryimage\"},\"thumbnailUrl\":\"https:\\\/\\\/www.swing-it.eu\\\/wp-content\\\/uploads\\\/2024\\\/10\\\/DSC00326-copy.jpg\",\"datePublished\":\"2019-04-09T06:26:24+00:00\",\"dateModified\":\"2025-12-27T10:32:38+00:00\",\"description\":\"Full Leather Wingtip Spectator Brogue Oxfords. High quality all leather elegant dress shoes. These shoes are great for Lindy Hop and other Swing dancers. Also a magnificent match for your elegant evening outfit.\",\"breadcrumb\":{\"@id\":\"https:\\\/\\\/www.swing-it.eu\\\/produkt\\\/wingtip-spectators-brogue-oxfords\\\/#breadcrumb\"},\"inLanguage\":\"fr-FR\",\"potentialAction\":[{\"@type\":\"ReadAction\",\"target\":[\"https:\\\/\\\/www.swing-it.eu\\\/produkt\\\/wingtip-spectators-brogue-oxfords\\\/\"]}]},{\"@type\":\"ImageObject\",\"inLanguage\":\"fr-FR\",\"@id\":\"https:\\\/\\\/www.swing-it.eu\\\/produkt\\\/wingtip-spectators-brogue-oxfords\\\/#primaryimage\",\"url\":\"https:\\\/\\\/www.swing-it.eu\\\/wp-content\\\/uploads\\\/2024\\\/10\\\/DSC00326-copy.jpg\",\"contentUrl\":\"https:\\\/\\\/www.swing-it.eu\\\/wp-content\\\/uploads\\\/2024\\\/10\\\/DSC00326-copy.jpg\",\"width\":1000,\"height\":1333},{\"@type\":\"BreadcrumbList\",\"@id\":\"https:\\\/\\\/www.swing-it.eu\\\/produkt\\\/wingtip-spectators-brogue-oxfords\\\/#breadcrumb\",\"itemListElement\":[{\"@type\":\"ListItem\",\"position\":1,\"name\":\"Strona g\u0142\u00f3wna\",\"item\":\"https:\\\/\\\/www.swing-it.eu\\\/\"},{\"@type\":\"ListItem\",\"position\":2,\"name\":\"SWING IT SHOES\",\"item\":\"https:\\\/\\\/www.swing-it.eu\\\/\"},{\"@type\":\"ListItem\",\"position\":3,\"name\":\"Spectators Beige Blue Oxfords\"}]},{\"@type\":\"WebSite\",\"@id\":\"https:\\\/\\\/www.swing-it.eu\\\/#website\",\"url\":\"https:\\\/\\\/www.swing-it.eu\\\/\",\"name\":\"Swing It Shoes\",\"description\":\"Lindy Hop dancers&#039; brand\",\"potentialAction\":[{\"@type\":\"SearchAction\",\"target\":{\"@type\":\"EntryPoint\",\"urlTemplate\":\"https:\\\/\\\/www.swing-it.eu\\\/?s={search_term_string}\"},\"query-input\":{\"@type\":\"PropertyValueSpecification\",\"valueRequired\":true,\"valueName\":\"search_term_string\"}}],\"inLanguage\":\"fr-FR\"}]}<\/script>\n<!-- \/ Yoast SEO plugin. -->","yoast_head_json":{"title":"Toutes les chaussures de danse en cuir Wingtip Spectator Brogue Oxfords | Lindy hop dance shoes","description":"Chaussures de ville \u00e0 bout arrondi en cuir. Chaussures \u00e9l\u00e9gantes en cuir de haute qualit\u00e9. Ces chaussures sont id\u00e9ales pour les danseurs de Lindy Hop et autres danseurs de Swing. Elles s'accordent \u00e9galement \u00e0 merveille avec votre tenue de soir\u00e9e \u00e9l\u00e9gante.","robots":{"index":"index","follow":"follow","max-snippet":"max-snippet:-1","max-image-preview":"max-image-preview:large","max-video-preview":"max-video-preview:-1"},"canonical":"https:\/\/www.swing-it.eu\/fr\/produit-2\/chaussures-de-sport-a-bouts-pointus-a-bouts-ronds-a-bouts-pointus\/","og_locale":"fr_FR","og_type":"article","og_title":"All Leather Wingtip Spectator Brogue Oxfords | Lindy hop dance shoes","og_description":"Full Leather Wingtip Spectator Brogue Oxfords. High quality all leather elegant dress shoes. These shoes are great for Lindy Hop and other Swing dancers. Also a magnificent match for your elegant evening outfit.","og_url":"https:\/\/www.swing-it.eu\/fr\/produit-2\/chaussures-de-sport-a-bouts-pointus-a-bouts-ronds-a-bouts-pointus\/","og_site_name":"Swing It Shoes","article_publisher":"https:\/\/www.facebook.com\/SwingItEU\/","article_modified_time":"2025-12-27T10:32:38+00:00","og_image":[{"width":1000,"height":1333,"url":"https:\/\/www.swing-it.eu\/wp-content\/uploads\/2024\/10\/DSC00326-copy.jpg","type":"image\/jpeg"}],"twitter_card":"summary_large_image","twitter_misc":{"Dur\u00e9e de lecture estim\u00e9e":"1 minute"},"schema":{"@context":"https:\/\/schema.org","@graph":[{"@type":"WebPage","@id":"https:\/\/www.swing-it.eu\/produkt\/wingtip-spectators-brogue-oxfords\/","url":"https:\/\/www.swing-it.eu\/produkt\/wingtip-spectators-brogue-oxfords\/","name":"Toutes les chaussures de danse en cuir Wingtip Spectator Brogue Oxfords | Lindy hop dance shoes","isPartOf":{"@id":"https:\/\/www.swing-it.eu\/#website"},"primaryImageOfPage":{"@id":"https:\/\/www.swing-it.eu\/produkt\/wingtip-spectators-brogue-oxfords\/#primaryimage"},"image":{"@id":"https:\/\/www.swing-it.eu\/produkt\/wingtip-spectators-brogue-oxfords\/#primaryimage"},"thumbnailUrl":"https:\/\/www.swing-it.eu\/wp-content\/uploads\/2024\/10\/DSC00326-copy.jpg","datePublished":"2019-04-09T06:26:24+00:00","dateModified":"2025-12-27T10:32:38+00:00","description":"Chaussures de ville \u00e0 bout arrondi en cuir. Chaussures \u00e9l\u00e9gantes en cuir de haute qualit\u00e9. Ces chaussures sont id\u00e9ales pour les danseurs de Lindy Hop et autres danseurs de Swing. Elles s'accordent \u00e9galement \u00e0 merveille avec votre tenue de soir\u00e9e \u00e9l\u00e9gante.","breadcrumb":{"@id":"https:\/\/www.swing-it.eu\/produkt\/wingtip-spectators-brogue-oxfords\/#breadcrumb"},"inLanguage":"fr-FR","potentialAction":[{"@type":"ReadAction","target":["https:\/\/www.swing-it.eu\/produkt\/wingtip-spectators-brogue-oxfords\/"]}]},{"@type":"ImageObject","inLanguage":"fr-FR","@id":"https:\/\/www.swing-it.eu\/produkt\/wingtip-spectators-brogue-oxfords\/#primaryimage","url":"https:\/\/www.swing-it.eu\/wp-content\/uploads\/2024\/10\/DSC00326-copy.jpg","contentUrl":"https:\/\/www.swing-it.eu\/wp-content\/uploads\/2024\/10\/DSC00326-copy.jpg","width":1000,"height":1333},{"@type":"BreadcrumbList","@id":"https:\/\/www.swing-it.eu\/produkt\/wingtip-spectators-brogue-oxfords\/#breadcrumb","itemListElement":[{"@type":"ListItem","position":1,"name":"Strona g\u0142\u00f3wna","item":"https:\/\/www.swing-it.eu\/"},{"@type":"ListItem","position":2,"name":"SWING IT SHOES","item":"https:\/\/www.swing-it.eu\/"},{"@type":"ListItem","position":3,"name":"Spectators Beige Blue Oxfords"}]},{"@type":"WebSite","@id":"https:\/\/www.swing-it.eu\/#website","url":"https:\/\/www.swing-it.eu\/","name":"Chaussures Swing It","description":"Danseurs de Lindy Hop&amp;#039 ; marque","potentialAction":[{"@type":"SearchAction","target":{"@type":"EntryPoint","urlTemplate":"https:\/\/www.swing-it.eu\/?s={search_term_string}"},"query-input":{"@type":"PropertyValueSpecification","valueRequired":true,"valueName":"search_term_string"}}],"inLanguage":"fr-FR"}]}},"_links":{"self":[{"href":"https:\/\/www.swing-it.eu\/fr\/wp-json\/wp\/v2\/product\/2856","targetHints":{"allow":["GET"]}}],"collection":[{"href":"https:\/\/www.swing-it.eu\/fr\/wp-json\/wp\/v2\/product"}],"about":[{"href":"https:\/\/www.swing-it.eu\/fr\/wp-json\/wp\/v2\/types\/product"}],"replies":[{"embeddable":true,"href":"https:\/\/www.swing-it.eu\/fr\/wp-json\/wp\/v2\/comments?post=2856"}],"wp:featuredmedia":[{"embeddable":true,"href":"https:\/\/www.swing-it.eu\/fr\/wp-json\/wp\/v2\/media\/7577"}],"wp:attachment":[{"href":"https:\/\/www.swing-it.eu\/fr\/wp-json\/wp\/v2\/media?parent=2856"}],"wp:term":[{"taxonomy":"product_brand","embeddable":true,"href":"https:\/\/www.swing-it.eu\/fr\/wp-json\/wp\/v2\/product_brand?post=2856"},{"taxonomy":"product_cat","embeddable":true,"href":"https:\/\/www.swing-it.eu\/fr\/wp-json\/wp\/v2\/product_cat?post=2856"},{"taxonomy":"product_tag","embeddable":true,"href":"https:\/\/www.swing-it.eu\/fr\/wp-json\/wp\/v2\/product_tag?post=2856"}],"curies":[{"name":"wp","href":"https:\/\/api.w.org\/{rel}","templated":true}]}}