{"id":2495,"date":"2018-10-20T17:23:30","date_gmt":"2018-10-20T15:23:30","guid":{"rendered":"https:\/\/www.swing-it.eu\/?post_type=product&#038;p=2495"},"modified":"2025-09-29T10:34:24","modified_gmt":"2025-09-29T08:34:24","slug":"manteau-croise-en-laine-grace","status":"publish","type":"product","link":"https:\/\/www.swing-it.eu\/fr\/produkt\/grace-doublebreasted-wool-coat\/","title":{"rendered":"Manteau en laine \u00e0 double boutonnage Grace Green"},"content":{"rendered":"<p>Mensurations du mannequin (pour la taille 36)<\/p>\n<p>taille : 165 cm, tour de poitrine : 90 cm, tour de taille : 66 cm, tour de hanches : 94 cm<\/p>\n<p>Mesures du manteau :<\/p>\n<p>taille 34<\/p>\n<p>longueur \u2013 104 cm, manche 60,5 cm, largeur\u00a0: poitrine 44 cm, taille 36 cm<\/p>\n<p>taille 36<\/p>\n<p>longueur \u2013 105 cm, manche 61,5 cm, largeur\u00a0: poitrine 46 cm, taille 40 cm<\/p>\n<p>taille 38<\/p>\n<p>longueur \u2013 106 cm, manche 62 cm, largeur\u00a0: poitrine 48 cm, taille 43 cm<\/p>\n<p>taille 40<\/p>\n<p>longueur \u2013 107 cm, manche 62,5 cm, largeur\u00a0: poitrine 52 cm, taille 46 cm<\/p>","protected":false},"excerpt":{"rendered":"<p>Ce magnifique manteau matelass\u00e9 en laine est inspir\u00e9 d&#039;un mod\u00e8le vintage de 1952 et fabriqu\u00e9 en Pologne. Tissu\u00a0: laine 80%, polyamide 20%. Doublure\u00a0: viscose 100%. Couleurs disponibles\u00a0: vert, bleu, rouge.<\/p>\n<p>Tailles disponibles : 34, 40<\/p>\n<p>Dix meilleurs moments ont \u00e9t\u00e9 organis\u00e9s pour une f\u00eate originale du roman de 1952. Wyprodukowano w Polsce. Mati\u00e8re\u00a0: 80% we\u0142na, 20% polyamide. Podszewka \u2013 100% wiskoza. P\u0142aszcz jest dodatkowo ocieplany. Couleur du dos : zielony, niebieski, czerwony<\/p>\n<p>Rozmiary : 34, 40<\/p>","protected":false},"featured_media":3995,"comment_status":"open","ping_status":"closed","template":"","meta":[],"product_brand":[],"product_cat":[114,188],"product_tag":[190,75,191,24,228,138,194,193,192],"class_list":{"0":"post-2495","1":"product","2":"type-product","3":"status-publish","4":"has-post-thumbnail","6":"product_cat-women","7":"product_cat-womens-coats","8":"product_tag-coat","9":"product_tag-green","10":"product_tag-plaszcz","11":"product_tag-retro","12":"product_tag-sale","13":"product_tag-vintage","14":"product_tag-welna","15":"product_tag-wool","16":"product_tag-zielen","17":"pa_size-189","18":"pa_size-173","19":"pa_size-175","20":"pa_size-152","22":"first","23":"instock","24":"sale","25":"taxable","26":"shipping-taxable","27":"product-type-external"},"yoast_head":"<!-- This site is optimized with the Yoast SEO plugin v27.4 - https:\/\/yoast.com\/product\/yoast-seo-wordpress\/ -->\n<title>Grace Green Wool Double Breasted Overcoat | P\u0142aszcz Dwurz\u0119dowy We\u0142niany<\/title>\n<meta name=\"description\" content=\"Wollen women&#039;s retro coat. Based on a vintage pattern from 1950&#039;s. Manufactured in Poland. Padded for extra cold protection. Free shipping.\" \/>\n<meta name=\"robots\" content=\"index, follow, max-snippet:-1, max-image-preview:large, max-video-preview:-1\" \/>\n<link rel=\"canonical\" href=\"https:\/\/www.swing-it.eu\/fr\/produit-2\/manteau-croise-en-laine-grace\/\" \/>\n<meta property=\"og:locale\" content=\"fr_FR\" \/>\n<meta property=\"og:type\" content=\"article\" \/>\n<meta property=\"og:title\" content=\"Grace Green Wool Double Breasted Overcoat | P\u0142aszcz Dwurz\u0119dowy We\u0142niany\" \/>\n<meta property=\"og:description\" content=\"Wollen women&#039;s retro coat. Based on a vintage pattern from 1950&#039;s. Manufactured in Poland. Padded for extra cold protection. Free shipping.\" \/>\n<meta property=\"og:url\" content=\"https:\/\/www.swing-it.eu\/fr\/produit-2\/manteau-croise-en-laine-grace\/\" \/>\n<meta property=\"og:site_name\" content=\"Swing It Shoes\" \/>\n<meta property=\"article:publisher\" content=\"https:\/\/www.facebook.com\/SwingItEU\/\" \/>\n<meta property=\"article:modified_time\" content=\"2025-09-29T08:34:24+00:00\" \/>\n<meta property=\"og:image\" content=\"https:\/\/www.swing-it.eu\/wp-content\/uploads\/2018\/10\/DSC_0245-copy-scaled.jpg\" \/>\n\t<meta property=\"og:image:width\" content=\"1709\" \/>\n\t<meta property=\"og:image:height\" content=\"2560\" \/>\n\t<meta property=\"og:image:type\" content=\"image\/jpeg\" \/>\n<meta name=\"twitter:card\" content=\"summary_large_image\" \/>\n<meta name=\"twitter:label1\" content=\"Dur\u00e9e de lecture estim\u00e9e\" \/>\n\t<meta name=\"twitter:data1\" content=\"1 minute\" \/>\n<script type=\"application\/ld+json\" class=\"yoast-schema-graph\">{\"@context\":\"https:\\\/\\\/schema.org\",\"@graph\":[{\"@type\":\"WebPage\",\"@id\":\"https:\\\/\\\/www.swing-it.eu\\\/produkt\\\/grace-doublebreasted-wool-coat\\\/\",\"url\":\"https:\\\/\\\/www.swing-it.eu\\\/produkt\\\/grace-doublebreasted-wool-coat\\\/\",\"name\":\"Grace Green Wool Double Breasted Overcoat | P\u0142aszcz Dwurz\u0119dowy We\u0142niany\",\"isPartOf\":{\"@id\":\"https:\\\/\\\/www.swing-it.eu\\\/#website\"},\"primaryImageOfPage\":{\"@id\":\"https:\\\/\\\/www.swing-it.eu\\\/produkt\\\/grace-doublebreasted-wool-coat\\\/#primaryimage\"},\"image\":{\"@id\":\"https:\\\/\\\/www.swing-it.eu\\\/produkt\\\/grace-doublebreasted-wool-coat\\\/#primaryimage\"},\"thumbnailUrl\":\"https:\\\/\\\/www.swing-it.eu\\\/wp-content\\\/uploads\\\/2018\\\/10\\\/DSC_0245-copy-scaled.jpg\",\"datePublished\":\"2018-10-20T15:23:30+00:00\",\"dateModified\":\"2025-09-29T08:34:24+00:00\",\"description\":\"Wollen women's retro coat. Based on a vintage pattern from 1950's. Manufactured in Poland. Padded for extra cold protection. Free shipping.\",\"breadcrumb\":{\"@id\":\"https:\\\/\\\/www.swing-it.eu\\\/produkt\\\/grace-doublebreasted-wool-coat\\\/#breadcrumb\"},\"inLanguage\":\"fr-FR\",\"potentialAction\":[{\"@type\":\"ReadAction\",\"target\":[\"https:\\\/\\\/www.swing-it.eu\\\/produkt\\\/grace-doublebreasted-wool-coat\\\/\"]}]},{\"@type\":\"ImageObject\",\"inLanguage\":\"fr-FR\",\"@id\":\"https:\\\/\\\/www.swing-it.eu\\\/produkt\\\/grace-doublebreasted-wool-coat\\\/#primaryimage\",\"url\":\"https:\\\/\\\/www.swing-it.eu\\\/wp-content\\\/uploads\\\/2018\\\/10\\\/DSC_0245-copy-scaled.jpg\",\"contentUrl\":\"https:\\\/\\\/www.swing-it.eu\\\/wp-content\\\/uploads\\\/2018\\\/10\\\/DSC_0245-copy-scaled.jpg\",\"width\":1709,\"height\":2560,\"caption\":\"50s women's coat\"},{\"@type\":\"BreadcrumbList\",\"@id\":\"https:\\\/\\\/www.swing-it.eu\\\/produkt\\\/grace-doublebreasted-wool-coat\\\/#breadcrumb\",\"itemListElement\":[{\"@type\":\"ListItem\",\"position\":1,\"name\":\"Strona g\u0142\u00f3wna\",\"item\":\"https:\\\/\\\/www.swing-it.eu\\\/\"},{\"@type\":\"ListItem\",\"position\":2,\"name\":\"SWING IT SHOES\",\"item\":\"https:\\\/\\\/www.swing-it.eu\\\/\"},{\"@type\":\"ListItem\",\"position\":3,\"name\":\"Grace Green Doublebreasted Wool Coat\"}]},{\"@type\":\"WebSite\",\"@id\":\"https:\\\/\\\/www.swing-it.eu\\\/#website\",\"url\":\"https:\\\/\\\/www.swing-it.eu\\\/\",\"name\":\"Swing It Shoes\",\"description\":\"Lindy Hop dancers&#039; brand\",\"potentialAction\":[{\"@type\":\"SearchAction\",\"target\":{\"@type\":\"EntryPoint\",\"urlTemplate\":\"https:\\\/\\\/www.swing-it.eu\\\/?s={search_term_string}\"},\"query-input\":{\"@type\":\"PropertyValueSpecification\",\"valueRequired\":true,\"valueName\":\"search_term_string\"}}],\"inLanguage\":\"fr-FR\"}]}<\/script>\n<!-- \/ Yoast SEO plugin. -->","yoast_head_json":{"title":"Pardessus crois\u00e9 en laine vert Grace | Plaszcz Dwurz\u0119dowy We\u0142niany","description":"Manteau r\u00e9tro en laine pour femme. Inspir\u00e9 d&#039;un mod\u00e8le vintage des ann\u00e9es 1950. Fabriqu\u00e9 en Pologne. Doublure renforc\u00e9e pour une protection optimale contre le froid. Livraison gratuite.","robots":{"index":"index","follow":"follow","max-snippet":"max-snippet:-1","max-image-preview":"max-image-preview:large","max-video-preview":"max-video-preview:-1"},"canonical":"https:\/\/www.swing-it.eu\/fr\/produit-2\/manteau-croise-en-laine-grace\/","og_locale":"fr_FR","og_type":"article","og_title":"Grace Green Wool Double Breasted Overcoat | P\u0142aszcz Dwurz\u0119dowy We\u0142niany","og_description":"Wollen women's retro coat. Based on a vintage pattern from 1950's. Manufactured in Poland. Padded for extra cold protection. Free shipping.","og_url":"https:\/\/www.swing-it.eu\/fr\/produit-2\/manteau-croise-en-laine-grace\/","og_site_name":"Swing It Shoes","article_publisher":"https:\/\/www.facebook.com\/SwingItEU\/","article_modified_time":"2025-09-29T08:34:24+00:00","og_image":[{"width":1709,"height":2560,"url":"https:\/\/www.swing-it.eu\/wp-content\/uploads\/2018\/10\/DSC_0245-copy-scaled.jpg","type":"image\/jpeg"}],"twitter_card":"summary_large_image","twitter_misc":{"Dur\u00e9e de lecture estim\u00e9e":"1 minute"},"schema":{"@context":"https:\/\/schema.org","@graph":[{"@type":"WebPage","@id":"https:\/\/www.swing-it.eu\/produkt\/grace-doublebreasted-wool-coat\/","url":"https:\/\/www.swing-it.eu\/produkt\/grace-doublebreasted-wool-coat\/","name":"Pardessus crois\u00e9 en laine vert Grace | Plaszcz Dwurz\u0119dowy We\u0142niany","isPartOf":{"@id":"https:\/\/www.swing-it.eu\/#website"},"primaryImageOfPage":{"@id":"https:\/\/www.swing-it.eu\/produkt\/grace-doublebreasted-wool-coat\/#primaryimage"},"image":{"@id":"https:\/\/www.swing-it.eu\/produkt\/grace-doublebreasted-wool-coat\/#primaryimage"},"thumbnailUrl":"https:\/\/www.swing-it.eu\/wp-content\/uploads\/2018\/10\/DSC_0245-copy-scaled.jpg","datePublished":"2018-10-20T15:23:30+00:00","dateModified":"2025-09-29T08:34:24+00:00","description":"Manteau r\u00e9tro en laine pour femme. Inspir\u00e9 d&#039;un mod\u00e8le vintage des ann\u00e9es 1950. Fabriqu\u00e9 en Pologne. Doublure renforc\u00e9e pour une protection optimale contre le froid. Livraison gratuite.","breadcrumb":{"@id":"https:\/\/www.swing-it.eu\/produkt\/grace-doublebreasted-wool-coat\/#breadcrumb"},"inLanguage":"fr-FR","potentialAction":[{"@type":"ReadAction","target":["https:\/\/www.swing-it.eu\/produkt\/grace-doublebreasted-wool-coat\/"]}]},{"@type":"ImageObject","inLanguage":"fr-FR","@id":"https:\/\/www.swing-it.eu\/produkt\/grace-doublebreasted-wool-coat\/#primaryimage","url":"https:\/\/www.swing-it.eu\/wp-content\/uploads\/2018\/10\/DSC_0245-copy-scaled.jpg","contentUrl":"https:\/\/www.swing-it.eu\/wp-content\/uploads\/2018\/10\/DSC_0245-copy-scaled.jpg","width":1709,"height":2560,"caption":"50s women's coat"},{"@type":"BreadcrumbList","@id":"https:\/\/www.swing-it.eu\/produkt\/grace-doublebreasted-wool-coat\/#breadcrumb","itemListElement":[{"@type":"ListItem","position":1,"name":"Strona g\u0142\u00f3wna","item":"https:\/\/www.swing-it.eu\/"},{"@type":"ListItem","position":2,"name":"SWING IT SHOES","item":"https:\/\/www.swing-it.eu\/"},{"@type":"ListItem","position":3,"name":"Grace Green Doublebreasted Wool Coat"}]},{"@type":"WebSite","@id":"https:\/\/www.swing-it.eu\/#website","url":"https:\/\/www.swing-it.eu\/","name":"Chaussures Swing It","description":"Danseurs de Lindy Hop&amp;#039 ; marque","potentialAction":[{"@type":"SearchAction","target":{"@type":"EntryPoint","urlTemplate":"https:\/\/www.swing-it.eu\/?s={search_term_string}"},"query-input":{"@type":"PropertyValueSpecification","valueRequired":true,"valueName":"search_term_string"}}],"inLanguage":"fr-FR"}]}},"_links":{"self":[{"href":"https:\/\/www.swing-it.eu\/fr\/wp-json\/wp\/v2\/product\/2495","targetHints":{"allow":["GET"]}}],"collection":[{"href":"https:\/\/www.swing-it.eu\/fr\/wp-json\/wp\/v2\/product"}],"about":[{"href":"https:\/\/www.swing-it.eu\/fr\/wp-json\/wp\/v2\/types\/product"}],"replies":[{"embeddable":true,"href":"https:\/\/www.swing-it.eu\/fr\/wp-json\/wp\/v2\/comments?post=2495"}],"wp:featuredmedia":[{"embeddable":true,"href":"https:\/\/www.swing-it.eu\/fr\/wp-json\/wp\/v2\/media\/3995"}],"wp:attachment":[{"href":"https:\/\/www.swing-it.eu\/fr\/wp-json\/wp\/v2\/media?parent=2495"}],"wp:term":[{"taxonomy":"product_brand","embeddable":true,"href":"https:\/\/www.swing-it.eu\/fr\/wp-json\/wp\/v2\/product_brand?post=2495"},{"taxonomy":"product_cat","embeddable":true,"href":"https:\/\/www.swing-it.eu\/fr\/wp-json\/wp\/v2\/product_cat?post=2495"},{"taxonomy":"product_tag","embeddable":true,"href":"https:\/\/www.swing-it.eu\/fr\/wp-json\/wp\/v2\/product_tag?post=2495"}],"curies":[{"name":"wp","href":"https:\/\/api.w.org\/{rel}","templated":true}]}}