{"id":2406,"date":"2023-11-12T19:00:23","date_gmt":"2023-11-12T18:00:23","guid":{"rendered":"https:\/\/www.swing-it.eu\/?post_type=product&#038;p=2406"},"modified":"2026-03-02T12:09:08","modified_gmt":"2026-03-02T11:09:08","slug":"charlie-brown","status":"publish","type":"product","link":"https:\/\/www.swing-it.eu\/fr\/produkt\/charlie-brown\/","title":{"rendered":"Charlie Brown"},"content":{"rendered":"<p>Fabriqu\u00e9 en Pologne \u00e0 partir de cuirs italiens et polonais.<\/p>\n<p>Avant de passer commande, veuillez consulter notre <a href=\"https:\/\/www.swing-it.eu\/fr\/tableau-des-tailles-de-chaussures\/\">guide des tailles<\/a> et notre <a href=\"https:\/\/www.swing-it.eu\/fr\/livraison-gratuite\/\">politique de livraison gratuite<\/a>.<\/p>","protected":false},"excerpt":{"rendered":"<p>Chaussures en cuir pour le Lindy Hop et autres danses Swing.<\/p>\n<p>Les chaussures Charlie sont beaucoup plus grandes que les autres mod\u00e8les. <strong>Choisissez une taille de moins que la <a href=\"https:\/\/www.swing-it.eu\/fr\/tableau-des-tailles-de-chaussures\/\" target=\"_blank\" rel=\"noopener\">guide des tailles<\/a> sugg\u00e8re<\/strong><\/p>\n<p><a href=\"https:\/\/www.swing-it.eu\/fr\/politique-de-retour\/\" target=\"_blank\" rel=\"noopener noreferrer\">Politique de retour<\/a><\/p>\n<p>&nbsp;<\/p>","protected":false},"featured_media":6248,"comment_status":"open","ping_status":"closed","template":"","meta":[],"product_brand":[],"product_cat":[181,110],"product_tag":[145,195,177,144],"class_list":{"0":"post-2406","1":"product","2":"type-product","3":"status-publish","4":"has-post-thumbnail","6":"product_cat-mens-lindy-hop-shoes","7":"product_cat-lindy-hop-shoes","8":"product_tag-balboa","9":"product_tag-brown","10":"product_tag-dancing-shoes","11":"product_tag-lindyhop","12":"pa_size-158","13":"pa_size-152","14":"pa_size-153","15":"pa_size-154","16":"pa_size-155","17":"pa_size-156","18":"pa_size-157","19":"pa_size-219","21":"first","22":"instock","23":"taxable","24":"shipping-taxable","25":"purchasable","26":"product-type-variable"},"yoast_head":"<!-- This site is optimized with the Yoast SEO plugin v27.4 - https:\/\/yoast.com\/product\/yoast-seo-wordpress\/ -->\n<title>Lindy hop dance shoes<\/title>\n<meta name=\"description\" content=\"High quality all leather elegant dress shoes. These shoes are great for Lindy Hop and other Swing dancers. Also a magnificent match for your elegant evening outfit.\" \/>\n<meta name=\"robots\" content=\"index, follow, max-snippet:-1, max-image-preview:large, max-video-preview:-1\" \/>\n<link rel=\"canonical\" href=\"https:\/\/www.swing-it.eu\/fr\/produit-2\/charlie-brown\/\" \/>\n<meta property=\"og:locale\" content=\"fr_FR\" \/>\n<meta property=\"og:type\" content=\"article\" \/>\n<meta property=\"og:title\" content=\"Lindy hop dance shoes\" \/>\n<meta property=\"og:description\" content=\"High quality all leather elegant dress shoes. These shoes are great for Lindy Hop and other Swing dancers. Also a magnificent match for your elegant evening outfit.\" \/>\n<meta property=\"og:url\" content=\"https:\/\/www.swing-it.eu\/fr\/produit-2\/charlie-brown\/\" \/>\n<meta property=\"og:site_name\" content=\"Swing It Shoes\" \/>\n<meta property=\"article:publisher\" content=\"https:\/\/www.facebook.com\/SwingItEU\/\" \/>\n<meta property=\"article:modified_time\" content=\"2026-03-02T11:09:08+00:00\" \/>\n<meta property=\"og:image\" content=\"https:\/\/www.swing-it.eu\/wp-content\/uploads\/2023\/09\/DSC08102-copy_edited.jpg\" \/>\n\t<meta property=\"og:image:width\" content=\"899\" \/>\n\t<meta property=\"og:image:height\" content=\"1200\" \/>\n\t<meta property=\"og:image:type\" content=\"image\/jpeg\" \/>\n<meta name=\"twitter:card\" content=\"summary_large_image\" \/>\n<meta name=\"twitter:label1\" content=\"Dur\u00e9e de lecture estim\u00e9e\" \/>\n\t<meta name=\"twitter:data1\" content=\"1 minute\" \/>\n<script type=\"application\/ld+json\" class=\"yoast-schema-graph\">{\"@context\":\"https:\\\/\\\/schema.org\",\"@graph\":[{\"@type\":\"WebPage\",\"@id\":\"https:\\\/\\\/www.swing-it.eu\\\/produkt\\\/charlie-brown\\\/\",\"url\":\"https:\\\/\\\/www.swing-it.eu\\\/produkt\\\/charlie-brown\\\/\",\"name\":\"Lindy hop dance shoes\",\"isPartOf\":{\"@id\":\"https:\\\/\\\/www.swing-it.eu\\\/#website\"},\"primaryImageOfPage\":{\"@id\":\"https:\\\/\\\/www.swing-it.eu\\\/produkt\\\/charlie-brown\\\/#primaryimage\"},\"image\":{\"@id\":\"https:\\\/\\\/www.swing-it.eu\\\/produkt\\\/charlie-brown\\\/#primaryimage\"},\"thumbnailUrl\":\"https:\\\/\\\/www.swing-it.eu\\\/wp-content\\\/uploads\\\/2023\\\/09\\\/DSC08102-copy_edited.jpg\",\"datePublished\":\"2023-11-12T18:00:23+00:00\",\"dateModified\":\"2026-03-02T11:09:08+00:00\",\"description\":\"High quality all leather elegant dress shoes. These shoes are great for Lindy Hop and other Swing dancers. Also a magnificent match for your elegant evening outfit.\",\"breadcrumb\":{\"@id\":\"https:\\\/\\\/www.swing-it.eu\\\/produkt\\\/charlie-brown\\\/#breadcrumb\"},\"inLanguage\":\"fr-FR\",\"potentialAction\":[{\"@type\":\"ReadAction\",\"target\":[\"https:\\\/\\\/www.swing-it.eu\\\/produkt\\\/charlie-brown\\\/\"]}]},{\"@type\":\"ImageObject\",\"inLanguage\":\"fr-FR\",\"@id\":\"https:\\\/\\\/www.swing-it.eu\\\/produkt\\\/charlie-brown\\\/#primaryimage\",\"url\":\"https:\\\/\\\/www.swing-it.eu\\\/wp-content\\\/uploads\\\/2023\\\/09\\\/DSC08102-copy_edited.jpg\",\"contentUrl\":\"https:\\\/\\\/www.swing-it.eu\\\/wp-content\\\/uploads\\\/2023\\\/09\\\/DSC08102-copy_edited.jpg\",\"width\":899,\"height\":1200,\"caption\":\"Lindy Hop shoes\"},{\"@type\":\"BreadcrumbList\",\"@id\":\"https:\\\/\\\/www.swing-it.eu\\\/produkt\\\/charlie-brown\\\/#breadcrumb\",\"itemListElement\":[{\"@type\":\"ListItem\",\"position\":1,\"name\":\"Strona g\u0142\u00f3wna\",\"item\":\"https:\\\/\\\/www.swing-it.eu\\\/\"},{\"@type\":\"ListItem\",\"position\":2,\"name\":\"SWING IT SHOES\",\"item\":\"https:\\\/\\\/www.swing-it.eu\\\/\"},{\"@type\":\"ListItem\",\"position\":3,\"name\":\"Charlie Brown\"}]},{\"@type\":\"WebSite\",\"@id\":\"https:\\\/\\\/www.swing-it.eu\\\/#website\",\"url\":\"https:\\\/\\\/www.swing-it.eu\\\/\",\"name\":\"Swing It Shoes\",\"description\":\"Lindy Hop dancers&#039; brand\",\"potentialAction\":[{\"@type\":\"SearchAction\",\"target\":{\"@type\":\"EntryPoint\",\"urlTemplate\":\"https:\\\/\\\/www.swing-it.eu\\\/?s={search_term_string}\"},\"query-input\":{\"@type\":\"PropertyValueSpecification\",\"valueRequired\":true,\"valueName\":\"search_term_string\"}}],\"inLanguage\":\"fr-FR\"}]}<\/script>\n<!-- \/ Yoast SEO plugin. -->","yoast_head_json":{"title":"Chaussures de danse lindy hop","description":"Chaussures \u00e9l\u00e9gantes en cuir de haute qualit\u00e9. Ces chaussures sont id\u00e9ales pour les danseurs de Lindy Hop et autres danseurs de Swing. Elles s'accordent \u00e9galement \u00e0 merveille avec votre tenue de soir\u00e9e \u00e9l\u00e9gante.","robots":{"index":"index","follow":"follow","max-snippet":"max-snippet:-1","max-image-preview":"max-image-preview:large","max-video-preview":"max-video-preview:-1"},"canonical":"https:\/\/www.swing-it.eu\/fr\/produit-2\/charlie-brown\/","og_locale":"fr_FR","og_type":"article","og_title":"Lindy hop dance shoes","og_description":"High quality all leather elegant dress shoes. These shoes are great for Lindy Hop and other Swing dancers. Also a magnificent match for your elegant evening outfit.","og_url":"https:\/\/www.swing-it.eu\/fr\/produit-2\/charlie-brown\/","og_site_name":"Swing It Shoes","article_publisher":"https:\/\/www.facebook.com\/SwingItEU\/","article_modified_time":"2026-03-02T11:09:08+00:00","og_image":[{"width":899,"height":1200,"url":"https:\/\/www.swing-it.eu\/wp-content\/uploads\/2023\/09\/DSC08102-copy_edited.jpg","type":"image\/jpeg"}],"twitter_card":"summary_large_image","twitter_misc":{"Dur\u00e9e de lecture estim\u00e9e":"1 minute"},"schema":{"@context":"https:\/\/schema.org","@graph":[{"@type":"WebPage","@id":"https:\/\/www.swing-it.eu\/produkt\/charlie-brown\/","url":"https:\/\/www.swing-it.eu\/produkt\/charlie-brown\/","name":"Chaussures de danse lindy hop","isPartOf":{"@id":"https:\/\/www.swing-it.eu\/#website"},"primaryImageOfPage":{"@id":"https:\/\/www.swing-it.eu\/produkt\/charlie-brown\/#primaryimage"},"image":{"@id":"https:\/\/www.swing-it.eu\/produkt\/charlie-brown\/#primaryimage"},"thumbnailUrl":"https:\/\/www.swing-it.eu\/wp-content\/uploads\/2023\/09\/DSC08102-copy_edited.jpg","datePublished":"2023-11-12T18:00:23+00:00","dateModified":"2026-03-02T11:09:08+00:00","description":"Chaussures \u00e9l\u00e9gantes en cuir de haute qualit\u00e9. Ces chaussures sont id\u00e9ales pour les danseurs de Lindy Hop et autres danseurs de Swing. Elles s'accordent \u00e9galement \u00e0 merveille avec votre tenue de soir\u00e9e \u00e9l\u00e9gante.","breadcrumb":{"@id":"https:\/\/www.swing-it.eu\/produkt\/charlie-brown\/#breadcrumb"},"inLanguage":"fr-FR","potentialAction":[{"@type":"ReadAction","target":["https:\/\/www.swing-it.eu\/produkt\/charlie-brown\/"]}]},{"@type":"ImageObject","inLanguage":"fr-FR","@id":"https:\/\/www.swing-it.eu\/produkt\/charlie-brown\/#primaryimage","url":"https:\/\/www.swing-it.eu\/wp-content\/uploads\/2023\/09\/DSC08102-copy_edited.jpg","contentUrl":"https:\/\/www.swing-it.eu\/wp-content\/uploads\/2023\/09\/DSC08102-copy_edited.jpg","width":899,"height":1200,"caption":"Lindy Hop shoes"},{"@type":"BreadcrumbList","@id":"https:\/\/www.swing-it.eu\/produkt\/charlie-brown\/#breadcrumb","itemListElement":[{"@type":"ListItem","position":1,"name":"Strona g\u0142\u00f3wna","item":"https:\/\/www.swing-it.eu\/"},{"@type":"ListItem","position":2,"name":"SWING IT SHOES","item":"https:\/\/www.swing-it.eu\/"},{"@type":"ListItem","position":3,"name":"Charlie Brown"}]},{"@type":"WebSite","@id":"https:\/\/www.swing-it.eu\/#website","url":"https:\/\/www.swing-it.eu\/","name":"Chaussures Swing It","description":"Danseurs de Lindy Hop&amp;#039 ; marque","potentialAction":[{"@type":"SearchAction","target":{"@type":"EntryPoint","urlTemplate":"https:\/\/www.swing-it.eu\/?s={search_term_string}"},"query-input":{"@type":"PropertyValueSpecification","valueRequired":true,"valueName":"search_term_string"}}],"inLanguage":"fr-FR"}]}},"_links":{"self":[{"href":"https:\/\/www.swing-it.eu\/fr\/wp-json\/wp\/v2\/product\/2406","targetHints":{"allow":["GET"]}}],"collection":[{"href":"https:\/\/www.swing-it.eu\/fr\/wp-json\/wp\/v2\/product"}],"about":[{"href":"https:\/\/www.swing-it.eu\/fr\/wp-json\/wp\/v2\/types\/product"}],"replies":[{"embeddable":true,"href":"https:\/\/www.swing-it.eu\/fr\/wp-json\/wp\/v2\/comments?post=2406"}],"wp:featuredmedia":[{"embeddable":true,"href":"https:\/\/www.swing-it.eu\/fr\/wp-json\/wp\/v2\/media\/6248"}],"wp:attachment":[{"href":"https:\/\/www.swing-it.eu\/fr\/wp-json\/wp\/v2\/media?parent=2406"}],"wp:term":[{"taxonomy":"product_brand","embeddable":true,"href":"https:\/\/www.swing-it.eu\/fr\/wp-json\/wp\/v2\/product_brand?post=2406"},{"taxonomy":"product_cat","embeddable":true,"href":"https:\/\/www.swing-it.eu\/fr\/wp-json\/wp\/v2\/product_cat?post=2406"},{"taxonomy":"product_tag","embeddable":true,"href":"https:\/\/www.swing-it.eu\/fr\/wp-json\/wp\/v2\/product_tag?post=2406"}],"curies":[{"name":"wp","href":"https:\/\/api.w.org\/{rel}","templated":true}]}}