{"id":2398,"date":"2020-08-12T18:57:11","date_gmt":"2020-08-12T16:57:11","guid":{"rendered":"https:\/\/www.swing-it.eu\/?post_type=product&#038;p=2398"},"modified":"2026-02-19T17:59:25","modified_gmt":"2026-02-19T16:59:25","slug":"chaussures-a-bouts-pointus-marron","status":"publish","type":"product","link":"https:\/\/www.swing-it.eu\/fr\/produkt\/wingtip-brown-brogue-oxfords\/","title":{"rendered":"Oxfords George Brown"},"content":{"rendered":"<p>Fabriqu\u00e9 en Pologne \u00e0 partir de cuirs italiens et polonais. D\u00e9velopp\u00e9 en coop\u00e9ration avec la marque Dancelines pour les danses swing. Assemblage et peinture manuels<\/p>\n<p>Avant de passer une commande, veuillez consulter notre <a href=\"https:\/\/www.swing-it.eu\/fr\/tableau-des-tailles-de-chaussures\/\">guide des tailles<\/a> et notre <a href=\"https:\/\/www.swing-it.eu\/fr\/livraison-gratuite\/\">politique de livraison gratuite<\/a>.<\/p>","protected":false},"excerpt":{"rendered":"<p>Chaussures \u00e9l\u00e9gantes en cuir de haute qualit\u00e9. Ces chaussures sont id\u00e9ales pour le Lindy Hop et d'autres danses Swing.  Elles s'accordent \u00e9galement \u00e0 merveille avec votre tenue de soir\u00e9e \u00e9l\u00e9gante.<\/p>\n<p>Tige en cuir naturel souple et flexible. Semelle int\u00e9rieure \u00e9quip\u00e9e d'une mousse \u00e0 m\u00e9moire de forme qui s'adapte \u00e0 la forme du pied pour un plus grand confort. Semelle ext\u00e9rieure en cuir naturel avec un talon superpos\u00e9 recouvert de cuir.<\/p>\n<p><a href=\"https:\/\/www.swing-it.eu\/fr\/politique-de-retour\/\" target=\"_blank\" rel=\"noopener noreferrer\">Politique de retour<\/a><\/p>\n<p>Si votre taille est manquante, veuillez\u00a0<a href=\"https:\/\/www.swing-it.eu\/fr\/nous-contacter\/\" target=\"_blank\" rel=\"noopener\">contact<\/a>\u00a0pour passer une commande.<\/p>","protected":false},"featured_media":4138,"comment_status":"open","ping_status":"closed","template":"","meta":[],"product_brand":[],"product_cat":[181,110],"product_tag":[145,183,177,162,144,160,182],"class_list":{"0":"post-2398","1":"product","2":"type-product","3":"status-publish","4":"has-post-thumbnail","6":"product_cat-mens-lindy-hop-shoes","7":"product_cat-lindy-hop-shoes","8":"product_tag-balboa","9":"product_tag-brogue","10":"product_tag-dancing-shoes","11":"product_tag-light-brown","12":"product_tag-lindyhop","13":"product_tag-oxford","14":"product_tag-wingtips","15":"pa_size-175","16":"pa_size-158","17":"pa_size-152","18":"pa_size-153","19":"pa_size-154","20":"pa_size-155","21":"pa_size-156","22":"pa_size-157","23":"pa_size-219","24":"pa_size-233","25":"pa_size-302","27":"first","28":"instock","29":"taxable","30":"shipping-taxable","31":"purchasable","32":"product-type-variable"},"yoast_head":"<!-- This site is optimized with the Yoast SEO plugin v27.4 - https:\/\/yoast.com\/product\/yoast-seo-wordpress\/ -->\n<title>All Leather Wingtip Brown Brogue Oxfords | Lindy hop dance shoes<\/title>\n<meta name=\"description\" content=\"Full Leather Wingtip Brown Brogue Oxfords. High quality all leather elegant dress shoes. These shoes are great for Lindy Hop and other Swing dancers. Also a magnificent match for your elegant evening outfit.\" \/>\n<meta name=\"robots\" content=\"index, follow, max-snippet:-1, max-image-preview:large, max-video-preview:-1\" \/>\n<link rel=\"canonical\" href=\"https:\/\/www.swing-it.eu\/fr\/produit-2\/chaussures-a-bouts-pointus-marron\/\" \/>\n<meta property=\"og:locale\" content=\"fr_FR\" \/>\n<meta property=\"og:type\" content=\"article\" \/>\n<meta property=\"og:title\" content=\"All Leather Wingtip Brown Brogue Oxfords | Lindy hop dance shoes\" \/>\n<meta property=\"og:description\" content=\"Full Leather Wingtip Brown Brogue Oxfords. High quality all leather elegant dress shoes. These shoes are great for Lindy Hop and other Swing dancers. Also a magnificent match for your elegant evening outfit.\" \/>\n<meta property=\"og:url\" content=\"https:\/\/www.swing-it.eu\/fr\/produit-2\/chaussures-a-bouts-pointus-marron\/\" \/>\n<meta property=\"og:site_name\" content=\"Swing It Shoes\" \/>\n<meta property=\"article:publisher\" content=\"https:\/\/www.facebook.com\/SwingItEU\/\" \/>\n<meta property=\"article:modified_time\" content=\"2026-02-19T16:59:25+00:00\" \/>\n<meta property=\"og:image\" content=\"https:\/\/www.swing-it.eu\/wp-content\/uploads\/2021\/01\/IMG_5079-2-Kopiowanie.jpg\" \/>\n\t<meta property=\"og:image:width\" content=\"1200\" \/>\n\t<meta property=\"og:image:height\" content=\"1600\" \/>\n\t<meta property=\"og:image:type\" content=\"image\/jpeg\" \/>\n<meta name=\"twitter:card\" content=\"summary_large_image\" \/>\n<script type=\"application\/ld+json\" class=\"yoast-schema-graph\">{\"@context\":\"https:\\\/\\\/schema.org\",\"@graph\":[{\"@type\":\"WebPage\",\"@id\":\"https:\\\/\\\/www.swing-it.eu\\\/produkt\\\/wingtip-brown-brogue-oxfords\\\/\",\"url\":\"https:\\\/\\\/www.swing-it.eu\\\/produkt\\\/wingtip-brown-brogue-oxfords\\\/\",\"name\":\"All Leather Wingtip Brown Brogue Oxfords | Lindy hop dance shoes\",\"isPartOf\":{\"@id\":\"https:\\\/\\\/www.swing-it.eu\\\/#website\"},\"primaryImageOfPage\":{\"@id\":\"https:\\\/\\\/www.swing-it.eu\\\/produkt\\\/wingtip-brown-brogue-oxfords\\\/#primaryimage\"},\"image\":{\"@id\":\"https:\\\/\\\/www.swing-it.eu\\\/produkt\\\/wingtip-brown-brogue-oxfords\\\/#primaryimage\"},\"thumbnailUrl\":\"https:\\\/\\\/www.swing-it.eu\\\/wp-content\\\/uploads\\\/2021\\\/01\\\/IMG_5079-2-Kopiowanie.jpg\",\"datePublished\":\"2020-08-12T16:57:11+00:00\",\"dateModified\":\"2026-02-19T16:59:25+00:00\",\"description\":\"Full Leather Wingtip Brown Brogue Oxfords. High quality all leather elegant dress shoes. These shoes are great for Lindy Hop and other Swing dancers. Also a magnificent match for your elegant evening outfit.\",\"breadcrumb\":{\"@id\":\"https:\\\/\\\/www.swing-it.eu\\\/produkt\\\/wingtip-brown-brogue-oxfords\\\/#breadcrumb\"},\"inLanguage\":\"fr-FR\",\"potentialAction\":[{\"@type\":\"ReadAction\",\"target\":[\"https:\\\/\\\/www.swing-it.eu\\\/produkt\\\/wingtip-brown-brogue-oxfords\\\/\"]}]},{\"@type\":\"ImageObject\",\"inLanguage\":\"fr-FR\",\"@id\":\"https:\\\/\\\/www.swing-it.eu\\\/produkt\\\/wingtip-brown-brogue-oxfords\\\/#primaryimage\",\"url\":\"https:\\\/\\\/www.swing-it.eu\\\/wp-content\\\/uploads\\\/2021\\\/01\\\/IMG_5079-2-Kopiowanie.jpg\",\"contentUrl\":\"https:\\\/\\\/www.swing-it.eu\\\/wp-content\\\/uploads\\\/2021\\\/01\\\/IMG_5079-2-Kopiowanie.jpg\",\"width\":1200,\"height\":1600,\"caption\":\"Wingtip Brogues\"},{\"@type\":\"BreadcrumbList\",\"@id\":\"https:\\\/\\\/www.swing-it.eu\\\/produkt\\\/wingtip-brown-brogue-oxfords\\\/#breadcrumb\",\"itemListElement\":[{\"@type\":\"ListItem\",\"position\":1,\"name\":\"Strona g\u0142\u00f3wna\",\"item\":\"https:\\\/\\\/www.swing-it.eu\\\/\"},{\"@type\":\"ListItem\",\"position\":2,\"name\":\"SWING IT SHOES\",\"item\":\"https:\\\/\\\/www.swing-it.eu\\\/\"},{\"@type\":\"ListItem\",\"position\":3,\"name\":\"George Brown Oxfords\"}]},{\"@type\":\"WebSite\",\"@id\":\"https:\\\/\\\/www.swing-it.eu\\\/#website\",\"url\":\"https:\\\/\\\/www.swing-it.eu\\\/\",\"name\":\"Swing It Shoes\",\"description\":\"Lindy Hop dancers&#039; brand\",\"potentialAction\":[{\"@type\":\"SearchAction\",\"target\":{\"@type\":\"EntryPoint\",\"urlTemplate\":\"https:\\\/\\\/www.swing-it.eu\\\/?s={search_term_string}\"},\"query-input\":{\"@type\":\"PropertyValueSpecification\",\"valueRequired\":true,\"valueName\":\"search_term_string\"}}],\"inLanguage\":\"fr-FR\"}]}<\/script>\n<!-- \/ Yoast SEO plugin. -->","yoast_head_json":{"title":"Chaussures de danse Lindy hop en cuir Wingtip Brown Brogue Oxfords | Lindy hop dance shoes","description":"Chaussures de ville en cuir, \u00e0 bout arrondi, de couleur marron. Chaussures \u00e9l\u00e9gantes en cuir de haute qualit\u00e9. Ces chaussures sont id\u00e9ales pour les danseurs de Lindy Hop et autres danseurs de Swing. Elles s'accordent \u00e9galement \u00e0 merveille avec votre tenue de soir\u00e9e \u00e9l\u00e9gante.","robots":{"index":"index","follow":"follow","max-snippet":"max-snippet:-1","max-image-preview":"max-image-preview:large","max-video-preview":"max-video-preview:-1"},"canonical":"https:\/\/www.swing-it.eu\/fr\/produit-2\/chaussures-a-bouts-pointus-marron\/","og_locale":"fr_FR","og_type":"article","og_title":"All Leather Wingtip Brown Brogue Oxfords | Lindy hop dance shoes","og_description":"Full Leather Wingtip Brown Brogue Oxfords. High quality all leather elegant dress shoes. These shoes are great for Lindy Hop and other Swing dancers. Also a magnificent match for your elegant evening outfit.","og_url":"https:\/\/www.swing-it.eu\/fr\/produit-2\/chaussures-a-bouts-pointus-marron\/","og_site_name":"Swing It Shoes","article_publisher":"https:\/\/www.facebook.com\/SwingItEU\/","article_modified_time":"2026-02-19T16:59:25+00:00","og_image":[{"width":1200,"height":1600,"url":"https:\/\/www.swing-it.eu\/wp-content\/uploads\/2021\/01\/IMG_5079-2-Kopiowanie.jpg","type":"image\/jpeg"}],"twitter_card":"summary_large_image","schema":{"@context":"https:\/\/schema.org","@graph":[{"@type":"WebPage","@id":"https:\/\/www.swing-it.eu\/produkt\/wingtip-brown-brogue-oxfords\/","url":"https:\/\/www.swing-it.eu\/produkt\/wingtip-brown-brogue-oxfords\/","name":"Chaussures de danse Lindy hop en cuir Wingtip Brown Brogue Oxfords | Lindy hop dance shoes","isPartOf":{"@id":"https:\/\/www.swing-it.eu\/#website"},"primaryImageOfPage":{"@id":"https:\/\/www.swing-it.eu\/produkt\/wingtip-brown-brogue-oxfords\/#primaryimage"},"image":{"@id":"https:\/\/www.swing-it.eu\/produkt\/wingtip-brown-brogue-oxfords\/#primaryimage"},"thumbnailUrl":"https:\/\/www.swing-it.eu\/wp-content\/uploads\/2021\/01\/IMG_5079-2-Kopiowanie.jpg","datePublished":"2020-08-12T16:57:11+00:00","dateModified":"2026-02-19T16:59:25+00:00","description":"Chaussures de ville en cuir, \u00e0 bout arrondi, de couleur marron. Chaussures \u00e9l\u00e9gantes en cuir de haute qualit\u00e9. Ces chaussures sont id\u00e9ales pour les danseurs de Lindy Hop et autres danseurs de Swing. Elles s'accordent \u00e9galement \u00e0 merveille avec votre tenue de soir\u00e9e \u00e9l\u00e9gante.","breadcrumb":{"@id":"https:\/\/www.swing-it.eu\/produkt\/wingtip-brown-brogue-oxfords\/#breadcrumb"},"inLanguage":"fr-FR","potentialAction":[{"@type":"ReadAction","target":["https:\/\/www.swing-it.eu\/produkt\/wingtip-brown-brogue-oxfords\/"]}]},{"@type":"ImageObject","inLanguage":"fr-FR","@id":"https:\/\/www.swing-it.eu\/produkt\/wingtip-brown-brogue-oxfords\/#primaryimage","url":"https:\/\/www.swing-it.eu\/wp-content\/uploads\/2021\/01\/IMG_5079-2-Kopiowanie.jpg","contentUrl":"https:\/\/www.swing-it.eu\/wp-content\/uploads\/2021\/01\/IMG_5079-2-Kopiowanie.jpg","width":1200,"height":1600,"caption":"Wingtip Brogues"},{"@type":"BreadcrumbList","@id":"https:\/\/www.swing-it.eu\/produkt\/wingtip-brown-brogue-oxfords\/#breadcrumb","itemListElement":[{"@type":"ListItem","position":1,"name":"Strona g\u0142\u00f3wna","item":"https:\/\/www.swing-it.eu\/"},{"@type":"ListItem","position":2,"name":"SWING IT SHOES","item":"https:\/\/www.swing-it.eu\/"},{"@type":"ListItem","position":3,"name":"George Brown Oxfords"}]},{"@type":"WebSite","@id":"https:\/\/www.swing-it.eu\/#website","url":"https:\/\/www.swing-it.eu\/","name":"Chaussures Swing It","description":"Danseurs de Lindy Hop&amp;#039 ; marque","potentialAction":[{"@type":"SearchAction","target":{"@type":"EntryPoint","urlTemplate":"https:\/\/www.swing-it.eu\/?s={search_term_string}"},"query-input":{"@type":"PropertyValueSpecification","valueRequired":true,"valueName":"search_term_string"}}],"inLanguage":"fr-FR"}]}},"_links":{"self":[{"href":"https:\/\/www.swing-it.eu\/fr\/wp-json\/wp\/v2\/product\/2398","targetHints":{"allow":["GET"]}}],"collection":[{"href":"https:\/\/www.swing-it.eu\/fr\/wp-json\/wp\/v2\/product"}],"about":[{"href":"https:\/\/www.swing-it.eu\/fr\/wp-json\/wp\/v2\/types\/product"}],"replies":[{"embeddable":true,"href":"https:\/\/www.swing-it.eu\/fr\/wp-json\/wp\/v2\/comments?post=2398"}],"wp:featuredmedia":[{"embeddable":true,"href":"https:\/\/www.swing-it.eu\/fr\/wp-json\/wp\/v2\/media\/4138"}],"wp:attachment":[{"href":"https:\/\/www.swing-it.eu\/fr\/wp-json\/wp\/v2\/media?parent=2398"}],"wp:term":[{"taxonomy":"product_brand","embeddable":true,"href":"https:\/\/www.swing-it.eu\/fr\/wp-json\/wp\/v2\/product_brand?post=2398"},{"taxonomy":"product_cat","embeddable":true,"href":"https:\/\/www.swing-it.eu\/fr\/wp-json\/wp\/v2\/product_cat?post=2398"},{"taxonomy":"product_tag","embeddable":true,"href":"https:\/\/www.swing-it.eu\/fr\/wp-json\/wp\/v2\/product_tag?post=2398"}],"curies":[{"name":"wp","href":"https:\/\/api.w.org\/{rel}","templated":true}]}}