{"id":2382,"date":"2020-08-12T18:48:40","date_gmt":"2020-08-12T16:48:40","guid":{"rendered":"https:\/\/www.swing-it.eu\/?post_type=product&#038;p=2382"},"modified":"2026-04-02T08:33:52","modified_gmt":"2026-04-02T06:33:52","slug":"chaussures-de-sport-vert-fonce-a-bout-arrondi","status":"publish","type":"product","link":"https:\/\/www.swing-it.eu\/fr\/produkt\/cap-toe-dark-green-oxfords\/","title":{"rendered":"Frankie Oxfords vert fonc\u00e9"},"content":{"rendered":"<p>Fabriqu\u00e9 en Pologne.<\/p>\n<p>Avant de passer commande, veuillez consulter notre <a href=\"https:\/\/www.swing-it.eu\/fr\/tableau-des-tailles-de-chaussures\/\">guide des tailles<\/a> et notre <a href=\"https:\/\/www.swing-it.eu\/fr\/livraison-gratuite\/\">politique de livraison gratuite<\/a>.<\/p>","protected":false},"excerpt":{"rendered":"<p>Chaussures \u00e9l\u00e9gantes en cuir de haute qualit\u00e9. Ces chaussures sont id\u00e9ales pour le Lindy Hop et d'autres danses Swing.  Elles s'accordent \u00e9galement \u00e0 merveille avec votre tenue de soir\u00e9e \u00e9l\u00e9gante.<\/p>\n<p>Tige en cuir naturel souple et flexible. Semelle ext\u00e9rieure en cuir naturel avec un talon empil\u00e9 en cuir.<\/p>\n<p><a href=\"https:\/\/www.swing-it.eu\/fr\/politique-de-retour\/\" target=\"_blank\" rel=\"noopener noreferrer\">Politique de retour<\/a><\/p>\n<p>Si votre taille est manquante, veuillez\u00a0<a href=\"https:\/\/www.swing-it.eu\/fr\/nous-contacter\/\" target=\"_blank\" rel=\"noopener\">contact<\/a>\u00a0pour passer une commande.<\/p>","protected":false},"featured_media":15996,"comment_status":"open","ping_status":"closed","template":"","meta":[],"product_brand":[],"product_cat":[181,110],"product_tag":[145,161,177,187,144,160],"class_list":{"0":"post-2382","1":"product","2":"type-product","3":"status-publish","4":"has-post-thumbnail","6":"product_cat-mens-lindy-hop-shoes","7":"product_cat-lindy-hop-shoes","8":"product_tag-balboa","9":"product_tag-cap-toe","10":"product_tag-dancing-shoes","11":"product_tag-dark-green","12":"product_tag-lindyhop","13":"product_tag-oxford","14":"pa_size-175","15":"pa_size-158","16":"pa_size-152","17":"pa_size-153","18":"pa_size-154","19":"pa_size-155","20":"pa_size-156","21":"pa_size-157","22":"pa_size-219","23":"pa_size-233","24":"pa_size-302","26":"first","27":"instock","28":"taxable","29":"shipping-taxable","30":"purchasable","31":"product-type-variable"},"yoast_head":"<!-- This site is optimized with the Yoast SEO plugin v27.4 - https:\/\/yoast.com\/product\/yoast-seo-wordpress\/ -->\n<title>All Leather Cap Toe Dark Green Oxfords | Lindy hop dance shoes<\/title>\n<meta name=\"description\" content=\"Full Leather Cap Toe Dark Green Oxfords. High quality all leather elegant dress shoes. These shoes are great for Lindy Hop and other Swing dancers. Also a magnificent match for your elegant evening outfit.\" \/>\n<meta name=\"robots\" content=\"index, follow, max-snippet:-1, max-image-preview:large, max-video-preview:-1\" \/>\n<link rel=\"canonical\" href=\"https:\/\/www.swing-it.eu\/fr\/produit-2\/chaussures-de-sport-vert-fonce-a-bout-arrondi\/\" \/>\n<meta property=\"og:locale\" content=\"fr_FR\" \/>\n<meta property=\"og:type\" content=\"article\" \/>\n<meta property=\"og:title\" content=\"All Leather Cap Toe Dark Green Oxfords | Lindy hop dance shoes\" \/>\n<meta property=\"og:description\" content=\"Full Leather Cap Toe Dark Green Oxfords. High quality all leather elegant dress shoes. These shoes are great for Lindy Hop and other Swing dancers. Also a magnificent match for your elegant evening outfit.\" \/>\n<meta property=\"og:url\" content=\"https:\/\/www.swing-it.eu\/fr\/produit-2\/chaussures-de-sport-vert-fonce-a-bout-arrondi\/\" \/>\n<meta property=\"og:site_name\" content=\"Swing It Shoes\" \/>\n<meta property=\"article:publisher\" content=\"https:\/\/www.facebook.com\/SwingItEU\/\" \/>\n<meta property=\"article:modified_time\" content=\"2026-04-02T06:33:52+00:00\" \/>\n<meta property=\"og:image\" content=\"https:\/\/www.swing-it.eu\/wp-content\/uploads\/2026\/04\/Frankie-Green-1.jpg\" \/>\n\t<meta property=\"og:image:width\" content=\"896\" \/>\n\t<meta property=\"og:image:height\" content=\"1195\" \/>\n\t<meta property=\"og:image:type\" content=\"image\/jpeg\" \/>\n<meta name=\"twitter:card\" content=\"summary_large_image\" \/>\n<meta name=\"twitter:label1\" content=\"Dur\u00e9e de lecture estim\u00e9e\" \/>\n\t<meta name=\"twitter:data1\" content=\"1 minute\" \/>\n<script type=\"application\/ld+json\" class=\"yoast-schema-graph\">{\"@context\":\"https:\\\/\\\/schema.org\",\"@graph\":[{\"@type\":\"WebPage\",\"@id\":\"https:\\\/\\\/www.swing-it.eu\\\/produkt\\\/cap-toe-dark-green-oxfords\\\/\",\"url\":\"https:\\\/\\\/www.swing-it.eu\\\/produkt\\\/cap-toe-dark-green-oxfords\\\/\",\"name\":\"All Leather Cap Toe Dark Green Oxfords | Lindy hop dance shoes\",\"isPartOf\":{\"@id\":\"https:\\\/\\\/www.swing-it.eu\\\/#website\"},\"primaryImageOfPage\":{\"@id\":\"https:\\\/\\\/www.swing-it.eu\\\/produkt\\\/cap-toe-dark-green-oxfords\\\/#primaryimage\"},\"image\":{\"@id\":\"https:\\\/\\\/www.swing-it.eu\\\/produkt\\\/cap-toe-dark-green-oxfords\\\/#primaryimage\"},\"thumbnailUrl\":\"https:\\\/\\\/www.swing-it.eu\\\/wp-content\\\/uploads\\\/2026\\\/04\\\/Frankie-Green-1.jpg\",\"datePublished\":\"2020-08-12T16:48:40+00:00\",\"dateModified\":\"2026-04-02T06:33:52+00:00\",\"description\":\"Full Leather Cap Toe Dark Green Oxfords. High quality all leather elegant dress shoes. These shoes are great for Lindy Hop and other Swing dancers. Also a magnificent match for your elegant evening outfit.\",\"breadcrumb\":{\"@id\":\"https:\\\/\\\/www.swing-it.eu\\\/produkt\\\/cap-toe-dark-green-oxfords\\\/#breadcrumb\"},\"inLanguage\":\"fr-FR\",\"potentialAction\":[{\"@type\":\"ReadAction\",\"target\":[\"https:\\\/\\\/www.swing-it.eu\\\/produkt\\\/cap-toe-dark-green-oxfords\\\/\"]}]},{\"@type\":\"ImageObject\",\"inLanguage\":\"fr-FR\",\"@id\":\"https:\\\/\\\/www.swing-it.eu\\\/produkt\\\/cap-toe-dark-green-oxfords\\\/#primaryimage\",\"url\":\"https:\\\/\\\/www.swing-it.eu\\\/wp-content\\\/uploads\\\/2026\\\/04\\\/Frankie-Green-1.jpg\",\"contentUrl\":\"https:\\\/\\\/www.swing-it.eu\\\/wp-content\\\/uploads\\\/2026\\\/04\\\/Frankie-Green-1.jpg\",\"width\":896,\"height\":1195,\"caption\":\"Lindy Hop and Balboa shoes from Swing it Shoes\"},{\"@type\":\"BreadcrumbList\",\"@id\":\"https:\\\/\\\/www.swing-it.eu\\\/produkt\\\/cap-toe-dark-green-oxfords\\\/#breadcrumb\",\"itemListElement\":[{\"@type\":\"ListItem\",\"position\":1,\"name\":\"Strona g\u0142\u00f3wna\",\"item\":\"https:\\\/\\\/www.swing-it.eu\\\/\"},{\"@type\":\"ListItem\",\"position\":2,\"name\":\"SWING IT SHOES\",\"item\":\"https:\\\/\\\/www.swing-it.eu\\\/\"},{\"@type\":\"ListItem\",\"position\":3,\"name\":\"Frankie Dark Green Oxfords\"}]},{\"@type\":\"WebSite\",\"@id\":\"https:\\\/\\\/www.swing-it.eu\\\/#website\",\"url\":\"https:\\\/\\\/www.swing-it.eu\\\/\",\"name\":\"Swing It Shoes\",\"description\":\"Lindy Hop dancers&#039; brand\",\"potentialAction\":[{\"@type\":\"SearchAction\",\"target\":{\"@type\":\"EntryPoint\",\"urlTemplate\":\"https:\\\/\\\/www.swing-it.eu\\\/?s={search_term_string}\"},\"query-input\":{\"@type\":\"PropertyValueSpecification\",\"valueRequired\":true,\"valueName\":\"search_term_string\"}}],\"inLanguage\":\"fr-FR\"}]}<\/script>\n<!-- \/ Yoast SEO plugin. -->","yoast_head_json":{"title":"Chaussures de danse Lindy Hop en cuir vert fonc\u00e9","description":"Chaussures de ville en cuir pleine fleur vert fonc\u00e9. Chaussures \u00e9l\u00e9gantes en cuir de haute qualit\u00e9. Ces chaussures sont id\u00e9ales pour les danseurs de Lindy Hop et autres danseurs de Swing. Elles s'accordent \u00e9galement \u00e0 merveille avec votre tenue de soir\u00e9e \u00e9l\u00e9gante.","robots":{"index":"index","follow":"follow","max-snippet":"max-snippet:-1","max-image-preview":"max-image-preview:large","max-video-preview":"max-video-preview:-1"},"canonical":"https:\/\/www.swing-it.eu\/fr\/produit-2\/chaussures-de-sport-vert-fonce-a-bout-arrondi\/","og_locale":"fr_FR","og_type":"article","og_title":"All Leather Cap Toe Dark Green Oxfords | Lindy hop dance shoes","og_description":"Full Leather Cap Toe Dark Green Oxfords. High quality all leather elegant dress shoes. These shoes are great for Lindy Hop and other Swing dancers. Also a magnificent match for your elegant evening outfit.","og_url":"https:\/\/www.swing-it.eu\/fr\/produit-2\/chaussures-de-sport-vert-fonce-a-bout-arrondi\/","og_site_name":"Swing It Shoes","article_publisher":"https:\/\/www.facebook.com\/SwingItEU\/","article_modified_time":"2026-04-02T06:33:52+00:00","og_image":[{"width":896,"height":1195,"url":"https:\/\/www.swing-it.eu\/wp-content\/uploads\/2026\/04\/Frankie-Green-1.jpg","type":"image\/jpeg"}],"twitter_card":"summary_large_image","twitter_misc":{"Dur\u00e9e de lecture estim\u00e9e":"1 minute"},"schema":{"@context":"https:\/\/schema.org","@graph":[{"@type":"WebPage","@id":"https:\/\/www.swing-it.eu\/produkt\/cap-toe-dark-green-oxfords\/","url":"https:\/\/www.swing-it.eu\/produkt\/cap-toe-dark-green-oxfords\/","name":"Chaussures de danse Lindy Hop en cuir vert fonc\u00e9","isPartOf":{"@id":"https:\/\/www.swing-it.eu\/#website"},"primaryImageOfPage":{"@id":"https:\/\/www.swing-it.eu\/produkt\/cap-toe-dark-green-oxfords\/#primaryimage"},"image":{"@id":"https:\/\/www.swing-it.eu\/produkt\/cap-toe-dark-green-oxfords\/#primaryimage"},"thumbnailUrl":"https:\/\/www.swing-it.eu\/wp-content\/uploads\/2026\/04\/Frankie-Green-1.jpg","datePublished":"2020-08-12T16:48:40+00:00","dateModified":"2026-04-02T06:33:52+00:00","description":"Chaussures de ville en cuir pleine fleur vert fonc\u00e9. Chaussures \u00e9l\u00e9gantes en cuir de haute qualit\u00e9. Ces chaussures sont id\u00e9ales pour les danseurs de Lindy Hop et autres danseurs de Swing. Elles s'accordent \u00e9galement \u00e0 merveille avec votre tenue de soir\u00e9e \u00e9l\u00e9gante.","breadcrumb":{"@id":"https:\/\/www.swing-it.eu\/produkt\/cap-toe-dark-green-oxfords\/#breadcrumb"},"inLanguage":"fr-FR","potentialAction":[{"@type":"ReadAction","target":["https:\/\/www.swing-it.eu\/produkt\/cap-toe-dark-green-oxfords\/"]}]},{"@type":"ImageObject","inLanguage":"fr-FR","@id":"https:\/\/www.swing-it.eu\/produkt\/cap-toe-dark-green-oxfords\/#primaryimage","url":"https:\/\/www.swing-it.eu\/wp-content\/uploads\/2026\/04\/Frankie-Green-1.jpg","contentUrl":"https:\/\/www.swing-it.eu\/wp-content\/uploads\/2026\/04\/Frankie-Green-1.jpg","width":896,"height":1195,"caption":"Lindy Hop and Balboa shoes from Swing it Shoes"},{"@type":"BreadcrumbList","@id":"https:\/\/www.swing-it.eu\/produkt\/cap-toe-dark-green-oxfords\/#breadcrumb","itemListElement":[{"@type":"ListItem","position":1,"name":"Strona g\u0142\u00f3wna","item":"https:\/\/www.swing-it.eu\/"},{"@type":"ListItem","position":2,"name":"SWING IT SHOES","item":"https:\/\/www.swing-it.eu\/"},{"@type":"ListItem","position":3,"name":"Frankie Dark Green Oxfords"}]},{"@type":"WebSite","@id":"https:\/\/www.swing-it.eu\/#website","url":"https:\/\/www.swing-it.eu\/","name":"Chaussures Swing It","description":"Danseurs de Lindy Hop&amp;#039 ; marque","potentialAction":[{"@type":"SearchAction","target":{"@type":"EntryPoint","urlTemplate":"https:\/\/www.swing-it.eu\/?s={search_term_string}"},"query-input":{"@type":"PropertyValueSpecification","valueRequired":true,"valueName":"search_term_string"}}],"inLanguage":"fr-FR"}]}},"_links":{"self":[{"href":"https:\/\/www.swing-it.eu\/fr\/wp-json\/wp\/v2\/product\/2382","targetHints":{"allow":["GET"]}}],"collection":[{"href":"https:\/\/www.swing-it.eu\/fr\/wp-json\/wp\/v2\/product"}],"about":[{"href":"https:\/\/www.swing-it.eu\/fr\/wp-json\/wp\/v2\/types\/product"}],"replies":[{"embeddable":true,"href":"https:\/\/www.swing-it.eu\/fr\/wp-json\/wp\/v2\/comments?post=2382"}],"wp:featuredmedia":[{"embeddable":true,"href":"https:\/\/www.swing-it.eu\/fr\/wp-json\/wp\/v2\/media\/15996"}],"wp:attachment":[{"href":"https:\/\/www.swing-it.eu\/fr\/wp-json\/wp\/v2\/media?parent=2382"}],"wp:term":[{"taxonomy":"product_brand","embeddable":true,"href":"https:\/\/www.swing-it.eu\/fr\/wp-json\/wp\/v2\/product_brand?post=2382"},{"taxonomy":"product_cat","embeddable":true,"href":"https:\/\/www.swing-it.eu\/fr\/wp-json\/wp\/v2\/product_cat?post=2382"},{"taxonomy":"product_tag","embeddable":true,"href":"https:\/\/www.swing-it.eu\/fr\/wp-json\/wp\/v2\/product_tag?post=2382"}],"curies":[{"name":"wp","href":"https:\/\/api.w.org\/{rel}","templated":true}]}}