{"id":1874,"date":"2018-05-04T18:27:24","date_gmt":"2018-05-04T16:27:24","guid":{"rendered":"https:\/\/www.swing-it.eu\/?post_type=product&#038;p=1874"},"modified":"2022-10-29T11:57:28","modified_gmt":"2022-10-29T09:57:28","slug":"jupe-beige-lindy-hop","status":"publish","type":"product","link":"https:\/\/www.swing-it.eu\/fr\/produkt\/beige-lindy-hop-skirt\/","title":{"rendered":"Jupe beige"},"content":{"rendered":"<p>Jupe crayon portefeuille \u00e0 quatre boutons, inspir\u00e9e d&#039;un patron original des ann\u00e9es 50. 86% laine, 11% polyester, 3% \u00e9lasthanne. Doublure\u00a0: 100% viscose. Tailles disponibles\u00a0: 34, 36, 38, 40, 42, 44.<\/p>\n<p>Sp\u00f3dnica o\u0142\u00f3wkowa z czterema guzikami zaprojektowana na podstawie oryginalnego wykroju z lat 50-tych, we\u0142na 86%, polyester 11%, \u00e9lasthanne 3%, podszewka \u2013 100% wiskoza. Dost\u0119pne rozmiaire\u00a0: 34, 36, 38, 40, 42, 44.<\/p>\n<p>&nbsp;<\/p>\n<p>&nbsp;<\/p>","protected":false},"excerpt":{"rendered":"<p>La jupe beige est disponible uniquement sur demande !<\/p>\n<p>Si vous souhaitez l'acheter, veuillez passer commande et nous envoyer vos mesures : taille, hanches, hauteur. Votre jupe sera pr\u00eate \u00e0 \u00eatre exp\u00e9di\u00e9e dans un d\u00e9lai d'environ 2 semaines.<\/p>\n<p>Mesures standard en cm :<\/p>\n<table dir=\"ltr\" border=\"1\" cellspacing=\"0\" cellpadding=\"0\">\n<colgroup>\n<col width=\"100\" \/>\n<col width=\"100\" \/>\n<col width=\"100\" \/><\/colgroup>\n<tbody>\n<tr>\n<td data-sheets-value=\"{&quot;1&quot;:2,&quot;2&quot;:&quot;size&quot;}\">taille<\/td>\n<td data-sheets-value=\"{&quot;1&quot;:2,&quot;2&quot;:&quot;waist&quot;}\">taille<\/td>\n<td data-sheets-value=\"{&quot;1&quot;:2,&quot;2&quot;:&quot;hips&quot;}\">hanches<\/td>\n<\/tr>\n<tr>\n<td data-sheets-value=\"{&quot;1&quot;:3,&quot;3&quot;:34}\">34<\/td>\n<td data-sheets-value=\"{&quot;1&quot;:2,&quot;2&quot;:&quot;59-62&quot;}\">59-62<\/td>\n<td data-sheets-value=\"{&quot;1&quot;:3,&quot;3&quot;:86}\">86<\/td>\n<\/tr>\n<tr>\n<td data-sheets-value=\"{&quot;1&quot;:3,&quot;3&quot;:36}\">36<\/td>\n<td data-sheets-value=\"{&quot;1&quot;:2,&quot;2&quot;:&quot;63-66&quot;}\">63-66<\/td>\n<td data-sheets-value=\"{&quot;1&quot;:3,&quot;3&quot;:90}\">90<\/td>\n<\/tr>\n<tr>\n<td data-sheets-value=\"{&quot;1&quot;:3,&quot;3&quot;:38}\">38<\/td>\n<td data-sheets-value=\"{&quot;1&quot;:2,&quot;2&quot;:&quot;67-70&quot;}\">67-70<\/td>\n<td data-sheets-value=\"{&quot;1&quot;:3,&quot;3&quot;:94}\">94<\/td>\n<\/tr>\n<tr>\n<td data-sheets-value=\"{&quot;1&quot;:3,&quot;3&quot;:40}\">40<\/td>\n<td data-sheets-value=\"{&quot;1&quot;:2,&quot;2&quot;:&quot;71-74&quot;}\">71-74<\/td>\n<td data-sheets-value=\"{&quot;1&quot;:3,&quot;3&quot;:98}\">98<\/td>\n<\/tr>\n<tr>\n<td data-sheets-value=\"{&quot;1&quot;:3,&quot;3&quot;:42}\">42<\/td>\n<td data-sheets-value=\"{&quot;1&quot;:2,&quot;2&quot;:&quot;75-78&quot;}\">75-78<\/td>\n<td data-sheets-value=\"{&quot;1&quot;:3,&quot;3&quot;:102}\">102<\/td>\n<\/tr>\n<tr>\n<td data-sheets-value=\"{&quot;1&quot;:3,&quot;3&quot;:44}\">44<\/td>\n<td data-sheets-value=\"{&quot;1&quot;:2,&quot;2&quot;:&quot;79-82&quot;}\">79-82<\/td>\n<td data-sheets-value=\"{&quot;1&quot;:3,&quot;3&quot;:106}\">106<\/td>\n<\/tr>\n<tr>\n<td data-sheets-value=\"{&quot;1&quot;:3,&quot;3&quot;:46}\">46<\/td>\n<td data-sheets-value=\"{&quot;1&quot;:2,&quot;2&quot;:&quot;83-86&quot;}\">83-86<\/td>\n<td data-sheets-value=\"{&quot;1&quot;:3,&quot;3&quot;:110}\">110<\/td>\n<\/tr>\n<\/tbody>\n<\/table>\n<style type=\"text\/css\"><!--td {border: 1px solid #ccc;}br {mso-data-placement:same-cell;}--><\/style>","protected":false},"featured_media":2196,"comment_status":"open","ping_status":"closed","template":"","meta":[],"product_brand":[],"product_cat":[18,114],"product_tag":[145,147,26,144,134,24,21,23,137,146,138,148],"class_list":{"0":"post-1874","1":"product","2":"type-product","3":"status-publish","4":"has-post-thumbnail","6":"product_cat-vintage-style-skirts-retro-skirts-pleated-skirts-wrap-skirts","7":"product_cat-women","8":"product_tag-balboa","9":"product_tag-beige","10":"product_tag-herringbone","11":"product_tag-lindyhop","12":"product_tag-pencil-skirt","13":"product_tag-retro","14":"product_tag-skirt","15":"product_tag-spodnica","16":"product_tag-spodnica-olowkowa","17":"product_tag-tweed","18":"product_tag-vintage","19":"product_tag-wrap-skirt","21":"first","22":"instock","23":"taxable","24":"shipping-taxable","25":"product-type-external"},"yoast_head":"<!-- This site is optimized with the Yoast SEO plugin v27.4 - https:\/\/yoast.com\/product\/yoast-seo-wordpress\/ -->\n<title>Beige Skirt - Swing It Shoes<\/title>\n<meta name=\"description\" content=\"beige lindy hop skirt, wrap skirt, pencil skirt, Sp\u00f3dnica o\u0142\u00f3wkowa retro, be\u017cowa sp\u00f3dnica, lindy hop clothes, wool skirt, we\u0142niana sp\u00f3dnica\" \/>\n<meta name=\"robots\" content=\"index, follow, max-snippet:-1, max-image-preview:large, max-video-preview:-1\" \/>\n<link rel=\"canonical\" href=\"https:\/\/www.swing-it.eu\/fr\/produit-2\/jupe-beige-lindy-hop\/\" \/>\n<meta property=\"og:locale\" content=\"fr_FR\" \/>\n<meta property=\"og:type\" content=\"article\" \/>\n<meta property=\"og:title\" content=\"Beige Skirt - Swing It Shoes\" \/>\n<meta property=\"og:description\" content=\"beige lindy hop skirt, wrap skirt, pencil skirt, Sp\u00f3dnica o\u0142\u00f3wkowa retro, be\u017cowa sp\u00f3dnica, lindy hop clothes, wool skirt, we\u0142niana sp\u00f3dnica\" \/>\n<meta property=\"og:url\" content=\"https:\/\/www.swing-it.eu\/fr\/produit-2\/jupe-beige-lindy-hop\/\" \/>\n<meta property=\"og:site_name\" content=\"Swing It Shoes\" \/>\n<meta property=\"article:publisher\" content=\"https:\/\/www.facebook.com\/SwingItEU\/\" \/>\n<meta property=\"article:modified_time\" content=\"2022-10-29T09:57:28+00:00\" \/>\n<meta property=\"og:image\" content=\"https:\/\/www.swing-it.eu\/wp-content\/uploads\/2018\/06\/MG_8199-e1530027296972.jpg\" \/>\n\t<meta property=\"og:image:width\" content=\"1500\" \/>\n\t<meta property=\"og:image:height\" content=\"1914\" \/>\n\t<meta property=\"og:image:type\" content=\"image\/jpeg\" \/>\n<meta name=\"twitter:card\" content=\"summary_large_image\" \/>\n<script type=\"application\/ld+json\" class=\"yoast-schema-graph\">{\"@context\":\"https:\\\/\\\/schema.org\",\"@graph\":[{\"@type\":\"WebPage\",\"@id\":\"https:\\\/\\\/www.swing-it.eu\\\/produkt\\\/beige-lindy-hop-skirt\\\/\",\"url\":\"https:\\\/\\\/www.swing-it.eu\\\/produkt\\\/beige-lindy-hop-skirt\\\/\",\"name\":\"Beige Skirt - Swing It Shoes\",\"isPartOf\":{\"@id\":\"https:\\\/\\\/www.swing-it.eu\\\/#website\"},\"primaryImageOfPage\":{\"@id\":\"https:\\\/\\\/www.swing-it.eu\\\/produkt\\\/beige-lindy-hop-skirt\\\/#primaryimage\"},\"image\":{\"@id\":\"https:\\\/\\\/www.swing-it.eu\\\/produkt\\\/beige-lindy-hop-skirt\\\/#primaryimage\"},\"thumbnailUrl\":\"https:\\\/\\\/www.swing-it.eu\\\/wp-content\\\/uploads\\\/2018\\\/06\\\/MG_8199-e1530027296972.jpg\",\"datePublished\":\"2018-05-04T16:27:24+00:00\",\"dateModified\":\"2022-10-29T09:57:28+00:00\",\"description\":\"beige lindy hop skirt, wrap skirt, pencil skirt, Sp\u00f3dnica o\u0142\u00f3wkowa retro, be\u017cowa sp\u00f3dnica, lindy hop clothes, wool skirt, we\u0142niana sp\u00f3dnica\",\"breadcrumb\":{\"@id\":\"https:\\\/\\\/www.swing-it.eu\\\/produkt\\\/beige-lindy-hop-skirt\\\/#breadcrumb\"},\"inLanguage\":\"fr-FR\",\"potentialAction\":[{\"@type\":\"ReadAction\",\"target\":[\"https:\\\/\\\/www.swing-it.eu\\\/produkt\\\/beige-lindy-hop-skirt\\\/\"]}]},{\"@type\":\"ImageObject\",\"inLanguage\":\"fr-FR\",\"@id\":\"https:\\\/\\\/www.swing-it.eu\\\/produkt\\\/beige-lindy-hop-skirt\\\/#primaryimage\",\"url\":\"https:\\\/\\\/www.swing-it.eu\\\/wp-content\\\/uploads\\\/2018\\\/06\\\/MG_8199-e1530027296972.jpg\",\"contentUrl\":\"https:\\\/\\\/www.swing-it.eu\\\/wp-content\\\/uploads\\\/2018\\\/06\\\/MG_8199-e1530027296972.jpg\",\"width\":1500,\"height\":1914,\"caption\":\"wool beige wrap skirt\"},{\"@type\":\"BreadcrumbList\",\"@id\":\"https:\\\/\\\/www.swing-it.eu\\\/produkt\\\/beige-lindy-hop-skirt\\\/#breadcrumb\",\"itemListElement\":[{\"@type\":\"ListItem\",\"position\":1,\"name\":\"Strona g\u0142\u00f3wna\",\"item\":\"https:\\\/\\\/www.swing-it.eu\\\/\"},{\"@type\":\"ListItem\",\"position\":2,\"name\":\"SWING IT SHOES\",\"item\":\"https:\\\/\\\/www.swing-it.eu\\\/\"},{\"@type\":\"ListItem\",\"position\":3,\"name\":\"Beige Skirt\"}]},{\"@type\":\"WebSite\",\"@id\":\"https:\\\/\\\/www.swing-it.eu\\\/#website\",\"url\":\"https:\\\/\\\/www.swing-it.eu\\\/\",\"name\":\"Swing It Shoes\",\"description\":\"Lindy Hop dancers&#039; brand\",\"potentialAction\":[{\"@type\":\"SearchAction\",\"target\":{\"@type\":\"EntryPoint\",\"urlTemplate\":\"https:\\\/\\\/www.swing-it.eu\\\/?s={search_term_string}\"},\"query-input\":{\"@type\":\"PropertyValueSpecification\",\"valueRequired\":true,\"valueName\":\"search_term_string\"}}],\"inLanguage\":\"fr-FR\"}]}<\/script>\n<!-- \/ Yoast SEO plugin. -->","yoast_head_json":{"title":"Jupe beige - Chaussures Swing It","description":"jupe lindy hop beige, jupe portefeuille, jupe crayon, Sp\u00f3dnica o\u0142\u00f3wkowa r\u00e9tro, be\u017cowa sp\u00f3dnica, v\u00eatements lindy hop, jupe en laine, we\u0142niana sp\u00f3dnica","robots":{"index":"index","follow":"follow","max-snippet":"max-snippet:-1","max-image-preview":"max-image-preview:large","max-video-preview":"max-video-preview:-1"},"canonical":"https:\/\/www.swing-it.eu\/fr\/produit-2\/jupe-beige-lindy-hop\/","og_locale":"fr_FR","og_type":"article","og_title":"Beige Skirt - Swing It Shoes","og_description":"beige lindy hop skirt, wrap skirt, pencil skirt, Sp\u00f3dnica o\u0142\u00f3wkowa retro, be\u017cowa sp\u00f3dnica, lindy hop clothes, wool skirt, we\u0142niana sp\u00f3dnica","og_url":"https:\/\/www.swing-it.eu\/fr\/produit-2\/jupe-beige-lindy-hop\/","og_site_name":"Swing It Shoes","article_publisher":"https:\/\/www.facebook.com\/SwingItEU\/","article_modified_time":"2022-10-29T09:57:28+00:00","og_image":[{"width":1500,"height":1914,"url":"https:\/\/www.swing-it.eu\/wp-content\/uploads\/2018\/06\/MG_8199-e1530027296972.jpg","type":"image\/jpeg"}],"twitter_card":"summary_large_image","schema":{"@context":"https:\/\/schema.org","@graph":[{"@type":"WebPage","@id":"https:\/\/www.swing-it.eu\/produkt\/beige-lindy-hop-skirt\/","url":"https:\/\/www.swing-it.eu\/produkt\/beige-lindy-hop-skirt\/","name":"Jupe beige - Chaussures Swing It","isPartOf":{"@id":"https:\/\/www.swing-it.eu\/#website"},"primaryImageOfPage":{"@id":"https:\/\/www.swing-it.eu\/produkt\/beige-lindy-hop-skirt\/#primaryimage"},"image":{"@id":"https:\/\/www.swing-it.eu\/produkt\/beige-lindy-hop-skirt\/#primaryimage"},"thumbnailUrl":"https:\/\/www.swing-it.eu\/wp-content\/uploads\/2018\/06\/MG_8199-e1530027296972.jpg","datePublished":"2018-05-04T16:27:24+00:00","dateModified":"2022-10-29T09:57:28+00:00","description":"jupe lindy hop beige, jupe portefeuille, jupe crayon, Sp\u00f3dnica o\u0142\u00f3wkowa r\u00e9tro, be\u017cowa sp\u00f3dnica, v\u00eatements lindy hop, jupe en laine, we\u0142niana sp\u00f3dnica","breadcrumb":{"@id":"https:\/\/www.swing-it.eu\/produkt\/beige-lindy-hop-skirt\/#breadcrumb"},"inLanguage":"fr-FR","potentialAction":[{"@type":"ReadAction","target":["https:\/\/www.swing-it.eu\/produkt\/beige-lindy-hop-skirt\/"]}]},{"@type":"ImageObject","inLanguage":"fr-FR","@id":"https:\/\/www.swing-it.eu\/produkt\/beige-lindy-hop-skirt\/#primaryimage","url":"https:\/\/www.swing-it.eu\/wp-content\/uploads\/2018\/06\/MG_8199-e1530027296972.jpg","contentUrl":"https:\/\/www.swing-it.eu\/wp-content\/uploads\/2018\/06\/MG_8199-e1530027296972.jpg","width":1500,"height":1914,"caption":"wool beige wrap skirt"},{"@type":"BreadcrumbList","@id":"https:\/\/www.swing-it.eu\/produkt\/beige-lindy-hop-skirt\/#breadcrumb","itemListElement":[{"@type":"ListItem","position":1,"name":"Strona g\u0142\u00f3wna","item":"https:\/\/www.swing-it.eu\/"},{"@type":"ListItem","position":2,"name":"SWING IT SHOES","item":"https:\/\/www.swing-it.eu\/"},{"@type":"ListItem","position":3,"name":"Beige Skirt"}]},{"@type":"WebSite","@id":"https:\/\/www.swing-it.eu\/#website","url":"https:\/\/www.swing-it.eu\/","name":"Chaussures Swing It","description":"Danseurs de Lindy Hop&amp;#039 ; marque","potentialAction":[{"@type":"SearchAction","target":{"@type":"EntryPoint","urlTemplate":"https:\/\/www.swing-it.eu\/?s={search_term_string}"},"query-input":{"@type":"PropertyValueSpecification","valueRequired":true,"valueName":"search_term_string"}}],"inLanguage":"fr-FR"}]}},"_links":{"self":[{"href":"https:\/\/www.swing-it.eu\/fr\/wp-json\/wp\/v2\/product\/1874","targetHints":{"allow":["GET"]}}],"collection":[{"href":"https:\/\/www.swing-it.eu\/fr\/wp-json\/wp\/v2\/product"}],"about":[{"href":"https:\/\/www.swing-it.eu\/fr\/wp-json\/wp\/v2\/types\/product"}],"replies":[{"embeddable":true,"href":"https:\/\/www.swing-it.eu\/fr\/wp-json\/wp\/v2\/comments?post=1874"}],"wp:featuredmedia":[{"embeddable":true,"href":"https:\/\/www.swing-it.eu\/fr\/wp-json\/wp\/v2\/media\/2196"}],"wp:attachment":[{"href":"https:\/\/www.swing-it.eu\/fr\/wp-json\/wp\/v2\/media?parent=1874"}],"wp:term":[{"taxonomy":"product_brand","embeddable":true,"href":"https:\/\/www.swing-it.eu\/fr\/wp-json\/wp\/v2\/product_brand?post=1874"},{"taxonomy":"product_cat","embeddable":true,"href":"https:\/\/www.swing-it.eu\/fr\/wp-json\/wp\/v2\/product_cat?post=1874"},{"taxonomy":"product_tag","embeddable":true,"href":"https:\/\/www.swing-it.eu\/fr\/wp-json\/wp\/v2\/product_tag?post=1874"}],"curies":[{"name":"wp","href":"https:\/\/api.w.org\/{rel}","templated":true}]}}