{"id":15316,"date":"2024-10-16T11:51:12","date_gmt":"2024-10-16T09:51:12","guid":{"rendered":"https:\/\/www.swing-it.eu\/?post_type=product&#038;p=15316"},"modified":"2026-03-23T22:45:20","modified_gmt":"2026-03-23T21:45:20","slug":"chocolat-noir-mabel","status":"publish","type":"product","link":"https:\/\/www.swing-it.eu\/fr\/produkt\/mabel-dark-chocolate\/","title":{"rendered":"Mabel Chocolat noir"},"content":{"rendered":"<h2 data-path-to-node=\"3\"><b data-path-to-node=\"3\" data-index-in-node=\"0\">Bottes professionnelles de Lindy Hop Mabel Dark Chocolate pour femmes\u00a0<\/b><\/h2>\n<p data-path-to-node=\"4\">Pr\u00e9sentation <b data-path-to-node=\"4\" data-index-in-node=\"12\">Mabel<\/b> \u2013 Une version revisit\u00e9e de nos embl\u00e9matiques bottes de danse, repens\u00e9e pour un confort et une libert\u00e9 de mouvement accrus. Le mod\u00e8le Mabel a \u00e9t\u00e9 sp\u00e9cialement con\u00e7u pour les danseuses ayant un pied l\u00e9g\u00e8rement plus large, offrant plus d&#039;espace l\u00e0 o\u00f9 c&#039;est le plus important.<\/p>\n<p data-path-to-node=\"5\">Confectionn\u00e9es en cuir souple de haute qualit\u00e9 dans une teinte profonde \u201c chocolat noir \u201d, ces bottes allient \u00e0 la perfection l&#039;esth\u00e9tique vintage des ann\u00e9es swing au savoir-faire moderne. <b data-path-to-node=\"5\" data-index-in-node=\"162\">style Derby<\/b> Le la\u00e7age offre non seulement un look intemporel, mais assure \u00e9galement un ajustement facile et un soutien r\u00e9glable au niveau du cou-de-pied.<\/p>\n<p data-path-to-node=\"6\"><b data-path-to-node=\"6\" data-index-in-node=\"0\">Principales caract\u00e9ristiques du mod\u00e8le Mabel\u00a0:<\/b><\/p>\n<ul data-path-to-node=\"7\">\n<li>\n<p data-path-to-node=\"7,0,0\"><b data-path-to-node=\"7,0,0\" data-index-in-node=\"0\">Chambre suppl\u00e9mentaire :<\/b> Construite sur une nouvelle forme con\u00e7ue pour ceux qui trouvent les mod\u00e8les standards (comme Norma) trop \u00e9troits.<\/p>\n<\/li>\n<li>\n<p data-path-to-node=\"7,1,0\"><b data-path-to-node=\"7,1,0\" data-index-in-node=\"0\">Souplesse adapt\u00e9e \u00e0 la danse\u00a0:<\/b> Le cuir souple associ\u00e9 \u00e0 une doublure plus fine permet \u00e0 la botte de s&#039;assouplir instantan\u00e9ment et de se mouler \u00e0 votre pied.<\/p>\n<\/li>\n<li>\n<p data-path-to-node=\"7,2,0\"><b data-path-to-node=\"7,2,0\" data-index-in-node=\"0\">Sensation de sol parfaite :<\/b> La semelle en cuir v\u00e9ritable et le talon en cuir empil\u00e9 offrent l&#039;\u00e9quilibre id\u00e9al entre glisse et adh\u00e9rence pour le Lindy Hop, le Balboa ou le Blues.<\/p>\n<\/li>\n<li>\n<p data-path-to-node=\"7,3,0\"><b data-path-to-node=\"7,3,0\" data-index-in-node=\"0\">Savoir-faire polonais :<\/b> Fabriqu\u00e9 \u00e0 la main dans un atelier polonais renomm\u00e9, avec une attention m\u00e9ticuleuse port\u00e9e \u00e0 chaque d\u00e9tail.<\/p>\n<\/li>\n<\/ul>\n<h2 data-path-to-node=\"9\"><b data-path-to-node=\"9\" data-index-in-node=\"0\">Sp\u00e9cifications techniques<\/b><\/h2>\n<ul data-path-to-node=\"10\">\n<li>\n<p data-path-to-node=\"10,0,0\"><b data-path-to-node=\"10,0,0\" data-index-in-node=\"0\">Mod\u00e8le:<\/b> Mabel<\/p>\n<\/li>\n<li>\n<p data-path-to-node=\"10,1,0\"><b data-path-to-node=\"10,1,0\" data-index-in-node=\"0\">Couleur:<\/b> Chocolat noir (brun fonc\u00e9)<\/p>\n<\/li>\n<li>\n<p data-path-to-node=\"10,2,0\"><b data-path-to-node=\"10,2,0\" data-index-in-node=\"0\">Mat\u00e9riau ext\u00e9rieur :<\/b> cuir v\u00e9ritable souple<\/p>\n<\/li>\n<li>\n<p data-path-to-node=\"10,3,0\"><b data-path-to-node=\"10,3,0\" data-index-in-node=\"0\">Garniture:<\/b> Cuir v\u00e9ritable fin (pour une flexibilit\u00e9 maximale)<\/p>\n<\/li>\n<li>\n<p data-path-to-node=\"10,4,0\"><b data-path-to-node=\"10,4,0\" data-index-in-node=\"0\">Seul:<\/b> Cuir rigide (optimis\u00e9 pour la danse)<\/p>\n<\/li>\n<li>\n<p data-path-to-node=\"10,5,0\"><b data-path-to-node=\"10,5,0\" data-index-in-node=\"0\">Talon:<\/b> Cuir empil\u00e9<\/p>\n<\/li>\n<li>\n<p data-path-to-node=\"10,6,0\"><b data-path-to-node=\"10,6,0\" data-index-in-node=\"0\">Type de la\u00e7age :<\/b> Derby (lacet ouvert)<\/p>\n<\/li>\n<li>\n<p data-path-to-node=\"10,7,0\"><b data-path-to-node=\"10,7,0\" data-index-in-node=\"0\">Conception:<\/b> bout rapport\u00e9<\/p>\n<\/li>\n<li>\n<p data-path-to-node=\"10,8,0\"><b data-path-to-node=\"10,8,0\" data-index-in-node=\"0\">Taille :<\/b> Ce mod\u00e8le taille environ une demi-pointure au-dessus.<\/p>\n<\/li>\n<\/ul>","protected":false},"excerpt":{"rendered":"<p>Nous lan\u00e7ons Mabel, de nouvelles bottes - plus spacieuses pour les personnes aux pieds plus larges pour lesquelles les bottes Norma sont trop serr\u00e9es.<\/p>\n<p>Nous avons redessin\u00e9 ces bottes et modifi\u00e9 le la\u00e7age. Le la\u00e7age de type Derby les rend plus faciles \u00e0 enfiler. Si vos pieds sont plus larges, ces bottes devraient \u00eatre votre choix. Le cuir plus souple et la doublure plus fine leur permettent de mieux s'adapter \u00e0 la forme de votre pied.<\/p>\n<p>Bottes Lindy Hop pour femmes, enti\u00e8rement en cuir. Bottes oxford l\u00e9g\u00e8res et souples pour les danseuses de Lindy Hop, Balboa et Blues. Confortables et durables. <a href=\"https:\/\/www.swing-it.eu\/fr\/shoe-manufacturing\/\">Fabriqu\u00e9<\/a> par une fabrique de chaussures de cirage renomm\u00e9e.  Type de talon - plein cuir.<\/p>\n<p>Disponible dans les tailles EU 35-42 , <span style=\"display: inline !important; float: none; background-color: transparent; color: #333333; cursor: text; font-family: Georgia,'Times New Roman','Bitstream Charter',Times,serif; font-size: 16px; font-style: normal; font-variant: normal; font-weight: 400; letter-spacing: normal; orphans: 2; text-align: left; text-decoration: none; text-indent: 0px; text-transform: none; -webkit-text-stroke-width: 0px; white-space: normal; word-spacing: 0px;\">\u00a0<a href=\"https:\/\/www.swing-it.eu\/fr\/tableau-des-tailles-de-chaussures\/\" target=\"_blank\" rel=\"noopener noreferrer\">Guide des tailles<\/a>.<\/span><\/p>\n<p><strong>Ce mod\u00e8le est 1\/2 taille plus grand que la moyenne. Si vous \u00eates entre deux tailles, choisissez la plus petite.<\/strong><\/p>\n<p>Si votre taille est manquante, veuillez\u00a0<a href=\"https:\/\/www.swing-it.eu\/fr\/nous-contacter\/\" target=\"_blank\" rel=\"noopener\">contact<\/a>\u00a0pour passer une commande.<\/p>","protected":false},"featured_media":15958,"comment_status":"open","ping_status":"closed","template":"","meta":[],"product_brand":[],"product_cat":[110,178],"product_tag":[204,195,1041,177,1044,144,1040,1046,1043,1042,1045],"class_list":{"0":"post-15316","1":"product","2":"type-product","3":"status-publish","4":"has-post-thumbnail","6":"product_cat-lindy-hop-shoes","7":"product_cat-womens-lindy-hop-shoes","8":"product_tag-boots","9":"product_tag-brown","10":"product_tag-dance-boots","11":"product_tag-dancing-shoes","12":"product_tag-leather-vintage-boots","13":"product_tag-lindyhop","14":"product_tag-lindy-hop-shoes","15":"product_tag-retro-dance-footwear","16":"product_tag-swing-dance-shoes","17":"product_tag-swing-it-mabel","18":"product_tag-wide-fit-dance-shoes","19":"pa_size-172","20":"pa_size-173","21":"pa_size-174","22":"pa_size-175","23":"pa_size-158","24":"pa_size-152","25":"pa_size-153","26":"pa_size-154","28":"first","29":"instock","30":"taxable","31":"shipping-taxable","32":"purchasable","33":"product-type-variable"},"yoast_head":"<!-- This site is optimized with the Yoast SEO plugin v27.4 - https:\/\/yoast.com\/product\/yoast-seo-wordpress\/ -->\n<title>Lindy Hop boots, oxfords, dance shoes, swing dancing<\/title>\n<meta name=\"description\" content=\"Lindy Hop women&#039;s boots. Mabel Dark Chocolate dance boots. Perfect for Lindy Hop &amp; Balboa. Wide fit, leather sole, and superior comfort.\" \/>\n<meta name=\"robots\" content=\"index, follow, max-snippet:-1, max-image-preview:large, max-video-preview:-1\" \/>\n<link rel=\"canonical\" href=\"https:\/\/www.swing-it.eu\/fr\/produit-2\/chocolat-noir-mabel\/\" \/>\n<meta property=\"og:locale\" content=\"fr_FR\" \/>\n<meta property=\"og:type\" content=\"article\" \/>\n<meta property=\"og:title\" content=\"Lindy Hop boots, oxfords, dance shoes, swing dancing\" \/>\n<meta property=\"og:description\" content=\"Lindy Hop women&#039;s boots. Mabel Dark Chocolate dance boots. Perfect for Lindy Hop &amp; Balboa. Wide fit, leather sole, and superior comfort.\" \/>\n<meta property=\"og:url\" content=\"https:\/\/www.swing-it.eu\/fr\/produit-2\/chocolat-noir-mabel\/\" \/>\n<meta property=\"og:site_name\" content=\"Swing It Shoes\" \/>\n<meta property=\"article:publisher\" content=\"https:\/\/www.facebook.com\/SwingItEU\/\" \/>\n<meta property=\"article:modified_time\" content=\"2026-03-23T21:45:20+00:00\" \/>\n<meta property=\"og:image\" content=\"https:\/\/www.swing-it.eu\/wp-content\/uploads\/2026\/03\/1774257291038.jpg\" \/>\n\t<meta property=\"og:image:width\" content=\"896\" \/>\n\t<meta property=\"og:image:height\" content=\"1195\" \/>\n\t<meta property=\"og:image:type\" content=\"image\/jpeg\" \/>\n<meta name=\"twitter:card\" content=\"summary_large_image\" \/>\n<meta name=\"twitter:label1\" content=\"Dur\u00e9e de lecture estim\u00e9e\" \/>\n\t<meta name=\"twitter:data1\" content=\"2 minutes\" \/>\n<script type=\"application\/ld+json\" class=\"yoast-schema-graph\">{\"@context\":\"https:\\\/\\\/schema.org\",\"@graph\":[{\"@type\":\"WebPage\",\"@id\":\"https:\\\/\\\/www.swing-it.eu\\\/produkt\\\/mabel-dark-chocolate\\\/\",\"url\":\"https:\\\/\\\/www.swing-it.eu\\\/produkt\\\/mabel-dark-chocolate\\\/\",\"name\":\"Lindy Hop boots, oxfords, dance shoes, swing dancing\",\"isPartOf\":{\"@id\":\"https:\\\/\\\/www.swing-it.eu\\\/#website\"},\"primaryImageOfPage\":{\"@id\":\"https:\\\/\\\/www.swing-it.eu\\\/produkt\\\/mabel-dark-chocolate\\\/#primaryimage\"},\"image\":{\"@id\":\"https:\\\/\\\/www.swing-it.eu\\\/produkt\\\/mabel-dark-chocolate\\\/#primaryimage\"},\"thumbnailUrl\":\"https:\\\/\\\/www.swing-it.eu\\\/wp-content\\\/uploads\\\/2026\\\/03\\\/1774257291038.jpg\",\"datePublished\":\"2024-10-16T09:51:12+00:00\",\"dateModified\":\"2026-03-23T21:45:20+00:00\",\"description\":\"Lindy Hop women's boots. Mabel Dark Chocolate dance boots. Perfect for Lindy Hop & Balboa. Wide fit, leather sole, and superior comfort.\",\"breadcrumb\":{\"@id\":\"https:\\\/\\\/www.swing-it.eu\\\/produkt\\\/mabel-dark-chocolate\\\/#breadcrumb\"},\"inLanguage\":\"fr-FR\",\"potentialAction\":[{\"@type\":\"ReadAction\",\"target\":[\"https:\\\/\\\/www.swing-it.eu\\\/produkt\\\/mabel-dark-chocolate\\\/\"]}]},{\"@type\":\"ImageObject\",\"inLanguage\":\"fr-FR\",\"@id\":\"https:\\\/\\\/www.swing-it.eu\\\/produkt\\\/mabel-dark-chocolate\\\/#primaryimage\",\"url\":\"https:\\\/\\\/www.swing-it.eu\\\/wp-content\\\/uploads\\\/2026\\\/03\\\/1774257291038.jpg\",\"contentUrl\":\"https:\\\/\\\/www.swing-it.eu\\\/wp-content\\\/uploads\\\/2026\\\/03\\\/1774257291038.jpg\",\"width\":896,\"height\":1195,\"caption\":\"Dark Brown boots for Lindy Hop dancers\"},{\"@type\":\"BreadcrumbList\",\"@id\":\"https:\\\/\\\/www.swing-it.eu\\\/produkt\\\/mabel-dark-chocolate\\\/#breadcrumb\",\"itemListElement\":[{\"@type\":\"ListItem\",\"position\":1,\"name\":\"Strona g\u0142\u00f3wna\",\"item\":\"https:\\\/\\\/www.swing-it.eu\\\/\"},{\"@type\":\"ListItem\",\"position\":2,\"name\":\"SWING IT SHOES\",\"item\":\"https:\\\/\\\/www.swing-it.eu\\\/\"},{\"@type\":\"ListItem\",\"position\":3,\"name\":\"Mabel Dark Chocolate\"}]},{\"@type\":\"WebSite\",\"@id\":\"https:\\\/\\\/www.swing-it.eu\\\/#website\",\"url\":\"https:\\\/\\\/www.swing-it.eu\\\/\",\"name\":\"Swing It Shoes\",\"description\":\"Lindy Hop dancers&#039; brand\",\"potentialAction\":[{\"@type\":\"SearchAction\",\"target\":{\"@type\":\"EntryPoint\",\"urlTemplate\":\"https:\\\/\\\/www.swing-it.eu\\\/?s={search_term_string}\"},\"query-input\":{\"@type\":\"PropertyValueSpecification\",\"valueRequired\":true,\"valueName\":\"search_term_string\"}}],\"inLanguage\":\"fr-FR\"}]}<\/script>\n<!-- \/ Yoast SEO plugin. -->","yoast_head_json":{"title":"Lindy Hop boots, oxfords, chaussures de danse, swing dancing","description":"Bottes de Lindy Hop pour femmes. Bottes de danse Mabel couleur chocolat noir. Id\u00e9ales pour le Lindy Hop et le Balboa. Coupe large, semelle en cuir et confort exceptionnel.","robots":{"index":"index","follow":"follow","max-snippet":"max-snippet:-1","max-image-preview":"max-image-preview:large","max-video-preview":"max-video-preview:-1"},"canonical":"https:\/\/www.swing-it.eu\/fr\/produit-2\/chocolat-noir-mabel\/","og_locale":"fr_FR","og_type":"article","og_title":"Lindy Hop boots, oxfords, dance shoes, swing dancing","og_description":"Lindy Hop women's boots. Mabel Dark Chocolate dance boots. Perfect for Lindy Hop & Balboa. Wide fit, leather sole, and superior comfort.","og_url":"https:\/\/www.swing-it.eu\/fr\/produit-2\/chocolat-noir-mabel\/","og_site_name":"Swing It Shoes","article_publisher":"https:\/\/www.facebook.com\/SwingItEU\/","article_modified_time":"2026-03-23T21:45:20+00:00","og_image":[{"width":896,"height":1195,"url":"https:\/\/www.swing-it.eu\/wp-content\/uploads\/2026\/03\/1774257291038.jpg","type":"image\/jpeg"}],"twitter_card":"summary_large_image","twitter_misc":{"Dur\u00e9e de lecture estim\u00e9e":"2 minutes"},"schema":{"@context":"https:\/\/schema.org","@graph":[{"@type":"WebPage","@id":"https:\/\/www.swing-it.eu\/produkt\/mabel-dark-chocolate\/","url":"https:\/\/www.swing-it.eu\/produkt\/mabel-dark-chocolate\/","name":"Lindy Hop boots, oxfords, chaussures de danse, swing dancing","isPartOf":{"@id":"https:\/\/www.swing-it.eu\/#website"},"primaryImageOfPage":{"@id":"https:\/\/www.swing-it.eu\/produkt\/mabel-dark-chocolate\/#primaryimage"},"image":{"@id":"https:\/\/www.swing-it.eu\/produkt\/mabel-dark-chocolate\/#primaryimage"},"thumbnailUrl":"https:\/\/www.swing-it.eu\/wp-content\/uploads\/2026\/03\/1774257291038.jpg","datePublished":"2024-10-16T09:51:12+00:00","dateModified":"2026-03-23T21:45:20+00:00","description":"Bottes de Lindy Hop pour femmes. Bottes de danse Mabel couleur chocolat noir. Id\u00e9ales pour le Lindy Hop et le Balboa. Coupe large, semelle en cuir et confort exceptionnel.","breadcrumb":{"@id":"https:\/\/www.swing-it.eu\/produkt\/mabel-dark-chocolate\/#breadcrumb"},"inLanguage":"fr-FR","potentialAction":[{"@type":"ReadAction","target":["https:\/\/www.swing-it.eu\/produkt\/mabel-dark-chocolate\/"]}]},{"@type":"ImageObject","inLanguage":"fr-FR","@id":"https:\/\/www.swing-it.eu\/produkt\/mabel-dark-chocolate\/#primaryimage","url":"https:\/\/www.swing-it.eu\/wp-content\/uploads\/2026\/03\/1774257291038.jpg","contentUrl":"https:\/\/www.swing-it.eu\/wp-content\/uploads\/2026\/03\/1774257291038.jpg","width":896,"height":1195,"caption":"Dark Brown boots for Lindy Hop dancers"},{"@type":"BreadcrumbList","@id":"https:\/\/www.swing-it.eu\/produkt\/mabel-dark-chocolate\/#breadcrumb","itemListElement":[{"@type":"ListItem","position":1,"name":"Strona g\u0142\u00f3wna","item":"https:\/\/www.swing-it.eu\/"},{"@type":"ListItem","position":2,"name":"SWING IT SHOES","item":"https:\/\/www.swing-it.eu\/"},{"@type":"ListItem","position":3,"name":"Mabel Dark Chocolate"}]},{"@type":"WebSite","@id":"https:\/\/www.swing-it.eu\/#website","url":"https:\/\/www.swing-it.eu\/","name":"Chaussures Swing It","description":"Danseurs de Lindy Hop&amp;#039 ; marque","potentialAction":[{"@type":"SearchAction","target":{"@type":"EntryPoint","urlTemplate":"https:\/\/www.swing-it.eu\/?s={search_term_string}"},"query-input":{"@type":"PropertyValueSpecification","valueRequired":true,"valueName":"search_term_string"}}],"inLanguage":"fr-FR"}]}},"_links":{"self":[{"href":"https:\/\/www.swing-it.eu\/fr\/wp-json\/wp\/v2\/product\/15316","targetHints":{"allow":["GET"]}}],"collection":[{"href":"https:\/\/www.swing-it.eu\/fr\/wp-json\/wp\/v2\/product"}],"about":[{"href":"https:\/\/www.swing-it.eu\/fr\/wp-json\/wp\/v2\/types\/product"}],"replies":[{"embeddable":true,"href":"https:\/\/www.swing-it.eu\/fr\/wp-json\/wp\/v2\/comments?post=15316"}],"wp:featuredmedia":[{"embeddable":true,"href":"https:\/\/www.swing-it.eu\/fr\/wp-json\/wp\/v2\/media\/15958"}],"wp:attachment":[{"href":"https:\/\/www.swing-it.eu\/fr\/wp-json\/wp\/v2\/media?parent=15316"}],"wp:term":[{"taxonomy":"product_brand","embeddable":true,"href":"https:\/\/www.swing-it.eu\/fr\/wp-json\/wp\/v2\/product_brand?post=15316"},{"taxonomy":"product_cat","embeddable":true,"href":"https:\/\/www.swing-it.eu\/fr\/wp-json\/wp\/v2\/product_cat?post=15316"},{"taxonomy":"product_tag","embeddable":true,"href":"https:\/\/www.swing-it.eu\/fr\/wp-json\/wp\/v2\/product_tag?post=15316"}],"curies":[{"name":"wp","href":"https:\/\/api.w.org\/{rel}","templated":true}]}}