{"id":10546,"date":"2024-12-12T11:42:39","date_gmt":"2024-12-12T10:42:39","guid":{"rendered":"https:\/\/www.swing-it.eu\/?post_type=product&#038;p=10546"},"modified":"2026-04-12T00:03:51","modified_gmt":"2026-04-11T22:03:51","slug":"ella-or","status":"publish","type":"product","link":"https:\/\/www.swing-it.eu\/fr\/produkt\/ella-gold\/","title":{"rendered":"Ella Gold"},"content":{"rendered":"<p>Chaussures de danse et de mariage en or blanc<\/p>","protected":false},"excerpt":{"rendered":"<p style=\"text-align: left;\">Nouveau mod\u00e8le - \u201cElla\u201d<\/p>\n<p>Con\u00e7ue pour le confort.  Largeur accrue, semelle int\u00e9rieure matelass\u00e9e et talon tr\u00e8s stable de 5 cm.<\/p>\n<p>Nomm\u00e9e d'apr\u00e8s la l\u00e9gendaire Ella Fitzgerald.<\/p>\n<p>Tailles 35-42<\/p>\n<p><strong>Taille : la plupart des clients signalent que les chaussures sont plus grandes d'une demi-pointure que ce qu'ils portent habituellement. Tenez-en compte lors de votre commande.<\/strong><\/p>\n<p>&nbsp;<\/p>\n<table dir=\"ltr\" border=\"1\" cellspacing=\"0\" cellpadding=\"0\" data-sheets-root=\"1\" data-sheets-baot=\"1\">\n<colgroup>\n<col width=\"87\" \/>\n<col width=\"80\" \/><\/colgroup>\n<tbody>\n<tr>\n<td><strong>taille<\/strong><\/td>\n<td><strong>longueur int\u00e9rieure en cm<\/strong><\/td>\n<\/tr>\n<tr>\n<td><strong>35<\/strong><\/td>\n<td><strong>23<\/strong><\/td>\n<\/tr>\n<tr>\n<td><strong>36<\/strong><\/td>\n<td><strong>23,7<\/strong><\/td>\n<\/tr>\n<tr>\n<td><strong>37<\/strong><\/td>\n<td><strong>24<\/strong><\/td>\n<\/tr>\n<tr>\n<td><strong>37,5<\/strong><\/td>\n<td><strong>24,5<\/strong><\/td>\n<\/tr>\n<tr>\n<td><strong>38<\/strong><\/td>\n<td><strong>25<\/strong><\/td>\n<\/tr>\n<tr>\n<td><strong>38,5<\/strong><\/td>\n<td><strong>25,3<\/strong><\/td>\n<\/tr>\n<tr>\n<td><strong>39<\/strong><\/td>\n<td><strong>25,6<\/strong><\/td>\n<\/tr>\n<tr>\n<td><strong>40<\/strong><\/td>\n<td><strong>26<\/strong><\/td>\n<\/tr>\n<tr>\n<td><strong>41<\/strong><\/td>\n<td><strong>26,5<\/strong><\/td>\n<\/tr>\n<tr>\n<td><strong>42<\/strong><\/td>\n<td><strong>27,5<\/strong><\/td>\n<\/tr>\n<\/tbody>\n<\/table>\n<p>&nbsp;<\/p>\n<p>&nbsp;<\/p>\n<p>&nbsp;<\/p>\n<p>&nbsp;<\/p>","protected":false},"featured_media":10650,"comment_status":"open","ping_status":"closed","template":"","meta":[],"product_brand":[],"product_cat":[110,178],"product_tag":[145,286,177,266,280,144,287,281],"class_list":{"0":"post-10546","1":"product","2":"type-product","3":"status-publish","4":"has-post-thumbnail","6":"product_cat-lindy-hop-shoes","7":"product_cat-womens-lindy-hop-shoes","8":"product_tag-balboa","9":"product_tag-bride","10":"product_tag-dancing-shoes","11":"product_tag-gold","12":"product_tag-heels","13":"product_tag-lindyhop","14":"product_tag-wedding-shoes","15":"product_tag-wide","16":"pa_size-172","17":"pa_size-173","18":"pa_size-174","19":"pa_size-37-5","20":"pa_size-175","21":"pa_size-38-5","22":"pa_size-158","23":"pa_size-152","24":"pa_size-153","25":"pa_size-154","27":"first","28":"instock","29":"taxable","30":"shipping-taxable","31":"purchasable","32":"product-type-variable"},"yoast_head":"<!-- This site is optimized with the Yoast SEO plugin v27.4 - https:\/\/yoast.com\/product\/yoast-seo-wordpress\/ -->\n<title>Lindy Hop women&#039;s brown brogues, dance shoes, swing dancing<\/title>\n<meta name=\"description\" content=\"Light brown, all leather brogued shoes. Lindy Hop women&#039;s shoes. Light and soft shoes for Lindy Hop and Blues dancers. Extremely comfortable and durable.\" \/>\n<meta name=\"robots\" content=\"index, follow, max-snippet:-1, max-image-preview:large, max-video-preview:-1\" \/>\n<link rel=\"canonical\" href=\"https:\/\/www.swing-it.eu\/fr\/produit-2\/ella-or\/\" \/>\n<meta property=\"og:locale\" content=\"fr_FR\" \/>\n<meta property=\"og:type\" content=\"article\" \/>\n<meta property=\"og:title\" content=\"Lindy Hop women&#039;s brown brogues, dance shoes, swing dancing\" \/>\n<meta property=\"og:description\" content=\"Light brown, all leather brogued shoes. Lindy Hop women&#039;s shoes. Light and soft shoes for Lindy Hop and Blues dancers. Extremely comfortable and durable.\" \/>\n<meta property=\"og:url\" content=\"https:\/\/www.swing-it.eu\/fr\/produit-2\/ella-or\/\" \/>\n<meta property=\"og:site_name\" content=\"Swing It Shoes\" \/>\n<meta property=\"article:publisher\" content=\"https:\/\/www.facebook.com\/SwingItEU\/\" \/>\n<meta property=\"article:modified_time\" content=\"2026-04-11T22:03:51+00:00\" \/>\n<meta property=\"og:image\" content=\"https:\/\/www.swing-it.eu\/wp-content\/uploads\/2024\/12\/DSC00592-copy.jpg\" \/>\n\t<meta property=\"og:image:width\" content=\"1000\" \/>\n\t<meta property=\"og:image:height\" content=\"1333\" \/>\n\t<meta property=\"og:image:type\" content=\"image\/jpeg\" \/>\n<meta name=\"twitter:card\" content=\"summary_large_image\" \/>\n<script type=\"application\/ld+json\" class=\"yoast-schema-graph\">{\"@context\":\"https:\\\/\\\/schema.org\",\"@graph\":[{\"@type\":\"WebPage\",\"@id\":\"https:\\\/\\\/www.swing-it.eu\\\/produkt\\\/ella-gold\\\/\",\"url\":\"https:\\\/\\\/www.swing-it.eu\\\/produkt\\\/ella-gold\\\/\",\"name\":\"Lindy Hop women's brown brogues, dance shoes, swing dancing\",\"isPartOf\":{\"@id\":\"https:\\\/\\\/www.swing-it.eu\\\/#website\"},\"primaryImageOfPage\":{\"@id\":\"https:\\\/\\\/www.swing-it.eu\\\/produkt\\\/ella-gold\\\/#primaryimage\"},\"image\":{\"@id\":\"https:\\\/\\\/www.swing-it.eu\\\/produkt\\\/ella-gold\\\/#primaryimage\"},\"thumbnailUrl\":\"https:\\\/\\\/www.swing-it.eu\\\/wp-content\\\/uploads\\\/2024\\\/12\\\/DSC00592-copy.jpg\",\"datePublished\":\"2024-12-12T10:42:39+00:00\",\"dateModified\":\"2026-04-11T22:03:51+00:00\",\"description\":\"Light brown, all leather brogued shoes. Lindy Hop women's shoes. Light and soft shoes for Lindy Hop and Blues dancers. Extremely comfortable and durable.\",\"breadcrumb\":{\"@id\":\"https:\\\/\\\/www.swing-it.eu\\\/produkt\\\/ella-gold\\\/#breadcrumb\"},\"inLanguage\":\"fr-FR\",\"potentialAction\":[{\"@type\":\"ReadAction\",\"target\":[\"https:\\\/\\\/www.swing-it.eu\\\/produkt\\\/ella-gold\\\/\"]}]},{\"@type\":\"ImageObject\",\"inLanguage\":\"fr-FR\",\"@id\":\"https:\\\/\\\/www.swing-it.eu\\\/produkt\\\/ella-gold\\\/#primaryimage\",\"url\":\"https:\\\/\\\/www.swing-it.eu\\\/wp-content\\\/uploads\\\/2024\\\/12\\\/DSC00592-copy.jpg\",\"contentUrl\":\"https:\\\/\\\/www.swing-it.eu\\\/wp-content\\\/uploads\\\/2024\\\/12\\\/DSC00592-copy.jpg\",\"width\":1000,\"height\":1333,\"caption\":\"White Gold heel shoes, bridal shoes, wedding Lindy Hop, Balboa shoes\"},{\"@type\":\"BreadcrumbList\",\"@id\":\"https:\\\/\\\/www.swing-it.eu\\\/produkt\\\/ella-gold\\\/#breadcrumb\",\"itemListElement\":[{\"@type\":\"ListItem\",\"position\":1,\"name\":\"Strona g\u0142\u00f3wna\",\"item\":\"https:\\\/\\\/www.swing-it.eu\\\/\"},{\"@type\":\"ListItem\",\"position\":2,\"name\":\"SWING IT SHOES\",\"item\":\"https:\\\/\\\/www.swing-it.eu\\\/\"},{\"@type\":\"ListItem\",\"position\":3,\"name\":\"Ella Gold\"}]},{\"@type\":\"WebSite\",\"@id\":\"https:\\\/\\\/www.swing-it.eu\\\/#website\",\"url\":\"https:\\\/\\\/www.swing-it.eu\\\/\",\"name\":\"Swing It Shoes\",\"description\":\"Lindy Hop dancers&#039; brand\",\"potentialAction\":[{\"@type\":\"SearchAction\",\"target\":{\"@type\":\"EntryPoint\",\"urlTemplate\":\"https:\\\/\\\/www.swing-it.eu\\\/?s={search_term_string}\"},\"query-input\":{\"@type\":\"PropertyValueSpecification\",\"valueRequired\":true,\"valueName\":\"search_term_string\"}}],\"inLanguage\":\"fr-FR\"}]}<\/script>\n<!-- \/ Yoast SEO plugin. -->","yoast_head_json":{"title":"Lindy Hop chaussures de danse marron pour femmes, chaussures de danse, danse swing","description":"Chaussures brogu\u00e9es en cuir marron clair. Chaussures Lindy Hop pour femmes. Chaussures l\u00e9g\u00e8res et souples pour les danseuses de Lindy Hop et de Blues. Extr\u00eamement confortables et durables.","robots":{"index":"index","follow":"follow","max-snippet":"max-snippet:-1","max-image-preview":"max-image-preview:large","max-video-preview":"max-video-preview:-1"},"canonical":"https:\/\/www.swing-it.eu\/fr\/produit-2\/ella-or\/","og_locale":"fr_FR","og_type":"article","og_title":"Lindy Hop women's brown brogues, dance shoes, swing dancing","og_description":"Light brown, all leather brogued shoes. Lindy Hop women's shoes. Light and soft shoes for Lindy Hop and Blues dancers. Extremely comfortable and durable.","og_url":"https:\/\/www.swing-it.eu\/fr\/produit-2\/ella-or\/","og_site_name":"Swing It Shoes","article_publisher":"https:\/\/www.facebook.com\/SwingItEU\/","article_modified_time":"2026-04-11T22:03:51+00:00","og_image":[{"width":1000,"height":1333,"url":"https:\/\/www.swing-it.eu\/wp-content\/uploads\/2024\/12\/DSC00592-copy.jpg","type":"image\/jpeg"}],"twitter_card":"summary_large_image","schema":{"@context":"https:\/\/schema.org","@graph":[{"@type":"WebPage","@id":"https:\/\/www.swing-it.eu\/produkt\/ella-gold\/","url":"https:\/\/www.swing-it.eu\/produkt\/ella-gold\/","name":"Lindy Hop chaussures de danse marron pour femmes, chaussures de danse, danse swing","isPartOf":{"@id":"https:\/\/www.swing-it.eu\/#website"},"primaryImageOfPage":{"@id":"https:\/\/www.swing-it.eu\/produkt\/ella-gold\/#primaryimage"},"image":{"@id":"https:\/\/www.swing-it.eu\/produkt\/ella-gold\/#primaryimage"},"thumbnailUrl":"https:\/\/www.swing-it.eu\/wp-content\/uploads\/2024\/12\/DSC00592-copy.jpg","datePublished":"2024-12-12T10:42:39+00:00","dateModified":"2026-04-11T22:03:51+00:00","description":"Chaussures brogu\u00e9es en cuir marron clair. Chaussures Lindy Hop pour femmes. Chaussures l\u00e9g\u00e8res et souples pour les danseuses de Lindy Hop et de Blues. Extr\u00eamement confortables et durables.","breadcrumb":{"@id":"https:\/\/www.swing-it.eu\/produkt\/ella-gold\/#breadcrumb"},"inLanguage":"fr-FR","potentialAction":[{"@type":"ReadAction","target":["https:\/\/www.swing-it.eu\/produkt\/ella-gold\/"]}]},{"@type":"ImageObject","inLanguage":"fr-FR","@id":"https:\/\/www.swing-it.eu\/produkt\/ella-gold\/#primaryimage","url":"https:\/\/www.swing-it.eu\/wp-content\/uploads\/2024\/12\/DSC00592-copy.jpg","contentUrl":"https:\/\/www.swing-it.eu\/wp-content\/uploads\/2024\/12\/DSC00592-copy.jpg","width":1000,"height":1333,"caption":"White Gold heel shoes, bridal shoes, wedding Lindy Hop, Balboa shoes"},{"@type":"BreadcrumbList","@id":"https:\/\/www.swing-it.eu\/produkt\/ella-gold\/#breadcrumb","itemListElement":[{"@type":"ListItem","position":1,"name":"Strona g\u0142\u00f3wna","item":"https:\/\/www.swing-it.eu\/"},{"@type":"ListItem","position":2,"name":"SWING IT SHOES","item":"https:\/\/www.swing-it.eu\/"},{"@type":"ListItem","position":3,"name":"Ella Gold"}]},{"@type":"WebSite","@id":"https:\/\/www.swing-it.eu\/#website","url":"https:\/\/www.swing-it.eu\/","name":"Chaussures Swing It","description":"Danseurs de Lindy Hop&amp;#039 ; marque","potentialAction":[{"@type":"SearchAction","target":{"@type":"EntryPoint","urlTemplate":"https:\/\/www.swing-it.eu\/?s={search_term_string}"},"query-input":{"@type":"PropertyValueSpecification","valueRequired":true,"valueName":"search_term_string"}}],"inLanguage":"fr-FR"}]}},"_links":{"self":[{"href":"https:\/\/www.swing-it.eu\/fr\/wp-json\/wp\/v2\/product\/10546","targetHints":{"allow":["GET"]}}],"collection":[{"href":"https:\/\/www.swing-it.eu\/fr\/wp-json\/wp\/v2\/product"}],"about":[{"href":"https:\/\/www.swing-it.eu\/fr\/wp-json\/wp\/v2\/types\/product"}],"replies":[{"embeddable":true,"href":"https:\/\/www.swing-it.eu\/fr\/wp-json\/wp\/v2\/comments?post=10546"}],"wp:featuredmedia":[{"embeddable":true,"href":"https:\/\/www.swing-it.eu\/fr\/wp-json\/wp\/v2\/media\/10650"}],"wp:attachment":[{"href":"https:\/\/www.swing-it.eu\/fr\/wp-json\/wp\/v2\/media?parent=10546"}],"wp:term":[{"taxonomy":"product_brand","embeddable":true,"href":"https:\/\/www.swing-it.eu\/fr\/wp-json\/wp\/v2\/product_brand?post=10546"},{"taxonomy":"product_cat","embeddable":true,"href":"https:\/\/www.swing-it.eu\/fr\/wp-json\/wp\/v2\/product_cat?post=10546"},{"taxonomy":"product_tag","embeddable":true,"href":"https:\/\/www.swing-it.eu\/fr\/wp-json\/wp\/v2\/product_tag?post=10546"}],"curies":[{"name":"wp","href":"https:\/\/api.w.org\/{rel}","templated":true}]}}