{"id":4531,"date":"2021-10-09T10:39:45","date_gmt":"2021-10-09T08:39:45","guid":{"rendered":"https:\/\/www.swing-it.eu\/?post_type=product&#038;p=4531"},"modified":"2026-03-19T17:54:03","modified_gmt":"2026-03-19T16:54:03","slug":"suit-belt","status":"publish","type":"product","link":"https:\/\/www.swing-it.eu\/es\/produkt\/suit-belt\/","title":{"rendered":"Cintur\u00f3n de traje"},"content":{"rendered":"<p>Paski garniturowe wykonane s\u0105 ze sk\u00f3ry naturalnej. Szeroko\u015b\u0107 &#8211; 2,8 cm<\/p>\n<p>Rozmiary &#8211; 80, 85, 90, 95, 100, 105, 110<\/p>\n<p>Sprawd\u017a sw\u00f3j obw\u00f3d talii, aby wybra\u0107 najbli\u017cszy rozmiar. Wybierz pasek, kt\u00f3ry wynosi +\/- 5 cm do obwodu talii.<\/p>\n<p>Na przyk\u0142ad, je\u015bli masz od 96 do 104 cm, tw\u00f3j rozmiar to 100. Je\u015bli masz 98 cm, pasuj\u0105 na ciebie zar\u00f3wno 95, jak i 100.<\/p>\n<p>Dost\u0119pne wzory: g\u0142adki, pleciony<\/p>\n<p>Wyprodukowano w Polsce<\/p>","protected":false},"excerpt":{"rendered":"<p>Suit belts are made of genuine leather. Width &#8211; 2.8 cm<\/p>\n<p>Sizing &#8211; 80, 85, 90, 95, 100, 105, 110<\/p>\n<p>Check your waist measurement to choose the closest size. Choose the belt that is +\/- 5 cm to your waist size.<\/p>\n<p>For example if you&#8217;re between 96 and 104 your size is 100. If you&#8217;re 98 both 95 and 100 would fit you.<\/p>\n<p>Available styles: plain, braided<\/p>\n<p>Produced in Poland<\/p>\n<p>&nbsp;<\/p>","protected":false},"featured_media":15631,"comment_status":"open","ping_status":"closed","template":"","meta":[],"product_brand":[],"product_cat":[253,229,109,114],"product_tag":[254,220],"class_list":{"0":"post-4531","1":"product","2":"type-product","3":"status-publish","4":"has-post-thumbnail","6":"product_cat-accessories","7":"product_cat-clothing","8":"product_cat-men","9":"product_cat-women","10":"product_tag-belt","11":"product_tag-leather","13":"first","14":"instock","15":"taxable","16":"shipping-taxable","17":"purchasable","18":"product-type-variable","19":"has-default-attributes"},"yoast_head":"<!-- This site is optimized with the Yoast SEO plugin v27.4 - https:\/\/yoast.com\/product\/yoast-seo-wordpress\/ -->\n<title>Suit Belt - Swing It Shoes<\/title>\n<meta name=\"robots\" content=\"index, follow, max-snippet:-1, max-image-preview:large, max-video-preview:-1\" \/>\n<link rel=\"canonical\" href=\"https:\/\/www.swing-it.eu\/es\/producto-2\/suit-belt\/\" \/>\n<meta property=\"og:locale\" content=\"es_ES\" \/>\n<meta property=\"og:type\" content=\"article\" \/>\n<meta property=\"og:title\" content=\"Suit Belt - Swing It Shoes\" \/>\n<meta property=\"og:description\" content=\"Suit belts are made of genuine leather. Width - 2.8 cm  Sizing - 80, 85, 90, 95, 100, 105, 110  Check your waist measurement to choose the closest size. Choose the belt that is +\/- 5 cm to your waist size.  For example if you&#039;re between 96 and 104 your size is 100. If you&#039;re 98 both 95 and 100 would fit you.  Available styles: plain, braided  Produced in Poland  &nbsp;\" \/>\n<meta property=\"og:url\" content=\"https:\/\/www.swing-it.eu\/es\/producto-2\/suit-belt\/\" \/>\n<meta property=\"og:site_name\" content=\"Swing It Shoes\" \/>\n<meta property=\"article:publisher\" content=\"https:\/\/www.facebook.com\/SwingItEU\/\" \/>\n<meta property=\"article:modified_time\" content=\"2026-03-19T16:54:03+00:00\" \/>\n<meta property=\"og:image\" content=\"https:\/\/www.swing-it.eu\/wp-content\/uploads\/2025\/11\/DSC08114.jpg\" \/>\n\t<meta property=\"og:image:width\" content=\"1000\" \/>\n\t<meta property=\"og:image:height\" content=\"1334\" \/>\n\t<meta property=\"og:image:type\" content=\"image\/jpeg\" \/>\n<meta name=\"twitter:card\" content=\"summary_large_image\" \/>\n<meta name=\"twitter:label1\" content=\"Tiempo de lectura\" \/>\n\t<meta name=\"twitter:data1\" content=\"1 minuto\" \/>\n<script type=\"application\/ld+json\" class=\"yoast-schema-graph\">{\"@context\":\"https:\\\/\\\/schema.org\",\"@graph\":[{\"@type\":\"WebPage\",\"@id\":\"https:\\\/\\\/www.swing-it.eu\\\/produkt\\\/suit-belt\\\/\",\"url\":\"https:\\\/\\\/www.swing-it.eu\\\/produkt\\\/suit-belt\\\/\",\"name\":\"Suit Belt - Swing It Shoes\",\"isPartOf\":{\"@id\":\"https:\\\/\\\/www.swing-it.eu\\\/#website\"},\"primaryImageOfPage\":{\"@id\":\"https:\\\/\\\/www.swing-it.eu\\\/produkt\\\/suit-belt\\\/#primaryimage\"},\"image\":{\"@id\":\"https:\\\/\\\/www.swing-it.eu\\\/produkt\\\/suit-belt\\\/#primaryimage\"},\"thumbnailUrl\":\"https:\\\/\\\/www.swing-it.eu\\\/wp-content\\\/uploads\\\/2025\\\/11\\\/DSC08114.jpg\",\"datePublished\":\"2021-10-09T08:39:45+00:00\",\"dateModified\":\"2026-03-19T16:54:03+00:00\",\"breadcrumb\":{\"@id\":\"https:\\\/\\\/www.swing-it.eu\\\/produkt\\\/suit-belt\\\/#breadcrumb\"},\"inLanguage\":\"es\",\"potentialAction\":[{\"@type\":\"ReadAction\",\"target\":[\"https:\\\/\\\/www.swing-it.eu\\\/produkt\\\/suit-belt\\\/\"]}]},{\"@type\":\"ImageObject\",\"inLanguage\":\"es\",\"@id\":\"https:\\\/\\\/www.swing-it.eu\\\/produkt\\\/suit-belt\\\/#primaryimage\",\"url\":\"https:\\\/\\\/www.swing-it.eu\\\/wp-content\\\/uploads\\\/2025\\\/11\\\/DSC08114.jpg\",\"contentUrl\":\"https:\\\/\\\/www.swing-it.eu\\\/wp-content\\\/uploads\\\/2025\\\/11\\\/DSC08114.jpg\",\"width\":1000,\"height\":1334,\"caption\":\"leather belt\"},{\"@type\":\"BreadcrumbList\",\"@id\":\"https:\\\/\\\/www.swing-it.eu\\\/produkt\\\/suit-belt\\\/#breadcrumb\",\"itemListElement\":[{\"@type\":\"ListItem\",\"position\":1,\"name\":\"Strona g\u0142\u00f3wna\",\"item\":\"https:\\\/\\\/www.swing-it.eu\\\/\"},{\"@type\":\"ListItem\",\"position\":2,\"name\":\"SWING IT SHOES\",\"item\":\"https:\\\/\\\/www.swing-it.eu\\\/\"},{\"@type\":\"ListItem\",\"position\":3,\"name\":\"Suit Belt\"}]},{\"@type\":\"WebSite\",\"@id\":\"https:\\\/\\\/www.swing-it.eu\\\/#website\",\"url\":\"https:\\\/\\\/www.swing-it.eu\\\/\",\"name\":\"Swing It Shoes\",\"description\":\"Lindy Hop dancers&#039; brand\",\"potentialAction\":[{\"@type\":\"SearchAction\",\"target\":{\"@type\":\"EntryPoint\",\"urlTemplate\":\"https:\\\/\\\/www.swing-it.eu\\\/?s={search_term_string}\"},\"query-input\":{\"@type\":\"PropertyValueSpecification\",\"valueRequired\":true,\"valueName\":\"search_term_string\"}}],\"inLanguage\":\"es\"}]}<\/script>\n<!-- \/ Yoast SEO plugin. -->","yoast_head_json":{"title":"Suit Belt - Swing It Shoes","robots":{"index":"index","follow":"follow","max-snippet":"max-snippet:-1","max-image-preview":"max-image-preview:large","max-video-preview":"max-video-preview:-1"},"canonical":"https:\/\/www.swing-it.eu\/es\/producto-2\/suit-belt\/","og_locale":"es_ES","og_type":"article","og_title":"Suit Belt - Swing It Shoes","og_description":"Suit belts are made of genuine leather. Width - 2.8 cm  Sizing - 80, 85, 90, 95, 100, 105, 110  Check your waist measurement to choose the closest size. Choose the belt that is +\/- 5 cm to your waist size.  For example if you're between 96 and 104 your size is 100. If you're 98 both 95 and 100 would fit you.  Available styles: plain, braided  Produced in Poland  &nbsp;","og_url":"https:\/\/www.swing-it.eu\/es\/producto-2\/suit-belt\/","og_site_name":"Swing It Shoes","article_publisher":"https:\/\/www.facebook.com\/SwingItEU\/","article_modified_time":"2026-03-19T16:54:03+00:00","og_image":[{"width":1000,"height":1334,"url":"https:\/\/www.swing-it.eu\/wp-content\/uploads\/2025\/11\/DSC08114.jpg","type":"image\/jpeg"}],"twitter_card":"summary_large_image","twitter_misc":{"Tiempo de lectura":"1 minuto"},"schema":{"@context":"https:\/\/schema.org","@graph":[{"@type":"WebPage","@id":"https:\/\/www.swing-it.eu\/produkt\/suit-belt\/","url":"https:\/\/www.swing-it.eu\/produkt\/suit-belt\/","name":"Suit Belt - Swing It Shoes","isPartOf":{"@id":"https:\/\/www.swing-it.eu\/#website"},"primaryImageOfPage":{"@id":"https:\/\/www.swing-it.eu\/produkt\/suit-belt\/#primaryimage"},"image":{"@id":"https:\/\/www.swing-it.eu\/produkt\/suit-belt\/#primaryimage"},"thumbnailUrl":"https:\/\/www.swing-it.eu\/wp-content\/uploads\/2025\/11\/DSC08114.jpg","datePublished":"2021-10-09T08:39:45+00:00","dateModified":"2026-03-19T16:54:03+00:00","breadcrumb":{"@id":"https:\/\/www.swing-it.eu\/produkt\/suit-belt\/#breadcrumb"},"inLanguage":"es","potentialAction":[{"@type":"ReadAction","target":["https:\/\/www.swing-it.eu\/produkt\/suit-belt\/"]}]},{"@type":"ImageObject","inLanguage":"es","@id":"https:\/\/www.swing-it.eu\/produkt\/suit-belt\/#primaryimage","url":"https:\/\/www.swing-it.eu\/wp-content\/uploads\/2025\/11\/DSC08114.jpg","contentUrl":"https:\/\/www.swing-it.eu\/wp-content\/uploads\/2025\/11\/DSC08114.jpg","width":1000,"height":1334,"caption":"leather belt"},{"@type":"BreadcrumbList","@id":"https:\/\/www.swing-it.eu\/produkt\/suit-belt\/#breadcrumb","itemListElement":[{"@type":"ListItem","position":1,"name":"Strona g\u0142\u00f3wna","item":"https:\/\/www.swing-it.eu\/"},{"@type":"ListItem","position":2,"name":"SWING IT SHOES","item":"https:\/\/www.swing-it.eu\/"},{"@type":"ListItem","position":3,"name":"Suit Belt"}]},{"@type":"WebSite","@id":"https:\/\/www.swing-it.eu\/#website","url":"https:\/\/www.swing-it.eu\/","name":"Zapatos Swing It","description":"Bailarinas de Lindy Hop&#039; marca","potentialAction":[{"@type":"SearchAction","target":{"@type":"EntryPoint","urlTemplate":"https:\/\/www.swing-it.eu\/?s={search_term_string}"},"query-input":{"@type":"PropertyValueSpecification","valueRequired":true,"valueName":"search_term_string"}}],"inLanguage":"es"}]}},"_links":{"self":[{"href":"https:\/\/www.swing-it.eu\/es\/wp-json\/wp\/v2\/product\/4531","targetHints":{"allow":["GET"]}}],"collection":[{"href":"https:\/\/www.swing-it.eu\/es\/wp-json\/wp\/v2\/product"}],"about":[{"href":"https:\/\/www.swing-it.eu\/es\/wp-json\/wp\/v2\/types\/product"}],"replies":[{"embeddable":true,"href":"https:\/\/www.swing-it.eu\/es\/wp-json\/wp\/v2\/comments?post=4531"}],"wp:featuredmedia":[{"embeddable":true,"href":"https:\/\/www.swing-it.eu\/es\/wp-json\/wp\/v2\/media\/15631"}],"wp:attachment":[{"href":"https:\/\/www.swing-it.eu\/es\/wp-json\/wp\/v2\/media?parent=4531"}],"wp:term":[{"taxonomy":"product_brand","embeddable":true,"href":"https:\/\/www.swing-it.eu\/es\/wp-json\/wp\/v2\/product_brand?post=4531"},{"taxonomy":"product_cat","embeddable":true,"href":"https:\/\/www.swing-it.eu\/es\/wp-json\/wp\/v2\/product_cat?post=4531"},{"taxonomy":"product_tag","embeddable":true,"href":"https:\/\/www.swing-it.eu\/es\/wp-json\/wp\/v2\/product_tag?post=4531"}],"curies":[{"name":"wp","href":"https:\/\/api.w.org\/{rel}","templated":true}]}}