{"id":3618,"date":"2023-09-08T08:59:58","date_gmt":"2023-09-08T06:59:58","guid":{"rendered":"https:\/\/www.swing-it.eu\/?post_type=product&#038;p=3618"},"modified":"2026-01-05T16:00:41","modified_gmt":"2026-01-05T15:00:41","slug":"cristal-black","status":"publish","type":"product","link":"https:\/\/www.swing-it.eu\/es\/produkt\/cristal-black\/","title":{"rendered":"Cristal Negro"},"content":{"rendered":"<p>Black, all leather Lindy Hop women&#8217;s shoes. Light and soft leather oxfords for Lindy Hop and Blues dancers. Very comfortable and durable. <a href=\"https:\/\/www.swing-it.eu\/es\/shoe-manufacturing\/\">Fabricado<\/a> De una reconocida f\u00e1brica de calzado pulido. Disponible en tallas UE 35-41, Reino Unido 2-8, EE. UU. 5-11. El cuero es suave y flexible. Se adapta f\u00e1cilmente a la forma del pie.<\/p>","protected":false},"excerpt":{"rendered":"<p>Black, all leather Lindy Hop women&#8217;s shoes. Light and soft shoes for Lindy Hop dancers. Comfortable and durable. It is strongly advised not to use leather sole shoes on wet ground! Your shoes will last longer if you avoid harsh conditions. Available in\u00a0 sizes\u00a0 EU 35-41 , UK 2-8, US 5-11. Heel type &#8211; all leather.<\/p>\n<p><a href=\"https:\/\/www.swing-it.eu\/es\/return-policy\/\" target=\"_blank\" rel=\"noopener noreferrer\">Pol\u00edtica de devoluciones<\/a><\/p>\n<p><a href=\"https:\/\/www.swing-it.eu\/es\/shoes-size-chart\/\" target=\"_blank\" rel=\"noopener\">Size guide<\/a><\/p>\n<p><strong>Los zapatos Cristal son un poco m\u00e1s grandes que los normales. Consid\u00e9ralos media talla m\u00e1s grandes, as\u00ed que si est\u00e1s entre dos tallas, elige la menor.<\/strong><\/p>","protected":false},"featured_media":6316,"comment_status":"open","ping_status":"closed","template":"","meta":[],"product_brand":[],"product_cat":[110,178],"product_tag":[61,177,295,220,144,294],"class_list":{"0":"post-3618","1":"product","2":"type-product","3":"status-publish","4":"has-post-thumbnail","6":"product_cat-lindy-hop-shoes","7":"product_cat-womens-lindy-hop-shoes","8":"product_tag-black","9":"product_tag-dancing-shoes","10":"product_tag-jazz-shoes","11":"product_tag-leather","12":"product_tag-lindyhop","13":"product_tag-oxford-shoes","14":"pa_size-172","15":"pa_size-173","16":"pa_size-174","17":"pa_size-175","18":"pa_size-158","19":"pa_size-152","20":"pa_size-153","21":"pa_size-154","23":"first","24":"instock","25":"taxable","26":"shipping-taxable","27":"purchasable","28":"product-type-variable"},"yoast_head":"<!-- This site is optimized with the Yoast SEO plugin v27.4 - https:\/\/yoast.com\/product\/yoast-seo-wordpress\/ -->\n<title>Lindy Hop women&#039;s shoes, oxfords, dance shoes, swing dancing<\/title>\n<meta name=\"description\" content=\"Black, all leather shoes. Lindy Hop women&#039;s shoes. Light and soft shoes for Lindy Hop and Blues dancers. Extremely comfortable and durable.\" \/>\n<meta name=\"robots\" content=\"index, follow, max-snippet:-1, max-image-preview:large, max-video-preview:-1\" \/>\n<link rel=\"canonical\" href=\"https:\/\/www.swing-it.eu\/es\/producto-2\/cristal-black\/\" \/>\n<meta property=\"og:locale\" content=\"es_ES\" \/>\n<meta property=\"og:type\" content=\"article\" \/>\n<meta property=\"og:title\" content=\"Lindy Hop women&#039;s shoes, oxfords, dance shoes, swing dancing\" \/>\n<meta property=\"og:description\" content=\"Black, all leather shoes. Lindy Hop women&#039;s shoes. Light and soft shoes for Lindy Hop and Blues dancers. Extremely comfortable and durable.\" \/>\n<meta property=\"og:url\" content=\"https:\/\/www.swing-it.eu\/es\/producto-2\/cristal-black\/\" \/>\n<meta property=\"og:site_name\" content=\"Swing It Shoes\" \/>\n<meta property=\"article:publisher\" content=\"https:\/\/www.facebook.com\/SwingItEU\/\" \/>\n<meta property=\"article:modified_time\" content=\"2026-01-05T15:00:41+00:00\" \/>\n<meta property=\"og:image\" content=\"https:\/\/www.swing-it.eu\/wp-content\/uploads\/2023\/09\/DSC04258_edited.jpg\" \/>\n\t<meta property=\"og:image:width\" content=\"600\" \/>\n\t<meta property=\"og:image:height\" content=\"800\" \/>\n\t<meta property=\"og:image:type\" content=\"image\/jpeg\" \/>\n<meta name=\"twitter:card\" content=\"summary_large_image\" \/>\n<script type=\"application\/ld+json\" class=\"yoast-schema-graph\">{\"@context\":\"https:\\\/\\\/schema.org\",\"@graph\":[{\"@type\":\"WebPage\",\"@id\":\"https:\\\/\\\/www.swing-it.eu\\\/produkt\\\/cristal-black\\\/\",\"url\":\"https:\\\/\\\/www.swing-it.eu\\\/produkt\\\/cristal-black\\\/\",\"name\":\"Lindy Hop women's shoes, oxfords, dance shoes, swing dancing\",\"isPartOf\":{\"@id\":\"https:\\\/\\\/www.swing-it.eu\\\/#website\"},\"primaryImageOfPage\":{\"@id\":\"https:\\\/\\\/www.swing-it.eu\\\/produkt\\\/cristal-black\\\/#primaryimage\"},\"image\":{\"@id\":\"https:\\\/\\\/www.swing-it.eu\\\/produkt\\\/cristal-black\\\/#primaryimage\"},\"thumbnailUrl\":\"https:\\\/\\\/www.swing-it.eu\\\/wp-content\\\/uploads\\\/2023\\\/09\\\/DSC04258_edited.jpg\",\"datePublished\":\"2023-09-08T06:59:58+00:00\",\"dateModified\":\"2026-01-05T15:00:41+00:00\",\"description\":\"Black, all leather shoes. Lindy Hop women's shoes. Light and soft shoes for Lindy Hop and Blues dancers. Extremely comfortable and durable.\",\"breadcrumb\":{\"@id\":\"https:\\\/\\\/www.swing-it.eu\\\/produkt\\\/cristal-black\\\/#breadcrumb\"},\"inLanguage\":\"es\",\"potentialAction\":[{\"@type\":\"ReadAction\",\"target\":[\"https:\\\/\\\/www.swing-it.eu\\\/produkt\\\/cristal-black\\\/\"]}]},{\"@type\":\"ImageObject\",\"inLanguage\":\"es\",\"@id\":\"https:\\\/\\\/www.swing-it.eu\\\/produkt\\\/cristal-black\\\/#primaryimage\",\"url\":\"https:\\\/\\\/www.swing-it.eu\\\/wp-content\\\/uploads\\\/2023\\\/09\\\/DSC04258_edited.jpg\",\"contentUrl\":\"https:\\\/\\\/www.swing-it.eu\\\/wp-content\\\/uploads\\\/2023\\\/09\\\/DSC04258_edited.jpg\",\"width\":600,\"height\":800,\"caption\":\"Lindy Hop shoes\"},{\"@type\":\"BreadcrumbList\",\"@id\":\"https:\\\/\\\/www.swing-it.eu\\\/produkt\\\/cristal-black\\\/#breadcrumb\",\"itemListElement\":[{\"@type\":\"ListItem\",\"position\":1,\"name\":\"Strona g\u0142\u00f3wna\",\"item\":\"https:\\\/\\\/www.swing-it.eu\\\/\"},{\"@type\":\"ListItem\",\"position\":2,\"name\":\"SWING IT SHOES\",\"item\":\"https:\\\/\\\/www.swing-it.eu\\\/\"},{\"@type\":\"ListItem\",\"position\":3,\"name\":\"Cristal Black\"}]},{\"@type\":\"WebSite\",\"@id\":\"https:\\\/\\\/www.swing-it.eu\\\/#website\",\"url\":\"https:\\\/\\\/www.swing-it.eu\\\/\",\"name\":\"Swing It Shoes\",\"description\":\"Lindy Hop dancers&#039; brand\",\"potentialAction\":[{\"@type\":\"SearchAction\",\"target\":{\"@type\":\"EntryPoint\",\"urlTemplate\":\"https:\\\/\\\/www.swing-it.eu\\\/?s={search_term_string}\"},\"query-input\":{\"@type\":\"PropertyValueSpecification\",\"valueRequired\":true,\"valueName\":\"search_term_string\"}}],\"inLanguage\":\"es\"}]}<\/script>\n<!-- \/ Yoast SEO plugin. -->","yoast_head_json":{"title":"Zapatos de mujer Lindy Hop, oxfords, zapatos de baile, baile swing","description":"Black, all leather shoes. Lindy Hop women's shoes. Light and soft shoes for Lindy Hop and Blues dancers. Extremely comfortable and durable.","robots":{"index":"index","follow":"follow","max-snippet":"max-snippet:-1","max-image-preview":"max-image-preview:large","max-video-preview":"max-video-preview:-1"},"canonical":"https:\/\/www.swing-it.eu\/es\/producto-2\/cristal-black\/","og_locale":"es_ES","og_type":"article","og_title":"Lindy Hop women's shoes, oxfords, dance shoes, swing dancing","og_description":"Black, all leather shoes. Lindy Hop women's shoes. Light and soft shoes for Lindy Hop and Blues dancers. Extremely comfortable and durable.","og_url":"https:\/\/www.swing-it.eu\/es\/producto-2\/cristal-black\/","og_site_name":"Swing It Shoes","article_publisher":"https:\/\/www.facebook.com\/SwingItEU\/","article_modified_time":"2026-01-05T15:00:41+00:00","og_image":[{"width":600,"height":800,"url":"https:\/\/www.swing-it.eu\/wp-content\/uploads\/2023\/09\/DSC04258_edited.jpg","type":"image\/jpeg"}],"twitter_card":"summary_large_image","schema":{"@context":"https:\/\/schema.org","@graph":[{"@type":"WebPage","@id":"https:\/\/www.swing-it.eu\/produkt\/cristal-black\/","url":"https:\/\/www.swing-it.eu\/produkt\/cristal-black\/","name":"Zapatos de mujer Lindy Hop, oxfords, zapatos de baile, baile swing","isPartOf":{"@id":"https:\/\/www.swing-it.eu\/#website"},"primaryImageOfPage":{"@id":"https:\/\/www.swing-it.eu\/produkt\/cristal-black\/#primaryimage"},"image":{"@id":"https:\/\/www.swing-it.eu\/produkt\/cristal-black\/#primaryimage"},"thumbnailUrl":"https:\/\/www.swing-it.eu\/wp-content\/uploads\/2023\/09\/DSC04258_edited.jpg","datePublished":"2023-09-08T06:59:58+00:00","dateModified":"2026-01-05T15:00:41+00:00","description":"Black, all leather shoes. Lindy Hop women's shoes. Light and soft shoes for Lindy Hop and Blues dancers. Extremely comfortable and durable.","breadcrumb":{"@id":"https:\/\/www.swing-it.eu\/produkt\/cristal-black\/#breadcrumb"},"inLanguage":"es","potentialAction":[{"@type":"ReadAction","target":["https:\/\/www.swing-it.eu\/produkt\/cristal-black\/"]}]},{"@type":"ImageObject","inLanguage":"es","@id":"https:\/\/www.swing-it.eu\/produkt\/cristal-black\/#primaryimage","url":"https:\/\/www.swing-it.eu\/wp-content\/uploads\/2023\/09\/DSC04258_edited.jpg","contentUrl":"https:\/\/www.swing-it.eu\/wp-content\/uploads\/2023\/09\/DSC04258_edited.jpg","width":600,"height":800,"caption":"Lindy Hop shoes"},{"@type":"BreadcrumbList","@id":"https:\/\/www.swing-it.eu\/produkt\/cristal-black\/#breadcrumb","itemListElement":[{"@type":"ListItem","position":1,"name":"Strona g\u0142\u00f3wna","item":"https:\/\/www.swing-it.eu\/"},{"@type":"ListItem","position":2,"name":"SWING IT SHOES","item":"https:\/\/www.swing-it.eu\/"},{"@type":"ListItem","position":3,"name":"Cristal Black"}]},{"@type":"WebSite","@id":"https:\/\/www.swing-it.eu\/#website","url":"https:\/\/www.swing-it.eu\/","name":"Zapatos Swing It","description":"Bailarinas de Lindy Hop&#039; marca","potentialAction":[{"@type":"SearchAction","target":{"@type":"EntryPoint","urlTemplate":"https:\/\/www.swing-it.eu\/?s={search_term_string}"},"query-input":{"@type":"PropertyValueSpecification","valueRequired":true,"valueName":"search_term_string"}}],"inLanguage":"es"}]}},"_links":{"self":[{"href":"https:\/\/www.swing-it.eu\/es\/wp-json\/wp\/v2\/product\/3618","targetHints":{"allow":["GET"]}}],"collection":[{"href":"https:\/\/www.swing-it.eu\/es\/wp-json\/wp\/v2\/product"}],"about":[{"href":"https:\/\/www.swing-it.eu\/es\/wp-json\/wp\/v2\/types\/product"}],"replies":[{"embeddable":true,"href":"https:\/\/www.swing-it.eu\/es\/wp-json\/wp\/v2\/comments?post=3618"}],"wp:featuredmedia":[{"embeddable":true,"href":"https:\/\/www.swing-it.eu\/es\/wp-json\/wp\/v2\/media\/6316"}],"wp:attachment":[{"href":"https:\/\/www.swing-it.eu\/es\/wp-json\/wp\/v2\/media?parent=3618"}],"wp:term":[{"taxonomy":"product_brand","embeddable":true,"href":"https:\/\/www.swing-it.eu\/es\/wp-json\/wp\/v2\/product_brand?post=3618"},{"taxonomy":"product_cat","embeddable":true,"href":"https:\/\/www.swing-it.eu\/es\/wp-json\/wp\/v2\/product_cat?post=3618"},{"taxonomy":"product_tag","embeddable":true,"href":"https:\/\/www.swing-it.eu\/es\/wp-json\/wp\/v2\/product_tag?post=3618"}],"curies":[{"name":"wp","href":"https:\/\/api.w.org\/{rel}","templated":true}]}}