{"id":2663,"date":"2018-12-21T19:13:58","date_gmt":"2018-12-21T18:13:58","guid":{"rendered":"https:\/\/www.swing-it.eu\/?post_type=product&#038;p=2663"},"modified":"2022-10-28T12:02:47","modified_gmt":"2022-10-28T10:02:47","slug":"raspberry-skirt","status":"publish","type":"product","link":"https:\/\/www.swing-it.eu\/es\/produkt\/raspberry-skirt\/","title":{"rendered":"Falda Frambuesa"},"content":{"rendered":"<p>Beautiful raspberry red pencil wrap skirt with four buttons based on original sewing pattern from 50&#8217;s. 45% wool, 55% acron, lining &#8211; 100% viscose. Sizes available: 34, 36, 38, 40, 42, 44<\/p>\n<p>Pi\u0119kna malinowa sp\u00f3dnica o\u0142\u00f3wkowa z czterema guzikami zaprojektowana na podstawie oryginalnego wykroju z lat 50-tych, 45% we\u0142na, 55% elana, podszewka &#8211; 100% wiskoza.\u00a0Dost\u0119pne rozmiary:\u00a0 34, 36, 38,40, 42, 44<\/p>","protected":false},"excerpt":{"rendered":"<p>Raspberry skirt is available only on demand!<\/p>\n<p>If you wish to purchase it, please click the button and send us your measurements: waist, hips, height. Your skirt will be ready for shipping in approximately 2 weeks.<\/p>\n<p>standard measurements:<\/p>\n<table dir=\"ltr\" border=\"1\" cellspacing=\"0\" cellpadding=\"0\">\n<colgroup>\n<col width=\"100\" \/>\n<col width=\"100\" \/>\n<col width=\"100\" \/>\n<col width=\"100\" \/><\/colgroup>\n<tbody>\n<tr>\n<td data-sheets-value=\"{&quot;1&quot;:2,&quot;2&quot;:&quot;size&quot;}\">tama\u00f1o<\/td>\n<td data-sheets-value=\"{&quot;1&quot;:2,&quot;2&quot;:&quot;waist&quot;}\">waist<\/td>\n<td data-sheets-value=\"{&quot;1&quot;:2,&quot;2&quot;:&quot;hips&quot;}\">hips<\/td>\n<td data-sheets-value=\"{&quot;1&quot;:2,&quot;2&quot;:&quot;lenght&quot;}\">lenght<\/td>\n<\/tr>\n<tr>\n<td data-sheets-value=\"{&quot;1&quot;:3,&quot;3&quot;:34}\">34<\/td>\n<td data-sheets-value=\"{&quot;1&quot;:2,&quot;2&quot;:&quot;60-62&quot;}\">60-62<\/td>\n<td data-sheets-value=\"{&quot;1&quot;:3,&quot;3&quot;:86}\">86<\/td>\n<td data-sheets-value=\"{&quot;1&quot;:3,&quot;3&quot;:60}\">60<\/td>\n<\/tr>\n<tr>\n<td data-sheets-value=\"{&quot;1&quot;:3,&quot;3&quot;:36}\">36<\/td>\n<td data-sheets-value=\"{&quot;1&quot;:2,&quot;2&quot;:&quot;63-66&quot;}\">63-66<\/td>\n<td data-sheets-value=\"{&quot;1&quot;:3,&quot;3&quot;:90}\">90<\/td>\n<td data-sheets-value=\"{&quot;1&quot;:3,&quot;3&quot;:61}\">61<\/td>\n<\/tr>\n<tr>\n<td data-sheets-value=\"{&quot;1&quot;:3,&quot;3&quot;:38}\">38<\/td>\n<td data-sheets-value=\"{&quot;1&quot;:2,&quot;2&quot;:&quot;67-70&quot;}\">67-70<\/td>\n<td data-sheets-value=\"{&quot;1&quot;:3,&quot;3&quot;:94}\">94<\/td>\n<td data-sheets-value=\"{&quot;1&quot;:3,&quot;3&quot;:61}\">61<\/td>\n<\/tr>\n<tr>\n<td data-sheets-value=\"{&quot;1&quot;:3,&quot;3&quot;:40}\">40<\/td>\n<td data-sheets-value=\"{&quot;1&quot;:2,&quot;2&quot;:&quot;71-74&quot;}\">71-74<\/td>\n<td data-sheets-value=\"{&quot;1&quot;:3,&quot;3&quot;:98}\">98<\/td>\n<td data-sheets-value=\"{&quot;1&quot;:3,&quot;3&quot;:61}\">61<\/td>\n<\/tr>\n<tr>\n<td data-sheets-value=\"{&quot;1&quot;:3,&quot;3&quot;:42}\">42<\/td>\n<td data-sheets-value=\"{&quot;1&quot;:2,&quot;2&quot;:&quot;75-78&quot;}\">75-78<\/td>\n<td data-sheets-value=\"{&quot;1&quot;:3,&quot;3&quot;:102}\">102<\/td>\n<td data-sheets-value=\"{&quot;1&quot;:3,&quot;3&quot;:63}\">63<\/td>\n<\/tr>\n<tr>\n<td data-sheets-value=\"{&quot;1&quot;:3,&quot;3&quot;:44}\">44<\/td>\n<td data-sheets-value=\"{&quot;1&quot;:2,&quot;2&quot;:&quot;79-81&quot;}\">79-81<\/td>\n<td data-sheets-value=\"{&quot;1&quot;:3,&quot;3&quot;:106}\">106<\/td>\n<td data-sheets-value=\"{&quot;1&quot;:3,&quot;3&quot;:63}\">63<\/td>\n<\/tr>\n<\/tbody>\n<\/table>\n<p>measurements in cm<\/p>\n<p>Beautiful raspberry red pencil wrap skirt with four buttons based on original sewing pattern from 50&#8217;s. 45% wool, 55% acron, lining &#8211; 100% viscoze. Sizes available: 34, 36, 38, 40, 42, 44<\/p>\n<p>Pi\u0119kna malinowa sp\u00f3dnica o\u0142\u00f3wkowa z czterema guzikami zaprojektowana na podstawie oryginalnego wykroju z lat 50-tych, 45% we\u0142na, 55% elana, podszewka &#8211; 100% wiskoza.\u00a0Dost\u0119pne rozmiary:\u00a0 34, 36, 38,40, 42, 44<\/p>","protected":false},"featured_media":5312,"comment_status":"open","ping_status":"closed","template":"","meta":[],"product_brand":[],"product_cat":[18,114],"product_tag":[145,144,134,24,21,23,138,148],"class_list":{"0":"post-2663","1":"product","2":"type-product","3":"status-publish","4":"has-post-thumbnail","6":"product_cat-vintage-style-skirts-retro-skirts-pleated-skirts-wrap-skirts","7":"product_cat-women","8":"product_tag-balboa","9":"product_tag-lindyhop","10":"product_tag-pencil-skirt","11":"product_tag-retro","12":"product_tag-skirt","13":"product_tag-spodnica","14":"product_tag-vintage","15":"product_tag-wrap-skirt","17":"first","18":"instock","19":"sold-individually","20":"taxable","21":"shipping-taxable","22":"product-type-external"},"yoast_head":"<!-- This site is optimized with the Yoast SEO plugin v27.4 - https:\/\/yoast.com\/product\/yoast-seo-wordpress\/ -->\n<title>Raspberry red wrap skirt | Malinowa czerwona sp\u00f3dnica o\u0142\u00f3wkowa<\/title>\n<meta name=\"description\" content=\"high waist Wrap raspberry red pencil skirt. Made in poland from polish fabric. Sp\u00f3dnica o\u0142\u00f3wkowa z wysokim stanem malinowa czerwie\u0144. Wyprodukowana w Polsce z polskiej tkaniny.\" \/>\n<meta name=\"robots\" content=\"index, follow, max-snippet:-1, max-image-preview:large, max-video-preview:-1\" \/>\n<link rel=\"canonical\" href=\"https:\/\/www.swing-it.eu\/es\/producto-2\/raspberry-skirt\/\" \/>\n<meta property=\"og:locale\" content=\"es_ES\" \/>\n<meta property=\"og:type\" content=\"article\" \/>\n<meta property=\"og:title\" content=\"Raspberry red wrap skirt | Malinowa czerwona sp\u00f3dnica o\u0142\u00f3wkowa\" \/>\n<meta property=\"og:description\" content=\"high waist Wrap raspberry red pencil skirt. Made in poland from polish fabric. Sp\u00f3dnica o\u0142\u00f3wkowa z wysokim stanem malinowa czerwie\u0144. Wyprodukowana w Polsce z polskiej tkaniny.\" \/>\n<meta property=\"og:url\" content=\"https:\/\/www.swing-it.eu\/es\/producto-2\/raspberry-skirt\/\" \/>\n<meta property=\"og:site_name\" content=\"Swing It Shoes\" \/>\n<meta property=\"article:publisher\" content=\"https:\/\/www.facebook.com\/SwingItEU\/\" \/>\n<meta property=\"article:modified_time\" content=\"2022-10-28T10:02:47+00:00\" \/>\n<meta property=\"og:image\" content=\"https:\/\/www.swing-it.eu\/wp-content\/uploads\/2018\/12\/IMG_1807-2-scaled.jpg\" \/>\n\t<meta property=\"og:image:width\" content=\"1921\" \/>\n\t<meta property=\"og:image:height\" content=\"2560\" \/>\n\t<meta property=\"og:image:type\" content=\"image\/jpeg\" \/>\n<meta name=\"twitter:card\" content=\"summary_large_image\" \/>\n<script type=\"application\/ld+json\" class=\"yoast-schema-graph\">{\"@context\":\"https:\\\/\\\/schema.org\",\"@graph\":[{\"@type\":\"WebPage\",\"@id\":\"https:\\\/\\\/www.swing-it.eu\\\/produkt\\\/raspberry-skirt\\\/\",\"url\":\"https:\\\/\\\/www.swing-it.eu\\\/produkt\\\/raspberry-skirt\\\/\",\"name\":\"Raspberry red wrap skirt | Malinowa czerwona sp\u00f3dnica o\u0142\u00f3wkowa\",\"isPartOf\":{\"@id\":\"https:\\\/\\\/www.swing-it.eu\\\/#website\"},\"primaryImageOfPage\":{\"@id\":\"https:\\\/\\\/www.swing-it.eu\\\/produkt\\\/raspberry-skirt\\\/#primaryimage\"},\"image\":{\"@id\":\"https:\\\/\\\/www.swing-it.eu\\\/produkt\\\/raspberry-skirt\\\/#primaryimage\"},\"thumbnailUrl\":\"https:\\\/\\\/www.swing-it.eu\\\/wp-content\\\/uploads\\\/2018\\\/12\\\/IMG_1807-2-scaled.jpg\",\"datePublished\":\"2018-12-21T18:13:58+00:00\",\"dateModified\":\"2022-10-28T10:02:47+00:00\",\"description\":\"high waist Wrap raspberry red pencil skirt. Made in poland from polish fabric. Sp\u00f3dnica o\u0142\u00f3wkowa z wysokim stanem malinowa czerwie\u0144. Wyprodukowana w Polsce z polskiej tkaniny.\",\"breadcrumb\":{\"@id\":\"https:\\\/\\\/www.swing-it.eu\\\/produkt\\\/raspberry-skirt\\\/#breadcrumb\"},\"inLanguage\":\"es\",\"potentialAction\":[{\"@type\":\"ReadAction\",\"target\":[\"https:\\\/\\\/www.swing-it.eu\\\/produkt\\\/raspberry-skirt\\\/\"]}]},{\"@type\":\"ImageObject\",\"inLanguage\":\"es\",\"@id\":\"https:\\\/\\\/www.swing-it.eu\\\/produkt\\\/raspberry-skirt\\\/#primaryimage\",\"url\":\"https:\\\/\\\/www.swing-it.eu\\\/wp-content\\\/uploads\\\/2018\\\/12\\\/IMG_1807-2-scaled.jpg\",\"contentUrl\":\"https:\\\/\\\/www.swing-it.eu\\\/wp-content\\\/uploads\\\/2018\\\/12\\\/IMG_1807-2-scaled.jpg\",\"width\":1921,\"height\":2560,\"caption\":\"Raspberry Skirt\"},{\"@type\":\"BreadcrumbList\",\"@id\":\"https:\\\/\\\/www.swing-it.eu\\\/produkt\\\/raspberry-skirt\\\/#breadcrumb\",\"itemListElement\":[{\"@type\":\"ListItem\",\"position\":1,\"name\":\"Strona g\u0142\u00f3wna\",\"item\":\"https:\\\/\\\/www.swing-it.eu\\\/\"},{\"@type\":\"ListItem\",\"position\":2,\"name\":\"SWING IT SHOES\",\"item\":\"https:\\\/\\\/www.swing-it.eu\\\/\"},{\"@type\":\"ListItem\",\"position\":3,\"name\":\"Raspberry Skirt\"}]},{\"@type\":\"WebSite\",\"@id\":\"https:\\\/\\\/www.swing-it.eu\\\/#website\",\"url\":\"https:\\\/\\\/www.swing-it.eu\\\/\",\"name\":\"Swing It Shoes\",\"description\":\"Lindy Hop dancers&#039; brand\",\"potentialAction\":[{\"@type\":\"SearchAction\",\"target\":{\"@type\":\"EntryPoint\",\"urlTemplate\":\"https:\\\/\\\/www.swing-it.eu\\\/?s={search_term_string}\"},\"query-input\":{\"@type\":\"PropertyValueSpecification\",\"valueRequired\":true,\"valueName\":\"search_term_string\"}}],\"inLanguage\":\"es\"}]}<\/script>\n<!-- \/ Yoast SEO plugin. -->","yoast_head_json":{"title":"Raspberry red wrap skirt | Malinowa czerwona sp\u00f3dnica o\u0142\u00f3wkowa","description":"high waist Wrap raspberry red pencil skirt. Made in poland from polish fabric. Sp\u00f3dnica o\u0142\u00f3wkowa z wysokim stanem malinowa czerwie\u0144. Wyprodukowana w Polsce z polskiej tkaniny.","robots":{"index":"index","follow":"follow","max-snippet":"max-snippet:-1","max-image-preview":"max-image-preview:large","max-video-preview":"max-video-preview:-1"},"canonical":"https:\/\/www.swing-it.eu\/es\/producto-2\/raspberry-skirt\/","og_locale":"es_ES","og_type":"article","og_title":"Raspberry red wrap skirt | Malinowa czerwona sp\u00f3dnica o\u0142\u00f3wkowa","og_description":"high waist Wrap raspberry red pencil skirt. Made in poland from polish fabric. Sp\u00f3dnica o\u0142\u00f3wkowa z wysokim stanem malinowa czerwie\u0144. Wyprodukowana w Polsce z polskiej tkaniny.","og_url":"https:\/\/www.swing-it.eu\/es\/producto-2\/raspberry-skirt\/","og_site_name":"Swing It Shoes","article_publisher":"https:\/\/www.facebook.com\/SwingItEU\/","article_modified_time":"2022-10-28T10:02:47+00:00","og_image":[{"width":1921,"height":2560,"url":"https:\/\/www.swing-it.eu\/wp-content\/uploads\/2018\/12\/IMG_1807-2-scaled.jpg","type":"image\/jpeg"}],"twitter_card":"summary_large_image","schema":{"@context":"https:\/\/schema.org","@graph":[{"@type":"WebPage","@id":"https:\/\/www.swing-it.eu\/produkt\/raspberry-skirt\/","url":"https:\/\/www.swing-it.eu\/produkt\/raspberry-skirt\/","name":"Raspberry red wrap skirt | Malinowa czerwona sp\u00f3dnica o\u0142\u00f3wkowa","isPartOf":{"@id":"https:\/\/www.swing-it.eu\/#website"},"primaryImageOfPage":{"@id":"https:\/\/www.swing-it.eu\/produkt\/raspberry-skirt\/#primaryimage"},"image":{"@id":"https:\/\/www.swing-it.eu\/produkt\/raspberry-skirt\/#primaryimage"},"thumbnailUrl":"https:\/\/www.swing-it.eu\/wp-content\/uploads\/2018\/12\/IMG_1807-2-scaled.jpg","datePublished":"2018-12-21T18:13:58+00:00","dateModified":"2022-10-28T10:02:47+00:00","description":"high waist Wrap raspberry red pencil skirt. Made in poland from polish fabric. Sp\u00f3dnica o\u0142\u00f3wkowa z wysokim stanem malinowa czerwie\u0144. Wyprodukowana w Polsce z polskiej tkaniny.","breadcrumb":{"@id":"https:\/\/www.swing-it.eu\/produkt\/raspberry-skirt\/#breadcrumb"},"inLanguage":"es","potentialAction":[{"@type":"ReadAction","target":["https:\/\/www.swing-it.eu\/produkt\/raspberry-skirt\/"]}]},{"@type":"ImageObject","inLanguage":"es","@id":"https:\/\/www.swing-it.eu\/produkt\/raspberry-skirt\/#primaryimage","url":"https:\/\/www.swing-it.eu\/wp-content\/uploads\/2018\/12\/IMG_1807-2-scaled.jpg","contentUrl":"https:\/\/www.swing-it.eu\/wp-content\/uploads\/2018\/12\/IMG_1807-2-scaled.jpg","width":1921,"height":2560,"caption":"Raspberry Skirt"},{"@type":"BreadcrumbList","@id":"https:\/\/www.swing-it.eu\/produkt\/raspberry-skirt\/#breadcrumb","itemListElement":[{"@type":"ListItem","position":1,"name":"Strona g\u0142\u00f3wna","item":"https:\/\/www.swing-it.eu\/"},{"@type":"ListItem","position":2,"name":"SWING IT SHOES","item":"https:\/\/www.swing-it.eu\/"},{"@type":"ListItem","position":3,"name":"Raspberry Skirt"}]},{"@type":"WebSite","@id":"https:\/\/www.swing-it.eu\/#website","url":"https:\/\/www.swing-it.eu\/","name":"Zapatos Swing It","description":"Bailarinas de Lindy Hop&#039; marca","potentialAction":[{"@type":"SearchAction","target":{"@type":"EntryPoint","urlTemplate":"https:\/\/www.swing-it.eu\/?s={search_term_string}"},"query-input":{"@type":"PropertyValueSpecification","valueRequired":true,"valueName":"search_term_string"}}],"inLanguage":"es"}]}},"_links":{"self":[{"href":"https:\/\/www.swing-it.eu\/es\/wp-json\/wp\/v2\/product\/2663","targetHints":{"allow":["GET"]}}],"collection":[{"href":"https:\/\/www.swing-it.eu\/es\/wp-json\/wp\/v2\/product"}],"about":[{"href":"https:\/\/www.swing-it.eu\/es\/wp-json\/wp\/v2\/types\/product"}],"replies":[{"embeddable":true,"href":"https:\/\/www.swing-it.eu\/es\/wp-json\/wp\/v2\/comments?post=2663"}],"wp:featuredmedia":[{"embeddable":true,"href":"https:\/\/www.swing-it.eu\/es\/wp-json\/wp\/v2\/media\/5312"}],"wp:attachment":[{"href":"https:\/\/www.swing-it.eu\/es\/wp-json\/wp\/v2\/media?parent=2663"}],"wp:term":[{"taxonomy":"product_brand","embeddable":true,"href":"https:\/\/www.swing-it.eu\/es\/wp-json\/wp\/v2\/product_brand?post=2663"},{"taxonomy":"product_cat","embeddable":true,"href":"https:\/\/www.swing-it.eu\/es\/wp-json\/wp\/v2\/product_cat?post=2663"},{"taxonomy":"product_tag","embeddable":true,"href":"https:\/\/www.swing-it.eu\/es\/wp-json\/wp\/v2\/product_tag?post=2663"}],"curies":[{"name":"wp","href":"https:\/\/api.w.org\/{rel}","templated":true}]}}