{"id":15316,"date":"2024-10-16T11:51:12","date_gmt":"2024-10-16T09:51:12","guid":{"rendered":"https:\/\/www.swing-it.eu\/?post_type=product&#038;p=15316"},"modified":"2026-03-23T22:45:20","modified_gmt":"2026-03-23T21:45:20","slug":"chocolate-negro-mabel","status":"publish","type":"product","link":"https:\/\/www.swing-it.eu\/es\/produkt\/mabel-dark-chocolate\/","title":{"rendered":"Mabel Chocolate negro"},"content":{"rendered":"<h2 data-path-to-node=\"3\"><b data-path-to-node=\"3\" data-index-in-node=\"0\">Botas Mabel Dark Chocolate \u2013 Botas profesionales de Lindy Hop para mujer\u00a0<\/b><\/h2>\n<p data-path-to-node=\"4\">Presentando <b data-path-to-node=\"4\" data-index-in-node=\"12\">Mabel<\/b> \u2013 Una versi\u00f3n renovada de nuestras ic\u00f3nicas botas de baile, redise\u00f1adas para ofrecer mayor comodidad y libertad de movimiento. El modelo Mabel se desarroll\u00f3 espec\u00edficamente para bailarines con el pie ligeramente m\u00e1s ancho, brindando espacio adicional donde m\u00e1s se necesita.<\/p>\n<p data-path-to-node=\"5\">Elaboradas con cuero flexible de alta calidad en un profundo tono &quot;chocolate oscuro&quot;, estas botas combinan a la perfecci\u00f3n la est\u00e9tica vintage de la era del swing con la artesan\u00eda moderna. <b data-path-to-node=\"5\" data-index-in-node=\"162\">estilo Derby<\/b> El sistema de cordones no solo proporciona un aspecto atemporal, sino que tambi\u00e9n garantiza un ajuste f\u00e1cil y una sujeci\u00f3n regulable en el empeine.<\/p>\n<p data-path-to-node=\"6\"><b data-path-to-node=\"6\" data-index-in-node=\"0\">Caracter\u00edsticas principales del modelo Mabel:<\/b><\/p>\n<ul data-path-to-node=\"7\">\n<li>\n<p data-path-to-node=\"7,0,0\"><b data-path-to-node=\"7,0,0\" data-index-in-node=\"0\">Habitaci\u00f3n extra:<\/b> Fabricada sobre una nueva horma dise\u00f1ada para quienes consideran que los modelos est\u00e1ndar (como Norma) son demasiado estrechos.<\/p>\n<\/li>\n<li>\n<p data-path-to-node=\"7,1,0\"><b data-path-to-node=\"7,1,0\" data-index-in-node=\"0\">Flexibilidad lista para bailar:<\/b> La piel suave combinada con un forro m\u00e1s fino permite que la bota se adapte al pie al instante y se amolde a \u00e9l.<\/p>\n<\/li>\n<li>\n<p data-path-to-node=\"7,2,0\"><b data-path-to-node=\"7,2,0\" data-index-in-node=\"0\">Sensaci\u00f3n perfecta en el suelo:<\/b> La suela de cuero aut\u00e9ntico y el tac\u00f3n de cuero apilado proporcionan el equilibrio ideal entre deslizamiento y agarre para Lindy Hop, Balboa o Blues.<\/p>\n<\/li>\n<li>\n<p data-path-to-node=\"7,3,0\"><b data-path-to-node=\"7,3,0\" data-index-in-node=\"0\">Artesan\u00eda polaca:<\/b> Hecho a mano en un renombrado taller polaco con una atenci\u00f3n meticulosa a cada detalle.<\/p>\n<\/li>\n<\/ul>\n<h2 data-path-to-node=\"9\"><b data-path-to-node=\"9\" data-index-in-node=\"0\">Especificaciones t\u00e9cnicas<\/b><\/h2>\n<ul data-path-to-node=\"10\">\n<li>\n<p data-path-to-node=\"10,0,0\"><b data-path-to-node=\"10,0,0\" data-index-in-node=\"0\">Modelo:<\/b> Mabel<\/p>\n<\/li>\n<li>\n<p data-path-to-node=\"10,1,0\"><b data-path-to-node=\"10,1,0\" data-index-in-node=\"0\">Color:<\/b> Chocolate negro (marr\u00f3n oscuro)<\/p>\n<\/li>\n<li>\n<p data-path-to-node=\"10,2,0\"><b data-path-to-node=\"10,2,0\" data-index-in-node=\"0\">Material exterior:<\/b> Piel aut\u00e9ntica suave<\/p>\n<\/li>\n<li>\n<p data-path-to-node=\"10,3,0\"><b data-path-to-node=\"10,3,0\" data-index-in-node=\"0\">Recubrimiento:<\/b> Piel aut\u00e9ntica fina (para una m\u00e1xima flexibilidad)<\/p>\n<\/li>\n<li>\n<p data-path-to-node=\"10,4,0\"><b data-path-to-node=\"10,4,0\" data-index-in-node=\"0\">\u00danico:<\/b> Cuero r\u00edgido (optimizado para el baile)<\/p>\n<\/li>\n<li>\n<p data-path-to-node=\"10,5,0\"><b data-path-to-node=\"10,5,0\" data-index-in-node=\"0\">Tac\u00f3n:<\/b> Cuero apilado<\/p>\n<\/li>\n<li>\n<p data-path-to-node=\"10,6,0\"><b data-path-to-node=\"10,6,0\" data-index-in-node=\"0\">Tipo de cordones:<\/b> Derby (cordones abiertos)<\/p>\n<\/li>\n<li>\n<p data-path-to-node=\"10,7,0\"><b data-path-to-node=\"10,7,0\" data-index-in-node=\"0\">Dise\u00f1o:<\/b> Punta reforzada<\/p>\n<\/li>\n<li>\n<p data-path-to-node=\"10,8,0\"><b data-path-to-node=\"10,8,0\" data-index-in-node=\"0\">Apresto:<\/b> Este modelo talla aproximadamente media talla m\u00e1s grande.<\/p>\n<\/li>\n<\/ul>","protected":false},"excerpt":{"rendered":"<p>Presentamos Mabel, unas botas nuevas, m\u00e1s espaciosas para personas con pies m\u00e1s anchos a las que las botas Norma les resultan demasiado ajustadas.<\/p>\n<p>Redise\u00f1amos estas botas y cambiamos el sistema de cordones. El sistema de cordones estilo Derby facilita pon\u00e9rselas. Si tienes los pies anchos, estas botas son ideales para ti. Su piel m\u00e1s flexible y su forro m\u00e1s fino se adaptan mejor a la forma de tus pies.<\/p>\n<p>Botas de cuero para mujer, ideales para bailarines de Lindy Hop, Balboa y Blues. C\u00f3modas y resistentes. <a href=\"https:\/\/www.swing-it.eu\/es\/shoe-manufacturing\/\">Fabricado<\/a> Fabricado por una prestigiosa f\u00e1brica de calzado polaca. Tipo de tac\u00f3n: piel aut\u00e9ntica.<\/p>\n<p>Disponible en tallas EU 35-42, , <span style=\"display: inline !important; float: none; background-color: transparent; color: #333333; cursor: text; font-family: Georgia,'Times New Roman','Bitstream Charter',Times,serif; font-size: 16px; font-style: normal; font-variant: normal; font-weight: 400; letter-spacing: normal; orphans: 2; text-align: left; text-decoration: none; text-indent: 0px; text-transform: none; -webkit-text-stroke-width: 0px; white-space: normal; word-spacing: 0px;\">\u00a0<a href=\"https:\/\/www.swing-it.eu\/es\/shoes-size-chart\/\" target=\"_blank\" rel=\"noopener noreferrer\">Gu\u00eda de tallas<\/a>.<\/span><\/p>\n<p><strong>Este modelo es media talla m\u00e1s grande que el promedio. Si est\u00e1s entre dos tallas, elige la m\u00e1s peque\u00f1a.<\/strong><\/p>\n<p>Si falta su talla, por favor\u00a0<a href=\"https:\/\/www.swing-it.eu\/es\/contacto\/\" target=\"_blank\" rel=\"noopener\">contacto<\/a>\u00a0cont\u00e1ctenos para realizar un pedido.<\/p>","protected":false},"featured_media":15958,"comment_status":"open","ping_status":"closed","template":"","meta":[],"product_brand":[],"product_cat":[110,178],"product_tag":[204,195,1041,177,1044,144,1040,1046,1043,1042,1045],"class_list":{"0":"post-15316","1":"product","2":"type-product","3":"status-publish","4":"has-post-thumbnail","6":"product_cat-lindy-hop-shoes","7":"product_cat-womens-lindy-hop-shoes","8":"product_tag-boots","9":"product_tag-brown","10":"product_tag-dance-boots","11":"product_tag-dancing-shoes","12":"product_tag-leather-vintage-boots","13":"product_tag-lindyhop","14":"product_tag-lindy-hop-shoes","15":"product_tag-retro-dance-footwear","16":"product_tag-swing-dance-shoes","17":"product_tag-swing-it-mabel","18":"product_tag-wide-fit-dance-shoes","19":"pa_size-172","20":"pa_size-173","21":"pa_size-174","22":"pa_size-175","23":"pa_size-158","24":"pa_size-152","25":"pa_size-153","26":"pa_size-154","28":"first","29":"instock","30":"taxable","31":"shipping-taxable","32":"purchasable","33":"product-type-variable"},"yoast_head":"<!-- This site is optimized with the Yoast SEO plugin v27.4 - https:\/\/yoast.com\/product\/yoast-seo-wordpress\/ -->\n<title>Lindy Hop boots, oxfords, dance shoes, swing dancing<\/title>\n<meta name=\"description\" content=\"Lindy Hop women&#039;s boots. Mabel Dark Chocolate dance boots. Perfect for Lindy Hop &amp; Balboa. Wide fit, leather sole, and superior comfort.\" \/>\n<meta name=\"robots\" content=\"index, follow, max-snippet:-1, max-image-preview:large, max-video-preview:-1\" \/>\n<link rel=\"canonical\" href=\"https:\/\/www.swing-it.eu\/es\/producto-2\/chocolate-negro-mabel\/\" \/>\n<meta property=\"og:locale\" content=\"es_ES\" \/>\n<meta property=\"og:type\" content=\"article\" \/>\n<meta property=\"og:title\" content=\"Lindy Hop boots, oxfords, dance shoes, swing dancing\" \/>\n<meta property=\"og:description\" content=\"Lindy Hop women&#039;s boots. Mabel Dark Chocolate dance boots. Perfect for Lindy Hop &amp; Balboa. Wide fit, leather sole, and superior comfort.\" \/>\n<meta property=\"og:url\" content=\"https:\/\/www.swing-it.eu\/es\/producto-2\/chocolate-negro-mabel\/\" \/>\n<meta property=\"og:site_name\" content=\"Swing It Shoes\" \/>\n<meta property=\"article:publisher\" content=\"https:\/\/www.facebook.com\/SwingItEU\/\" \/>\n<meta property=\"article:modified_time\" content=\"2026-03-23T21:45:20+00:00\" \/>\n<meta property=\"og:image\" content=\"https:\/\/www.swing-it.eu\/wp-content\/uploads\/2026\/03\/1774257291038.jpg\" \/>\n\t<meta property=\"og:image:width\" content=\"896\" \/>\n\t<meta property=\"og:image:height\" content=\"1195\" \/>\n\t<meta property=\"og:image:type\" content=\"image\/jpeg\" \/>\n<meta name=\"twitter:card\" content=\"summary_large_image\" \/>\n<meta name=\"twitter:label1\" content=\"Tiempo de lectura\" \/>\n\t<meta name=\"twitter:data1\" content=\"2 minutos\" \/>\n<script type=\"application\/ld+json\" class=\"yoast-schema-graph\">{\"@context\":\"https:\\\/\\\/schema.org\",\"@graph\":[{\"@type\":\"WebPage\",\"@id\":\"https:\\\/\\\/www.swing-it.eu\\\/produkt\\\/mabel-dark-chocolate\\\/\",\"url\":\"https:\\\/\\\/www.swing-it.eu\\\/produkt\\\/mabel-dark-chocolate\\\/\",\"name\":\"Lindy Hop boots, oxfords, dance shoes, swing dancing\",\"isPartOf\":{\"@id\":\"https:\\\/\\\/www.swing-it.eu\\\/#website\"},\"primaryImageOfPage\":{\"@id\":\"https:\\\/\\\/www.swing-it.eu\\\/produkt\\\/mabel-dark-chocolate\\\/#primaryimage\"},\"image\":{\"@id\":\"https:\\\/\\\/www.swing-it.eu\\\/produkt\\\/mabel-dark-chocolate\\\/#primaryimage\"},\"thumbnailUrl\":\"https:\\\/\\\/www.swing-it.eu\\\/wp-content\\\/uploads\\\/2026\\\/03\\\/1774257291038.jpg\",\"datePublished\":\"2024-10-16T09:51:12+00:00\",\"dateModified\":\"2026-03-23T21:45:20+00:00\",\"description\":\"Lindy Hop women's boots. Mabel Dark Chocolate dance boots. Perfect for Lindy Hop & Balboa. Wide fit, leather sole, and superior comfort.\",\"breadcrumb\":{\"@id\":\"https:\\\/\\\/www.swing-it.eu\\\/produkt\\\/mabel-dark-chocolate\\\/#breadcrumb\"},\"inLanguage\":\"es\",\"potentialAction\":[{\"@type\":\"ReadAction\",\"target\":[\"https:\\\/\\\/www.swing-it.eu\\\/produkt\\\/mabel-dark-chocolate\\\/\"]}]},{\"@type\":\"ImageObject\",\"inLanguage\":\"es\",\"@id\":\"https:\\\/\\\/www.swing-it.eu\\\/produkt\\\/mabel-dark-chocolate\\\/#primaryimage\",\"url\":\"https:\\\/\\\/www.swing-it.eu\\\/wp-content\\\/uploads\\\/2026\\\/03\\\/1774257291038.jpg\",\"contentUrl\":\"https:\\\/\\\/www.swing-it.eu\\\/wp-content\\\/uploads\\\/2026\\\/03\\\/1774257291038.jpg\",\"width\":896,\"height\":1195,\"caption\":\"Dark Brown boots for Lindy Hop dancers\"},{\"@type\":\"BreadcrumbList\",\"@id\":\"https:\\\/\\\/www.swing-it.eu\\\/produkt\\\/mabel-dark-chocolate\\\/#breadcrumb\",\"itemListElement\":[{\"@type\":\"ListItem\",\"position\":1,\"name\":\"Strona g\u0142\u00f3wna\",\"item\":\"https:\\\/\\\/www.swing-it.eu\\\/\"},{\"@type\":\"ListItem\",\"position\":2,\"name\":\"SWING IT SHOES\",\"item\":\"https:\\\/\\\/www.swing-it.eu\\\/\"},{\"@type\":\"ListItem\",\"position\":3,\"name\":\"Mabel Dark Chocolate\"}]},{\"@type\":\"WebSite\",\"@id\":\"https:\\\/\\\/www.swing-it.eu\\\/#website\",\"url\":\"https:\\\/\\\/www.swing-it.eu\\\/\",\"name\":\"Swing It Shoes\",\"description\":\"Lindy Hop dancers&#039; brand\",\"potentialAction\":[{\"@type\":\"SearchAction\",\"target\":{\"@type\":\"EntryPoint\",\"urlTemplate\":\"https:\\\/\\\/www.swing-it.eu\\\/?s={search_term_string}\"},\"query-input\":{\"@type\":\"PropertyValueSpecification\",\"valueRequired\":true,\"valueName\":\"search_term_string\"}}],\"inLanguage\":\"es\"}]}<\/script>\n<!-- \/ Yoast SEO plugin. -->","yoast_head_json":{"title":"Botas de Lindy Hop, zapatos Oxford, zapatos de baile, baile swing","description":"Botas de baile Lindy Hop para mujer. Botas de baile Mabel color chocolate oscuro. Perfectas para Lindy Hop y Balboa. Horma ancha, suela de cuero y comodidad superior.","robots":{"index":"index","follow":"follow","max-snippet":"max-snippet:-1","max-image-preview":"max-image-preview:large","max-video-preview":"max-video-preview:-1"},"canonical":"https:\/\/www.swing-it.eu\/es\/producto-2\/chocolate-negro-mabel\/","og_locale":"es_ES","og_type":"article","og_title":"Lindy Hop boots, oxfords, dance shoes, swing dancing","og_description":"Lindy Hop women's boots. Mabel Dark Chocolate dance boots. Perfect for Lindy Hop & Balboa. Wide fit, leather sole, and superior comfort.","og_url":"https:\/\/www.swing-it.eu\/es\/producto-2\/chocolate-negro-mabel\/","og_site_name":"Swing It Shoes","article_publisher":"https:\/\/www.facebook.com\/SwingItEU\/","article_modified_time":"2026-03-23T21:45:20+00:00","og_image":[{"width":896,"height":1195,"url":"https:\/\/www.swing-it.eu\/wp-content\/uploads\/2026\/03\/1774257291038.jpg","type":"image\/jpeg"}],"twitter_card":"summary_large_image","twitter_misc":{"Tiempo de lectura":"2 minutos"},"schema":{"@context":"https:\/\/schema.org","@graph":[{"@type":"WebPage","@id":"https:\/\/www.swing-it.eu\/produkt\/mabel-dark-chocolate\/","url":"https:\/\/www.swing-it.eu\/produkt\/mabel-dark-chocolate\/","name":"Botas de Lindy Hop, zapatos Oxford, zapatos de baile, baile swing","isPartOf":{"@id":"https:\/\/www.swing-it.eu\/#website"},"primaryImageOfPage":{"@id":"https:\/\/www.swing-it.eu\/produkt\/mabel-dark-chocolate\/#primaryimage"},"image":{"@id":"https:\/\/www.swing-it.eu\/produkt\/mabel-dark-chocolate\/#primaryimage"},"thumbnailUrl":"https:\/\/www.swing-it.eu\/wp-content\/uploads\/2026\/03\/1774257291038.jpg","datePublished":"2024-10-16T09:51:12+00:00","dateModified":"2026-03-23T21:45:20+00:00","description":"Botas de baile Lindy Hop para mujer. Botas de baile Mabel color chocolate oscuro. Perfectas para Lindy Hop y Balboa. Horma ancha, suela de cuero y comodidad superior.","breadcrumb":{"@id":"https:\/\/www.swing-it.eu\/produkt\/mabel-dark-chocolate\/#breadcrumb"},"inLanguage":"es","potentialAction":[{"@type":"ReadAction","target":["https:\/\/www.swing-it.eu\/produkt\/mabel-dark-chocolate\/"]}]},{"@type":"ImageObject","inLanguage":"es","@id":"https:\/\/www.swing-it.eu\/produkt\/mabel-dark-chocolate\/#primaryimage","url":"https:\/\/www.swing-it.eu\/wp-content\/uploads\/2026\/03\/1774257291038.jpg","contentUrl":"https:\/\/www.swing-it.eu\/wp-content\/uploads\/2026\/03\/1774257291038.jpg","width":896,"height":1195,"caption":"Dark Brown boots for Lindy Hop dancers"},{"@type":"BreadcrumbList","@id":"https:\/\/www.swing-it.eu\/produkt\/mabel-dark-chocolate\/#breadcrumb","itemListElement":[{"@type":"ListItem","position":1,"name":"Strona g\u0142\u00f3wna","item":"https:\/\/www.swing-it.eu\/"},{"@type":"ListItem","position":2,"name":"SWING IT SHOES","item":"https:\/\/www.swing-it.eu\/"},{"@type":"ListItem","position":3,"name":"Mabel Dark Chocolate"}]},{"@type":"WebSite","@id":"https:\/\/www.swing-it.eu\/#website","url":"https:\/\/www.swing-it.eu\/","name":"Zapatos Swing It","description":"Bailarinas de Lindy Hop&#039; marca","potentialAction":[{"@type":"SearchAction","target":{"@type":"EntryPoint","urlTemplate":"https:\/\/www.swing-it.eu\/?s={search_term_string}"},"query-input":{"@type":"PropertyValueSpecification","valueRequired":true,"valueName":"search_term_string"}}],"inLanguage":"es"}]}},"_links":{"self":[{"href":"https:\/\/www.swing-it.eu\/es\/wp-json\/wp\/v2\/product\/15316","targetHints":{"allow":["GET"]}}],"collection":[{"href":"https:\/\/www.swing-it.eu\/es\/wp-json\/wp\/v2\/product"}],"about":[{"href":"https:\/\/www.swing-it.eu\/es\/wp-json\/wp\/v2\/types\/product"}],"replies":[{"embeddable":true,"href":"https:\/\/www.swing-it.eu\/es\/wp-json\/wp\/v2\/comments?post=15316"}],"wp:featuredmedia":[{"embeddable":true,"href":"https:\/\/www.swing-it.eu\/es\/wp-json\/wp\/v2\/media\/15958"}],"wp:attachment":[{"href":"https:\/\/www.swing-it.eu\/es\/wp-json\/wp\/v2\/media?parent=15316"}],"wp:term":[{"taxonomy":"product_brand","embeddable":true,"href":"https:\/\/www.swing-it.eu\/es\/wp-json\/wp\/v2\/product_brand?post=15316"},{"taxonomy":"product_cat","embeddable":true,"href":"https:\/\/www.swing-it.eu\/es\/wp-json\/wp\/v2\/product_cat?post=15316"},{"taxonomy":"product_tag","embeddable":true,"href":"https:\/\/www.swing-it.eu\/es\/wp-json\/wp\/v2\/product_tag?post=15316"}],"curies":[{"name":"wp","href":"https:\/\/api.w.org\/{rel}","templated":true}]}}