{"id":12303,"date":"2026-03-28T19:07:14","date_gmt":"2026-03-28T18:07:14","guid":{"rendered":"https:\/\/www.swing-it.eu\/?post_type=product&#038;p=12303"},"modified":"2026-04-21T22:22:56","modified_gmt":"2026-04-21T20:22:56","slug":"mocasines-de-hombre-estilo-lindy-hop-y-balboa","status":"publish","type":"product","link":"https:\/\/www.swing-it.eu\/es\/produkt\/lindy-hop-and-balboa-mens-loafers\/","title":{"rendered":"Mocasines Penny"},"content":{"rendered":"<p style=\"text-align: left;\">Los mocasines Lindy Hop y Balboa est\u00e1n dise\u00f1ados para todos los bailes de swing y tambi\u00e9n para uso diario. Los recomendamos especialmente para bailarines de Balboa, Collegiate Shag o Lindy Hop.<\/p>\n<p>Los nuevos mocasines Penny son bastante fieles a la talla (tallas europeas). Pida la talla seg\u00fan nuestra <a href=\"https:\/\/www.swing-it.eu\/es\/shoes-size-chart\/\" target=\"_blank\" rel=\"noopener\">gu\u00eda de tallas<\/a>. Actualmente producimos tallas de la 39 a la 47 (UE).<\/p>\n<p>Descripci\u00f3n del Producto:<\/p>\n<p>Parte superior de piel natural suave y flexible. Plantilla extra\u00edble que permite el uso de plantillas ortop\u00e9dicas o hechas a medida. Suela de piel natural con tac\u00f3n de piel apilada. Este modelo est\u00e1 dise\u00f1ado para bailarines con pies de ancho medio y medio-alto.<\/p>\n<p>Recomendaciones de mantenimiento:<\/p>\n<p>Utilice un pa\u00f1o seco para limpiar y aplicar bet\u00fan en crema del mismo color. D\u00e9jelo en remojo durante un par de horas o toda la noche. A continuaci\u00f3n, utilice el pa\u00f1o para lustrar los zapatos. Le recomendamos usar hormas para mantener los mocasines en perfecto estado.<\/p>\n<p>Si falta su talla de estos mocasines Lindy Hop y Balboa, por favor <a href=\"https:\/\/www.swing-it.eu\/es\/contacto\/\" target=\"_blank\" rel=\"noopener\">contacto<\/a>\u00a0cont\u00e1ctenos para realizar un pedido.<\/p>\n<p>Obt\u00e9n m\u00e1s informaci\u00f3n sobre por qu\u00e9 a los bailarines de Balboa les gustan los mocasines aqu\u00ed: <a href=\"https:\/\/lindyshopper.com\/tag\/loafer\/\" target=\"_blank\" rel=\"noopener\">Blog: lindyshopper.com<\/a><\/p>\n<p>Fabricamos varios tipos de mocasines para bailarines y agradecemos sus comentarios. Si desea compartir su experiencia con nuestro calzado, utilice la opci\u00f3n de rese\u00f1a.<\/p>\n<p>\u00a1Feliz baile a todos!<\/p>\n<p><a href=\"https:\/\/www.swing-it.eu\/es\/return-policy\/\" target=\"_blank\" rel=\"noopener noreferrer\">Pol\u00edtica de devoluciones<\/a><\/p>","protected":false},"excerpt":{"rendered":"<p style=\"text-align: left;\">Los nuevos mocasines est\u00e1n dise\u00f1ados para todos los bailes de swing y tambi\u00e9n para el uso diario.<\/p>\n<p>Los mocasines Penny Loafers son fieles a la talla. Pida la talla seg\u00fan nuestra <a href=\"https:\/\/www.swing-it.eu\/es\/shoes-size-chart\/\" target=\"_blank\" rel=\"noopener\">gu\u00eda de tallas<\/a>.<\/p>\n<p>Parte superior de piel natural suave y flexible. Suela de piel natural con tac\u00f3n de piel apilada.<\/p>\n<p>Utilice un pa\u00f1o seco para limpiar y aplique bet\u00fan para zapatos del mismo color.<\/p>\n<p><a href=\"https:\/\/www.swing-it.eu\/es\/return-policy\/\" target=\"_blank\" rel=\"noopener noreferrer\">Pol\u00edtica de devoluciones<\/a><\/p>\n<p>Si falta su talla, por favor\u00a0<a href=\"https:\/\/www.swing-it.eu\/es\/contacto\/\" target=\"_blank\" rel=\"noopener\">contacto<\/a>\u00a0cont\u00e1ctenos para realizar un pedido.<\/p>\n<p>&nbsp;<\/p>","protected":false},"featured_media":15091,"comment_status":"open","ping_status":"closed","template":"","meta":[],"product_brand":[],"product_cat":[181,110],"product_tag":[145,61,195,177,144,230],"class_list":{"0":"post-12303","1":"product","2":"type-product","3":"status-publish","4":"has-post-thumbnail","6":"product_cat-mens-lindy-hop-shoes","7":"product_cat-lindy-hop-shoes","8":"product_tag-balboa","9":"product_tag-black","10":"product_tag-brown","11":"product_tag-dancing-shoes","12":"product_tag-lindyhop","13":"product_tag-loafers","14":"pa_size-158","15":"pa_size-152","16":"pa_size-153","17":"pa_size-154","18":"pa_size-155","19":"pa_size-156","20":"pa_size-157","21":"pa_size-219","23":"first","24":"instock","25":"taxable","26":"shipping-taxable","27":"purchasable","28":"product-type-variable"},"yoast_head":"<!-- This site is optimized with the Yoast SEO plugin v27.4 - https:\/\/yoast.com\/product\/yoast-seo-wordpress\/ -->\n<title>Lindy Hop and Balboa Loafers<\/title>\n<meta name=\"description\" content=\"Lindy Hop and Balboa Men&#039;s loafers are full Leather footwear for dancers. Manufactured in EU, made of fine Italian leather. Provide comfort and elegance\" \/>\n<meta name=\"robots\" content=\"index, follow, max-snippet:-1, max-image-preview:large, max-video-preview:-1\" \/>\n<link rel=\"canonical\" href=\"https:\/\/www.swing-it.eu\/es\/producto-2\/mocasines-de-hombre-estilo-lindy-hop-y-balboa\/\" \/>\n<meta property=\"og:locale\" content=\"es_ES\" \/>\n<meta property=\"og:type\" content=\"article\" \/>\n<meta property=\"og:title\" content=\"Lindy Hop and Balboa Loafers\" \/>\n<meta property=\"og:description\" content=\"Lindy Hop and Balboa Men&#039;s loafers are full Leather footwear for dancers. Manufactured in EU, made of fine Italian leather. Provide comfort and elegance\" \/>\n<meta property=\"og:url\" content=\"https:\/\/www.swing-it.eu\/es\/producto-2\/mocasines-de-hombre-estilo-lindy-hop-y-balboa\/\" \/>\n<meta property=\"og:site_name\" content=\"Swing It Shoes\" \/>\n<meta property=\"article:publisher\" content=\"https:\/\/www.facebook.com\/SwingItEU\/\" \/>\n<meta property=\"article:modified_time\" content=\"2026-04-21T20:22:56+00:00\" \/>\n<meta property=\"og:image\" content=\"https:\/\/www.swing-it.eu\/wp-content\/uploads\/2025\/09\/DSC04204.jpg\" \/>\n\t<meta property=\"og:image:width\" content=\"1000\" \/>\n\t<meta property=\"og:image:height\" content=\"1333\" \/>\n\t<meta property=\"og:image:type\" content=\"image\/jpeg\" \/>\n<meta name=\"twitter:card\" content=\"summary_large_image\" \/>\n<meta name=\"twitter:label1\" content=\"Tiempo de lectura\" \/>\n\t<meta name=\"twitter:data1\" content=\"2 minutos\" \/>\n<script type=\"application\/ld+json\" class=\"yoast-schema-graph\">{\"@context\":\"https:\\\/\\\/schema.org\",\"@graph\":[{\"@type\":\"WebPage\",\"@id\":\"https:\\\/\\\/www.swing-it.eu\\\/produkt\\\/lindy-hop-and-balboa-mens-loafers\\\/\",\"url\":\"https:\\\/\\\/www.swing-it.eu\\\/produkt\\\/lindy-hop-and-balboa-mens-loafers\\\/\",\"name\":\"Lindy Hop and Balboa Loafers\",\"isPartOf\":{\"@id\":\"https:\\\/\\\/www.swing-it.eu\\\/#website\"},\"primaryImageOfPage\":{\"@id\":\"https:\\\/\\\/www.swing-it.eu\\\/produkt\\\/lindy-hop-and-balboa-mens-loafers\\\/#primaryimage\"},\"image\":{\"@id\":\"https:\\\/\\\/www.swing-it.eu\\\/produkt\\\/lindy-hop-and-balboa-mens-loafers\\\/#primaryimage\"},\"thumbnailUrl\":\"https:\\\/\\\/www.swing-it.eu\\\/wp-content\\\/uploads\\\/2025\\\/09\\\/DSC04204.jpg\",\"datePublished\":\"2026-03-28T18:07:14+00:00\",\"dateModified\":\"2026-04-21T20:22:56+00:00\",\"description\":\"Lindy Hop and Balboa Men's loafers are full Leather footwear for dancers. Manufactured in EU, made of fine Italian leather. Provide comfort and elegance\",\"breadcrumb\":{\"@id\":\"https:\\\/\\\/www.swing-it.eu\\\/produkt\\\/lindy-hop-and-balboa-mens-loafers\\\/#breadcrumb\"},\"inLanguage\":\"es\",\"potentialAction\":[{\"@type\":\"ReadAction\",\"target\":[\"https:\\\/\\\/www.swing-it.eu\\\/produkt\\\/lindy-hop-and-balboa-mens-loafers\\\/\"]}]},{\"@type\":\"ImageObject\",\"inLanguage\":\"es\",\"@id\":\"https:\\\/\\\/www.swing-it.eu\\\/produkt\\\/lindy-hop-and-balboa-mens-loafers\\\/#primaryimage\",\"url\":\"https:\\\/\\\/www.swing-it.eu\\\/wp-content\\\/uploads\\\/2025\\\/09\\\/DSC04204.jpg\",\"contentUrl\":\"https:\\\/\\\/www.swing-it.eu\\\/wp-content\\\/uploads\\\/2025\\\/09\\\/DSC04204.jpg\",\"width\":1000,\"height\":1333,\"caption\":\"Balboa Loafers for dancers\"},{\"@type\":\"BreadcrumbList\",\"@id\":\"https:\\\/\\\/www.swing-it.eu\\\/produkt\\\/lindy-hop-and-balboa-mens-loafers\\\/#breadcrumb\",\"itemListElement\":[{\"@type\":\"ListItem\",\"position\":1,\"name\":\"Strona g\u0142\u00f3wna\",\"item\":\"https:\\\/\\\/www.swing-it.eu\\\/\"},{\"@type\":\"ListItem\",\"position\":2,\"name\":\"SWING IT SHOES\",\"item\":\"https:\\\/\\\/www.swing-it.eu\\\/\"},{\"@type\":\"ListItem\",\"position\":3,\"name\":\"Penny Loafers\"}]},{\"@type\":\"WebSite\",\"@id\":\"https:\\\/\\\/www.swing-it.eu\\\/#website\",\"url\":\"https:\\\/\\\/www.swing-it.eu\\\/\",\"name\":\"Swing It Shoes\",\"description\":\"Lindy Hop dancers&#039; brand\",\"potentialAction\":[{\"@type\":\"SearchAction\",\"target\":{\"@type\":\"EntryPoint\",\"urlTemplate\":\"https:\\\/\\\/www.swing-it.eu\\\/?s={search_term_string}\"},\"query-input\":{\"@type\":\"PropertyValueSpecification\",\"valueRequired\":true,\"valueName\":\"search_term_string\"}}],\"inLanguage\":\"es\"}]}<\/script>\n<!-- \/ Yoast SEO plugin. -->","yoast_head_json":{"title":"Lindy Hop y Balboa Loafers","description":"Los mocasines Lindy Hop y Balboa para hombre son un calzado de piel aut\u00e9ntica para bailarines. Fabricados en la UE con piel italiana de alta calidad. Proporcionan comodidad y elegancia.","robots":{"index":"index","follow":"follow","max-snippet":"max-snippet:-1","max-image-preview":"max-image-preview:large","max-video-preview":"max-video-preview:-1"},"canonical":"https:\/\/www.swing-it.eu\/es\/producto-2\/mocasines-de-hombre-estilo-lindy-hop-y-balboa\/","og_locale":"es_ES","og_type":"article","og_title":"Lindy Hop and Balboa Loafers","og_description":"Lindy Hop and Balboa Men's loafers are full Leather footwear for dancers. Manufactured in EU, made of fine Italian leather. Provide comfort and elegance","og_url":"https:\/\/www.swing-it.eu\/es\/producto-2\/mocasines-de-hombre-estilo-lindy-hop-y-balboa\/","og_site_name":"Swing It Shoes","article_publisher":"https:\/\/www.facebook.com\/SwingItEU\/","article_modified_time":"2026-04-21T20:22:56+00:00","og_image":[{"width":1000,"height":1333,"url":"https:\/\/www.swing-it.eu\/wp-content\/uploads\/2025\/09\/DSC04204.jpg","type":"image\/jpeg"}],"twitter_card":"summary_large_image","twitter_misc":{"Tiempo de lectura":"2 minutos"},"schema":{"@context":"https:\/\/schema.org","@graph":[{"@type":"WebPage","@id":"https:\/\/www.swing-it.eu\/produkt\/lindy-hop-and-balboa-mens-loafers\/","url":"https:\/\/www.swing-it.eu\/produkt\/lindy-hop-and-balboa-mens-loafers\/","name":"Lindy Hop y Balboa Loafers","isPartOf":{"@id":"https:\/\/www.swing-it.eu\/#website"},"primaryImageOfPage":{"@id":"https:\/\/www.swing-it.eu\/produkt\/lindy-hop-and-balboa-mens-loafers\/#primaryimage"},"image":{"@id":"https:\/\/www.swing-it.eu\/produkt\/lindy-hop-and-balboa-mens-loafers\/#primaryimage"},"thumbnailUrl":"https:\/\/www.swing-it.eu\/wp-content\/uploads\/2025\/09\/DSC04204.jpg","datePublished":"2026-03-28T18:07:14+00:00","dateModified":"2026-04-21T20:22:56+00:00","description":"Los mocasines Lindy Hop y Balboa para hombre son un calzado de piel aut\u00e9ntica para bailarines. Fabricados en la UE con piel italiana de alta calidad. Proporcionan comodidad y elegancia.","breadcrumb":{"@id":"https:\/\/www.swing-it.eu\/produkt\/lindy-hop-and-balboa-mens-loafers\/#breadcrumb"},"inLanguage":"es","potentialAction":[{"@type":"ReadAction","target":["https:\/\/www.swing-it.eu\/produkt\/lindy-hop-and-balboa-mens-loafers\/"]}]},{"@type":"ImageObject","inLanguage":"es","@id":"https:\/\/www.swing-it.eu\/produkt\/lindy-hop-and-balboa-mens-loafers\/#primaryimage","url":"https:\/\/www.swing-it.eu\/wp-content\/uploads\/2025\/09\/DSC04204.jpg","contentUrl":"https:\/\/www.swing-it.eu\/wp-content\/uploads\/2025\/09\/DSC04204.jpg","width":1000,"height":1333,"caption":"Balboa Loafers for dancers"},{"@type":"BreadcrumbList","@id":"https:\/\/www.swing-it.eu\/produkt\/lindy-hop-and-balboa-mens-loafers\/#breadcrumb","itemListElement":[{"@type":"ListItem","position":1,"name":"Strona g\u0142\u00f3wna","item":"https:\/\/www.swing-it.eu\/"},{"@type":"ListItem","position":2,"name":"SWING IT SHOES","item":"https:\/\/www.swing-it.eu\/"},{"@type":"ListItem","position":3,"name":"Penny Loafers"}]},{"@type":"WebSite","@id":"https:\/\/www.swing-it.eu\/#website","url":"https:\/\/www.swing-it.eu\/","name":"Zapatos Swing It","description":"Bailarinas de Lindy Hop&#039; marca","potentialAction":[{"@type":"SearchAction","target":{"@type":"EntryPoint","urlTemplate":"https:\/\/www.swing-it.eu\/?s={search_term_string}"},"query-input":{"@type":"PropertyValueSpecification","valueRequired":true,"valueName":"search_term_string"}}],"inLanguage":"es"}]}},"_links":{"self":[{"href":"https:\/\/www.swing-it.eu\/es\/wp-json\/wp\/v2\/product\/12303","targetHints":{"allow":["GET"]}}],"collection":[{"href":"https:\/\/www.swing-it.eu\/es\/wp-json\/wp\/v2\/product"}],"about":[{"href":"https:\/\/www.swing-it.eu\/es\/wp-json\/wp\/v2\/types\/product"}],"replies":[{"embeddable":true,"href":"https:\/\/www.swing-it.eu\/es\/wp-json\/wp\/v2\/comments?post=12303"}],"wp:featuredmedia":[{"embeddable":true,"href":"https:\/\/www.swing-it.eu\/es\/wp-json\/wp\/v2\/media\/15091"}],"wp:attachment":[{"href":"https:\/\/www.swing-it.eu\/es\/wp-json\/wp\/v2\/media?parent=12303"}],"wp:term":[{"taxonomy":"product_brand","embeddable":true,"href":"https:\/\/www.swing-it.eu\/es\/wp-json\/wp\/v2\/product_brand?post=12303"},{"taxonomy":"product_cat","embeddable":true,"href":"https:\/\/www.swing-it.eu\/es\/wp-json\/wp\/v2\/product_cat?post=12303"},{"taxonomy":"product_tag","embeddable":true,"href":"https:\/\/www.swing-it.eu\/es\/wp-json\/wp\/v2\/product_tag?post=12303"}],"curies":[{"name":"wp","href":"https:\/\/api.w.org\/{rel}","templated":true}]}}