{"id":7366,"date":"2024-08-21T18:37:55","date_gmt":"2024-08-21T16:37:55","guid":{"rendered":"https:\/\/www.swing-it.eu\/?post_type=product&#038;p=7366"},"modified":"2026-04-11T22:21:26","modified_gmt":"2026-04-11T20:21:26","slug":"mabel-emerald","status":"publish","type":"product","link":"https:\/\/www.swing-it.eu\/de\/produkt\/mabel-emerald\/","title":{"rendered":"Mabel Smaragd"},"content":{"rendered":"<p style=\"padding-left: 80px;\">Lindy Hop women&#8217;s shoes.<\/p>","protected":false},"excerpt":{"rendered":"<p style=\"text-align: left;\">Wir f\u00fchren Mabel ein, einen neuen Stiefel, der ger\u00e4umiger ist f\u00fcr Menschen mit breiteren F\u00fc\u00dfen, denen die Norma-Stiefel zu eng sind.<\/p>\n<p>Wir haben diese Stiefel neu gestaltet und die Schn\u00fcrung ge\u00e4ndert. Die Derby-Schn\u00fcrung macht das Anziehen einfacher. Wenn Sie breitere F\u00fc\u00dfe haben, sind diese Stiefel die richtige Wahl. Dank des flexibleren Leders und des d\u00fcnneren Futters passen sie sich besser an Ihre Fu\u00dfform an.<\/p>\n<p>Lindy Hop Damenstiefel aus Vollleder. Leichte und weiche Oxford-Stiefel f\u00fcr Lindy Hop, Balboa und Blues T\u00e4nzer. Bequem und langlebig. <a href=\"https:\/\/www.swing-it.eu\/de\/shoe-manufacturing\/\">Hergestellt<\/a> von einer renommierten Schuhfabrik f\u00fcr Poliermittel.  Absatztyp - Vollleder.<\/p>\n<p>Available in\u00a0 sizes\u00a0 EU 35-42. <strong>Dieses Modell scheint eine halbe Nummer gr\u00f6\u00dfer zu sein als der Durchschnitt.<\/strong><\/p>\n<p><span style=\"display: inline !important; float: none; background-color: transparent; color: #333333; cursor: text; font-family: Georgia,'Times New Roman','Bitstream Charter',Times,serif; font-size: 16px; font-style: normal; font-variant: normal; font-weight: 400; letter-spacing: normal; orphans: 2; text-align: left; text-decoration: none; text-indent: 0px; text-transform: none; -webkit-text-stroke-width: 0px; white-space: normal; word-spacing: 0px;\">\u00a0<a href=\"https:\/\/www.swing-it.eu\/de\/shoes-size-chart\/\" target=\"_blank\" rel=\"noopener noreferrer\">Gr\u00f6\u00dfen-Leitfaden<\/a>.<\/span><\/p>\n<p>Wenn Ihre Gr\u00f6\u00dfe nicht dabei ist, bitte\u00a0<a href=\"https:\/\/www.swing-it.eu\/de\/kontaktieren-sie-uns\/\" target=\"_blank\" rel=\"noopener\">Kontakt<\/a>\u00a0um eine Bestellung aufzugeben.<\/p>","protected":false},"featured_media":7443,"comment_status":"open","ping_status":"closed","template":"","meta":[],"product_brand":[],"product_cat":[110,178],"product_tag":[204,177,187,75,144],"class_list":{"0":"post-7366","1":"product","2":"type-product","3":"status-publish","4":"has-post-thumbnail","6":"product_cat-lindy-hop-shoes","7":"product_cat-womens-lindy-hop-shoes","8":"product_tag-boots","9":"product_tag-dancing-shoes","10":"product_tag-dark-green","11":"product_tag-green","12":"product_tag-lindyhop","13":"pa_size-172","14":"pa_size-173","15":"pa_size-174","16":"pa_size-175","17":"pa_size-158","18":"pa_size-152","19":"pa_size-153","20":"pa_size-154","22":"first","23":"instock","24":"taxable","25":"shipping-taxable","26":"purchasable","27":"product-type-variable"},"yoast_head":"<!-- This site is optimized with the Yoast SEO plugin v27.4 - https:\/\/yoast.com\/product\/yoast-seo-wordpress\/ -->\n<title>Lindy Hop boots, oxfords, dance shoes, swing dancing, lindy hop boots<\/title>\n<meta name=\"description\" content=\"burgundy all leather shoes. Lindy Hop women&#039;s boots. Light and soft leather boots for Lindy Hop dancers. Extremely comfortable and durable.\" \/>\n<meta name=\"robots\" content=\"index, follow, max-snippet:-1, max-image-preview:large, max-video-preview:-1\" \/>\n<link rel=\"canonical\" href=\"https:\/\/www.swing-it.eu\/de\/produkt\/mabel-emerald\/\" \/>\n<meta property=\"og:locale\" content=\"de_DE\" \/>\n<meta property=\"og:type\" content=\"article\" \/>\n<meta property=\"og:title\" content=\"Lindy Hop boots, oxfords, dance shoes, swing dancing, lindy hop boots\" \/>\n<meta property=\"og:description\" content=\"burgundy all leather shoes. Lindy Hop women&#039;s boots. Light and soft leather boots for Lindy Hop dancers. Extremely comfortable and durable.\" \/>\n<meta property=\"og:url\" content=\"https:\/\/www.swing-it.eu\/de\/produkt\/mabel-emerald\/\" \/>\n<meta property=\"og:site_name\" content=\"Swing It Shoes\" \/>\n<meta property=\"article:publisher\" content=\"https:\/\/www.facebook.com\/SwingItEU\/\" \/>\n<meta property=\"article:modified_time\" content=\"2026-04-11T20:21:26+00:00\" \/>\n<meta property=\"og:image\" content=\"https:\/\/www.swing-it.eu\/wp-content\/uploads\/2024\/09\/DSC00137.jpg\" \/>\n\t<meta property=\"og:image:width\" content=\"1000\" \/>\n\t<meta property=\"og:image:height\" content=\"1333\" \/>\n\t<meta property=\"og:image:type\" content=\"image\/jpeg\" \/>\n<meta name=\"twitter:card\" content=\"summary_large_image\" \/>\n<script type=\"application\/ld+json\" class=\"yoast-schema-graph\">{\"@context\":\"https:\\\/\\\/schema.org\",\"@graph\":[{\"@type\":\"WebPage\",\"@id\":\"https:\\\/\\\/www.swing-it.eu\\\/produkt\\\/mabel-emerald\\\/\",\"url\":\"https:\\\/\\\/www.swing-it.eu\\\/produkt\\\/mabel-emerald\\\/\",\"name\":\"Lindy Hop boots, oxfords, dance shoes, swing dancing, lindy hop boots\",\"isPartOf\":{\"@id\":\"https:\\\/\\\/www.swing-it.eu\\\/#website\"},\"primaryImageOfPage\":{\"@id\":\"https:\\\/\\\/www.swing-it.eu\\\/produkt\\\/mabel-emerald\\\/#primaryimage\"},\"image\":{\"@id\":\"https:\\\/\\\/www.swing-it.eu\\\/produkt\\\/mabel-emerald\\\/#primaryimage\"},\"thumbnailUrl\":\"https:\\\/\\\/www.swing-it.eu\\\/wp-content\\\/uploads\\\/2024\\\/09\\\/DSC00137.jpg\",\"datePublished\":\"2024-08-21T16:37:55+00:00\",\"dateModified\":\"2026-04-11T20:21:26+00:00\",\"description\":\"burgundy all leather shoes. Lindy Hop women's boots. Light and soft leather boots for Lindy Hop dancers. Extremely comfortable and durable.\",\"breadcrumb\":{\"@id\":\"https:\\\/\\\/www.swing-it.eu\\\/produkt\\\/mabel-emerald\\\/#breadcrumb\"},\"inLanguage\":\"de\",\"potentialAction\":[{\"@type\":\"ReadAction\",\"target\":[\"https:\\\/\\\/www.swing-it.eu\\\/produkt\\\/mabel-emerald\\\/\"]}]},{\"@type\":\"ImageObject\",\"inLanguage\":\"de\",\"@id\":\"https:\\\/\\\/www.swing-it.eu\\\/produkt\\\/mabel-emerald\\\/#primaryimage\",\"url\":\"https:\\\/\\\/www.swing-it.eu\\\/wp-content\\\/uploads\\\/2024\\\/09\\\/DSC00137.jpg\",\"contentUrl\":\"https:\\\/\\\/www.swing-it.eu\\\/wp-content\\\/uploads\\\/2024\\\/09\\\/DSC00137.jpg\",\"width\":1000,\"height\":1333},{\"@type\":\"BreadcrumbList\",\"@id\":\"https:\\\/\\\/www.swing-it.eu\\\/produkt\\\/mabel-emerald\\\/#breadcrumb\",\"itemListElement\":[{\"@type\":\"ListItem\",\"position\":1,\"name\":\"Strona g\u0142\u00f3wna\",\"item\":\"https:\\\/\\\/www.swing-it.eu\\\/\"},{\"@type\":\"ListItem\",\"position\":2,\"name\":\"SWING IT SHOES\",\"item\":\"https:\\\/\\\/www.swing-it.eu\\\/\"},{\"@type\":\"ListItem\",\"position\":3,\"name\":\"Mabel Emerald\"}]},{\"@type\":\"WebSite\",\"@id\":\"https:\\\/\\\/www.swing-it.eu\\\/#website\",\"url\":\"https:\\\/\\\/www.swing-it.eu\\\/\",\"name\":\"Swing It Shoes\",\"description\":\"Lindy Hop dancers&#039; brand\",\"potentialAction\":[{\"@type\":\"SearchAction\",\"target\":{\"@type\":\"EntryPoint\",\"urlTemplate\":\"https:\\\/\\\/www.swing-it.eu\\\/?s={search_term_string}\"},\"query-input\":{\"@type\":\"PropertyValueSpecification\",\"valueRequired\":true,\"valueName\":\"search_term_string\"}}],\"inLanguage\":\"de\"}]}<\/script>\n<!-- \/ Yoast SEO plugin. -->","yoast_head_json":{"title":"Lindy Hop boots, oxfords, dance shoes, swing dancing, lindy hop boots","description":"burgundy all leather shoes. Lindy Hop women's boots. Light and soft leather boots for Lindy Hop dancers. Extremely comfortable and durable.","robots":{"index":"index","follow":"follow","max-snippet":"max-snippet:-1","max-image-preview":"max-image-preview:large","max-video-preview":"max-video-preview:-1"},"canonical":"https:\/\/www.swing-it.eu\/de\/produkt\/mabel-emerald\/","og_locale":"de_DE","og_type":"article","og_title":"Lindy Hop boots, oxfords, dance shoes, swing dancing, lindy hop boots","og_description":"burgundy all leather shoes. Lindy Hop women's boots. Light and soft leather boots for Lindy Hop dancers. Extremely comfortable and durable.","og_url":"https:\/\/www.swing-it.eu\/de\/produkt\/mabel-emerald\/","og_site_name":"Swing It Shoes","article_publisher":"https:\/\/www.facebook.com\/SwingItEU\/","article_modified_time":"2026-04-11T20:21:26+00:00","og_image":[{"width":1000,"height":1333,"url":"https:\/\/www.swing-it.eu\/wp-content\/uploads\/2024\/09\/DSC00137.jpg","type":"image\/jpeg"}],"twitter_card":"summary_large_image","schema":{"@context":"https:\/\/schema.org","@graph":[{"@type":"WebPage","@id":"https:\/\/www.swing-it.eu\/produkt\/mabel-emerald\/","url":"https:\/\/www.swing-it.eu\/produkt\/mabel-emerald\/","name":"Lindy Hop boots, oxfords, dance shoes, swing dancing, lindy hop boots","isPartOf":{"@id":"https:\/\/www.swing-it.eu\/#website"},"primaryImageOfPage":{"@id":"https:\/\/www.swing-it.eu\/produkt\/mabel-emerald\/#primaryimage"},"image":{"@id":"https:\/\/www.swing-it.eu\/produkt\/mabel-emerald\/#primaryimage"},"thumbnailUrl":"https:\/\/www.swing-it.eu\/wp-content\/uploads\/2024\/09\/DSC00137.jpg","datePublished":"2024-08-21T16:37:55+00:00","dateModified":"2026-04-11T20:21:26+00:00","description":"burgundy all leather shoes. Lindy Hop women's boots. Light and soft leather boots for Lindy Hop dancers. Extremely comfortable and durable.","breadcrumb":{"@id":"https:\/\/www.swing-it.eu\/produkt\/mabel-emerald\/#breadcrumb"},"inLanguage":"de","potentialAction":[{"@type":"ReadAction","target":["https:\/\/www.swing-it.eu\/produkt\/mabel-emerald\/"]}]},{"@type":"ImageObject","inLanguage":"de","@id":"https:\/\/www.swing-it.eu\/produkt\/mabel-emerald\/#primaryimage","url":"https:\/\/www.swing-it.eu\/wp-content\/uploads\/2024\/09\/DSC00137.jpg","contentUrl":"https:\/\/www.swing-it.eu\/wp-content\/uploads\/2024\/09\/DSC00137.jpg","width":1000,"height":1333},{"@type":"BreadcrumbList","@id":"https:\/\/www.swing-it.eu\/produkt\/mabel-emerald\/#breadcrumb","itemListElement":[{"@type":"ListItem","position":1,"name":"Strona g\u0142\u00f3wna","item":"https:\/\/www.swing-it.eu\/"},{"@type":"ListItem","position":2,"name":"SWING IT SHOES","item":"https:\/\/www.swing-it.eu\/"},{"@type":"ListItem","position":3,"name":"Mabel Emerald"}]},{"@type":"WebSite","@id":"https:\/\/www.swing-it.eu\/#website","url":"https:\/\/www.swing-it.eu\/","name":"Swing It Schuhe","description":"Lindy Hop T\u00e4nzer&#039; Marke","potentialAction":[{"@type":"SearchAction","target":{"@type":"EntryPoint","urlTemplate":"https:\/\/www.swing-it.eu\/?s={search_term_string}"},"query-input":{"@type":"PropertyValueSpecification","valueRequired":true,"valueName":"search_term_string"}}],"inLanguage":"de"}]}},"_links":{"self":[{"href":"https:\/\/www.swing-it.eu\/de\/wp-json\/wp\/v2\/product\/7366","targetHints":{"allow":["GET"]}}],"collection":[{"href":"https:\/\/www.swing-it.eu\/de\/wp-json\/wp\/v2\/product"}],"about":[{"href":"https:\/\/www.swing-it.eu\/de\/wp-json\/wp\/v2\/types\/product"}],"replies":[{"embeddable":true,"href":"https:\/\/www.swing-it.eu\/de\/wp-json\/wp\/v2\/comments?post=7366"}],"wp:featuredmedia":[{"embeddable":true,"href":"https:\/\/www.swing-it.eu\/de\/wp-json\/wp\/v2\/media\/7443"}],"wp:attachment":[{"href":"https:\/\/www.swing-it.eu\/de\/wp-json\/wp\/v2\/media?parent=7366"}],"wp:term":[{"taxonomy":"product_brand","embeddable":true,"href":"https:\/\/www.swing-it.eu\/de\/wp-json\/wp\/v2\/product_brand?post=7366"},{"taxonomy":"product_cat","embeddable":true,"href":"https:\/\/www.swing-it.eu\/de\/wp-json\/wp\/v2\/product_cat?post=7366"},{"taxonomy":"product_tag","embeddable":true,"href":"https:\/\/www.swing-it.eu\/de\/wp-json\/wp\/v2\/product_tag?post=7366"}],"curies":[{"name":"wp","href":"https:\/\/api.w.org\/{rel}","templated":true}]}}