{"id":7330,"date":"2024-08-10T18:51:24","date_gmt":"2024-08-10T16:51:24","guid":{"rendered":"https:\/\/www.swing-it.eu\/?post_type=product&#038;p=7330"},"modified":"2026-01-28T07:57:41","modified_gmt":"2026-01-28T06:57:41","slug":"ella-rustical","status":"publish","type":"product","link":"https:\/\/www.swing-it.eu\/de\/produkt\/ella-rustical\/","title":{"rendered":"Ella Rustikal"},"content":{"rendered":"","protected":false},"excerpt":{"rendered":"<p style=\"text-align: left;\">Neues Modell - \u201cElla\u201d<\/p>\n<p>Entworfen f\u00fcr Komfort.  Erh\u00f6hte Weite mit gepolsterter Innensohle und sehr stabilem 5 cm Absatz.<\/p>\n<p>Benannt nach der legend\u00e4ren Ella Fitzgerald.<\/p>\n<p>Gr\u00f6\u00dfen 35-42<\/p>\n<p><strong>Gr\u00f6\u00dfe: Die meisten Kunden berichten, dass die Schuhe 1\/2 Nummer gr\u00f6\u00dfer sind, als sie normalerweise tragen. Ber\u00fccksichtigen Sie dies bei Ihrer Bestellung.<\/strong><\/p>\n<p>&nbsp;<\/p>\n<table dir=\"ltr\" border=\"1\" cellspacing=\"0\" cellpadding=\"0\" data-sheets-root=\"1\" data-sheets-baot=\"1\">\n<colgroup>\n<col width=\"87\" \/>\n<col width=\"80\" \/><\/colgroup>\n<tbody>\n<tr>\n<td>Gr\u00f6\u00dfe<\/td>\n<td>Innenl\u00e4nge in cm<\/td>\n<\/tr>\n<tr>\n<td>35<\/td>\n<td>23<\/td>\n<\/tr>\n<tr>\n<td>36<\/td>\n<td>23,7<\/td>\n<\/tr>\n<tr>\n<td>37<\/td>\n<td>24<\/td>\n<\/tr>\n<tr>\n<td>37,5<\/td>\n<td>24,5<\/td>\n<\/tr>\n<tr>\n<td>38<\/td>\n<td>25<\/td>\n<\/tr>\n<tr>\n<td>38,5<\/td>\n<td>25,3<\/td>\n<\/tr>\n<tr>\n<td>39<\/td>\n<td>25,6<\/td>\n<\/tr>\n<tr>\n<td>40<\/td>\n<td>26<\/td>\n<\/tr>\n<tr>\n<td>41<\/td>\n<td>26,5<\/td>\n<\/tr>\n<tr>\n<td>42<\/td>\n<td>27,5<\/td>\n<\/tr>\n<\/tbody>\n<\/table>\n<p>&nbsp;<\/p>\n<p>&nbsp;<\/p>","protected":false},"featured_media":7289,"comment_status":"open","ping_status":"closed","template":"","meta":[],"product_brand":[],"product_cat":[110,178],"product_tag":[145,147,195,177,280,144,228,281],"class_list":{"0":"post-7330","1":"product","2":"type-product","3":"status-publish","4":"has-post-thumbnail","6":"product_cat-lindy-hop-shoes","7":"product_cat-womens-lindy-hop-shoes","8":"product_tag-balboa","9":"product_tag-beige","10":"product_tag-brown","11":"product_tag-dancing-shoes","12":"product_tag-heels","13":"product_tag-lindyhop","14":"product_tag-sale","15":"product_tag-wide","16":"pa_size-172","17":"pa_size-173","18":"pa_size-174","19":"pa_size-37-5","20":"pa_size-175","21":"pa_size-38-5","22":"pa_size-158","23":"pa_size-152","24":"pa_size-153","25":"pa_size-154","27":"first","28":"instock","29":"sale","30":"taxable","31":"shipping-taxable","32":"purchasable","33":"product-type-variable"},"yoast_head":"<!-- This site is optimized with the Yoast SEO plugin v27.4 - https:\/\/yoast.com\/product\/yoast-seo-wordpress\/ -->\n<title>Lindy Hop women&#039;s brown brogues, dance shoes, swing dancing<\/title>\n<meta name=\"description\" content=\"Light brown, all leather brogued shoes. Lindy Hop women&#039;s shoes. Light and soft shoes for Lindy Hop and Blues dancers. Extremely comfortable and durable.\" \/>\n<meta name=\"robots\" content=\"index, follow, max-snippet:-1, max-image-preview:large, max-video-preview:-1\" \/>\n<link rel=\"canonical\" href=\"https:\/\/www.swing-it.eu\/de\/produkt\/ella-rustical\/\" \/>\n<meta property=\"og:locale\" content=\"de_DE\" \/>\n<meta property=\"og:type\" content=\"article\" \/>\n<meta property=\"og:title\" content=\"Lindy Hop women&#039;s brown brogues, dance shoes, swing dancing\" \/>\n<meta property=\"og:description\" content=\"Light brown, all leather brogued shoes. Lindy Hop women&#039;s shoes. Light and soft shoes for Lindy Hop and Blues dancers. Extremely comfortable and durable.\" \/>\n<meta property=\"og:url\" content=\"https:\/\/www.swing-it.eu\/de\/produkt\/ella-rustical\/\" \/>\n<meta property=\"og:site_name\" content=\"Swing It Shoes\" \/>\n<meta property=\"article:publisher\" content=\"https:\/\/www.facebook.com\/SwingItEU\/\" \/>\n<meta property=\"article:modified_time\" content=\"2026-01-28T06:57:41+00:00\" \/>\n<meta property=\"og:image\" content=\"https:\/\/www.swing-it.eu\/wp-content\/uploads\/2024\/07\/DSC09692-copy.jpg\" \/>\n\t<meta property=\"og:image:width\" content=\"1000\" \/>\n\t<meta property=\"og:image:height\" content=\"1333\" \/>\n\t<meta property=\"og:image:type\" content=\"image\/jpeg\" \/>\n<meta name=\"twitter:card\" content=\"summary_large_image\" \/>\n<script type=\"application\/ld+json\" class=\"yoast-schema-graph\">{\"@context\":\"https:\\\/\\\/schema.org\",\"@graph\":[{\"@type\":\"WebPage\",\"@id\":\"https:\\\/\\\/www.swing-it.eu\\\/produkt\\\/ella-rustical\\\/\",\"url\":\"https:\\\/\\\/www.swing-it.eu\\\/produkt\\\/ella-rustical\\\/\",\"name\":\"Lindy Hop women's brown brogues, dance shoes, swing dancing\",\"isPartOf\":{\"@id\":\"https:\\\/\\\/www.swing-it.eu\\\/#website\"},\"primaryImageOfPage\":{\"@id\":\"https:\\\/\\\/www.swing-it.eu\\\/produkt\\\/ella-rustical\\\/#primaryimage\"},\"image\":{\"@id\":\"https:\\\/\\\/www.swing-it.eu\\\/produkt\\\/ella-rustical\\\/#primaryimage\"},\"thumbnailUrl\":\"https:\\\/\\\/www.swing-it.eu\\\/wp-content\\\/uploads\\\/2024\\\/07\\\/DSC09692-copy.jpg\",\"datePublished\":\"2024-08-10T16:51:24+00:00\",\"dateModified\":\"2026-01-28T06:57:41+00:00\",\"description\":\"Light brown, all leather brogued shoes. Lindy Hop women's shoes. Light and soft shoes for Lindy Hop and Blues dancers. Extremely comfortable and durable.\",\"breadcrumb\":{\"@id\":\"https:\\\/\\\/www.swing-it.eu\\\/produkt\\\/ella-rustical\\\/#breadcrumb\"},\"inLanguage\":\"de\",\"potentialAction\":[{\"@type\":\"ReadAction\",\"target\":[\"https:\\\/\\\/www.swing-it.eu\\\/produkt\\\/ella-rustical\\\/\"]}]},{\"@type\":\"ImageObject\",\"inLanguage\":\"de\",\"@id\":\"https:\\\/\\\/www.swing-it.eu\\\/produkt\\\/ella-rustical\\\/#primaryimage\",\"url\":\"https:\\\/\\\/www.swing-it.eu\\\/wp-content\\\/uploads\\\/2024\\\/07\\\/DSC09692-copy.jpg\",\"contentUrl\":\"https:\\\/\\\/www.swing-it.eu\\\/wp-content\\\/uploads\\\/2024\\\/07\\\/DSC09692-copy.jpg\",\"width\":1000,\"height\":1333},{\"@type\":\"BreadcrumbList\",\"@id\":\"https:\\\/\\\/www.swing-it.eu\\\/produkt\\\/ella-rustical\\\/#breadcrumb\",\"itemListElement\":[{\"@type\":\"ListItem\",\"position\":1,\"name\":\"Strona g\u0142\u00f3wna\",\"item\":\"https:\\\/\\\/www.swing-it.eu\\\/\"},{\"@type\":\"ListItem\",\"position\":2,\"name\":\"SWING IT SHOES\",\"item\":\"https:\\\/\\\/www.swing-it.eu\\\/\"},{\"@type\":\"ListItem\",\"position\":3,\"name\":\"Ella Rustical\"}]},{\"@type\":\"WebSite\",\"@id\":\"https:\\\/\\\/www.swing-it.eu\\\/#website\",\"url\":\"https:\\\/\\\/www.swing-it.eu\\\/\",\"name\":\"Swing It Shoes\",\"description\":\"Lindy Hop dancers&#039; brand\",\"potentialAction\":[{\"@type\":\"SearchAction\",\"target\":{\"@type\":\"EntryPoint\",\"urlTemplate\":\"https:\\\/\\\/www.swing-it.eu\\\/?s={search_term_string}\"},\"query-input\":{\"@type\":\"PropertyValueSpecification\",\"valueRequired\":true,\"valueName\":\"search_term_string\"}}],\"inLanguage\":\"de\"}]}<\/script>\n<!-- \/ Yoast SEO plugin. -->","yoast_head_json":{"title":"Lindy Hop women's brown brogues, dance shoes, swing dancing","description":"Light brown, all leather brogued shoes. Lindy Hop women's shoes. Light and soft shoes for Lindy Hop and Blues dancers. Extremely comfortable and durable.","robots":{"index":"index","follow":"follow","max-snippet":"max-snippet:-1","max-image-preview":"max-image-preview:large","max-video-preview":"max-video-preview:-1"},"canonical":"https:\/\/www.swing-it.eu\/de\/produkt\/ella-rustical\/","og_locale":"de_DE","og_type":"article","og_title":"Lindy Hop women's brown brogues, dance shoes, swing dancing","og_description":"Light brown, all leather brogued shoes. Lindy Hop women's shoes. Light and soft shoes for Lindy Hop and Blues dancers. Extremely comfortable and durable.","og_url":"https:\/\/www.swing-it.eu\/de\/produkt\/ella-rustical\/","og_site_name":"Swing It Shoes","article_publisher":"https:\/\/www.facebook.com\/SwingItEU\/","article_modified_time":"2026-01-28T06:57:41+00:00","og_image":[{"width":1000,"height":1333,"url":"https:\/\/www.swing-it.eu\/wp-content\/uploads\/2024\/07\/DSC09692-copy.jpg","type":"image\/jpeg"}],"twitter_card":"summary_large_image","schema":{"@context":"https:\/\/schema.org","@graph":[{"@type":"WebPage","@id":"https:\/\/www.swing-it.eu\/produkt\/ella-rustical\/","url":"https:\/\/www.swing-it.eu\/produkt\/ella-rustical\/","name":"Lindy Hop women's brown brogues, dance shoes, swing dancing","isPartOf":{"@id":"https:\/\/www.swing-it.eu\/#website"},"primaryImageOfPage":{"@id":"https:\/\/www.swing-it.eu\/produkt\/ella-rustical\/#primaryimage"},"image":{"@id":"https:\/\/www.swing-it.eu\/produkt\/ella-rustical\/#primaryimage"},"thumbnailUrl":"https:\/\/www.swing-it.eu\/wp-content\/uploads\/2024\/07\/DSC09692-copy.jpg","datePublished":"2024-08-10T16:51:24+00:00","dateModified":"2026-01-28T06:57:41+00:00","description":"Light brown, all leather brogued shoes. Lindy Hop women's shoes. Light and soft shoes for Lindy Hop and Blues dancers. Extremely comfortable and durable.","breadcrumb":{"@id":"https:\/\/www.swing-it.eu\/produkt\/ella-rustical\/#breadcrumb"},"inLanguage":"de","potentialAction":[{"@type":"ReadAction","target":["https:\/\/www.swing-it.eu\/produkt\/ella-rustical\/"]}]},{"@type":"ImageObject","inLanguage":"de","@id":"https:\/\/www.swing-it.eu\/produkt\/ella-rustical\/#primaryimage","url":"https:\/\/www.swing-it.eu\/wp-content\/uploads\/2024\/07\/DSC09692-copy.jpg","contentUrl":"https:\/\/www.swing-it.eu\/wp-content\/uploads\/2024\/07\/DSC09692-copy.jpg","width":1000,"height":1333},{"@type":"BreadcrumbList","@id":"https:\/\/www.swing-it.eu\/produkt\/ella-rustical\/#breadcrumb","itemListElement":[{"@type":"ListItem","position":1,"name":"Strona g\u0142\u00f3wna","item":"https:\/\/www.swing-it.eu\/"},{"@type":"ListItem","position":2,"name":"SWING IT SHOES","item":"https:\/\/www.swing-it.eu\/"},{"@type":"ListItem","position":3,"name":"Ella Rustical"}]},{"@type":"WebSite","@id":"https:\/\/www.swing-it.eu\/#website","url":"https:\/\/www.swing-it.eu\/","name":"Swing It Schuhe","description":"Lindy Hop T\u00e4nzer&#039; Marke","potentialAction":[{"@type":"SearchAction","target":{"@type":"EntryPoint","urlTemplate":"https:\/\/www.swing-it.eu\/?s={search_term_string}"},"query-input":{"@type":"PropertyValueSpecification","valueRequired":true,"valueName":"search_term_string"}}],"inLanguage":"de"}]}},"_links":{"self":[{"href":"https:\/\/www.swing-it.eu\/de\/wp-json\/wp\/v2\/product\/7330","targetHints":{"allow":["GET"]}}],"collection":[{"href":"https:\/\/www.swing-it.eu\/de\/wp-json\/wp\/v2\/product"}],"about":[{"href":"https:\/\/www.swing-it.eu\/de\/wp-json\/wp\/v2\/types\/product"}],"replies":[{"embeddable":true,"href":"https:\/\/www.swing-it.eu\/de\/wp-json\/wp\/v2\/comments?post=7330"}],"wp:featuredmedia":[{"embeddable":true,"href":"https:\/\/www.swing-it.eu\/de\/wp-json\/wp\/v2\/media\/7289"}],"wp:attachment":[{"href":"https:\/\/www.swing-it.eu\/de\/wp-json\/wp\/v2\/media?parent=7330"}],"wp:term":[{"taxonomy":"product_brand","embeddable":true,"href":"https:\/\/www.swing-it.eu\/de\/wp-json\/wp\/v2\/product_brand?post=7330"},{"taxonomy":"product_cat","embeddable":true,"href":"https:\/\/www.swing-it.eu\/de\/wp-json\/wp\/v2\/product_cat?post=7330"},{"taxonomy":"product_tag","embeddable":true,"href":"https:\/\/www.swing-it.eu\/de\/wp-json\/wp\/v2\/product_tag?post=7330"}],"curies":[{"name":"wp","href":"https:\/\/api.w.org\/{rel}","templated":true}]}}