{"id":3264,"date":"2020-05-17T22:02:24","date_gmt":"2020-05-17T20:02:24","guid":{"rendered":"https:\/\/www.swing-it.eu\/?post_type=product&#038;p=3264"},"modified":"2026-03-10T22:23:36","modified_gmt":"2026-03-10T21:23:36","slug":"norma-bordo","status":"publish","type":"product","link":"https:\/\/www.swing-it.eu\/de\/produkt\/norma-bordo\/","title":{"rendered":"Norma Bordo"},"content":{"rendered":"","protected":false},"excerpt":{"rendered":"<p><!--more-->All leather Lindy Hop women&#8217;s boots. Light and soft oxford boots for Lindy Hop, Balboa and Blues dancers. Comfortable and durable. Designed in cooperation with Dancelines brand and <a href=\"https:\/\/www.swing-it.eu\/de\/shoe-manufacturing\/\">hergestellt<\/a> von einer renommierten Schuhfabrik f\u00fcr Poliermittel.  Absatztyp - Vollleder.<\/p>\n<p>Erh\u00e4ltlich in den Gr\u00f6\u00dfen EU 35-41, , <span style=\"display: inline !important; float: none; background-color: transparent; color: #333333; cursor: text; font-family: Georgia,'Times New Roman','Bitstream Charter',Times,serif; font-size: 16px; font-style: normal; font-variant: normal; font-weight: 400; letter-spacing: normal; orphans: 2; text-align: left; text-decoration: none; text-indent: 0px; text-transform: none; -webkit-text-stroke-width: 0px; white-space: normal; word-spacing: 0px;\">UK 2-8, US 5-11. <a href=\"https:\/\/www.swing-it.eu\/de\/shoes-size-chart\/\" target=\"_blank\" rel=\"noopener noreferrer\">Gr\u00f6\u00dfen-Leitfaden<\/a>.<\/span><\/p>\n<p>Wenn Ihre Gr\u00f6\u00dfe nicht dabei ist, bitte\u00a0<a href=\"https:\/\/www.swing-it.eu\/de\/kontaktieren-sie-uns\/\" target=\"_blank\" rel=\"noopener\">Kontakt<\/a>\u00a0um eine Bestellung aufzugeben.<\/p>","protected":false},"featured_media":5589,"comment_status":"open","ping_status":"closed","template":"","meta":[],"product_brand":[],"product_cat":[110,178],"product_tag":[204,186,177,144],"class_list":{"0":"post-3264","1":"product","2":"type-product","3":"status-publish","4":"has-post-thumbnail","6":"product_cat-lindy-hop-shoes","7":"product_cat-womens-lindy-hop-shoes","8":"product_tag-boots","9":"product_tag-burgundy","10":"product_tag-dancing-shoes","11":"product_tag-lindyhop","12":"pa_size-172","13":"pa_size-173","14":"pa_size-174","15":"pa_size-175","16":"pa_size-158","17":"pa_size-152","18":"pa_size-153","20":"first","21":"instock","22":"taxable","23":"shipping-taxable","24":"purchasable","25":"product-type-variable"},"yoast_head":"<!-- This site is optimized with the Yoast SEO plugin v27.4 - https:\/\/yoast.com\/product\/yoast-seo-wordpress\/ -->\n<title>Lindy Hop boots, oxfords, dance shoes, swing dancing,<\/title>\n<meta name=\"description\" content=\"burgundy all leather shoes. Lindy Hop women&#039;s boots. Light and soft leather boots for Lindy Hop dancers. Extremely comfortable and durable.\" \/>\n<meta name=\"robots\" content=\"index, follow, max-snippet:-1, max-image-preview:large, max-video-preview:-1\" \/>\n<link rel=\"canonical\" href=\"https:\/\/www.swing-it.eu\/de\/produkt\/norma-bordo\/\" \/>\n<meta property=\"og:locale\" content=\"de_DE\" \/>\n<meta property=\"og:type\" content=\"article\" \/>\n<meta property=\"og:title\" content=\"Lindy Hop boots, oxfords, dance shoes, swing dancing,\" \/>\n<meta property=\"og:description\" content=\"burgundy all leather shoes. Lindy Hop women&#039;s boots. Light and soft leather boots for Lindy Hop dancers. Extremely comfortable and durable.\" \/>\n<meta property=\"og:url\" content=\"https:\/\/www.swing-it.eu\/de\/produkt\/norma-bordo\/\" \/>\n<meta property=\"og:site_name\" content=\"Swing It Shoes\" \/>\n<meta property=\"article:publisher\" content=\"https:\/\/www.facebook.com\/SwingItEU\/\" \/>\n<meta property=\"article:modified_time\" content=\"2026-03-10T21:23:36+00:00\" \/>\n<meta property=\"og:image\" content=\"https:\/\/www.swing-it.eu\/wp-content\/uploads\/2023\/01\/DSC06088-copy.jpg\" \/>\n\t<meta property=\"og:image:width\" content=\"1125\" \/>\n\t<meta property=\"og:image:height\" content=\"1500\" \/>\n\t<meta property=\"og:image:type\" content=\"image\/jpeg\" \/>\n<meta name=\"twitter:card\" content=\"summary_large_image\" \/>\n<meta name=\"twitter:label1\" content=\"Gesch\u00e4tzte Lesezeit\" \/>\n\t<meta name=\"twitter:data1\" content=\"1\u00a0Minute\" \/>\n<script type=\"application\/ld+json\" class=\"yoast-schema-graph\">{\"@context\":\"https:\\\/\\\/schema.org\",\"@graph\":[{\"@type\":\"WebPage\",\"@id\":\"https:\\\/\\\/www.swing-it.eu\\\/produkt\\\/norma-bordo\\\/\",\"url\":\"https:\\\/\\\/www.swing-it.eu\\\/produkt\\\/norma-bordo\\\/\",\"name\":\"Lindy Hop boots, oxfords, dance shoes, swing dancing,\",\"isPartOf\":{\"@id\":\"https:\\\/\\\/www.swing-it.eu\\\/#website\"},\"primaryImageOfPage\":{\"@id\":\"https:\\\/\\\/www.swing-it.eu\\\/produkt\\\/norma-bordo\\\/#primaryimage\"},\"image\":{\"@id\":\"https:\\\/\\\/www.swing-it.eu\\\/produkt\\\/norma-bordo\\\/#primaryimage\"},\"thumbnailUrl\":\"https:\\\/\\\/www.swing-it.eu\\\/wp-content\\\/uploads\\\/2023\\\/01\\\/DSC06088-copy.jpg\",\"datePublished\":\"2020-05-17T20:02:24+00:00\",\"dateModified\":\"2026-03-10T21:23:36+00:00\",\"description\":\"burgundy all leather shoes. Lindy Hop women's boots. Light and soft leather boots for Lindy Hop dancers. Extremely comfortable and durable.\",\"breadcrumb\":{\"@id\":\"https:\\\/\\\/www.swing-it.eu\\\/produkt\\\/norma-bordo\\\/#breadcrumb\"},\"inLanguage\":\"de\",\"potentialAction\":[{\"@type\":\"ReadAction\",\"target\":[\"https:\\\/\\\/www.swing-it.eu\\\/produkt\\\/norma-bordo\\\/\"]}]},{\"@type\":\"ImageObject\",\"inLanguage\":\"de\",\"@id\":\"https:\\\/\\\/www.swing-it.eu\\\/produkt\\\/norma-bordo\\\/#primaryimage\",\"url\":\"https:\\\/\\\/www.swing-it.eu\\\/wp-content\\\/uploads\\\/2023\\\/01\\\/DSC06088-copy.jpg\",\"contentUrl\":\"https:\\\/\\\/www.swing-it.eu\\\/wp-content\\\/uploads\\\/2023\\\/01\\\/DSC06088-copy.jpg\",\"width\":1125,\"height\":1500},{\"@type\":\"BreadcrumbList\",\"@id\":\"https:\\\/\\\/www.swing-it.eu\\\/produkt\\\/norma-bordo\\\/#breadcrumb\",\"itemListElement\":[{\"@type\":\"ListItem\",\"position\":1,\"name\":\"Strona g\u0142\u00f3wna\",\"item\":\"https:\\\/\\\/www.swing-it.eu\\\/\"},{\"@type\":\"ListItem\",\"position\":2,\"name\":\"SWING IT SHOES\",\"item\":\"https:\\\/\\\/www.swing-it.eu\\\/\"},{\"@type\":\"ListItem\",\"position\":3,\"name\":\"Norma Bordo\"}]},{\"@type\":\"WebSite\",\"@id\":\"https:\\\/\\\/www.swing-it.eu\\\/#website\",\"url\":\"https:\\\/\\\/www.swing-it.eu\\\/\",\"name\":\"Swing It Shoes\",\"description\":\"Lindy Hop dancers&#039; brand\",\"potentialAction\":[{\"@type\":\"SearchAction\",\"target\":{\"@type\":\"EntryPoint\",\"urlTemplate\":\"https:\\\/\\\/www.swing-it.eu\\\/?s={search_term_string}\"},\"query-input\":{\"@type\":\"PropertyValueSpecification\",\"valueRequired\":true,\"valueName\":\"search_term_string\"}}],\"inLanguage\":\"de\"}]}<\/script>\n<!-- \/ Yoast SEO plugin. -->","yoast_head_json":{"title":"Lindy Hop boots, oxfords, dance shoes, swing dancing,","description":"burgundy all leather shoes. Lindy Hop women's boots. Light and soft leather boots for Lindy Hop dancers. Extremely comfortable and durable.","robots":{"index":"index","follow":"follow","max-snippet":"max-snippet:-1","max-image-preview":"max-image-preview:large","max-video-preview":"max-video-preview:-1"},"canonical":"https:\/\/www.swing-it.eu\/de\/produkt\/norma-bordo\/","og_locale":"de_DE","og_type":"article","og_title":"Lindy Hop boots, oxfords, dance shoes, swing dancing,","og_description":"burgundy all leather shoes. Lindy Hop women's boots. Light and soft leather boots for Lindy Hop dancers. Extremely comfortable and durable.","og_url":"https:\/\/www.swing-it.eu\/de\/produkt\/norma-bordo\/","og_site_name":"Swing It Shoes","article_publisher":"https:\/\/www.facebook.com\/SwingItEU\/","article_modified_time":"2026-03-10T21:23:36+00:00","og_image":[{"width":1125,"height":1500,"url":"https:\/\/www.swing-it.eu\/wp-content\/uploads\/2023\/01\/DSC06088-copy.jpg","type":"image\/jpeg"}],"twitter_card":"summary_large_image","twitter_misc":{"Gesch\u00e4tzte Lesezeit":"1\u00a0Minute"},"schema":{"@context":"https:\/\/schema.org","@graph":[{"@type":"WebPage","@id":"https:\/\/www.swing-it.eu\/produkt\/norma-bordo\/","url":"https:\/\/www.swing-it.eu\/produkt\/norma-bordo\/","name":"Lindy Hop boots, oxfords, dance shoes, swing dancing,","isPartOf":{"@id":"https:\/\/www.swing-it.eu\/#website"},"primaryImageOfPage":{"@id":"https:\/\/www.swing-it.eu\/produkt\/norma-bordo\/#primaryimage"},"image":{"@id":"https:\/\/www.swing-it.eu\/produkt\/norma-bordo\/#primaryimage"},"thumbnailUrl":"https:\/\/www.swing-it.eu\/wp-content\/uploads\/2023\/01\/DSC06088-copy.jpg","datePublished":"2020-05-17T20:02:24+00:00","dateModified":"2026-03-10T21:23:36+00:00","description":"burgundy all leather shoes. Lindy Hop women's boots. Light and soft leather boots for Lindy Hop dancers. Extremely comfortable and durable.","breadcrumb":{"@id":"https:\/\/www.swing-it.eu\/produkt\/norma-bordo\/#breadcrumb"},"inLanguage":"de","potentialAction":[{"@type":"ReadAction","target":["https:\/\/www.swing-it.eu\/produkt\/norma-bordo\/"]}]},{"@type":"ImageObject","inLanguage":"de","@id":"https:\/\/www.swing-it.eu\/produkt\/norma-bordo\/#primaryimage","url":"https:\/\/www.swing-it.eu\/wp-content\/uploads\/2023\/01\/DSC06088-copy.jpg","contentUrl":"https:\/\/www.swing-it.eu\/wp-content\/uploads\/2023\/01\/DSC06088-copy.jpg","width":1125,"height":1500},{"@type":"BreadcrumbList","@id":"https:\/\/www.swing-it.eu\/produkt\/norma-bordo\/#breadcrumb","itemListElement":[{"@type":"ListItem","position":1,"name":"Strona g\u0142\u00f3wna","item":"https:\/\/www.swing-it.eu\/"},{"@type":"ListItem","position":2,"name":"SWING IT SHOES","item":"https:\/\/www.swing-it.eu\/"},{"@type":"ListItem","position":3,"name":"Norma Bordo"}]},{"@type":"WebSite","@id":"https:\/\/www.swing-it.eu\/#website","url":"https:\/\/www.swing-it.eu\/","name":"Swing It Schuhe","description":"Lindy Hop T\u00e4nzer&#039; Marke","potentialAction":[{"@type":"SearchAction","target":{"@type":"EntryPoint","urlTemplate":"https:\/\/www.swing-it.eu\/?s={search_term_string}"},"query-input":{"@type":"PropertyValueSpecification","valueRequired":true,"valueName":"search_term_string"}}],"inLanguage":"de"}]}},"_links":{"self":[{"href":"https:\/\/www.swing-it.eu\/de\/wp-json\/wp\/v2\/product\/3264","targetHints":{"allow":["GET"]}}],"collection":[{"href":"https:\/\/www.swing-it.eu\/de\/wp-json\/wp\/v2\/product"}],"about":[{"href":"https:\/\/www.swing-it.eu\/de\/wp-json\/wp\/v2\/types\/product"}],"replies":[{"embeddable":true,"href":"https:\/\/www.swing-it.eu\/de\/wp-json\/wp\/v2\/comments?post=3264"}],"wp:featuredmedia":[{"embeddable":true,"href":"https:\/\/www.swing-it.eu\/de\/wp-json\/wp\/v2\/media\/5589"}],"wp:attachment":[{"href":"https:\/\/www.swing-it.eu\/de\/wp-json\/wp\/v2\/media?parent=3264"}],"wp:term":[{"taxonomy":"product_brand","embeddable":true,"href":"https:\/\/www.swing-it.eu\/de\/wp-json\/wp\/v2\/product_brand?post=3264"},{"taxonomy":"product_cat","embeddable":true,"href":"https:\/\/www.swing-it.eu\/de\/wp-json\/wp\/v2\/product_cat?post=3264"},{"taxonomy":"product_tag","embeddable":true,"href":"https:\/\/www.swing-it.eu\/de\/wp-json\/wp\/v2\/product_tag?post=3264"}],"curies":[{"name":"wp","href":"https:\/\/api.w.org\/{rel}","templated":true}]}}