{"id":2390,"date":"2020-08-12T18:51:44","date_gmt":"2020-08-12T16:51:44","guid":{"rendered":"https:\/\/www.swing-it.eu\/?post_type=product&#038;p=2390"},"modified":"2026-03-14T09:15:34","modified_gmt":"2026-03-14T08:15:34","slug":"frankie-claret-oxfords","status":"publish","type":"product","link":"https:\/\/www.swing-it.eu\/de\/produkt\/frankie-claret-oxfords\/","title":{"rendered":"Frankie Claret Oxfords"},"content":{"rendered":"<p>Manufactured in Poland.<\/p>\n<p>Bevor Sie bestellen, sehen Sie sich bitte unsere <a href=\"https:\/\/www.swing-it.eu\/de\/shoes-size-chart\/\">Gr\u00f6\u00dfenf\u00fchrer<\/a> und unser <a href=\"https:\/\/www.swing-it.eu\/de\/versandkostenfrei\/\">Politik des kostenlosen Versands<\/a>.<\/p>","protected":false},"excerpt":{"rendered":"<p>High quality all leather elegant dress shoes. These shoes are great for Lindy Hop and other Swing dances.\u00a0 Also a magnificent match for your elegant evening outfit.<\/p>\n<p>Upper made of soft and flexible natural leather. Insole equipped with memory foam which adapts to your feet shape for greater comfort. Outsole made of natural leather with a stacked leather heel.<\/p>\n<p>Please use dry cloth to clean and put neutral, transparent or matching cream shoe polish.<\/p>\n<p><a href=\"https:\/\/www.swing-it.eu\/de\/return-policy\/\" target=\"_blank\" rel=\"noopener noreferrer\">R\u00fcckgabepolitik<\/a><\/p>\n<p>Wenn Ihre Gr\u00f6\u00dfe nicht dabei ist, bitte\u00a0<a href=\"https:\/\/www.swing-it.eu\/de\/kontaktieren-sie-uns\/\" target=\"_blank\" rel=\"noopener\">Kontakt<\/a>\u00a0um eine Bestellung aufzugeben.<\/p>\n<p>&nbsp;<\/p>\n<p>&nbsp;<\/p>","protected":false},"featured_media":6343,"comment_status":"open","ping_status":"closed","template":"","meta":[],"product_brand":[],"product_cat":[181,110],"product_tag":[145,186,161,28,177,144,160,228],"class_list":{"0":"post-2390","1":"product","2":"type-product","3":"status-publish","4":"has-post-thumbnail","6":"product_cat-mens-lindy-hop-shoes","7":"product_cat-lindy-hop-shoes","8":"product_tag-balboa","9":"product_tag-burgundy","10":"product_tag-cap-toe","11":"product_tag-cherry","12":"product_tag-dancing-shoes","13":"product_tag-lindyhop","14":"product_tag-oxford","15":"product_tag-sale","16":"pa_size-158","17":"pa_size-152","18":"pa_size-153","19":"pa_size-154","20":"pa_size-155","21":"pa_size-156","22":"pa_size-157","23":"pa_size-219","24":"pa_size-233","26":"first","27":"instock","28":"sale","29":"taxable","30":"shipping-taxable","31":"purchasable","32":"product-type-variable","33":"has-default-attributes"},"yoast_head":"<!-- This site is optimized with the Yoast SEO plugin v27.4 - https:\/\/yoast.com\/product\/yoast-seo-wordpress\/ -->\n<title>All Leather Cap Toe Burgundy Oxfords | Lindy hop dance shoes<\/title>\n<meta name=\"description\" content=\"Full Leather Cap Toe Burgundy Oxfords. High quality all leather elegant dress shoes. These shoes are great for Lindy Hop and other Swing dancers. Also a magnificent match for your elegant evening outfit.\" \/>\n<meta name=\"robots\" content=\"index, follow, max-snippet:-1, max-image-preview:large, max-video-preview:-1\" \/>\n<link rel=\"canonical\" href=\"https:\/\/www.swing-it.eu\/de\/produkt\/frankie-claret-oxfords\/\" \/>\n<meta property=\"og:locale\" content=\"de_DE\" \/>\n<meta property=\"og:type\" content=\"article\" \/>\n<meta property=\"og:title\" content=\"All Leather Cap Toe Burgundy Oxfords | Lindy hop dance shoes\" \/>\n<meta property=\"og:description\" content=\"Full Leather Cap Toe Burgundy Oxfords. High quality all leather elegant dress shoes. These shoes are great for Lindy Hop and other Swing dancers. Also a magnificent match for your elegant evening outfit.\" \/>\n<meta property=\"og:url\" content=\"https:\/\/www.swing-it.eu\/de\/produkt\/frankie-claret-oxfords\/\" \/>\n<meta property=\"og:site_name\" content=\"Swing It Shoes\" \/>\n<meta property=\"article:publisher\" content=\"https:\/\/www.facebook.com\/SwingItEU\/\" \/>\n<meta property=\"article:modified_time\" content=\"2026-03-14T08:15:34+00:00\" \/>\n<meta property=\"og:image\" content=\"https:\/\/www.swing-it.eu\/wp-content\/uploads\/2023\/09\/DSC08780-copy_edited.jpg\" \/>\n\t<meta property=\"og:image:width\" content=\"750\" \/>\n\t<meta property=\"og:image:height\" content=\"1000\" \/>\n\t<meta property=\"og:image:type\" content=\"image\/jpeg\" \/>\n<meta name=\"twitter:card\" content=\"summary_large_image\" \/>\n<script type=\"application\/ld+json\" class=\"yoast-schema-graph\">{\"@context\":\"https:\\\/\\\/schema.org\",\"@graph\":[{\"@type\":\"WebPage\",\"@id\":\"https:\\\/\\\/www.swing-it.eu\\\/produkt\\\/frankie-claret-oxfords\\\/\",\"url\":\"https:\\\/\\\/www.swing-it.eu\\\/produkt\\\/frankie-claret-oxfords\\\/\",\"name\":\"All Leather Cap Toe Burgundy Oxfords | Lindy hop dance shoes\",\"isPartOf\":{\"@id\":\"https:\\\/\\\/www.swing-it.eu\\\/#website\"},\"primaryImageOfPage\":{\"@id\":\"https:\\\/\\\/www.swing-it.eu\\\/produkt\\\/frankie-claret-oxfords\\\/#primaryimage\"},\"image\":{\"@id\":\"https:\\\/\\\/www.swing-it.eu\\\/produkt\\\/frankie-claret-oxfords\\\/#primaryimage\"},\"thumbnailUrl\":\"https:\\\/\\\/www.swing-it.eu\\\/wp-content\\\/uploads\\\/2023\\\/09\\\/DSC08780-copy_edited.jpg\",\"datePublished\":\"2020-08-12T16:51:44+00:00\",\"dateModified\":\"2026-03-14T08:15:34+00:00\",\"description\":\"Full Leather Cap Toe Burgundy Oxfords. High quality all leather elegant dress shoes. These shoes are great for Lindy Hop and other Swing dancers. Also a magnificent match for your elegant evening outfit.\",\"breadcrumb\":{\"@id\":\"https:\\\/\\\/www.swing-it.eu\\\/produkt\\\/frankie-claret-oxfords\\\/#breadcrumb\"},\"inLanguage\":\"de\",\"potentialAction\":[{\"@type\":\"ReadAction\",\"target\":[\"https:\\\/\\\/www.swing-it.eu\\\/produkt\\\/frankie-claret-oxfords\\\/\"]}]},{\"@type\":\"ImageObject\",\"inLanguage\":\"de\",\"@id\":\"https:\\\/\\\/www.swing-it.eu\\\/produkt\\\/frankie-claret-oxfords\\\/#primaryimage\",\"url\":\"https:\\\/\\\/www.swing-it.eu\\\/wp-content\\\/uploads\\\/2023\\\/09\\\/DSC08780-copy_edited.jpg\",\"contentUrl\":\"https:\\\/\\\/www.swing-it.eu\\\/wp-content\\\/uploads\\\/2023\\\/09\\\/DSC08780-copy_edited.jpg\",\"width\":750,\"height\":1000,\"caption\":\"Lindy Hop shoes\"},{\"@type\":\"BreadcrumbList\",\"@id\":\"https:\\\/\\\/www.swing-it.eu\\\/produkt\\\/frankie-claret-oxfords\\\/#breadcrumb\",\"itemListElement\":[{\"@type\":\"ListItem\",\"position\":1,\"name\":\"Strona g\u0142\u00f3wna\",\"item\":\"https:\\\/\\\/www.swing-it.eu\\\/\"},{\"@type\":\"ListItem\",\"position\":2,\"name\":\"SWING IT SHOES\",\"item\":\"https:\\\/\\\/www.swing-it.eu\\\/\"},{\"@type\":\"ListItem\",\"position\":3,\"name\":\"Frankie Claret Oxfords\"}]},{\"@type\":\"WebSite\",\"@id\":\"https:\\\/\\\/www.swing-it.eu\\\/#website\",\"url\":\"https:\\\/\\\/www.swing-it.eu\\\/\",\"name\":\"Swing It Shoes\",\"description\":\"Lindy Hop dancers&#039; brand\",\"potentialAction\":[{\"@type\":\"SearchAction\",\"target\":{\"@type\":\"EntryPoint\",\"urlTemplate\":\"https:\\\/\\\/www.swing-it.eu\\\/?s={search_term_string}\"},\"query-input\":{\"@type\":\"PropertyValueSpecification\",\"valueRequired\":true,\"valueName\":\"search_term_string\"}}],\"inLanguage\":\"de\"}]}<\/script>\n<!-- \/ Yoast SEO plugin. -->","yoast_head_json":{"title":"All Leather Cap Toe Burgundy Oxfords | Lindy hop dance shoes","description":"Full Leather Cap Toe Burgundy Oxfords. High quality all leather elegant dress shoes. These shoes are great for Lindy Hop and other Swing dancers. Also a magnificent match for your elegant evening outfit.","robots":{"index":"index","follow":"follow","max-snippet":"max-snippet:-1","max-image-preview":"max-image-preview:large","max-video-preview":"max-video-preview:-1"},"canonical":"https:\/\/www.swing-it.eu\/de\/produkt\/frankie-claret-oxfords\/","og_locale":"de_DE","og_type":"article","og_title":"All Leather Cap Toe Burgundy Oxfords | Lindy hop dance shoes","og_description":"Full Leather Cap Toe Burgundy Oxfords. High quality all leather elegant dress shoes. These shoes are great for Lindy Hop and other Swing dancers. Also a magnificent match for your elegant evening outfit.","og_url":"https:\/\/www.swing-it.eu\/de\/produkt\/frankie-claret-oxfords\/","og_site_name":"Swing It Shoes","article_publisher":"https:\/\/www.facebook.com\/SwingItEU\/","article_modified_time":"2026-03-14T08:15:34+00:00","og_image":[{"width":750,"height":1000,"url":"https:\/\/www.swing-it.eu\/wp-content\/uploads\/2023\/09\/DSC08780-copy_edited.jpg","type":"image\/jpeg"}],"twitter_card":"summary_large_image","schema":{"@context":"https:\/\/schema.org","@graph":[{"@type":"WebPage","@id":"https:\/\/www.swing-it.eu\/produkt\/frankie-claret-oxfords\/","url":"https:\/\/www.swing-it.eu\/produkt\/frankie-claret-oxfords\/","name":"All Leather Cap Toe Burgundy Oxfords | Lindy hop dance shoes","isPartOf":{"@id":"https:\/\/www.swing-it.eu\/#website"},"primaryImageOfPage":{"@id":"https:\/\/www.swing-it.eu\/produkt\/frankie-claret-oxfords\/#primaryimage"},"image":{"@id":"https:\/\/www.swing-it.eu\/produkt\/frankie-claret-oxfords\/#primaryimage"},"thumbnailUrl":"https:\/\/www.swing-it.eu\/wp-content\/uploads\/2023\/09\/DSC08780-copy_edited.jpg","datePublished":"2020-08-12T16:51:44+00:00","dateModified":"2026-03-14T08:15:34+00:00","description":"Full Leather Cap Toe Burgundy Oxfords. High quality all leather elegant dress shoes. These shoes are great for Lindy Hop and other Swing dancers. Also a magnificent match for your elegant evening outfit.","breadcrumb":{"@id":"https:\/\/www.swing-it.eu\/produkt\/frankie-claret-oxfords\/#breadcrumb"},"inLanguage":"de","potentialAction":[{"@type":"ReadAction","target":["https:\/\/www.swing-it.eu\/produkt\/frankie-claret-oxfords\/"]}]},{"@type":"ImageObject","inLanguage":"de","@id":"https:\/\/www.swing-it.eu\/produkt\/frankie-claret-oxfords\/#primaryimage","url":"https:\/\/www.swing-it.eu\/wp-content\/uploads\/2023\/09\/DSC08780-copy_edited.jpg","contentUrl":"https:\/\/www.swing-it.eu\/wp-content\/uploads\/2023\/09\/DSC08780-copy_edited.jpg","width":750,"height":1000,"caption":"Lindy Hop shoes"},{"@type":"BreadcrumbList","@id":"https:\/\/www.swing-it.eu\/produkt\/frankie-claret-oxfords\/#breadcrumb","itemListElement":[{"@type":"ListItem","position":1,"name":"Strona g\u0142\u00f3wna","item":"https:\/\/www.swing-it.eu\/"},{"@type":"ListItem","position":2,"name":"SWING IT SHOES","item":"https:\/\/www.swing-it.eu\/"},{"@type":"ListItem","position":3,"name":"Frankie Claret Oxfords"}]},{"@type":"WebSite","@id":"https:\/\/www.swing-it.eu\/#website","url":"https:\/\/www.swing-it.eu\/","name":"Swing It Schuhe","description":"Lindy Hop T\u00e4nzer&#039; Marke","potentialAction":[{"@type":"SearchAction","target":{"@type":"EntryPoint","urlTemplate":"https:\/\/www.swing-it.eu\/?s={search_term_string}"},"query-input":{"@type":"PropertyValueSpecification","valueRequired":true,"valueName":"search_term_string"}}],"inLanguage":"de"}]}},"_links":{"self":[{"href":"https:\/\/www.swing-it.eu\/de\/wp-json\/wp\/v2\/product\/2390","targetHints":{"allow":["GET"]}}],"collection":[{"href":"https:\/\/www.swing-it.eu\/de\/wp-json\/wp\/v2\/product"}],"about":[{"href":"https:\/\/www.swing-it.eu\/de\/wp-json\/wp\/v2\/types\/product"}],"replies":[{"embeddable":true,"href":"https:\/\/www.swing-it.eu\/de\/wp-json\/wp\/v2\/comments?post=2390"}],"wp:featuredmedia":[{"embeddable":true,"href":"https:\/\/www.swing-it.eu\/de\/wp-json\/wp\/v2\/media\/6343"}],"wp:attachment":[{"href":"https:\/\/www.swing-it.eu\/de\/wp-json\/wp\/v2\/media?parent=2390"}],"wp:term":[{"taxonomy":"product_brand","embeddable":true,"href":"https:\/\/www.swing-it.eu\/de\/wp-json\/wp\/v2\/product_brand?post=2390"},{"taxonomy":"product_cat","embeddable":true,"href":"https:\/\/www.swing-it.eu\/de\/wp-json\/wp\/v2\/product_cat?post=2390"},{"taxonomy":"product_tag","embeddable":true,"href":"https:\/\/www.swing-it.eu\/de\/wp-json\/wp\/v2\/product_tag?post=2390"}],"curies":[{"name":"wp","href":"https:\/\/api.w.org\/{rel}","templated":true}]}}