{"id":19,"date":"2018-04-16T10:37:18","date_gmt":"2018-04-16T08:37:18","guid":{"rendered":"http:\/\/swing-it.eu\/?page_id=19"},"modified":"2026-03-27T18:35:37","modified_gmt":"2026-03-27T17:35:37","slug":"just-swing-it","status":"publish","type":"page","link":"https:\/\/www.swing-it.eu\/de\/just-swing-it\/","title":{"rendered":""},"content":{"rendered":"<p><span style=\"color: inherit; font-size: 1.56em; font-weight: 600;\">Just swing it!<\/span><\/p>\n\n\n<p class=\"has-background\" style=\"background-color:#d8e7f1\">The idea for a swing era inspired clothing brand started in Basia\u2019s head, and when Greg stepped in it actually became real. Now we are happy to present beautiful and original clothes that will make you feel exceptional! We love vintage style, so our clothes are based on original patterns from 1930 \u2013 1960. We choose fabrics very carefully to get the best quality and appearance for your maximum satisfaction. Because both of us are swing dancers, our garments are designed to be &#8220;dancer friendly&#8221;, which means that clothes are flexible or loose and made from breathable fabrics to ensure your comfort while dancing. If you are dancing&nbsp;Lindy Hop, Balboa or Collegiate Shag you will probably find something for yourself. <br>We also specialize in leather shoes. We cooperate with an experienced manufacturer with over 40 years on the market. With their help and expertise in shoemaking and our dancing experience we are introducing beautiful shoes of a highest quality. We use only the finest italian leather and components. Also worth to mention that all the production is held in Poland.<br><br>Barbara Jaro\u0144-Londo<br>Grzegorz Londo<\/p>\n\n\n\n<figure class=\"wp-block-image size-large\"><a href=\"https:\/\/www.swing-it.eu\/wp-content\/uploads\/2026\/03\/DSC09741.jpg\"><img loading=\"lazy\" decoding=\"async\" width=\"1024\" height=\"768\" src=\"https:\/\/www.swing-it.eu\/wp-content\/uploads\/2026\/03\/DSC09741-1024x768.jpg\" alt=\"\" class=\"wp-image-15967\"\/><\/a><\/figure>","protected":false},"excerpt":{"rendered":"<p>Just swing it! The idea for a swing era inspired clothing brand started in Basia\u2019s head, and when Greg stepped in it actually became real. Now we are happy to present beautiful and original clothes that will make&hellip;<\/p>","protected":false},"author":1,"featured_media":4059,"parent":0,"menu_order":0,"comment_status":"closed","ping_status":"closed","template":"","meta":{"footnotes":""},"class_list":["post-19","page","type-page","status-publish","has-post-thumbnail","hentry"],"yoast_head":"<!-- This site is optimized with the Yoast SEO plugin v27.4 - https:\/\/yoast.com\/product\/yoast-seo-wordpress\/ -->\n<title>- Swing It Shoes<\/title>\n<meta name=\"description\" content=\"Ubrania dla mi\u0142o\u015bnik\u00f3w mody vintage i retro\" \/>\n<meta name=\"robots\" content=\"index, follow, max-snippet:-1, max-image-preview:large, max-video-preview:-1\" \/>\n<link rel=\"canonical\" href=\"https:\/\/www.swing-it.eu\/de\/just-swing-it\/\" \/>\n<meta property=\"og:locale\" content=\"de_DE\" \/>\n<meta property=\"og:type\" content=\"article\" \/>\n<meta property=\"og:title\" content=\"- Swing It Shoes\" \/>\n<meta property=\"og:description\" content=\"Ubrania dla mi\u0142o\u015bnik\u00f3w mody vintage i retro\" \/>\n<meta property=\"og:url\" content=\"https:\/\/www.swing-it.eu\/de\/just-swing-it\/\" \/>\n<meta property=\"og:site_name\" content=\"Swing It Shoes\" \/>\n<meta property=\"article:publisher\" content=\"https:\/\/www.facebook.com\/SwingItEU\/\" \/>\n<meta property=\"article:modified_time\" content=\"2026-03-27T17:35:37+00:00\" \/>\n<meta property=\"og:image\" content=\"https:\/\/www.swing-it.eu\/wp-content\/uploads\/2020\/11\/DSC_0327-3.jpg\" \/>\n\t<meta property=\"og:image:width\" content=\"2187\" \/>\n\t<meta property=\"og:image:height\" content=\"2248\" \/>\n\t<meta property=\"og:image:type\" content=\"image\/jpeg\" \/>\n<meta name=\"twitter:card\" content=\"summary_large_image\" \/>\n<meta name=\"twitter:label1\" content=\"Gesch\u00e4tzte Lesezeit\" \/>\n\t<meta name=\"twitter:data1\" content=\"1\u00a0Minute\" \/>\n<script type=\"application\/ld+json\" class=\"yoast-schema-graph\">{\"@context\":\"https:\\\/\\\/schema.org\",\"@graph\":[{\"@type\":\"WebPage\",\"@id\":\"https:\\\/\\\/www.swing-it.eu\\\/just-swing-it\\\/\",\"url\":\"https:\\\/\\\/www.swing-it.eu\\\/just-swing-it\\\/\",\"name\":\"- Swing It Shoes\",\"isPartOf\":{\"@id\":\"https:\\\/\\\/www.swing-it.eu\\\/#website\"},\"primaryImageOfPage\":{\"@id\":\"https:\\\/\\\/www.swing-it.eu\\\/just-swing-it\\\/#primaryimage\"},\"image\":{\"@id\":\"https:\\\/\\\/www.swing-it.eu\\\/just-swing-it\\\/#primaryimage\"},\"thumbnailUrl\":\"https:\\\/\\\/www.swing-it.eu\\\/wp-content\\\/uploads\\\/2020\\\/11\\\/DSC_0327-3.jpg\",\"datePublished\":\"2018-04-16T08:37:18+00:00\",\"dateModified\":\"2026-03-27T17:35:37+00:00\",\"description\":\"Ubrania dla mi\u0142o\u015bnik\u00f3w mody vintage i retro\",\"inLanguage\":\"de\",\"potentialAction\":[{\"@type\":\"ReadAction\",\"target\":[\"https:\\\/\\\/www.swing-it.eu\\\/just-swing-it\\\/\"]}]},{\"@type\":\"ImageObject\",\"inLanguage\":\"de\",\"@id\":\"https:\\\/\\\/www.swing-it.eu\\\/just-swing-it\\\/#primaryimage\",\"url\":\"https:\\\/\\\/www.swing-it.eu\\\/wp-content\\\/uploads\\\/2020\\\/11\\\/DSC_0327-3.jpg\",\"contentUrl\":\"https:\\\/\\\/www.swing-it.eu\\\/wp-content\\\/uploads\\\/2020\\\/11\\\/DSC_0327-3.jpg\",\"width\":2187,\"height\":2248},{\"@type\":\"WebSite\",\"@id\":\"https:\\\/\\\/www.swing-it.eu\\\/#website\",\"url\":\"https:\\\/\\\/www.swing-it.eu\\\/\",\"name\":\"Swing It Shoes\",\"description\":\"Lindy Hop dancers&#039; brand\",\"potentialAction\":[{\"@type\":\"SearchAction\",\"target\":{\"@type\":\"EntryPoint\",\"urlTemplate\":\"https:\\\/\\\/www.swing-it.eu\\\/?s={search_term_string}\"},\"query-input\":{\"@type\":\"PropertyValueSpecification\",\"valueRequired\":true,\"valueName\":\"search_term_string\"}}],\"inLanguage\":\"de\"}]}<\/script>\n<!-- \/ Yoast SEO plugin. -->","yoast_head_json":{"title":"- Swing It Shoes","description":"Ubrania dla mi\u0142o\u015bnik\u00f3w mody vintage i retro","robots":{"index":"index","follow":"follow","max-snippet":"max-snippet:-1","max-image-preview":"max-image-preview:large","max-video-preview":"max-video-preview:-1"},"canonical":"https:\/\/www.swing-it.eu\/de\/just-swing-it\/","og_locale":"de_DE","og_type":"article","og_title":"- Swing It Shoes","og_description":"Ubrania dla mi\u0142o\u015bnik\u00f3w mody vintage i retro","og_url":"https:\/\/www.swing-it.eu\/de\/just-swing-it\/","og_site_name":"Swing It Shoes","article_publisher":"https:\/\/www.facebook.com\/SwingItEU\/","article_modified_time":"2026-03-27T17:35:37+00:00","og_image":[{"width":2187,"height":2248,"url":"https:\/\/www.swing-it.eu\/wp-content\/uploads\/2020\/11\/DSC_0327-3.jpg","type":"image\/jpeg"}],"twitter_card":"summary_large_image","twitter_misc":{"Gesch\u00e4tzte Lesezeit":"1\u00a0Minute"},"schema":{"@context":"https:\/\/schema.org","@graph":[{"@type":"WebPage","@id":"https:\/\/www.swing-it.eu\/just-swing-it\/","url":"https:\/\/www.swing-it.eu\/just-swing-it\/","name":"- Swing It Shoes","isPartOf":{"@id":"https:\/\/www.swing-it.eu\/#website"},"primaryImageOfPage":{"@id":"https:\/\/www.swing-it.eu\/just-swing-it\/#primaryimage"},"image":{"@id":"https:\/\/www.swing-it.eu\/just-swing-it\/#primaryimage"},"thumbnailUrl":"https:\/\/www.swing-it.eu\/wp-content\/uploads\/2020\/11\/DSC_0327-3.jpg","datePublished":"2018-04-16T08:37:18+00:00","dateModified":"2026-03-27T17:35:37+00:00","description":"Ubrania dla mi\u0142o\u015bnik\u00f3w mody vintage i retro","inLanguage":"de","potentialAction":[{"@type":"ReadAction","target":["https:\/\/www.swing-it.eu\/just-swing-it\/"]}]},{"@type":"ImageObject","inLanguage":"de","@id":"https:\/\/www.swing-it.eu\/just-swing-it\/#primaryimage","url":"https:\/\/www.swing-it.eu\/wp-content\/uploads\/2020\/11\/DSC_0327-3.jpg","contentUrl":"https:\/\/www.swing-it.eu\/wp-content\/uploads\/2020\/11\/DSC_0327-3.jpg","width":2187,"height":2248},{"@type":"WebSite","@id":"https:\/\/www.swing-it.eu\/#website","url":"https:\/\/www.swing-it.eu\/","name":"Swing It Schuhe","description":"Lindy Hop T\u00e4nzer&#039; Marke","potentialAction":[{"@type":"SearchAction","target":{"@type":"EntryPoint","urlTemplate":"https:\/\/www.swing-it.eu\/?s={search_term_string}"},"query-input":{"@type":"PropertyValueSpecification","valueRequired":true,"valueName":"search_term_string"}}],"inLanguage":"de"}]}},"_links":{"self":[{"href":"https:\/\/www.swing-it.eu\/de\/wp-json\/wp\/v2\/pages\/19","targetHints":{"allow":["GET"]}}],"collection":[{"href":"https:\/\/www.swing-it.eu\/de\/wp-json\/wp\/v2\/pages"}],"about":[{"href":"https:\/\/www.swing-it.eu\/de\/wp-json\/wp\/v2\/types\/page"}],"author":[{"embeddable":true,"href":"https:\/\/www.swing-it.eu\/de\/wp-json\/wp\/v2\/users\/1"}],"replies":[{"embeddable":true,"href":"https:\/\/www.swing-it.eu\/de\/wp-json\/wp\/v2\/comments?post=19"}],"version-history":[{"count":0,"href":"https:\/\/www.swing-it.eu\/de\/wp-json\/wp\/v2\/pages\/19\/revisions"}],"wp:featuredmedia":[{"embeddable":true,"href":"https:\/\/www.swing-it.eu\/de\/wp-json\/wp\/v2\/media\/4059"}],"wp:attachment":[{"href":"https:\/\/www.swing-it.eu\/de\/wp-json\/wp\/v2\/media?parent=19"}],"curies":[{"name":"wp","href":"https:\/\/api.w.org\/{rel}","templated":true}]}}